{"id":73314,"date":"2024-12-09T16:50:51","date_gmt":"2024-12-09T15:50:51","guid":{"rendered":"https:\/\/skrivanek.cz\/?post_type=product&#038;p=73314"},"modified":"2025-01-14T08:57:03","modified_gmt":"2025-01-14T07:57:03","slug":"webinar-ucebnice-cestiny-pro-cizince-novinky","status":"publish","type":"product","link":"https:\/\/skrivanek.cz\/cz\/produkt\/webinar-ucebnice-cestiny-pro-cizince-novinky\/","title":{"rendered":"Webin\u00e1\u0159: U\u010debnice \u010de\u0161tiny pro cizince \u2013 novinky"},"content":{"rendered":"<p>Od roku 2020 bylo vyd\u00e1no n\u011bkolik nov\u00fdch u\u010debnic \u010de\u0161tiny zam\u011b\u0159en\u00fdch na r\u016fzn\u00e9 skupiny student\u016f a&nbsp;\u00farovn\u011b jazykov\u00fdch dovednost\u00ed. Ka\u017ed\u00e1 nab\u00edz\u00ed trochu jin\u00fd p\u0159\u00edstup a&nbsp;b\u011bhem webin\u00e1\u0159e se na n\u011b pod\u00edv\u00e1me. Setk\u00e1n\u00ed bude i&nbsp;skv\u011bl\u00e1 p\u0159\u00edle\u017eitost na sd\u00edlen\u00ed zku\u0161enost\u00ed s&nbsp;u\u010debnicemi a&nbsp;tip\u016f na vhodn\u00e9 materi\u00e1ly.<\/p>\n<p>Pod\u00edv\u00e1me se na tyto u\u010debnice \u010de\u0161tiny:<\/p>\n<ul>\n<li><strong>Hezky \u010desky I&nbsp;a&nbsp;II<\/strong> (NPI \u010cR) \u2013 Tyto u\u010debnice kombinuj\u00ed gramatiku a&nbsp;slovn\u00ed z\u00e1sobu tak, aby pomohly za\u010dlen\u011bn\u00ed \u017e\u00e1k\u016f s&nbsp;odli\u0161n\u00fdm mate\u0159sk\u00fdm jazykem do \u010desk\u00fdch \u0161kol. Obsahuj\u00ed tak\u00e9 pracovn\u00ed listy, kter\u00e9 podporuj\u00ed aktivn\u00ed v\u00fduku s&nbsp;lektorem. Materi\u00e1l pokr\u00fdv\u00e1 \u00farovn\u011b od m\u00edrn\u011b pokro\u010dil\u00fdch a\u017e po&nbsp;pokro\u010dil\u00e9.<\/li>\n<li><strong>\u010cesky raz dva<\/strong> (CIC, o.p.s., 2023) \u2013 S\u00e9rie v\u00fdukov\u00fdch materi\u00e1l\u016f vhodn\u00e1 pro \u017e\u00e1ky z\u00e1kladn\u00edch \u0161kol. Obsahuje se\u0161ity s&nbsp;fonetick\u00fdm \u00favodem, gramatick\u00fdm shrnut\u00edm a&nbsp;interaktivn\u00edmi prvky, jako jsou poslechy a&nbsp;dal\u0161\u00ed audiovizu\u00e1ln\u00ed pom\u016fcky.<\/li>\n<li><strong>Czech it UP<\/strong> (Vydavatelstv\u00ed Univerzity Palack\u00e9ho) \u2013 Tato modern\u00ed s\u00e9rie u\u010debnic je ur\u010dena pro \u00farovn\u011b A1 a\u017e C1 podle evropsk\u00e9ho referen\u010dn\u00edho r\u00e1mce. Prvn\u00ed vyd\u00e1n\u00ed se zam\u011b\u0159uje na \u00farove\u0148 C1, kter\u00e1 byla d\u0159\u00edve m\u00e9n\u011b zastoupen\u00e1 na trhu. U\u010debnice obsahuj\u00ed interaktivn\u00ed obsah, situa\u010dn\u00ed videa a&nbsp;audiomateri\u00e1ly, co\u017e je vhodn\u00e9 jak pro individu\u00e1ln\u00ed studium, tak v\u00fduku ve t\u0159\u00edd\u00e1ch.<\/li>\n<\/ul>\n<p>Pro pedagogy jsou dostupn\u00e9 i&nbsp;dopl\u0148kov\u00e9 p\u0159\u00edru\u010dky, nap\u0159\u00edklad \u201eU\u010d\u00edme \u010de\u0161tinu jako druh\u00fd jazyk\u201c od organizace META, kter\u00e9 poskytuj\u00ed praktick\u00e9 tipy pro pr\u00e1ci se \u017e\u00e1ky s&nbsp;odli\u0161n\u00fdm mate\u0159sk\u00fdm jazyky.<\/p>\n<h3>Pro koho je webin\u00e1\u0159 U\u010debnice \u010de\u0161tiny pro cizince vhodn\u00fd?<\/h3>\n<p>Tento webin\u00e1\u0159 je ur\u010den v\u0161em, kdo se pod\u00edlej\u00ed na v\u00fduce \u010de\u0161tiny jako ciz\u00edho jazyka a&nbsp;cht\u011bj\u00ed dr\u017eet krok s&nbsp;nejnov\u011bj\u0161\u00edmi trendy a&nbsp;materi\u00e1ly:<\/p>\n<ul>\n<li><strong>U\u010ditel\u00e9 a&nbsp;lekto\u0159i \u010de\u0161tiny pro cizince<\/strong> \u2013 z\u00edskejte inspiraci a&nbsp;praktick\u00e9 tipy pro efektivn\u011bj\u0161\u00ed v\u00fduku, oboha\u0165te sv\u00e9 hodiny modern\u00edmi p\u0159\u00edstupy a&nbsp;u\u010debnicemi.<\/li>\n<li><strong>Student\u016fm oboru bohemistika<\/strong> \u2013 poznejte sou\u010dasn\u00e9 zdroje, kter\u00e9 v\u00e1m pomohou roz\u0161\u00ed\u0159it pedagogick\u00e9 dovednosti.<\/li>\n<li><strong>Vedouc\u00edm jazykov\u00fdch kurz\u016f<\/strong> \u2013 zjist\u011bte, jak optimalizovat v\u00fdukov\u00e9 materi\u00e1ly pro va\u0161e t\u00fdmy.<\/li>\n<\/ul>\n<p><strong>Webin\u00e1\u0159 povede na\u0161e pra\u017esk\u00e1 senior lektorka <\/strong><strong>Sandra Vlaini\u0107 <\/strong>a bude trvat p\u0159ibli\u017en\u011b 90 minut.<\/p>\n<p>Webin\u00e1\u0159 prob\u011bhne na Webexu v\u00a0\u010desk\u00e9m jazyce.<\/p>\n<p>P\u0159ihl\u00e1sit se m\u016f\u017eete do 10.&nbsp;1.&nbsp;2025.\u00a0<\/p>\n<h3>Pro\u010d se z\u00fa\u010dastnit na\u0161eho webin\u00e1\u0159e?<\/h3>\n<p>Webin\u00e1\u0159 je jedine\u010dnou p\u0159\u00edle\u017eitost\u00ed, jak se sezn\u00e1mit s&nbsp;nejnov\u011bj\u0161\u00edmi u\u010debnicemi a&nbsp;v\u00fdukov\u00fdmi materi\u00e1ly pro \u010de\u0161tinu jako ciz\u00ed jazyk, a&nbsp;to p\u0159\u00edmo od odborn\u00edk\u016f s&nbsp;bohat\u00fdmi zku\u0161enostmi z&nbsp;praxe.<\/p>\n<p><strong>Hlavn\u00ed p\u0159\u00ednosy webin\u00e1\u0159e:<\/strong><\/p>\n<ul>\n<li><strong>Aktu\u00e1ln\u00ed p\u0159ehled:<\/strong> U\u0161et\u0159ete \u010das a&nbsp;energii \u2013 my jsme pro\u0161li trh za v\u00e1s a&nbsp;vybrali ty nejefektivn\u011bj\u0161\u00ed a&nbsp;nejinovativn\u011bj\u0161\u00ed materi\u00e1ly.<\/li>\n<li><strong>Praktick\u00e9 rady:<\/strong> Nau\u010d\u00edte se, jak u\u010debnice vyu\u017e\u00edvat co nejefektivn\u011bji a&nbsp;jak je p\u0159izp\u016fsobit pot\u0159eb\u00e1m r\u016fzn\u00fdch skupin student\u016f.<\/li>\n<li><strong>Interaktivn\u00ed form\u00e1t:<\/strong> Mo\u017enost kl\u00e1st dotazy a&nbsp;konzultovat specifick\u00e9 situace z&nbsp;va\u0161\u00ed praxe.<\/li>\n<li><strong>Certifik\u00e1t o&nbsp;absolvov\u00e1n\u00ed:<\/strong> Oboha\u0165te sv\u016fj profesn\u00ed \u017eivotopis o&nbsp;dal\u0161\u00ed cenn\u00fd z\u00e1znam.<\/li>\n<\/ul>\n<h3>Co v\u00e1s na webin\u00e1\u0159i \u010dek\u00e1?<\/h3>\n<ul>\n<li>Uk\u00e1zky nejnov\u011bj\u0161\u00edch u\u010debnic a&nbsp;materi\u00e1l\u016f dostupn\u00fdch na trhu.<\/li>\n<li>Porovn\u00e1n\u00ed metodick\u00fdch p\u0159\u00edstup\u016f a&nbsp;jejich v\u00fdhod.<\/li>\n<li>Doporu\u010den\u00ed pro pr\u00e1ci s&nbsp;u\u010debnicemi v&nbsp;r\u016fzn\u00fdch typech kurz\u016f (skupinov\u00e9 kurzy, individu\u00e1ln\u00ed v\u00fduka, online lekce).<\/li>\n<li>Inspirace, jak zapojit nov\u00e9 materi\u00e1ly do v\u00fduky a&nbsp;motivovat studenty k&nbsp;aktivn\u00edmu zapojen\u00ed.<\/li>\n<\/ul>\n<h3>Investujte do sv\u00e9ho profesn\u00edho rozvoje!<\/h3>\n<p>P\u0159ipojte se k&nbsp;tomuto jedine\u010dn\u00e9mu webin\u00e1\u0159i a&nbsp;z\u00edskejte nov\u00e9 podn\u011bty, kter\u00e9 obohat\u00ed va\u0161i v\u00fduku \u010de\u0161tiny a&nbsp;usnadn\u00ed v\u00e1m pr\u00e1ci. D\u00edky na\u0161im tip\u016fm a&nbsp;doporu\u010den\u00edm budete m\u00edt jistotu, \u017ee poskytujete sv\u00fdm student\u016fm to nejlep\u0161\u00ed.<\/p>\n<p>&nbsp;<\/p>\n<p><strong>Informace o\u00a0nahr\u00e1v\u00e1n\u00ed webin\u00e1\u0159e<\/strong><\/p>\n<p>\u00da\u010dast\u00ed na webin\u00e1\u0159i souhlas\u00edte s\u00a0t\u00edm, \u017ee bude po\u0159izov\u00e1na jeho nahr\u00e1vka. Tato nahr\u00e1vka je ur\u010dena v\u00fdhradn\u011b pro pot\u0159eby \u00fa\u010dastn\u00edk\u016f a\u00a0bude v\u00e1m po\u00a0skon\u010den\u00ed webin\u00e1\u0159e zasl\u00e1na na e-mailovou adresu, kterou jste uvedli p\u0159i\u00a0registraci.<\/p>\n<p>Pokud m\u00e1te jak\u00e9koli ot\u00e1zky, kontaktujte n\u00e1s pros\u00edm p\u0159ed zah\u00e1jen\u00edm webin\u00e1\u0159e na\u00a0<a>&#109;et&#111;&#100;&#105;ka&#64;s&#107;ri&#118;&#97;n&#101;k&#46;c&#122;<\/a>.<\/p>\n<p>&nbsp;<\/p>\n","protected":false},"excerpt":{"rendered":"<p><span style=\"font-size: 20px;\"><strong>V pond\u011bl\u00ed 13.&nbsp;1.&nbsp;2025 od 17:00 <\/strong>po\u0159\u00e1d\u00e1me webin\u00e1\u0159 na t\u00e9ma <strong><em>\u201e<\/em><\/strong><strong><em>U\u010debnice \u010de\u0161tiny pro cizince &#8211; novinky\u201c.<\/em><\/strong><\/span><\/p>\n<p>P\u0159ipojte se k&nbsp;na\u0161emu webin\u00e1\u0159i a&nbsp;z\u00edskejte praktick\u00e9 tipy, kter\u00e9 v\u00e1m usnadn\u00ed pr\u00e1ci!<\/p>\n","protected":false},"featured_media":73315,"template":"","meta":{"_acf_changed":false},"product_brand":[],"product_cat":[48],"product_tag":[],"class_list":{"0":"post-73314","1":"product","2":"type-product","3":"status-publish","4":"has-post-thumbnail","6":"product_cat-webinare-archiv","8":"first","9":"outofstock","10":"downloadable","11":"virtual","12":"sold-individually","13":"purchasable","14":"product-type-simple"},"acf":[],"aioseo_notices":[],"_links":{"self":[{"href":"https:\/\/skrivanek.cz\/cz\/wp-json\/wp\/v2\/product\/73314","targetHints":{"allow":["GET"]}}],"collection":[{"href":"https:\/\/skrivanek.cz\/cz\/wp-json\/wp\/v2\/product"}],"about":[{"href":"https:\/\/skrivanek.cz\/cz\/wp-json\/wp\/v2\/types\/product"}],"wp:featuredmedia":[{"embeddable":true,"href":"https:\/\/skrivanek.cz\/cz\/wp-json\/wp\/v2\/media\/73315"}],"wp:attachment":[{"href":"https:\/\/skrivanek.cz\/cz\/wp-json\/wp\/v2\/media?parent=73314"}],"wp:term":[{"taxonomy":"product_brand","embeddable":true,"href":"https:\/\/skrivanek.cz\/cz\/wp-json\/wp\/v2\/product_brand?post=73314"},{"taxonomy":"product_cat","embeddable":true,"href":"https:\/\/skrivanek.cz\/cz\/wp-json\/wp\/v2\/product_cat?post=73314"},{"taxonomy":"product_tag","embeddable":true,"href":"https:\/\/skrivanek.cz\/cz\/wp-json\/wp\/v2\/product_tag?post=73314"}],"curies":[{"name":"wp","href":"https:\/\/api.w.org\/{rel}","templated":true}]}}