{"id":73328,"date":"2024-12-10T14:47:37","date_gmt":"2024-12-10T13:47:37","guid":{"rendered":"https:\/\/skrivanek.cz\/?post_type=product&#038;p=73328"},"modified":"2025-02-20T10:14:26","modified_gmt":"2025-02-20T09:14:26","slug":"webinar-domaci-ukoly-prinosna-soucast-vyuky","status":"publish","type":"product","link":"https:\/\/skrivanek.cz\/cz\/produkt\/webinar-domaci-ukoly-prinosna-soucast-vyuky\/","title":{"rendered":"Webin\u00e1\u0159: Prom\u011b\u0148te dom\u00e1c\u00ed \u00fakoly v&nbsp;p\u0159\u00ednosnou sou\u010d\u00e1st v\u00fduky"},"content":{"rendered":"<p>Dom\u00e1c\u00ed \u00fakoly nemus\u00ed b\u00fdt stra\u0161\u00e1kem ani pro studenty, ani pro u\u010ditele. Na tomto webin\u00e1\u0159i se zam\u011b\u0159\u00edme na to, jak z&nbsp;nich ud\u011blat efektivn\u00ed a&nbsp;smysluplnou sou\u010d\u00e1st vzd\u011bl\u00e1vac\u00edho procesu. Objevte nov\u00e9 n\u00e1pady a&nbsp;praktick\u00e9 strategie, jak prom\u011bnit dom\u00e1c\u00ed \u00fakoly v&nbsp;p\u0159\u00edle\u017eitost pro r\u016fst a&nbsp;rozvoj.<\/p>\n<p>Jak mohou dom\u00e1c\u00ed \u00fakoly podporovat samostatn\u00e9 u\u010den\u00ed? Jak je lze p\u0159izp\u016fsobit individu\u00e1ln\u00edm pot\u0159eb\u00e1m student\u016f? Na webin\u00e1\u0159i budeme diskutovat o&nbsp;roli dom\u00e1c\u00edch \u00fakol\u016f v&nbsp;rozvoji jazykov\u00fdch dovednost\u00ed, jejich funkci v&nbsp;pl\u00e1nov\u00e1n\u00ed lekc\u00ed a&nbsp;o&nbsp;tom, jak mohou zv\u00fd\u0161it zapojen\u00ed student\u016f p\u0159i&nbsp;<a href=\"https:\/\/skrivanek.cz\/cz\/jazykova-skola\/online-vyuka\/\">online v\u00fduce<\/a>.<\/p>\n<h3>Co v\u00e1s na webin\u00e1\u0159i \u010dek\u00e1?<\/h3>\n<p><strong>Nov\u00fd pohled na roli dom\u00e1c\u00edch \u00fakol\u016f<\/strong><br \/>\nNau\u010d\u00edte se vn\u00edmat dom\u00e1c\u00ed \u00fakoly jako n\u00e1stroj k&nbsp;pos\u00edlen\u00ed dovednost\u00ed a&nbsp;opakov\u00e1n\u00ed l\u00e1tky, nikoliv jako povinnost bez smyslu.<\/p>\n<p><strong>Praktick\u00e9 a&nbsp;okam\u017eit\u011b pou\u017eiteln\u00e9 tipy<\/strong><br \/>\nDozv\u00edte se, jak navrhnout \u00fakoly, kter\u00e9 jsou zaj\u00edmav\u00e9, relevantn\u00ed a&nbsp;p\u0159\u00ednosn\u00e9 pro studenty v\u0161ech \u00farovn\u00ed.<\/p>\n<p><strong>\u0158e\u0161en\u00ed b\u011b\u017en\u00fdch probl\u00e9m\u016f<\/strong><br \/>\nZ\u00edsk\u00e1te rady, jak p\u0159ekonat v\u00fdzvy, jako je n\u00edzk\u00e1 motivace, nedostate\u010dn\u00e1 podpora rodi\u010d\u016f nebo \u010dasov\u00e1 omezen\u00ed.<\/p>\n<p><strong>Inspirativn\u00ed p\u0159\u00edklady z&nbsp;praxe<\/strong><br \/>\nSezn\u00e1m\u00edte se s&nbsp;\u00fasp\u011b\u0161n\u00fdmi postupy od u\u010ditel\u016f, kte\u0159\u00ed ji\u017e tyto metody pou\u017e\u00edvaj\u00ed.<\/p>\n<h3>Pro koho je webin\u00e1\u0159 ur\u010den?<\/h3>\n<ul>\n<li>U\u010ditele hledaj\u00edc\u00ed nov\u00e9 p\u0159\u00edstupy k&nbsp;dom\u00e1c\u00edm \u00fakol\u016fm<\/li>\n<li>\u0160koln\u00ed vedouc\u00ed, kte\u0159\u00ed cht\u011bj\u00ed podpo\u0159it sv\u00e9 t\u00fdmy praktick\u00fdmi n\u00e1stroji<\/li>\n<li>V\u0161echny, kdo cht\u011bj\u00ed zlep\u0161it vzd\u011bl\u00e1vac\u00ed zku\u0161enost student\u016f<\/li>\n<\/ul>\n<h3>Pro\u010d se p\u0159ipojit?<\/h3>\n<p>Dom\u00e1c\u00ed \u00fakoly, pokud se pojmou spr\u00e1vn\u011b, mohou podporovat kreativitu, samostatnost a&nbsp;prohloubit porozum\u011bn\u00ed. Tento webin\u00e1\u0159 v\u00e1m poskytne jistotu a&nbsp;n\u00e1stroje, jak z&nbsp;nich ud\u011blat dynamickou sou\u010d\u00e1st va\u0161\u00ed v\u00fduky.<\/p>\n<h3>Co webin\u00e1\u0159 nab\u00edz\u00ed?<\/h3>\n<ul>\n<li>Odborn\u00e9 pohledy zku\u0161en\u00fdch pedagog\u016f<\/li>\n<li>Praktick\u00e9 p\u0159\u00edklady a&nbsp;strategie<\/li>\n<li>St\u00e1hnuteln\u00e9 materi\u00e1ly pro va\u0161i v\u00fduku<\/li>\n<\/ul>\n<h3>Zaregistrujte se hned a&nbsp;zlep\u0161ete vzd\u011bl\u00e1vac\u00ed cestu sv\u00fdch student\u016f!<\/h3>\n<p>Po\u010det m\u00edst je omezen \u2013 zajist\u011bte si sv\u00e9 m\u00edsto ji\u017e dnes a&nbsp;prom\u011b\u0148te sv\u016fj p\u0159\u00edstup k&nbsp;dom\u00e1c\u00edm \u00fakol\u016fm.<\/p>\n<p><strong>Webin\u00e1\u0159 prob\u011bhne p\u0159es platformu Webex a&nbsp;bude veden v&nbsp;angli\u010dtin\u011b.<\/strong><br \/>\n<strong>Registrace je mo\u017en\u00e1 do 18.&nbsp;\u00fanora.<\/strong><\/p>\n<p>&nbsp;<\/p>\n<h3>Informace o&nbsp;z\u00e1znamu webin\u00e1\u0159e<\/h3>\n<p><span data-teams=\"true\">\u00da\u010dast\u00ed na webin\u00e1\u0159i souhlas\u00edte s&nbsp;t\u00edm, \u017ee bude po\u0159izov\u00e1na jeho nahr\u00e1vka. Tato nahr\u00e1vka je ur\u010dena v\u00fdhradn\u011b pro pot\u0159eby \u00fa\u010dastn\u00edk\u016f a&nbsp;bude v\u00e1m po&nbsp;skon\u010den\u00ed webin\u00e1\u0159e <strong>zasl\u00e1na na e-mailovou adresu<\/strong>, kterou jste uvedli p\u0159i&nbsp;registraci, a&nbsp;to i&nbsp;v&nbsp;p\u0159\u00edpad\u011b, \u017ee se <strong>nebudete moci z\u00fa\u010dastnit webin\u00e1\u0159e.<\/strong><\/span><\/p>\n<p>&nbsp;<\/p>\n<p>Pokud m\u00e1te jak\u00e9koli ot\u00e1zky, kontaktujte n\u00e1s pros\u00edm p\u0159ed zah\u00e1jen\u00edm webin\u00e1\u0159e na\u00a0<a>&#109;&#101;todika&#64;skriv&#97;&#110;&#101;k.&#99;z<\/a>.<\/p>\n","protected":false},"excerpt":{"rendered":"<p><span style=\"font-size: 20px;\"><strong>Ve st\u0159edu 19.&nbsp;\u00fanora od 17:00<\/strong> povede na\u0161e lektorka Elizabeth Pichette webin\u00e1\u0159 na t\u00e9ma <strong>\u201eDom\u00e1c\u00ed \u00fakoly \u2013 Procvi\u010dov\u00e1n\u00ed, ne trest\u201c<\/strong>.<\/span><\/p>\n<h3>Podrobnosti o&nbsp;webin\u00e1\u0159i<\/h3>\n<ul>\n<li><strong>D\u00e9lka:<\/strong> 90 minut<\/li>\n<li><strong>Jazyk:<\/strong> angli\u010dtina<\/li>\n<li><strong>Form\u00e1t:<\/strong> Interaktivn\u00ed webin\u00e1\u0159 s&nbsp;\u017eivou diskuz\u00ed (Q&amp;A)<\/li>\n<\/ul>\n","protected":false},"featured_media":73329,"template":"","meta":{"_acf_changed":false},"product_brand":[],"product_cat":[48],"product_tag":[],"class_list":{"0":"post-73328","1":"product","2":"type-product","3":"status-publish","4":"has-post-thumbnail","6":"product_cat-webinare-archiv","8":"first","9":"outofstock","10":"downloadable","11":"virtual","12":"sold-individually","13":"purchasable","14":"product-type-simple"},"acf":[],"aioseo_notices":[],"_links":{"self":[{"href":"https:\/\/skrivanek.cz\/cz\/wp-json\/wp\/v2\/product\/73328","targetHints":{"allow":["GET"]}}],"collection":[{"href":"https:\/\/skrivanek.cz\/cz\/wp-json\/wp\/v2\/product"}],"about":[{"href":"https:\/\/skrivanek.cz\/cz\/wp-json\/wp\/v2\/types\/product"}],"wp:featuredmedia":[{"embeddable":true,"href":"https:\/\/skrivanek.cz\/cz\/wp-json\/wp\/v2\/media\/73329"}],"wp:attachment":[{"href":"https:\/\/skrivanek.cz\/cz\/wp-json\/wp\/v2\/media?parent=73328"}],"wp:term":[{"taxonomy":"product_brand","embeddable":true,"href":"https:\/\/skrivanek.cz\/cz\/wp-json\/wp\/v2\/product_brand?post=73328"},{"taxonomy":"product_cat","embeddable":true,"href":"https:\/\/skrivanek.cz\/cz\/wp-json\/wp\/v2\/product_cat?post=73328"},{"taxonomy":"product_tag","embeddable":true,"href":"https:\/\/skrivanek.cz\/cz\/wp-json\/wp\/v2\/product_tag?post=73328"}],"curies":[{"name":"wp","href":"https:\/\/api.w.org\/{rel}","templated":true}]}}