{"id":73334,"date":"2024-12-10T16:22:48","date_gmt":"2024-12-10T15:22:48","guid":{"rendered":"https:\/\/skrivanek.cz\/?post_type=product&#038;p=73334"},"modified":"2025-05-28T09:11:25","modified_gmt":"2025-05-28T07:11:25","slug":"webinar-priprava-na-zkousky-z-ceskeho-jazyka-pro-trvaly-pobyt-a-obcanstvi","status":"publish","type":"product","link":"https:\/\/skrivanek.cz\/cz\/produkt\/webinar-priprava-na-zkousky-z-ceskeho-jazyka-pro-trvaly-pobyt-a-obcanstvi\/","title":{"rendered":"Webin\u00e1\u0159: P\u0159\u00edprava na zkou\u0161ky z&nbsp;\u010desk\u00e9ho jazyka pro trval\u00fd pobyt a&nbsp;ob\u010danstv\u00ed"},"content":{"rendered":"<p>Pom\u00e1h\u00e1te cizinc\u016fm p\u0159ipravit se na zkou\u0161ky z&nbsp;\u010desk\u00e9ho jazyka? Tento webin\u00e1\u0159 v\u00e1m poskytne praktick\u00e9 tipy, u\u017eite\u010dn\u00e9 zdroje a&nbsp;metody, jak efektivn\u011b p\u0159ipravit sv\u00e9 studenty.<\/p>\n<p>Uveden\u00e9 zkou\u0161ky ov\u011b\u0159uj\u00ed jazykov\u00e9 dovednosti na \u00farovni A2 nebo B1 podle Spole\u010dn\u00e9ho evropsk\u00e9ho referen\u010dn\u00edho r\u00e1mce pro jazyky (SERR). Zam\u011b\u0159uj\u00ed se na schopnost z\u00e1kladn\u00ed komunikace v&nbsp;b\u011b\u017en\u00fdch situac\u00edch, \u010dten\u00ed s&nbsp;porozum\u011bn\u00edm, psan\u00ed jednoduch\u00fdch text\u016f a&nbsp;z\u00e1kladn\u00ed gramatiku.<\/p>\n<h3>V r\u00e1mci webin\u00e1\u0159e se pod\u00edv\u00e1me na:<\/h3>\n<ul>\n<li><strong>P\u0159ehled po\u017eadavk\u016f na zkou\u0161ky:<\/strong> Jak\u00e9 jazykov\u00e9 dovednosti jsou hodnoceny a&nbsp;jak\u00e9 jazykov\u00e9 \u00farovn\u011b se o\u010dek\u00e1vaj\u00ed.<\/li>\n<li><strong>Form\u00e1t zkou\u0161ky:<\/strong> Struktura testu, typy \u00fakol\u016f (nap\u0159.&nbsp;rozhovory, dikt\u00e1ty, poslech).<\/li>\n<li><strong>Materi\u00e1ly k&nbsp;p\u0159\u00edprav\u011b:<\/strong> Doporu\u010den\u00e9 u\u010debnice, kurzy a&nbsp;online zdroje.<\/li>\n<li><strong>Strategie p\u0159\u00edpravy:<\/strong> Efektivn\u00ed metody, jak se p\u0159ipravit na jednotliv\u00e9 \u010d\u00e1sti zkou\u0161ky, v\u010detn\u011b praktick\u00fdch tip\u016f pro zlep\u0161en\u00ed slovn\u00ed z\u00e1soby, v\u00fdslovnosti a&nbsp;gramatiky.<\/li>\n<\/ul>\n<p>Ned\u00edlnou sou\u010d\u00e1st\u00ed jsou samoz\u0159ejm\u011b zku\u0161enosti, p\u0159\u00edpady z&nbsp;praxe a&nbsp;tipy\/rady.<\/p>\n<p><strong>Webin\u00e1\u0159 povede na\u0161e pra\u017esk\u00e1 senior lektorka <\/strong><strong>Sandra Vlaini\u0107 <\/strong>a bude trvat p\u0159ibli\u017en\u011b 90 minut.<\/p>\n<p>P\u0159ihl\u00e1sit se m\u016f\u017eete do 26.&nbsp;5.&nbsp;2025.<\/p>\n<p>Webin\u00e1\u0159 prob\u011bhne na Webexu v\u00a0\u010desk\u00e9m jazyce.<\/p>\n<h3>Pro\u010d se webin\u00e1\u0159e z\u00fa\u010dastnit?<\/h3>\n<ul>\n<li><strong>Detailn\u00ed p\u0159ehled zkou\u0161ky:<\/strong> Nau\u010d\u00edte se, jak pracovat s&nbsp;jednotliv\u00fdmi \u010d\u00e1stmi zkou\u0161ky (poslech, \u010dten\u00ed, psan\u00ed a&nbsp;mluven\u00ed) a&nbsp;jak p\u0159izp\u016fsobit p\u0159\u00edpravu specifick\u00fdm po\u017eadavk\u016fm zkou\u0161ky.<\/li>\n<li><strong>Praktick\u00e9 materi\u00e1ly:<\/strong> Z\u00edsk\u00e1te u\u017eite\u010dn\u00e9 v\u00fdukov\u00e9 materi\u00e1ly, pracovn\u00ed listy a&nbsp;n\u00e1vrhy aktivit, kter\u00e9 okam\u017eit\u011b vyu\u017eijete p\u0159i&nbsp;v\u00fduce.<\/li>\n<li><strong>Osv\u011bd\u010den\u00e9 metody:<\/strong> P\u0159edstav\u00edme v\u00e1m efektivn\u00ed p\u0159\u00edstupy, jak motivovat studenty k&nbsp;lep\u0161\u00edm v\u00fdsledk\u016fm a&nbsp;jak jim pomoci zvl\u00e1dnout jazykov\u00e9 bari\u00e9ry.<\/li>\n<li><strong>Zku\u0161enosti odborn\u00edk\u016f:<\/strong> Na\u0161e lektorky s&nbsp;dlouholetou prax\u00ed v&nbsp;oboru v\u00e1m p\u0159edaj\u00ed know-how, kter\u00e9 funguje.<\/li>\n<li><strong>Interaktivita:<\/strong> B\u011bhem webin\u00e1\u0159e budete m\u00edt prostor pro dotazy a&nbsp;sd\u00edlen\u00ed zku\u0161enost\u00ed s&nbsp;ostatn\u00edmi u\u010diteli.<\/li>\n<\/ul>\n<h3>Program webin\u00e1\u0159e<\/h3>\n<ul>\n<li><strong>\u00davod:<\/strong> P\u0159edstaven\u00ed form\u00e1tu zkou\u0161ek a&nbsp;po\u017eadavk\u016f pro \u00fasp\u011b\u0161n\u00e9 slo\u017een\u00ed.<\/li>\n<li><strong>Praktick\u00e9 tipy:<\/strong> Jak efektivn\u011b p\u0159ipravit studenty na jednotliv\u00e9 \u010d\u00e1sti zkou\u0161ky.<\/li>\n<li><strong>Metody v\u00fduky:<\/strong> Jak zapojit interaktivn\u00ed aktivity a&nbsp;re\u00e1ln\u00e9 sc\u00e9n\u00e1\u0159e do p\u0159\u00edpravy.<\/li>\n<li><strong>\u0158e\u0161en\u00ed probl\u00e9m\u016f:<\/strong> Jak se vypo\u0159\u00e1dat s&nbsp;\u010dast\u00fdmi chybami student\u016f a&nbsp;jak je motivovat ke zlep\u0161en\u00ed.<\/li>\n<li><strong>Diskuze:<\/strong> Prostor pro va\u0161e dotazy a&nbsp;sd\u00edlen\u00ed zku\u0161enost\u00ed.<\/li>\n<\/ul>\n<h3>Komu je webin\u00e1\u0159 ur\u010den?<\/h3>\n<ul>\n<li>U\u010ditel\u016fm a&nbsp;lektor\u016fm \u010de\u0161tiny jako ciz\u00edho jazyka, kte\u0159\u00ed cht\u011bj\u00ed zlep\u0161it svou p\u0159\u00edpravu student\u016f na jazykov\u00e9 zkou\u0161ky.<\/li>\n<li>Ka\u017ed\u00e9mu, kdo pom\u00e1h\u00e1 cizinc\u016fm dos\u00e1hnout jejich c\u00edle v&nbsp;procesu z\u00edsk\u00e1n\u00ed trval\u00e9ho pobytu nebo ob\u010danstv\u00ed.<\/li>\n<\/ul>\n<h3>P\u0159ihlaste se nyn\u00ed!<\/h3>\n<p>Nenechte si uj\u00edt p\u0159\u00edle\u017eitost z\u00edskat cenn\u00e9 tipy a&nbsp;n\u00e1stroje, kter\u00e9 v\u00e1m usnadn\u00ed p\u0159\u00edpravu va\u0161ich student\u016f na zkou\u0161ky. Registrujte se je\u0161t\u011b dnes a&nbsp;posu\u0148te sv\u00e9 znalosti na novou \u00farove\u0148!<\/p>\n<p>&nbsp;<\/p>\n<h3>Informace o&nbsp;z\u00e1znamu webin\u00e1\u0159e<\/h3>\n<p><span data-teams=\"true\">\u00da\u010dast\u00ed na webin\u00e1\u0159i souhlas\u00edte s&nbsp;t\u00edm, \u017ee bude po\u0159izov\u00e1na jeho nahr\u00e1vka. Tato nahr\u00e1vka je ur\u010dena v\u00fdhradn\u011b pro pot\u0159eby \u00fa\u010dastn\u00edk\u016f a&nbsp;bude v\u00e1m po&nbsp;skon\u010den\u00ed webin\u00e1\u0159e <strong>zasl\u00e1na na e-mailovou adresu<\/strong>, kterou jste uvedli p\u0159i&nbsp;registraci, a&nbsp;to i&nbsp;v&nbsp;p\u0159\u00edpad\u011b, \u017ee se <strong>nebudete moci z\u00fa\u010dastnit webin\u00e1\u0159e.<\/strong><\/span><\/p>\n<p>Pokud m\u00e1te jak\u00e9koli ot\u00e1zky, kontaktujte n\u00e1s pros\u00edm p\u0159ed zah\u00e1jen\u00edm webin\u00e1\u0159e na\u00a0<a>m&#101;to&#100;ik&#97;&#64;s&#107;&#114;ivan&#101;k.cz<\/a>.<\/p>\n<p>&nbsp;<\/p>\n","protected":false},"excerpt":{"rendered":"<p><span style=\"font-size: 20px;\"><strong>V \u00fater\u00fd 27.&nbsp;5.&nbsp;2025 od 18:00 <\/strong>po\u0159\u00e1d\u00e1me webin\u00e1\u0159 na t\u00e9ma <strong><em>\u201e<\/em><\/strong><strong><em>P\u0159\u00edprava na zkou\u0161ky z&nbsp;\u010desk\u00e9ho jazyka pro trval\u00fd pobyt a&nbsp;ob\u010danstv\u00ed\u201c.<\/em><\/strong><\/span><\/p>\n<h3>Informace o&nbsp;webin\u00e1\u0159i<\/h3>\n<ul>\n<li><strong>D\u00e9lka:<\/strong> 90 minut<\/li>\n<li><strong>Forma:<\/strong> Online p\u0159es Webex<\/li>\n<li><strong>Jazyk:<\/strong> \u010de\u0161tina<\/li>\n<li>Praktick\u00e9 tipy, metody a&nbsp;Q&amp;A<\/li>\n<\/ul>\n","protected":false},"featured_media":73335,"template":"","meta":{"_acf_changed":false},"product_brand":[],"product_cat":[48],"product_tag":[],"class_list":{"0":"post-73334","1":"product","2":"type-product","3":"status-publish","4":"has-post-thumbnail","6":"product_cat-webinare-archiv","8":"first","9":"outofstock","10":"downloadable","11":"virtual","12":"sold-individually","13":"purchasable","14":"product-type-simple"},"acf":[],"aioseo_notices":[],"_links":{"self":[{"href":"https:\/\/skrivanek.cz\/cz\/wp-json\/wp\/v2\/product\/73334","targetHints":{"allow":["GET"]}}],"collection":[{"href":"https:\/\/skrivanek.cz\/cz\/wp-json\/wp\/v2\/product"}],"about":[{"href":"https:\/\/skrivanek.cz\/cz\/wp-json\/wp\/v2\/types\/product"}],"wp:featuredmedia":[{"embeddable":true,"href":"https:\/\/skrivanek.cz\/cz\/wp-json\/wp\/v2\/media\/73335"}],"wp:attachment":[{"href":"https:\/\/skrivanek.cz\/cz\/wp-json\/wp\/v2\/media?parent=73334"}],"wp:term":[{"taxonomy":"product_brand","embeddable":true,"href":"https:\/\/skrivanek.cz\/cz\/wp-json\/wp\/v2\/product_brand?post=73334"},{"taxonomy":"product_cat","embeddable":true,"href":"https:\/\/skrivanek.cz\/cz\/wp-json\/wp\/v2\/product_cat?post=73334"},{"taxonomy":"product_tag","embeddable":true,"href":"https:\/\/skrivanek.cz\/cz\/wp-json\/wp\/v2\/product_tag?post=73334"}],"curies":[{"name":"wp","href":"https:\/\/api.w.org\/{rel}","templated":true}]}}