{"id":73359,"date":"2024-12-10T14:48:18","date_gmt":"2024-12-10T13:48:18","guid":{"rendered":"https:\/\/skrivanek.cz\/?post_type=product&#038;p=73359"},"modified":"2025-03-12T08:47:27","modified_gmt":"2025-03-12T07:47:27","slug":"webinar-structured-input-gramatika-s-lehkosti","status":"publish","type":"product","link":"https:\/\/skrivanek.cz\/cz\/produkt\/webinar-structured-input-gramatika-s-lehkosti\/","title":{"rendered":"Webin\u00e1\u0159: Structured input: Gramatika s&nbsp;lehkost\u00ed"},"content":{"rendered":"<p>&#8222;Structured input&#8220; je pom\u011brn\u011b nov\u00e1 metoda, kterou se zab\u00fdv\u00e1 profesor Benati na univerzit\u011b v&nbsp;Dublinu. Znamen\u00e1 manipulaci jazykov\u00e9ho inputu, tak aby se student za\u010dal spol\u00e9hat na formu jazyka pro porozum\u011bn\u00ed v\u00fdznamu. Je to p\u0159irozen\u00e1 metoda osvojov\u00e1n\u00ed gramatiky. Poj\u010fme se spole\u010dn\u011b pod\u00edvat na n\u011bkter\u00e1 jej\u00ed vyu\u017eit\u00ed v&nbsp;konkr\u00e9tn\u00edch cvi\u010den\u00edch!\u00a0<\/p>\n<p>Metoda <strong>Structured Input<\/strong> v\u00e1m uk\u00e1\u017ee, jak v\u00e9st studenty k&nbsp;p\u0159irozen\u00e9mu pochopen\u00ed gramatick\u00fdch struktur prost\u0159ednictv\u00edm praktick\u00e9ho cvi\u010den\u00ed a&nbsp;smyslupln\u00fdch aktivit. Nau\u010d\u00edte se, jak eliminovat stres ze strany student\u016f a&nbsp;z\u00e1rove\u0148 dos\u00e1hnout lep\u0161\u00edch v\u00fdsledk\u016f.<\/p>\n<h3>Pro koho je webin\u00e1\u0159 ur\u010den?<\/h3>\n<ul>\n<li><strong>Pro u\u010ditele a&nbsp;lektory ciz\u00edch jazyk\u016f,<\/strong> kte\u0159\u00ed cht\u011bj\u00ed sv\u00e9 studenty motivovat k&nbsp;lep\u0161\u00edm v\u00fdsledk\u016fm.<\/li>\n<li><strong>Pro jazykov\u00e9 profesion\u00e1ly,<\/strong> hledaj\u00edc\u00ed nov\u00e9 a&nbsp;efektivn\u00ed n\u00e1stroje pro pr\u00e1ci s&nbsp;r\u016fzn\u00fdmi \u00farovn\u011bmi student\u016f.<\/li>\n<\/ul>\n<h3>Jak webin\u00e1\u0159 vypad\u00e1?<\/h3>\n<ul>\n<li><strong>D\u00e9lka:<\/strong> 90 minut<\/li>\n<li><strong>Forma:<\/strong> Online s&nbsp;mo\u017enost\u00ed kl\u00e1st dotazy a&nbsp;sd\u00edlet sv\u00e9 zku\u0161enosti s&nbsp;ostatn\u00edmi \u00fa\u010dastn\u00edky.<\/li>\n<li><strong>V\u00fdstup:<\/strong> Praktick\u00e9 materi\u00e1ly a&nbsp;osv\u011bd\u010den\u00e9 tipy, kter\u00e9 m\u016f\u017eete okam\u017eit\u011b za\u010d\u00edt vyu\u017e\u00edvat.<\/li>\n<\/ul>\n<p><strong>Webin\u00e1\u0159 povede na\u0161e senior lektorka z\u00a0Karlov\u00fdch Var\u016f, pan\u00ed Petra Ot\u00fdsov\u00e1,<\/strong> a&nbsp;bude trvat p\u0159ibli\u017en\u011b 90 minut.<\/p>\n<p>Webin\u00e1\u0159 prob\u011bhne na Webexu v\u00a0\u010desk\u00e9m jazyce a&nbsp;je ur\u010den\u00fd pro lektory v\u0161ech jazyk\u016f.<\/p>\n<p>P\u0159ihl\u00e1sit se m\u016f\u017eete zde <strong>do\u00a010.&nbsp;3.&nbsp;2025<\/strong>.<\/p>\n<h3>Co v\u00e1m webin\u00e1\u0159 p\u0159inese?<\/h3>\n<ul>\n<li><strong>Praktick\u00e9 vyu\u017eit\u00ed metody Structured Input:<\/strong> Nau\u010d\u00edte se, jak p\u0159izp\u016fsobit tuto metodu pot\u0159eb\u00e1m va\u0161ich student\u016f a&nbsp;hodin.<\/li>\n<li><strong>Efektivn\u00ed strategie pro v\u00fduku gramatiky:<\/strong> Objev\u00edte, jak studenty motivovat a&nbsp;zapojit do v\u00fduky, aby si kl\u00ed\u010dov\u00e1 pravidla osvojili intuitivn\u011b.<\/li>\n<li><strong>Interaktivn\u00ed p\u0159\u00edstup:<\/strong> Z\u00edsk\u00e1te tipy na aktivity, kter\u00e9 lze ihned pou\u017e\u00edt ve va\u0161ich lekc\u00edch.<\/li>\n<li><strong>Odstran\u011bn\u00ed chybov\u00fdch n\u00e1vyk\u016f:<\/strong> Uk\u00e1\u017eeme v\u00e1m, jak pomoci student\u016fm vyhnout se nej\u010dast\u011bj\u0161\u00edm probl\u00e9m\u016fm p\u0159i&nbsp;osvojov\u00e1n\u00ed gramatiky.<\/li>\n<\/ul>\n<h3>Pro\u010d byste m\u011bli p\u0159ij\u00edt?<\/h3>\n<ul>\n<li><strong>Zku\u0161enost s&nbsp;modern\u00edmi metodami:<\/strong> Structured Input je p\u0159\u00edstup, kter\u00fd stav\u00ed na v\u011bdeck\u00fdch poznatc\u00edch o&nbsp;u\u010den\u00ed jazyk\u016f.<\/li>\n<li><strong>Inspirace pro va\u0161i v\u00fduku:<\/strong> Z\u00edsk\u00e1te nov\u00e9 podn\u011bty a&nbsp;n\u00e1pady, kter\u00e9 zpest\u0159\u00ed va\u0161e lekce.<\/li>\n<li><strong>Podpora od odborn\u00edk\u016f:<\/strong> Webin\u00e1\u0159 vede t\u00fdm profesion\u00e1l\u016f s&nbsp;dlouholetou prax\u00ed v&nbsp;oblasti jazykov\u00e9 didaktiky.<\/li>\n<\/ul>\n<h3>Informace o&nbsp;z\u00e1znamu webin\u00e1\u0159e<\/h3>\n<p><span data-teams=\"true\">\u00da\u010dast\u00ed na webin\u00e1\u0159i souhlas\u00edte s&nbsp;t\u00edm, \u017ee bude po\u0159izov\u00e1na jeho nahr\u00e1vka. Tato nahr\u00e1vka je ur\u010dena v\u00fdhradn\u011b pro pot\u0159eby \u00fa\u010dastn\u00edk\u016f a&nbsp;bude v\u00e1m po&nbsp;skon\u010den\u00ed webin\u00e1\u0159e <strong>zasl\u00e1na na e-mailovou adresu<\/strong>, kterou jste uvedli p\u0159i&nbsp;registraci, a&nbsp;to i&nbsp;v&nbsp;p\u0159\u00edpad\u011b, \u017ee se <strong>nebudete moci z\u00fa\u010dastnit webin\u00e1\u0159e.<\/strong><\/span><\/p>\n<p>Pokud m\u00e1te jak\u00e9koli ot\u00e1zky, kontaktujte n\u00e1s pros\u00edm p\u0159ed zah\u00e1jen\u00edm webin\u00e1\u0159e na\u00a0<a>&#109;&#101;to&#100;i&#107;a&#64;&#115;kri&#118;&#97;&#110;&#101;&#107;&#46;&#99;&#122;<\/a>.<\/p>\n","protected":false},"excerpt":{"rendered":"<p style=\"margin-bottom: 12.0pt;\"><span style=\"font-size: 20px;\"><strong><span style=\"font-family: 'Arial',sans-serif; color: black;\">V \u00fater\u00fd 11.&nbsp;3.&nbsp;2025 od 18:00<\/span><\/strong><span style=\"font-family: 'Arial',sans-serif; color: black;\"> po\u0159\u00e1d\u00e1me webin\u00e1\u0159 na t\u00e9ma <strong><span style=\"font-family: 'Arial',sans-serif;\">\u201e<\/span><\/strong><b>Structured input: Gramatika s&nbsp;lehkost\u00ed.<\/b><\/span><\/span><\/p>\n<p><strong>Hled\u00e1te zp\u016fsob, jak ud\u011blat gramatiku p\u0159\u00edstupn\u011bj\u0161\u00ed a&nbsp;z\u00e1bavn\u011bj\u0161\u00ed pro va\u0161e studenty?<\/strong> Tento webin\u00e1\u0159 je navr\u017een speci\u00e1ln\u011b pro lektory a&nbsp;u\u010ditele jazyk\u016f, kte\u0159\u00ed cht\u011bj\u00ed osv\u011b\u017eit sv\u00e9 metody v\u00fduky a&nbsp;p\u0159in\u00e9st do sv\u00fdch hodin efektivn\u00ed a&nbsp;modern\u00ed p\u0159\u00edstupy.<\/p>\n","protected":false},"featured_media":73361,"template":"","meta":{"_acf_changed":false},"product_brand":[],"product_cat":[48],"product_tag":[],"class_list":{"0":"post-73359","1":"product","2":"type-product","3":"status-publish","4":"has-post-thumbnail","6":"product_cat-webinare-archiv","8":"first","9":"outofstock","10":"downloadable","11":"virtual","12":"sold-individually","13":"purchasable","14":"product-type-simple"},"acf":[],"aioseo_notices":[],"_links":{"self":[{"href":"https:\/\/skrivanek.cz\/cz\/wp-json\/wp\/v2\/product\/73359","targetHints":{"allow":["GET"]}}],"collection":[{"href":"https:\/\/skrivanek.cz\/cz\/wp-json\/wp\/v2\/product"}],"about":[{"href":"https:\/\/skrivanek.cz\/cz\/wp-json\/wp\/v2\/types\/product"}],"wp:featuredmedia":[{"embeddable":true,"href":"https:\/\/skrivanek.cz\/cz\/wp-json\/wp\/v2\/media\/73361"}],"wp:attachment":[{"href":"https:\/\/skrivanek.cz\/cz\/wp-json\/wp\/v2\/media?parent=73359"}],"wp:term":[{"taxonomy":"product_brand","embeddable":true,"href":"https:\/\/skrivanek.cz\/cz\/wp-json\/wp\/v2\/product_brand?post=73359"},{"taxonomy":"product_cat","embeddable":true,"href":"https:\/\/skrivanek.cz\/cz\/wp-json\/wp\/v2\/product_cat?post=73359"},{"taxonomy":"product_tag","embeddable":true,"href":"https:\/\/skrivanek.cz\/cz\/wp-json\/wp\/v2\/product_tag?post=73359"}],"curies":[{"name":"wp","href":"https:\/\/api.w.org\/{rel}","templated":true}]}}