{"id":73926,"date":"2024-06-27T09:17:33","date_gmt":"2024-06-27T07:17:33","guid":{"rendered":"https:\/\/skrivanek.cz\/?post_type=product&#038;p=73926"},"modified":"2026-04-14T07:59:11","modified_gmt":"2026-04-14T05:59:11","slug":"anglictina-a2-rozmluvte-se-pred-dovolenou","status":"publish","type":"product","link":"https:\/\/skrivanek.cz\/cz\/produkt\/anglictina-a2-rozmluvte-se-pred-dovolenou\/","title":{"rendered":"Angli\u010dtina A2: Rozmluvte se p\u0159ed dovolenou"},"content":{"rendered":"<p>Chyst\u00e1te se na dovolenou a&nbsp;chcete se bez obav domluvit v&nbsp;angli\u010dtin\u011b? Tento kurz je p\u0159esn\u011b pro v\u00e1s! B\u011bhem 12 praktick\u00fdch lekc\u00ed se zam\u011b\u0159\u00edme na nej\u010dast\u011bj\u0161\u00ed situace, kter\u00e9 v\u00e1s mohou na dovolen\u00e9 potkat. Nau\u010d\u00edte se pou\u017e\u00edvat z\u00e1kladn\u00ed fr\u00e1ze, roz\u0161\u00ed\u0159\u00edte si slovn\u00ed z\u00e1sobu a&nbsp;osvoj\u00edte si jednoduch\u00e9 konverza\u010dn\u00ed obraty, d\u00edky kter\u00fdm se budete c\u00edtit jist\u011bji. Kurz je ide\u00e1ln\u00ed pro m\u00edrn\u011b pokro\u010dil\u00e9, kte\u0159\u00ed se cht\u011bj\u00ed v&nbsp;angli\u010dtin\u011b zlep\u0161it a&nbsp;p\u0159ipravit na konkr\u00e9tn\u00ed situace spojen\u00e9 s&nbsp;cestov\u00e1n\u00edm.<\/p>\n<h3>Co v\u00e1s \u010dek\u00e1 v&nbsp;kurzu?<\/h3>\n<ul>\n<li>\n<p><strong>\u00davod a&nbsp;z\u00e1kladn\u00ed fr\u00e1ze<\/strong><br \/>\nNa \u00favod projdeme nejpou\u017e\u00edvan\u011bj\u0161\u00ed fr\u00e1ze a&nbsp;osvoj\u00edme si z\u00e1klady dvou kl\u00ed\u010dov\u00fdch \u010das\u016f. Probereme pl\u00e1nov\u00e1n\u00ed dovolen\u00e9 a&nbsp;tipy na zem\u011b, kde se snadno domluv\u00edte anglicky.<\/p>\n<\/li>\n<li>\n<p><strong>Na leti\u0161ti<\/strong><br \/>\nJak si poradit s&nbsp;odbaven\u00edm, bezpe\u010dnostn\u00ed kontrolou a&nbsp;navigac\u00ed na leti\u0161ti? Nau\u010d\u00edte se v\u0161e pot\u0159ebn\u00e9.<\/p>\n<\/li>\n<li>\n<p><strong>V hotelu<\/strong><br \/>\nRezervace pokoje, check-in, \u0159e\u0161en\u00ed probl\u00e9m\u016f b\u011bhem pobytu \u2013 budete na v\u0161e p\u0159ipraveni.<\/p>\n<\/li>\n<li>\n<p><strong>V restauraci<\/strong><br \/>\nObjedn\u00e1v\u00e1n\u00ed j\u00eddel, porozum\u011bn\u00ed menu a&nbsp;reakce na \u010dast\u00e9 situace, kter\u00e9 mohou nastat p\u0159i&nbsp;n\u00e1v\u0161t\u011bv\u011b restaurace.<\/p>\n<\/li>\n<li>\n<p><strong>Nakupov\u00e1n\u00ed<\/strong><br \/>\nFr\u00e1ze a&nbsp;v\u00fdrazy pro nakupov\u00e1n\u00ed v&nbsp;obchodech a&nbsp;na trz\u00edch, v\u010detn\u011b vyjedn\u00e1v\u00e1n\u00ed cen.<\/p>\n<\/li>\n<li>\n<p><strong>Ve m\u011bst\u011b<\/strong><br \/>\nJak se pt\u00e1t na cestu, rozum\u011bt pokyn\u016fm a&nbsp;orientovat se ve m\u011bst\u011b.<\/p>\n<\/li>\n<li>\n<p><strong>U doktora\/v l\u00e9k\u00e1rn\u011b<\/strong><br \/>\nNau\u010d\u00edte se popsat sv\u00e9 zdravotn\u00ed pot\u00ed\u017ee a&nbsp;porozum\u011bt z\u00e1kladn\u00edm rad\u00e1m od l\u00e9ka\u0159e nebo l\u00e9k\u00e1rn\u00edka.<\/p>\n<\/li>\n<li>\n<p><strong>Na pl\u00e1\u017ei a&nbsp;p\u0159i&nbsp;volno\u010dasov\u00fdch aktivit\u00e1ch<\/strong><br \/>\nU\u017eijte si sv\u016fj voln\u00fd \u010das \u2013 fr\u00e1ze pro aktivity na pl\u00e1\u017ei, sport a&nbsp;dal\u0161\u00ed z\u00e1bavu.<\/p>\n<\/li>\n<li>\n<p><strong>Nouzov\u00e9 situace<\/strong><br \/>\nCo d\u011blat, kdy\u017e nastanou ne\u010dekan\u00e9 probl\u00e9my? Nau\u010d\u00edme v\u00e1s, jak po\u017e\u00e1dat o&nbsp;pomoc a&nbsp;situaci vy\u0159e\u0161it.<\/p>\n<\/li>\n<\/ul>\n<div class=\"columns columns-3\" data-columns=\"3\">\n<div class=\"column column-1\">\n<p><img loading=\"lazy\" decoding=\"async\" class=\"aligncenter wp-image-73932\" src=\"https:\/\/skrivanek.cz\/wp-content\/uploads\/2025\/01\/kurz-anglictiny-dovolena.jpg\" alt=\"kurz angli\u010dtiny - letn\u00ed dovolen\u00e1\" width=\"350\" height=\"232\" \/><\/p>\n<\/div>\n<div class=\"column column-2\">\n<p><img loading=\"lazy\" decoding=\"async\" class=\"aligncenter wp-image-73935\" src=\"https:\/\/skrivanek.cz\/wp-content\/uploads\/2025\/01\/anglictina-na-dovolene.jpg\" alt=\"angli\u010dtina na dovolen\u00e9\" width=\"350\" height=\"232\" \/><\/p>\n<\/div>\n<div class=\"column column-3\">\n<p><img loading=\"lazy\" decoding=\"async\" class=\"aligncenter wp-image-73938\" src=\"https:\/\/skrivanek.cz\/wp-content\/uploads\/2025\/01\/dovolena-anglictina.jpg\" alt=\"rozmluvte se p\u0159ed dovolenou - kurz angli\u010dtiny\" width=\"350\" height=\"232\" \/><\/p>\n<\/div>\n<\/div>\n<h3>\u00a0<\/h3>\n<h3>Pro koho je kurz ur\u010den?<\/h3>\n<p>Tento kurz je ur\u010den pro v\u0161echny, kte\u0159\u00ed:<\/p>\n<ul>\n<li>pl\u00e1nuj\u00ed dovolenou v&nbsp;zahrani\u010d\u00ed a&nbsp;cht\u011bj\u00ed se snadno domluvit v&nbsp;angli\u010dtin\u011b,<\/li>\n<li>pot\u0159ebuj\u00ed z\u00edskat v\u011bt\u0161\u00ed jistotu p\u0159i&nbsp;pou\u017e\u00edv\u00e1n\u00ed anglick\u00e9ho jazyka v&nbsp;praxi,<\/li>\n<li>maj\u00ed alespo\u0148 z\u00e1kladn\u00ed znalosti angli\u010dtiny (\u00farove\u0148 A2 \u2013 A2+),<\/li>\n<li>cht\u011bj\u00ed se nau\u010dit praktick\u00e9 fr\u00e1ze a&nbsp;v\u00fdrazy pro ka\u017edodenn\u00ed situace na dovolen\u00e9.<\/li>\n<\/ul>\n<p>A\u0165 u\u017e cestujete sami, s&nbsp;rodinou nebo p\u0159\u00e1teli, tento kurz v\u00e1s p\u0159iprav\u00ed na v\u0161echny situace, kter\u00e9 v\u00e1s na cest\u00e1ch mohou potkat!<\/p>\n<h3>Pro\u010d si vybrat n\u00e1\u0161 kurz?<\/h3>\n<ul>\n<li><strong>Praktick\u00e1 t\u00e9mata z&nbsp;re\u00e1ln\u00e9ho \u017eivota:<\/strong> Nau\u010d\u00edte se p\u0159esn\u011b to, co pot\u0159ebujete na leti\u0161ti, v&nbsp;hotelu, v&nbsp;restauraci nebo p\u0159i&nbsp;nakupov\u00e1n\u00ed.<\/li>\n<li><strong>Rychl\u00e9 v\u00fdsledky:<\/strong> U\u017e po&nbsp;n\u011bkolika lekc\u00edch si osvoj\u00edte fr\u00e1ze, kter\u00e9 budete moci ihned pou\u017e\u00edt.<\/li>\n<li><strong>Individu\u00e1ln\u00ed p\u0159\u00edstup:<\/strong> Na\u0161i zku\u0161en\u00ed lekto\u0159i p\u0159izp\u016fsob\u00ed v\u00fduku tempu a&nbsp;pot\u0159eb\u00e1m ka\u017ed\u00e9 skupiny.<\/li>\n<li><strong>Mo\u017enost v\u00fdb\u011bru formy v\u00fduky:<\/strong> Kurz prob\u00edh\u00e1 prezen\u010dn\u011b i&nbsp;online \u2013 vyberte si, co v\u00e1m nejl\u00e9pe vyhovuje.<\/li>\n<li><strong>Zku\u0161en\u00ed lekto\u0159i:<\/strong> Na\u0161i lekto\u0159i maj\u00ed bohat\u00e9 zku\u0161enosti s&nbsp;v\u00fdukou zam\u011b\u0159enou na praktick\u00e9 vyu\u017eit\u00ed jazyka.<\/li>\n<\/ul>\n<p><span style=\"font-size: 20px;\"><strong>Dovolen\u00e1 je za rohem \u2013 bu\u010fte p\u0159ipraveni a&nbsp;komunikujte sebev\u011bdom\u011b. P\u0159ihlaste se nyn\u00ed a&nbsp;ud\u011blejte prvn\u00ed krok ke sv\u00fdm jazykov\u00fdm c\u00edl\u016fm!<\/strong><\/span><\/p>\n","protected":false},"excerpt":{"rendered":"<p><strong>Den a&nbsp;\u010das:<\/strong> \u010ctvrtek 17:00 \u2013 18:30<br \/>\n<strong>Term\u00edn:<\/strong> 17.&nbsp;9. \u2013 3.&nbsp;12.&nbsp;2026<br \/>\n<strong>Forma v\u00fduky:<\/strong> online nebo prezen\u010dn\u011b (preferovanou formu m\u016f\u017eete uv\u00e9st v&nbsp;pozn\u00e1mce p\u0159i&nbsp;platb\u011b)<br \/>\n<strong>Intenzita:\u00a0<\/strong>1 lekce t\u00fddn\u011b<br \/>\n<strong>Po\u010det lekc\u00ed:<\/strong> celkem 12 lekc\u00ed (12 x 90 minut)<\/p>\n<p>Pokud preferujete <strong data-start=\"415\" data-end=\"434\">platbu p\u0159evodem<\/strong>, chcete <strong data-start=\"443\" data-end=\"466\">zaplatit na pobo\u010dce<\/strong> nebo m\u00e1te jak\u00fdkoli <strong data-start=\"486\" data-end=\"495\">dotaz<\/strong>, nev\u00e1hejte n\u00e1s kontaktovat na e\u2011mailu <strong data-start=\"534\" data-end=\"556\"><a class=\"cursor-pointer\" href=\"javascript:secureDecryptAndNavigate('3SGvOPxd0i2mz05++z+DY9159DJyUU5oIyRa4yg4ZSvue\/HLXT16EJ6hMEoy4CFwgANvwlrZk+Znd8BxhbHvD30pF801HN4GbQ==', '9c1e8f5271bf4f233390c22bdf43601f044e80460c2e9cc63c40d8bc66437679')\" data-start=\"536\" data-end=\"554\">&#115;&#107;o&#108;a&#64;sk&#114;i&#118;a&#110;ek.&#99;&#122;<\/a><\/strong> nebo na telefonn\u00edm \u010d\u00edsle <a href=\"tel:+420 777 809 805\">+420&nbsp;777&nbsp;809\u00a0805<\/a>.<\/p>\n","protected":false},"featured_media":73929,"template":"","meta":{"_acf_changed":false},"product_brand":[],"product_cat":[58],"product_tag":[],"class_list":{"0":"post-73926","1":"product","2":"type-product","3":"status-publish","4":"has-post-thumbnail","6":"product_cat-kurzy","8":"first","9":"instock","10":"downloadable","11":"virtual","12":"purchasable","13":"product-type-simple"},"acf":[],"aioseo_notices":[],"_links":{"self":[{"href":"https:\/\/skrivanek.cz\/cz\/wp-json\/wp\/v2\/product\/73926","targetHints":{"allow":["GET"]}}],"collection":[{"href":"https:\/\/skrivanek.cz\/cz\/wp-json\/wp\/v2\/product"}],"about":[{"href":"https:\/\/skrivanek.cz\/cz\/wp-json\/wp\/v2\/types\/product"}],"wp:featuredmedia":[{"embeddable":true,"href":"https:\/\/skrivanek.cz\/cz\/wp-json\/wp\/v2\/media\/73929"}],"wp:attachment":[{"href":"https:\/\/skrivanek.cz\/cz\/wp-json\/wp\/v2\/media?parent=73926"}],"wp:term":[{"taxonomy":"product_brand","embeddable":true,"href":"https:\/\/skrivanek.cz\/cz\/wp-json\/wp\/v2\/product_brand?post=73926"},{"taxonomy":"product_cat","embeddable":true,"href":"https:\/\/skrivanek.cz\/cz\/wp-json\/wp\/v2\/product_cat?post=73926"},{"taxonomy":"product_tag","embeddable":true,"href":"https:\/\/skrivanek.cz\/cz\/wp-json\/wp\/v2\/product_tag?post=73926"}],"curies":[{"name":"wp","href":"https:\/\/api.w.org\/{rel}","templated":true}]}}