{"id":74605,"date":"2025-03-10T09:24:13","date_gmt":"2025-03-10T08:24:13","guid":{"rendered":"https:\/\/skrivanek.cz\/?post_type=product&#038;p=74605"},"modified":"2025-11-25T17:14:15","modified_gmt":"2025-11-25T16:14:15","slug":"enhanced-financial-communication-fluency-for-cfos","status":"publish","type":"product","link":"https:\/\/skrivanek.cz\/cz\/produkt\/enhanced-financial-communication-fluency-for-cfos\/","title":{"rendered":"Workshop: English Language &#038; Enhanced Financial Communication Fluency for CFOs"},"content":{"rendered":"<h3>Profesion\u00e1ln\u00ed jazykov\u00e9 dovednosti pro efektivn\u00ed finan\u010dn\u00ed komunikaci<\/h3>\n<p>Kurz <em>English Language &amp; Enhanced Financial Communication Fluency for CFOs<\/em> je ur\u010den pro finan\u010dn\u00ed \u0159editele a&nbsp;mana\u017eery, kte\u0159\u00ed cht\u011bj\u00ed <strong>zdokonalit svou anglickou komunikaci v&nbsp;kl\u00ed\u010dov\u00fdch finan\u010dn\u00edch oblastech<\/strong>, jako jsou <strong>finan\u010dn\u00ed reporty, strategick\u00e9 pl\u00e1nov\u00e1n\u00ed, \u0159\u00edzen\u00ed rizik a&nbsp;investi\u010dn\u00ed strategie<\/strong>.<\/p>\n<p>Hlavn\u00edm c\u00edlem kurzu je nau\u010dit v\u00e1s prezentovat slo\u017eit\u00e9 finan\u010dn\u00ed koncepty <strong>jasn\u011b, srozumiteln\u011b a&nbsp;p\u0159esv\u011bd\u010div\u011b<\/strong> \u2013 zejm\u00e9na p\u0159i&nbsp;komunikaci s&nbsp;<strong>nefinan\u010dn\u00edmi stakeholdery, investory a&nbsp;glob\u00e1ln\u00edmi t\u00fdmy<\/strong>.<\/p>\n<p>Kurz je <strong>prakticky zam\u011b\u0159en\u00fd<\/strong> a&nbsp;kombinuje v\u00fduku s&nbsp;modelovou prezentac\u00ed a&nbsp;individu\u00e1ln\u00ed zp\u011btnou vazbou.<\/p>\n<p><span style=\"font-size: 20px;\"><strong>Speci\u00e1ln\u00ed nab\u00eddka pro firemn\u00ed klienty<\/strong><\/span><br \/>\n<em>Pro na\u0161e firemn\u00ed z\u00e1kazn\u00edky nab\u00edz\u00edme zv\u00fdhodn\u011bn\u00e9 ceny p\u0159i\u00a0hromadn\u00e9m obsazen\u00ed workshopu:<\/em><\/p>\n<ul>\n<li>P\u0159i obsazen\u00ed workshopu 4 zam\u011bstnanci z\u00edsk\u00e1te\u00a0<span style=\"color: #ff0000;\"><strong>slevu 5\u00a0%<\/strong><\/span>.<\/li>\n<li>Pokud obsad\u00edte workshop 8 zam\u011bstnanci, nab\u00edz\u00edme\u00a0<span style=\"color: #ff0000;\"><strong>slevu 10\u00a0%<\/strong><\/span>!<\/li>\n<\/ul>\n<h3>Pro\u010d je workshop Enhanced Financial Communication Fluency d\u016fle\u017eit\u00fd?<\/h3>\n<h5 data-start=\"979\" data-end=\"1027\">\u2705 <strong>Finan\u010dn\u00ed komunikace rozhoduje o&nbsp;\u00fasp\u011bchu<\/strong><\/h5>\n<p data-start=\"1028\" data-end=\"1196\">Va\u0161e anal\u00fdzy a&nbsp;doporu\u010den\u00ed jsou hodnotn\u00e9 jen tehdy, pokud jim ostatn\u00ed skute\u010dn\u011b porozum\u00ed. \u0160patn\u00e1 komunikace m\u016f\u017ee v\u00e9st k&nbsp;chybn\u00fdm rozhodnut\u00edm a&nbsp;promarn\u011bn\u00fdm p\u0159\u00edle\u017eitostem.<\/p>\n<h5 data-start=\"1198\" data-end=\"1243\">\u2705 <strong>CFO je nejen strat\u00e9g, ale i&nbsp;vyprav\u011b\u010d<\/strong><\/h5>\n<p data-start=\"1244\" data-end=\"1413\">Dnes u\u017e nesta\u010d\u00ed m\u00edt data \u2013 mus\u00edte um\u011bt vypr\u00e1v\u011bt jejich p\u0159\u00edb\u011bh. Kl\u00ed\u010dem k&nbsp;\u00fasp\u011bchu je schopnost jasn\u011b vysv\u011btlit slo\u017eit\u00e1 \u010d\u00edsla a&nbsp;p\u0159esv\u011bd\u010dit board, investory i&nbsp;t\u00fdmy k&nbsp;akci.<\/p>\n<h5 data-start=\"1415\" data-end=\"1469\">\u2705 <strong>Mezin\u00e1rodn\u00ed prost\u0159ed\u00ed vy\u017eaduje precizn\u00ed jazyk<\/strong><\/h5>\n<p data-start=\"1470\" data-end=\"1644\">Finan\u010dn\u00ed komunikace v&nbsp;angli\u010dtin\u011b vy\u017eaduje p\u0159esnost a&nbsp;sebev\u011bdom\u00ed. Tento workshop v\u00e1m pom\u016f\u017ee eliminovat jazykov\u00e9 bari\u00e9ry a&nbsp;zajistit, \u017ee va\u0161e sd\u011blen\u00ed bude m\u00edt maxim\u00e1ln\u00ed dopad.<\/p>\n<h3>Co se v&nbsp;kurzu nau\u010d\u00edte?<\/h3>\n<p>\u2714 <strong>Srozumiteln\u011b komunikovat finan\u010dn\u00ed reporty a&nbsp;anal\u00fdzy<\/strong> \u2013 kl\u00ed\u010dov\u00e9 metriky, trendy a&nbsp;interpretace dat.<br \/>\n\u2714 <strong>Prezentovat rozpo\u010dty a&nbsp;investi\u010dn\u00ed strategie<\/strong> \u2013 efektivn\u00ed vyjedn\u00e1v\u00e1n\u00ed a&nbsp;\u0159\u00edzen\u00ed finan\u010dn\u00edch pl\u00e1n\u016f.<br \/>\n\u2714 <strong>\u0158\u00eddit rizika a&nbsp;stabilitu podniku<\/strong> \u2013 jazyk pro finan\u010dn\u00ed disclosure a&nbsp;krizovou komunikaci.<br \/>\n\u2714 <strong>Navigovat slo\u017eit\u00e9 finan\u010dn\u00ed situace<\/strong> \u2013 M&amp;A, da\u0148ov\u00e1 compliance a&nbsp;mezin\u00e1rodn\u00ed finan\u010dn\u00ed regulace.<br \/>\n\u2714 <strong>Budovat d\u016fv\u011bru u&nbsp;investor\u016f a&nbsp;stakeholder\u016f<\/strong> \u2013 transparentn\u00ed a&nbsp;p\u0159esv\u011bd\u010div\u00e1 komunikace.<\/p>\n<div class=\"columns columns-2\" data-columns=\"2\">\n<div class=\"column column-1\">\n<h3>Jak workshop vypad\u00e1?<\/h3>\n<p>\ud83d\udccc <strong>Interaktivn\u00ed v\u00fduku<\/strong> s&nbsp;re\u00e1ln\u00fdmi obchodn\u00edmi sc\u00e9n\u00e1\u0159i<br \/>\n\ud83d\udccc <strong>Simulace jedn\u00e1n\u00ed a&nbsp;vyjedn\u00e1v\u00e1n\u00ed<\/strong> ve finan\u010dn\u00edm prost\u0159ed\u00ed<br \/>\n\ud83d\udccc <strong>Precizn\u00ed jazykovou anal\u00fdzu<\/strong> \u2013 d\u016fraz na p\u0159esnost a&nbsp;spr\u00e1vnou formulaci<br \/>\n\ud83d\udccc <strong>Individu\u00e1ln\u00ed zp\u011btnou vazbu<\/strong> od zku\u0161en\u00fdch lektor\u016f<\/p>\n<p>\ud83d\udcda <strong>V\u00fduka:<\/strong> <strong>3 \u00d7 90 minut<\/strong> interaktivn\u00edch lekc\u00ed s&nbsp;praktick\u00fdmi cvi\u010den\u00edmi<br \/>\n\ud83c\udfa4 <strong>Modelov\u00e1 prezentace a&nbsp;konzultace:<\/strong> <strong>1 \u00d7 90 minut<\/strong> zp\u011btn\u00e9 vazby na va\u0161i prezentaci<\/p>\n<\/div>\n<div class=\"column column-2\">\n<h3>Detailn\u00ed informace workshopu:<\/h3>\n<p><strong>Den a&nbsp;\u010das:<\/strong> st\u0159eda 17:30 \u2013 19:00<br \/>\n<strong>Term\u00edn: <\/strong>21.&nbsp;01. \u2013 11.&nbsp;02.&nbsp;2026<br \/>\n<strong>Forma v\u00fduky:<\/strong> online nebo prezen\u010dn\u011b<br \/>\n<strong>Intenzita:\u00a0<\/strong>1 lekce t\u00fddn\u011b<br \/>\n<strong>Po\u010det lekc\u00ed:<\/strong> celkem 4 lekce (4 x 90 minut)<\/p>\n<p><strong>Po\u010det \u00fa\u010dastn\u00edk\u016f:<\/strong> Workshop je skupinov\u00fd. Skupina je tvo\u0159ena minim\u00e1ln\u011b 4 studenty.<\/p>\n<\/div>\n<\/div>\n<p><main class=\"wpa9-card-content\"><main class=\"wpa9-card-content\"><\/p>\n<h3>Pro\u010d si vybrat n\u00e1\u0161 workshop?<\/h3>\n<p>&nbsp;<\/p>\n<div class=\"columns columns-3\" data-columns=\"3\">\n<div class=\"column column-1\">\n<p><img alt=\"ico-terc-1\" decoding=\"async\" class=\"aligncenter wp-image-61385\" src=\"https:\/\/skrivanek.cz\/wp-content\/uploads\/2023\/08\/ico-terc-1.svg\" alt=\"\" width=\"60\" \/><\/p>\n<p style=\"text-align: center;\"><strong data-start=\"1693\" data-end=\"1751\">Praktick\u00e9 zam\u011b\u0159en\u00ed \u2013 okam\u017eit\u011b aplikovateln\u00e9 dovednosti<\/strong><br data-start=\"1751\" data-end=\"1754\" \/><br \/>\nZapome\u0148te na teoretick\u00e9 p\u0159edn\u00e1\u0161ky. Z\u00edsk\u00e1te konkr\u00e9tn\u00ed techniky a&nbsp;strategie, kter\u00e9 m\u016f\u017eete ihned pou\u017e\u00edt ve sv\u00e9 praxi.<\/p>\n<\/div>\n<div class=\"column column-2\" style=\"text-align: center;\">\n<p><img decoding=\"async\" class=\"aligncenter wp-image-61356\" src=\"https:\/\/skrivanek.cz\/wp-content\/uploads\/2023\/08\/ico-needle.svg\" alt=\"v\u00fduka u\u0161it\u00e1 na m\u00edru\" width=\"50\" \/><\/p>\n<p><strong data-start=\"1875\" data-end=\"1916\">\u0160it\u00e9 na m\u00edru CFOs \u2013 \u017e\u00e1dn\u00e9 obecn\u00e9 rady<\/strong><br data-start=\"1916\" data-end=\"1919\" \/><br \/>\nObsah workshopu je navr\u017een speci\u00e1ln\u011b pro pot\u0159eby finan\u010dn\u00edch \u0159editel\u016f \u2013 \u0159e\u0161\u00ed re\u00e1ln\u00e9 situace, kter\u00e9 za\u017e\u00edv\u00e1te ka\u017ed\u00fd den.<\/p>\n<\/div>\n<div class=\"column column-3\">\n<p><img alt=\"ico-zkusenosti\" decoding=\"async\" class=\"aligncenter wp-image-5289\" src=\"https:\/\/skrivanek.cz\/wp-content\/uploads\/2021\/03\/ico-zkusenosti.svg\" alt=\"\" width=\"50\" \/><\/p>\n<p style=\"text-align: center;\"><strong data-start=\"2043\" data-end=\"2091\">Zku\u0161en\u00fd lektor se znalost\u00ed byznysu a&nbsp;financ\u00ed<\/strong><br data-start=\"2091\" data-end=\"2094\" \/><br \/>\nKurz vede expert s&nbsp;hlubok\u00fdm porozum\u011bn\u00edm nejen jazyka, ale i&nbsp;finan\u010dn\u00edho \u0159\u00edzen\u00ed, co\u017e zaji\u0161\u0165uje maxim\u00e1ln\u00ed relevanci a&nbsp;efektivitu.<\/p>\n<\/div>\n<\/div>\n<h3>\u00a0<\/h3>\n<h3>Pro koho je workshop ur\u010den\u00fd?<\/h3>\n<ul>\n<li>CFOs a&nbsp;finan\u010dn\u00ed mana\u017ee\u0159i p\u016fsob\u00edc\u00ed na mezin\u00e1rodn\u00ed \u00farovni<\/li>\n<li>Investi\u010dn\u00ed specialist\u00e9 a&nbsp;analytici<\/li>\n<li>V\u0161ichni, kdo komunikuj\u00ed komplexn\u00ed finan\u010dn\u00ed t\u00e9mata v&nbsp;angli\u010dtin\u011b<\/li>\n<\/ul>\n<h3>Kdo workshop povede?<\/h3>\n<div class=\"columns columns-2\" data-columns=\"2\">\n<div class=\"column column-1\">\n<p><img alt=\"elizabeth-500x500-1\" loading=\"lazy\" decoding=\"async\" class=\"aligncenter wp-image-76369\" src=\"https:\/\/skrivanek.cz\/wp-content\/uploads\/2025\/03\/elizabeth-500x500-1.jpg\" alt=\"\" width=\"300\" height=\"300\" \/><\/p>\n<\/div>\n<div class=\"column column-2\">\n<h5><strong>Pichette Elizabeth Anne \u2013 lektorka<\/strong><\/h5>\n<p>I&#8217;m Liza, I&#8217;m a&nbsp;CELTA (Certificate in English Language Teaching to Adults) certified teacher with 10 years of experience. I&nbsp;have a&nbsp;communicative style that allows me to personalize lessons to keep them relevant for my students. I&nbsp;have extensive experience teaching Business English, and like to focus on work-related situations (presentations, emails, interviews) to provide maximum utility for my students.\u00a0You can ask me as many questions as you wish (especially about phrases or words you have seen outside of class). Asking questions is the best way to learn, and my communicative teaching style allows you to fully participate in the learning process. Even if you&#8217;ve struggled to be consistent in the past, we can come up with a&nbsp;plan that works best for your brain and your goals.<\/p>\n<\/div>\n<\/div>\n<p>&nbsp;<\/p>\n<p>Jsem Liza, m\u00e1m certifikaci CELTA (Certificate in English Language Teaching to Adults) a&nbsp;v\u00edce ne\u017e 10 let praxe v&nbsp;oboru. Pou\u017e\u00edv\u00e1m komunikativn\u00ed styl v\u00fduky, kter\u00fd mi umo\u017e\u0148uje p\u0159izp\u016fsobit lekce tak, aby byly pro studenty relevantn\u00ed. M\u00e1m bohat\u00e9 zku\u0161enosti s&nbsp;v\u00fdukou obchodn\u00ed angli\u010dtiny a&nbsp;r\u00e1da se zam\u011b\u0159uji na pracovn\u00ed situace (prezentace, e-maily, pohovory), abych student\u016fm poskytla co nejv\u011bt\u0161\u00ed praktick\u00fd u\u017eitek. M\u016f\u017eete se m\u011b pt\u00e1t na cokoli \u2013 zejm\u00e9na na fr\u00e1ze nebo slova, se kter\u00fdmi jste se setkali mimo v\u00fduku. Pokl\u00e1d\u00e1n\u00ed ot\u00e1zek je ten nejlep\u0161\u00ed zp\u016fsob, jak se u\u010dit, a&nbsp;m\u016fj komunikativn\u00ed styl v\u00fduky v\u00e1m umo\u017en\u00ed pln\u011b se zapojit do procesu u\u010den\u00ed. I&nbsp;kdy\u017e jste m\u011bli v&nbsp;minulosti pot\u00ed\u017ee s&nbsp;pravidelnost\u00ed, spole\u010dn\u011b vymysl\u00edme pl\u00e1n, kter\u00fd bude vyhovovat va\u0161emu my\u0161len\u00ed i&nbsp;va\u0161im c\u00edl\u016fm.<\/p>\n<h3 style=\"text-align: center;\">Workshop na m\u00edru pro v\u00e1\u0161 t\u00fdm<\/h3>\n<p style=\"text-align: center;\">M\u00e1te specifick\u00e9 pot\u0159eby nebo chcete p\u0159izp\u016fsobit obsah workshopu p\u0159\u00edmo va\u0161emu oboru a&nbsp;t\u00fdmu?<\/p>\n<p style=\"text-align: center;\"><strong>Nab\u00edz\u00edme mo\u017enost vytvo\u0159en\u00ed workshopu na m\u00edru!<\/strong><\/p>\n<p style=\"text-align: center;\">P\u0159izp\u016fsob\u00edme obsah va\u0161im c\u00edl\u016fm a&nbsp;pot\u0159eb\u00e1m.<\/p>\n<p style=\"text-align: center;\">Zam\u011b\u0159\u00edme se na konkr\u00e9tn\u00ed v\u00fdzvy, kter\u00fdm \u010del\u00edte.<\/p>\n<p style=\"text-align: center;\">Workshop p\u0159izp\u016fsob\u00edme va\u0161emu odv\u011btv\u00ed, produkt\u016fm a&nbsp;proces\u016fm.<\/p>\n<p style=\"text-align: center;\"><strong>Kontaktujte n\u00e1s<\/strong> a&nbsp;vytvo\u0159\u00edme spole\u010dn\u011b \u0161kolen\u00ed, kter\u00e9 va\u0161im zam\u011bstnanc\u016fm p\u0159inese maxim\u00e1ln\u00ed hodnotu.<\/p>\n<p style=\"text-align: center;\"><span style=\"font-size: 20px;\"><a class=\"btn btn-negative\" href=\"https:\/\/skrivanek.cz\/cz\/poptavka-workshop-na-miru\/\">Z\u00edskejte workshop na m\u00edru<\/a><\/span><\/p>\n<p><\/main><\/main><\/p>\n","protected":false},"excerpt":{"rendered":"<h3 data-start=\"84\" data-end=\"139\">Komunikujte finan\u010dn\u00ed strategii s&nbsp;jistotou \u2013 i&nbsp;v&nbsp;angli\u010dtin\u011b<\/h3>\n<p data-start=\"141\" data-end=\"304\">Posilte svou schopnost <strong data-start=\"982\" data-end=\"1097\">jasn\u011b a&nbsp;p\u0159esv\u011bd\u010div\u011b prezentovat finan\u010dn\u00ed v\u00fdsledky, argumentovat p\u0159ed veden\u00edm spole\u010dnosti a&nbsp;efektivn\u011b vyjedn\u00e1vat s&nbsp;investory<\/strong>. Tento workshop v\u00e1m pom\u016f\u017ee odstranit jazykov\u00e9 bari\u00e9ry a&nbsp;zajistit, \u017ee va\u0161e finan\u010dn\u00ed komunikace bude srozumiteln\u00e1, p\u0159esn\u00e1 a&nbsp;strategicky siln\u00e1.<\/p>\n","protected":false},"featured_media":74609,"template":"","meta":{"_acf_changed":false},"product_brand":[],"product_cat":[64],"product_tag":[],"class_list":{"0":"post-74605","1":"product","2":"type-product","3":"status-publish","4":"has-post-thumbnail","6":"product_cat-workshop","8":"first","9":"instock","10":"downloadable","11":"virtual","12":"purchasable","13":"product-type-simple"},"acf":[],"aioseo_notices":[],"_links":{"self":[{"href":"https:\/\/skrivanek.cz\/cz\/wp-json\/wp\/v2\/product\/74605","targetHints":{"allow":["GET"]}}],"collection":[{"href":"https:\/\/skrivanek.cz\/cz\/wp-json\/wp\/v2\/product"}],"about":[{"href":"https:\/\/skrivanek.cz\/cz\/wp-json\/wp\/v2\/types\/product"}],"wp:featuredmedia":[{"embeddable":true,"href":"https:\/\/skrivanek.cz\/cz\/wp-json\/wp\/v2\/media\/74609"}],"wp:attachment":[{"href":"https:\/\/skrivanek.cz\/cz\/wp-json\/wp\/v2\/media?parent=74605"}],"wp:term":[{"taxonomy":"product_brand","embeddable":true,"href":"https:\/\/skrivanek.cz\/cz\/wp-json\/wp\/v2\/product_brand?post=74605"},{"taxonomy":"product_cat","embeddable":true,"href":"https:\/\/skrivanek.cz\/cz\/wp-json\/wp\/v2\/product_cat?post=74605"},{"taxonomy":"product_tag","embeddable":true,"href":"https:\/\/skrivanek.cz\/cz\/wp-json\/wp\/v2\/product_tag?post=74605"}],"curies":[{"name":"wp","href":"https:\/\/api.w.org\/{rel}","templated":true}]}}