{"id":78086,"date":"2024-06-26T01:07:43","date_gmt":"2024-06-25T23:07:43","guid":{"rendered":"https:\/\/skrivanek.cz\/?post_type=product&#038;p=78086"},"modified":"2026-01-12T09:21:33","modified_gmt":"2026-01-12T08:21:33","slug":"cambridge-a2-ready-for-key-pripravny-kurz-na-mezinarodni-certifikatu-z-anglictiny-pro-vase-deti","status":"publish","type":"product","link":"https:\/\/skrivanek.cz\/cz\/produkt\/cambridge-a2-ready-for-key-pripravny-kurz-na-mezinarodni-certifikatu-z-anglictiny-pro-vase-deti\/","title":{"rendered":"Cambridge A2: Ready for KEY! \u2013 P\u0159\u00edpravn\u00fd kurz na mezin\u00e1rodn\u00ed certifik\u00e1t z&nbsp;angli\u010dtiny pro va\u0161e d\u011bti"},"content":{"rendered":"<p data-start=\"937\" data-end=\"1303\"><span style=\"font-size: 20px;\">Tento p\u0159\u00edpravn\u00fd kurz je ide\u00e1ln\u00ed volbou pro mlad\u0161\u00ed studenty, kte\u0159\u00ed cht\u011bj\u00ed z\u00edskat jistotu v&nbsp;z\u00e1kladech angli\u010dtiny a&nbsp;p\u0159ipravit se na svou prvn\u00ed mezin\u00e1rodn\u00ed zkou\u0161ku. V&nbsp;p\u0159\u00e1telsk\u00e9m prost\u0159ed\u00ed si \u017e\u00e1ci osvoj\u00ed slovn\u00ed z\u00e1sobu a&nbsp;gramatiku na <a href=\"https:\/\/skrivanek.cz\/cz\/jazykova-skola\/aj-mirne-pokrocily\/\">\u00farovni A2<\/a>, nau\u010d\u00ed se mluvit o&nbsp;sob\u011b, vypr\u00e1v\u011bt o&nbsp;sv\u00fdch z\u00e1jmech a&nbsp;rodin\u011b, ps\u00e1t jednoduch\u00e9 texty a&nbsp;porozum\u011bt b\u011b\u017en\u00e9 komunikaci v&nbsp;ka\u017edodenn\u00edch situac\u00edch.<\/span><\/p>\n<p data-start=\"1305\" data-end=\"1452\"><span style=\"font-size: 20px;\">Kurz z\u00e1rove\u0148 rozv\u00edj\u00ed dovednosti pot\u0159ebn\u00e9 nejen k&nbsp;\u00fasp\u011b\u0161n\u00e9mu slo\u017een\u00ed Cambridge A2 Key, ale i&nbsp;k&nbsp;v\u011bt\u0161\u00ed jistot\u011b v&nbsp;b\u011b\u017en\u00e9 \u0161koln\u00ed angli\u010dtin\u011b.<\/span><\/p>\n<h3 data-start=\"1459\" data-end=\"1487\">Pro koho je kurz ur\u010den<\/h3>\n<ul data-start=\"1488\" data-end=\"1810\">\n<li data-start=\"1488\" data-end=\"1608\">\n<p data-start=\"1490\" data-end=\"1608\">Pro mlad\u0161\u00ed \u017e\u00e1ky z\u00e1kladn\u00edch \u0161kol, kte\u0159\u00ed maj\u00ed za sebou z\u00e1klady angli\u010dtiny a&nbsp;cht\u011bj\u00ed postoupit na vy\u0161\u0161\u00ed \u00farove\u0148.<\/p>\n<\/li>\n<li data-start=\"1609\" data-end=\"1692\">\n<p data-start=\"1611\" data-end=\"1692\">Pro studenty, kte\u0159\u00ed pl\u00e1nuj\u00ed skl\u00e1dat zkou\u0161ku <a href=\"https:\/\/www.cambridgeenglish.org\/exams-and-tests\/key\/\">Cambridge A2 (KEY)<\/a>.<\/p>\n<\/li>\n<li data-start=\"1693\" data-end=\"1810\">\n<p data-start=\"1695\" data-end=\"1810\">Pro v\u0161echny, kte\u0159\u00ed cht\u011bj\u00ed z\u00edskat mezin\u00e1rodn\u011b uzn\u00e1van\u00fd certifik\u00e1t a&nbsp;v\u00fdhodu p\u0159i&nbsp;p\u0159ij\u00edmac\u00edm \u0159\u00edzen\u00ed na \u0161kolu.<\/p>\n<\/li>\n<\/ul>\n<p><span style=\"color: #ff0000;\">\u2b50 <span style=\"color: #000000; font-size: 20px;\">Zajist\u011bte sv\u00fdm d\u011btem<strong data-start=\"524\" data-end=\"580\"> v\u00fdhodu p\u0159i&nbsp;p\u0159ij\u00edmac\u00edm \u0159\u00edzen\u00ed na \u0161koly<\/strong> \u2013 certifik\u00e1t Cambridge je toti\u017e \u010dasto ofici\u00e1ln\u011b uzn\u00e1v\u00e1n a&nbsp;m\u016f\u017ee d\u00edt\u011bti p\u0159in\u00e9st extra body nebo zv\u00fd\u0161it \u0161anci na p\u0159ijet\u00ed!<\/span><\/span><\/p>\n<h3 data-start=\"313\" data-end=\"346\">Jak kurz pom\u016f\u017ee va\u0161im d\u011btem<\/h3>\n<p data-start=\"347\" data-end=\"494\">Va\u0161e d\u011bti v&nbsp;kurzu nez\u00edskaj\u00ed jen znalosti \u2013 z\u00edskaj\u00ed p\u0159edev\u0161\u00edm <strong data-start=\"408\" data-end=\"432\">jistotu a&nbsp;sebev\u011bdom\u00ed<\/strong>, kter\u00e9 se prom\u00edtnou do jejich ka\u017edodenn\u00edho \u017eivota i&nbsp;studia.<\/p>\n<ul data-start=\"496\" data-end=\"1189\">\n<li data-start=\"496\" data-end=\"613\">\n<p data-start=\"498\" data-end=\"613\">\ud83d\ude80 <strong data-start=\"501\" data-end=\"532\">Siln\u011bj\u0161\u00ed z\u00e1klady angli\u010dtiny<\/strong> \u2013 d\u011bti se p\u0159estanou b\u00e1t pou\u017e\u00edvat jazyk a&nbsp;za\u010dnou se v&nbsp;n\u011bm p\u0159irozen\u011b vyjad\u0159ovat.<\/p>\n<\/li>\n<li data-start=\"614\" data-end=\"713\">\n<p data-start=\"616\" data-end=\"713\">\ud83d\udde3\ufe0f <strong data-start=\"620\" data-end=\"642\">Odvahu komunikovat<\/strong> \u2013 d\u00edky interaktivn\u00edm aktivit\u00e1m se rozmluv\u00ed i&nbsp;ti nejv\u011bt\u0161\u00ed introverti.<\/p>\n<\/li>\n<li data-start=\"714\" data-end=\"827\">\n<p data-start=\"716\" data-end=\"827\">\u270d\ufe0f <strong data-start=\"719\" data-end=\"743\">Praktick\u00e9 dovednosti<\/strong> \u2013 zvl\u00e1dnou napsat kr\u00e1tk\u00fd e-mail, popsat obr\u00e1zek nebo porozum\u011bt b\u011b\u017en\u00fdm rozhovor\u016fm.<\/p>\n<\/li>\n<li data-start=\"828\" data-end=\"927\">\n<p data-start=\"830\" data-end=\"927\">\ud83c\udfaf <strong data-start=\"833\" data-end=\"867\">P\u0159\u00edpravu na zkou\u0161ku bez stresu<\/strong> \u2013 nau\u010d\u00ed se strategie a&nbsp;tipy, jak test zvl\u00e1dnout s&nbsp;klidem.<\/p>\n<\/li>\n<li data-start=\"928\" data-end=\"1061\">\n<p data-start=\"930\" data-end=\"1061\">\ud83d\udcc5 <strong data-start=\"933\" data-end=\"966\">Rychl\u00e9 pokroky d\u00edky intenzit\u011b<\/strong> \u2013 lekce prob\u00edhaj\u00ed 2\u00d7 t\u00fddn\u011b, tak\u017ee d\u011bti si l\u00e1tku pravideln\u011b upev\u0148uj\u00ed a&nbsp;d\u011blaj\u00ed rychl\u00e9 pokroky.<\/p>\n<\/li>\n<li data-start=\"1062\" data-end=\"1189\">\n<p data-start=\"1064\" data-end=\"1189\">\ud83c\udf1f <strong data-start=\"1067\" data-end=\"1100\">Hmatateln\u00fd n\u00e1skok do budoucna<\/strong> \u2013 certifik\u00e1t Cambridge je uzn\u00e1van\u00fd d\u016fkaz jejich schopnost\u00ed a&nbsp;v\u00fdhodou p\u0159i&nbsp;p\u0159ij\u00edma\u010dk\u00e1ch.<\/p>\n<\/li>\n<\/ul>\n<h3 data-start=\"1196\" data-end=\"1234\">Pro\u010d zvolit p\u0159\u00edpravu u&nbsp;Sk\u0159iv\u00e1nka<\/h3>\n<p data-start=\"1235\" data-end=\"1375\">Kdy\u017e sv\u011b\u0159\u00edte p\u0159\u00edpravu sv\u00fdch d\u011bt\u00ed n\u00e1m, nejde jen o&nbsp;\u201edal\u0161\u00ed kurz angli\u010dtiny\u201c. Nab\u00edz\u00edme prost\u0159ed\u00ed, kde se d\u011bti <strong data-start=\"1342\" data-end=\"1372\">u\u010d\u00ed, rostou a&nbsp;bav\u00ed z\u00e1rove\u0148<\/strong>.<\/p>\n<ul data-start=\"1377\" data-end=\"2160\">\n<li data-start=\"1377\" data-end=\"1505\">\n<p data-start=\"1379\" data-end=\"1505\">\ud83d\udc69\u200d\ud83c\udfeb <strong data-start=\"1385\" data-end=\"1416\">Lektory, kte\u0159\u00ed rozum\u00ed d\u011btem<\/strong> \u2013 maj\u00ed zku\u0161enosti s&nbsp;p\u0159\u00edpravou na Cambridge zkou\u0161ky i&nbsp;s&nbsp;t\u00edm, jak motivovat mlad\u0161\u00ed \u017e\u00e1ky.<\/p>\n<\/li>\n<li data-start=\"1506\" data-end=\"1637\">\n<p data-start=\"1508\" data-end=\"1637\">\ud83e\udde9 <strong data-start=\"1511\" data-end=\"1536\">Metody, kter\u00e9 funguj\u00ed<\/strong> \u2013 kombinujeme u\u010debnice, hry, simulace test\u016f a&nbsp;modern\u00ed n\u00e1stroje, aby v\u00fduka byla pestr\u00e1 a&nbsp;efektivn\u00ed.<\/p>\n<\/li>\n<li data-start=\"1638\" data-end=\"1749\">\n<p data-start=\"1640\" data-end=\"1749\">\ud83d\udc65 <strong data-start=\"1643\" data-end=\"1659\">Mal\u00e9 skupiny<\/strong> \u2013 maxim\u00e1ln\u011b 4-6 student\u016f v&nbsp;kurzu, aby m\u011bl lektor prostor v\u011bnovat se ka\u017ed\u00e9mu.<\/p>\n<\/li>\n<li data-start=\"1750\" data-end=\"1872\">\n<p data-start=\"1752\" data-end=\"1872\">\ud83c\udfc6 <strong data-start=\"1755\" data-end=\"1792\">Dostupn\u00e1 investice do budoucnosti<\/strong> \u2013 jedna 90minutov\u00e1 lekce stoj\u00ed <strong>pouze 390&nbsp;K\u010d<\/strong>, cel\u00fd kurz 24 lekc\u00ed pak 9&nbsp;360&nbsp;K\u010d.<\/p>\n<\/li>\n<li data-start=\"1873\" data-end=\"2022\">\n<p data-start=\"1875\" data-end=\"2022\">\ud83c\udf0d <strong data-start=\"1878\" data-end=\"1905\">Mezin\u00e1rodn\u00ed perspektiva<\/strong> \u2013 d\u00edky certifik\u00e1tu se d\u011bti stanou sou\u010d\u00e1st\u00ed glob\u00e1ln\u00ed komunity a&nbsp;z\u00edskaj\u00ed dovednost, kter\u00e1 jim otev\u0159e dve\u0159e do sv\u011bta.<\/p>\n<\/li>\n<li data-start=\"2023\" data-end=\"2160\">\n<p data-start=\"2025\" data-end=\"2160\">\ud83c\udfc5 <strong data-start=\"2028\" data-end=\"2048\">Tradice a&nbsp;d\u016fv\u011bra<\/strong> \u2013 Sk\u0159iv\u00e1nek m\u00e1 v\u00edce ne\u017e 30 let zku\u0161enost\u00ed v&nbsp;jazykov\u00e9m vzd\u011bl\u00e1v\u00e1n\u00ed.<\/p>\n<\/li>\n<\/ul>\n<p>&nbsp;<\/p>\n<p>\ud83d\udca1 <strong data-start=\"805\" data-end=\"937\">Investujte do budoucnosti sv\u00e9ho d\u00edt\u011bte. Kurz Cambridge A2: Ready for KEY! mu zajist\u00ed znalosti, certifik\u00e1t i&nbsp;v\u00fdhodu u&nbsp;p\u0159ij\u00edma\u010dek.<\/strong><\/p>\n<p>&nbsp;<\/p>\n<p data-start=\"325\" data-end=\"619\">\ud83d\udc49 <strong data-start=\"328\" data-end=\"347\">Tip pro rodi\u010de:<\/strong> Pokud u\u017e m\u00e1 va\u0161e d\u00edt\u011b v&nbsp;angli\u010dtin\u011b v\u011bt\u0161\u00ed jistotu a&nbsp;A2 by pro n\u011bj bylo p\u0159\u00edli\u0161 jednoduch\u00e9, pod\u00edvejte se na n\u00e1\u0161 kurz <a class=\"decorated-link\" href=\"https:\/\/skrivanek.cz\/cz\/produkt\/cambridge-b1-go-for-pet-pripravny-kurz-na-mezinarodni-certifikatu-z-anglictiny-pro-vase-deti\/?utm_source=chatgpt.com\" target=\"_new\" rel=\"noopener\" data-start=\"462\" data-end=\"616\">Cambridge B1: Go for PET!<\/a>.<\/p>\n<p data-start=\"621\" data-end=\"769\">\u2753 Nejste si jist\u00ed, jakou \u00farove\u0148 angli\u010dtiny m\u00e1 va\u0161e d\u00edt\u011b? Vyu\u017eijte na\u0161e <strong data-start=\"692\" data-end=\"713\">roz\u0159azovac\u00ed testy<\/strong>, kter\u00e9 v\u00e1m pomohou ur\u010dit, kter\u00fd kurz je nejvhodn\u011bj\u0161\u00ed.<\/p>\n<p data-start=\"621\" data-end=\"769\">\u00a0<\/p>\n<p data-start=\"621\" data-end=\"769\">Pokud preferujete <strong data-start=\"415\" data-end=\"434\">platbu p\u0159evodem<\/strong>, chcete <strong data-start=\"443\" data-end=\"466\">zaplatit na pobo\u010dce<\/strong> nebo m\u00e1te jak\u00fdkoli <strong data-start=\"486\" data-end=\"495\">dotaz<\/strong>, nev\u00e1hejte n\u00e1s kontaktovat na e\u2011mailu <strong data-start=\"534\" data-end=\"556\"><a class=\"cursor-pointer\" href=\"javascript:secureDecryptAndNavigate('\/mPGp5ea2HvlthLd+cv68ZYjWGUs+q0RiHWLRq5Xjl2u5n9y5IMIIVAgcq53atTcpStXJU4FQk6hFptTRMpyCfIUetX4+SJymA==', '9c1e8f5271bf4f233390c22bdf43601f044e80460c2e9cc63c40d8bc66437679')\" data-start=\"536\" data-end=\"554\">&#115;&#107;&#111;la&#64;skri&#118;&#97;&#110;&#101;k&#46;&#99;&#122;<\/a><\/strong> nebo na telefonn\u00edm \u010d\u00edsle <a href=\"tel:+420 777 809 805\">+420&nbsp;777&nbsp;809\u00a0805<\/a>.<\/p>\n","protected":false},"excerpt":{"rendered":"<ul>\n<li><strong>Den a&nbsp;\u010das: <\/strong>pond\u011bl\u00ed a&nbsp;st\u0159eda, 17:00\u201318:30\u00a0<\/li>\n<li data-start=\"278\" data-end=\"333\"><strong>Term\u00edn: <\/strong>30.&nbsp;3. \u2013 22.&nbsp;6.&nbsp;2026<\/li>\n<li data-start=\"278\" data-end=\"333\"><strong data-start=\"278\" data-end=\"289\">\u00darove\u0148:<\/strong> A2 (m\u00edrn\u011b pokro\u010dil\u00ed \u017e\u00e1ci)<\/li>\n<li><strong data-start=\"595\" data-end=\"610\">Vhodn\u00e9 pro: <\/strong>mlad\u0161\u00ed \u017e\u00e1ky z\u00e1kladn\u00edch \u0161kol<\/li>\n<li data-start=\"336\" data-end=\"397\"><strong data-start=\"336\" data-end=\"352\">Forma v\u00fduky:<\/strong> online<\/li>\n<li><strong>Po\u010det student\u016f:<\/strong> 4 \u2013 6 student\u016f<\/li>\n<li data-start=\"400\" data-end=\"425\"><strong data-start=\"400\" data-end=\"414\">Frekvence:<\/strong> 2\u00d7 t\u00fddn\u011b<\/li>\n<li data-start=\"428\" data-end=\"471\"><strong data-start=\"428\" data-end=\"445\">Rozsah kurzu:<\/strong> 24 lekc\u00ed po&nbsp;90 minut\u00e1ch<\/li>\n<li data-start=\"515\" data-end=\"556\"><strong data-start=\"515\" data-end=\"536\">Cena za 1 lekci:<\/strong> 390&nbsp;K\u010d \/ 90 minut<\/li>\n<li data-start=\"559\" data-end=\"626\"><strong data-start=\"559\" data-end=\"573\">C\u00edl kurzu:<\/strong> \u00fasp\u011b\u0161n\u00e9 slo\u017een\u00ed Cambridge A2 Key for Schools (KET)<\/li>\n<li><strong>Bonus: <span style=\"color: #ff0000;\">Certifik\u00e1t m\u016f\u017ee pomoci p\u0159i&nbsp;p\u0159ij\u00edmac\u00edch zkou\u0161k\u00e1ch na v\u00edcelet\u00e1 gymn\u00e1zia.<\/span><\/strong><\/li>\n<\/ul>\n","protected":false},"featured_media":78089,"template":"","meta":{"_acf_changed":false},"product_brand":[],"product_cat":[58],"product_tag":[],"class_list":{"0":"post-78086","1":"product","2":"type-product","3":"status-publish","4":"has-post-thumbnail","6":"product_cat-kurzy","8":"first","9":"instock","10":"downloadable","11":"virtual","12":"purchasable","13":"product-type-simple"},"acf":[],"aioseo_notices":[],"_links":{"self":[{"href":"https:\/\/skrivanek.cz\/cz\/wp-json\/wp\/v2\/product\/78086","targetHints":{"allow":["GET"]}}],"collection":[{"href":"https:\/\/skrivanek.cz\/cz\/wp-json\/wp\/v2\/product"}],"about":[{"href":"https:\/\/skrivanek.cz\/cz\/wp-json\/wp\/v2\/types\/product"}],"wp:featuredmedia":[{"embeddable":true,"href":"https:\/\/skrivanek.cz\/cz\/wp-json\/wp\/v2\/media\/78089"}],"wp:attachment":[{"href":"https:\/\/skrivanek.cz\/cz\/wp-json\/wp\/v2\/media?parent=78086"}],"wp:term":[{"taxonomy":"product_brand","embeddable":true,"href":"https:\/\/skrivanek.cz\/cz\/wp-json\/wp\/v2\/product_brand?post=78086"},{"taxonomy":"product_cat","embeddable":true,"href":"https:\/\/skrivanek.cz\/cz\/wp-json\/wp\/v2\/product_cat?post=78086"},{"taxonomy":"product_tag","embeddable":true,"href":"https:\/\/skrivanek.cz\/cz\/wp-json\/wp\/v2\/product_tag?post=78086"}],"curies":[{"name":"wp","href":"https:\/\/api.w.org\/{rel}","templated":true}]}}