{"id":78253,"date":"2024-06-26T01:05:58","date_gmt":"2024-06-25T23:05:58","guid":{"rendered":"https:\/\/skrivanek.cz\/?post_type=product&#038;p=78253"},"modified":"2025-10-21T16:16:52","modified_gmt":"2025-10-21T14:16:52","slug":"maturita-z-anglictiny-s-klidem-novy-termin","status":"publish","type":"product","link":"https:\/\/skrivanek.cz\/cz\/produkt\/maturita-z-anglictiny-s-klidem-novy-termin\/","title":{"rendered":"Maturita z&nbsp;angli\u010dtiny s&nbsp;klidem \u2013 nov\u00fd term\u00edn"},"content":{"rendered":"<h3>D\u016fkladn\u00e1 p\u0159\u00edprava na maturitu z&nbsp;angli\u010dtiny \u2013 p\u0159ipravte se na v\u0161echny \u010d\u00e1sti zkou\u0161ky efektivn\u011b!<\/h3>\n<p>Tento kurz je navr\u017een pro studenty, kte\u0159\u00ed se cht\u011bj\u00ed zam\u011b\u0159it na konkr\u00e9tn\u00ed dovednosti nezbytn\u00e9 pro \u00fasp\u011b\u0161n\u00e9 slo\u017een\u00ed maturitn\u00ed zkou\u0161ky z&nbsp;angli\u010dtiny. Pokud m\u00e1te obavy z&nbsp;didaktick\u00e9ho testu, poslech\u016f, \u00fastn\u00ed zkou\u0161ky nebo si nejste jisti svou gramatikou, je tento kurz pr\u00e1v\u011b pro v\u00e1s.<\/p>\n<h3>Co v\u00e1m kurz p\u0159inese?<\/h3>\n<ul>\n<li>\n<p><strong>C\u00edlen\u00e1 p\u0159\u00edprava na didaktick\u00fd test:<\/strong> Zam\u011b\u0159\u00edme se na kl\u00ed\u010dov\u00e9 oblasti, kde studenti \u010dasto chybuj\u00ed \u2013 gramatika, \u010dasy, slovosled nebo \u010dten\u00ed s&nbsp;porozum\u011bn\u00edm. Spole\u010dn\u011b s&nbsp;lektorem si ujasn\u00edte v\u0161echna pravidla a&nbsp;procvi\u010d\u00edte r\u016fzn\u00e9 typy \u00faloh, kter\u00e9 v\u00e1s mohou na testu potkat.<\/p>\n<\/li>\n<li>\n<p><strong>Poslechov\u00e9 dovednosti:<\/strong> \u010cast\u00fdm probl\u00e9mem u&nbsp;maturitn\u00edch poslech\u016f je rychlost a&nbsp;srozumitelnost. V&nbsp;kurzu budeme pracovat na technik\u00e1ch, jak l\u00e9pe rozum\u011bt mluven\u00e9 angli\u010dtin\u011b, aby v\u00e1s poslechy nezasko\u010dily.<\/p>\n<\/li>\n<li>\n<p><strong>Zac\u00edlen\u00ed na \u00fastn\u00ed \u010d\u00e1st zkou\u0161ky:<\/strong> Nejen\u017ee se zam\u011b\u0159\u00edme na roz\u0161\u00ed\u0159en\u00ed slovn\u00ed z\u00e1soby, ale nau\u010d\u00edme v\u00e1s, jak se efektivn\u011b p\u0159ipravit na \u00fastn\u00ed zkou\u0161ku. Budete si jist\u011bj\u0161\u00ed ve vyjad\u0159ov\u00e1n\u00ed a&nbsp;um\u011bt spr\u00e1vn\u011b formulovat odpov\u011bdi, kter\u00e9 maturitn\u00ed komise ocen\u00ed.<\/p>\n<\/li>\n<li>\n<p><strong>Individu\u00e1ln\u00ed p\u0159\u00edstup:<\/strong> Ka\u017ed\u00fd student m\u00e1 jin\u00e9 slab\u00e9 str\u00e1nky. N\u00e1\u0161 lektor s&nbsp;v\u00e1mi projde, co konkr\u00e9tn\u011b v\u00e1m d\u011bl\u00e1 probl\u00e9my, a&nbsp;pom\u016f\u017ee v\u00e1m zacelit v\u0161echny mezery. Ka\u017ed\u00e1 hodina bude p\u0159izp\u016fsobena va\u0161im pot\u0159eb\u00e1m.<\/p>\n<\/li>\n<\/ul>\n<h3>Pro\u010d zvolit n\u00e1\u0161 kurz?<\/h3>\n<ul>\n<li><strong>Praktick\u00e1 p\u0159\u00edprava na testy:<\/strong> Spole\u010dn\u011b budeme pracovat na modelov\u00fdch maturitn\u00edch testech, abyste p\u0159esn\u011b v\u011bd\u011bli, co m\u016f\u017eete o\u010dek\u00e1vat a&nbsp;jak\u00fdm chyb\u00e1m se vyhnout.<\/li>\n<li><strong>Flexibiln\u00ed obsah:<\/strong> Zam\u011b\u0159\u00edme se na to, co skute\u010dn\u011b pot\u0159ebujete \u2013 a\u0165 u\u017e jde o&nbsp;gramatiku, poslechy nebo slovn\u00ed z\u00e1sobu pro \u00fastn\u00ed \u010d\u00e1st zkou\u0161ky.<\/li>\n<li><strong>Zku\u0161en\u00fd lektor:<\/strong> Na\u0161i lekto\u0159i maj\u00ed zku\u0161enosti s&nbsp;p\u0159\u00edpravou student\u016f na maturitn\u00ed zkou\u0161ky, v\u011bd\u00ed, na co se soust\u0159edit, a&nbsp;um\u00ed vysv\u011btlit i&nbsp;slo\u017eit\u00e9 gramatick\u00e9 jevy jasn\u011b a&nbsp;srozumiteln\u011b.<\/li>\n<\/ul>\n<p>S n\u00e1mi budete p\u0159ipraveni na v\u0161echny \u010d\u00e1sti maturitn\u00ed zkou\u0161ky a&nbsp;dok\u00e1\u017eete usp\u011bt i&nbsp;tam, kde jste si d\u0159\u00edve nebyli jist\u00ed. P\u0159ihlaste se do kurzu a&nbsp;zvl\u00e1dn\u011bte maturitu z&nbsp;angli\u010dtiny s&nbsp;klidem!<\/p>\n<p>Maturita nen\u00ed jen dal\u0161\u00ed test \u2013 je to zkou\u0161ka, kter\u00e1 ur\u010d\u00ed, jak\u00fdm sm\u011brem se vyd\u00e1te d\u00e1l. \u26a0\ufe0f <strong>Nepodce\u0148ujte p\u0159\u00edpravu<\/strong>. D\u00edky na\u0161emu kurzu z\u00edsk\u00e1te n\u00e1skok, kter\u00fd v\u00e1m umo\u017en\u00ed zvl\u00e1dnout zkou\u0161ku s&nbsp;jistotou a&nbsp;bez zbyte\u010dn\u00e9ho stresu.<\/p>\n","protected":false},"excerpt":{"rendered":"<p><span style=\"font-size: 20px;\"><strong>O <a href=\"https:\/\/skrivanek.cz\/cz\/produkt\/maturita-z-anglictiny-s-klidem\/\">kurz od 2.&nbsp;10.<\/a> je obrovsk\u00fd z\u00e1jem \u2013 zb\u00fdv\u00e1 posledn\u00ed <a href=\"https:\/\/skrivanek.cz\/cz\/produkt\/maturita-z-anglictiny-s-klidem\/\">voln\u00e9 m\u00edsto<\/a>! \u2728 Proto otev\u00edr\u00e1me nov\u00fd term\u00edn od 29.&nbsp;10. \ud83d\udcc5<\/strong><\/span><\/p>\n<p><strong>Den a&nbsp;\u010das:<\/strong> st\u0159eda 17:00 \u2013 18:30<br \/>\n<strong>Term\u00edn:<\/strong> 29.&nbsp;10.&nbsp;2025 \u2013 28.&nbsp;1.&nbsp;2026<br \/>\n<strong>Forma v\u00fduky:<\/strong>\u00a0online<br \/>\n<strong>Intenzita:\u00a0<\/strong>1 lekce t\u00fddn\u011b<br \/>\n<strong>Po\u010det lekc\u00ed:<\/strong> celkem 12 lekc\u00ed (12 x 90 minut)<br \/>\n<strong>Po\u010det \u00fa\u010dastn\u00edk\u016f:<\/strong> 4<\/p>\n<p>Pokud preferujete <strong data-start=\"415\" data-end=\"434\">platbu p\u0159evodem<\/strong>, chcete <strong data-start=\"443\" data-end=\"466\">zaplatit na pobo\u010dce<\/strong> nebo m\u00e1te jak\u00fdkoli <strong data-start=\"486\" data-end=\"495\">dotaz<\/strong>, nev\u00e1hejte n\u00e1s kontaktovat na e\u2011mailu <strong data-start=\"534\" data-end=\"556\"><a class=\"cursor-pointer\" href=\"javascript:secureDecryptAndNavigate('ImJqLQ8pYln3QoruTPK0vMjRK5yHciAXCkYnr9PKdS0iX5D95+37nFL0XQFg69T6sVkQ2ocgiPl6z1nVd7Dr8LgbEBE3elWkNg==', '9c1e8f5271bf4f233390c22bdf43601f044e80460c2e9cc63c40d8bc66437679')\" data-start=\"536\" data-end=\"554\">&#115;k&#111;la&#64;&#115;&#107;&#114;i&#118;a&#110;ek.&#99;z<\/a><\/strong> nebo na telefonn\u00edm \u010d\u00edsle <a href=\"tel:+420 777 809 805\">+420&nbsp;777&nbsp;809\u00a0805<\/a>.<\/p>\n","protected":false},"featured_media":72429,"template":"","meta":{"_acf_changed":false},"product_brand":[],"product_cat":[58],"product_tag":[],"class_list":{"0":"post-78253","1":"product","2":"type-product","3":"status-publish","4":"has-post-thumbnail","6":"product_cat-kurzy","8":"first","9":"outofstock","10":"downloadable","11":"virtual","12":"purchasable","13":"product-type-simple"},"acf":[],"aioseo_notices":[],"_links":{"self":[{"href":"https:\/\/skrivanek.cz\/cz\/wp-json\/wp\/v2\/product\/78253","targetHints":{"allow":["GET"]}}],"collection":[{"href":"https:\/\/skrivanek.cz\/cz\/wp-json\/wp\/v2\/product"}],"about":[{"href":"https:\/\/skrivanek.cz\/cz\/wp-json\/wp\/v2\/types\/product"}],"wp:featuredmedia":[{"embeddable":true,"href":"https:\/\/skrivanek.cz\/cz\/wp-json\/wp\/v2\/media\/72429"}],"wp:attachment":[{"href":"https:\/\/skrivanek.cz\/cz\/wp-json\/wp\/v2\/media?parent=78253"}],"wp:term":[{"taxonomy":"product_brand","embeddable":true,"href":"https:\/\/skrivanek.cz\/cz\/wp-json\/wp\/v2\/product_brand?post=78253"},{"taxonomy":"product_cat","embeddable":true,"href":"https:\/\/skrivanek.cz\/cz\/wp-json\/wp\/v2\/product_cat?post=78253"},{"taxonomy":"product_tag","embeddable":true,"href":"https:\/\/skrivanek.cz\/cz\/wp-json\/wp\/v2\/product_tag?post=78253"}],"curies":[{"name":"wp","href":"https:\/\/api.w.org\/{rel}","templated":true}]}}