{"id":78341,"date":"2025-09-25T18:19:39","date_gmt":"2025-09-25T16:19:39","guid":{"rendered":"https:\/\/skrivanek.cz\/?post_type=product&#038;p=78341"},"modified":"2025-10-02T17:36:43","modified_gmt":"2025-10-02T15:36:43","slug":"webinar-bezpecnost-na-internetu","status":"publish","type":"product","link":"https:\/\/skrivanek.cz\/cz\/produkt\/webinar-bezpecnost-na-internetu\/","title":{"rendered":"Webin\u00e1\u0159: Bezpe\u010dnost na internetu"},"content":{"rendered":"<h3>O \u010dem webin\u00e1\u0159 bude?<\/h3>\n<p data-start=\"1144\" data-end=\"1473\">\ud83d\udccc Jak rozpoznat podvodn\u00e9 e-maily a&nbsp;odkazy a&nbsp;nenechat se nachytat.<br data-start=\"1210\" data-end=\"1213\" \/><br \/>\n\ud83d\udccc Co jsou deepfakes a&nbsp;pro\u010d se s&nbsp;nimi budeme setk\u00e1vat st\u00e1le \u010dast\u011bji.<br data-start=\"1281\" data-end=\"1284\" \/><br \/>\n\ud83d\udccc Jak mohou \u00fato\u010dn\u00edci zneu\u017e\u00edt va\u0161e osobn\u00ed \u00fadaje a&nbsp;jak se tomu br\u00e1nit.<br data-start=\"1353\" data-end=\"1356\" \/><br \/>\n\ud83d\udccc Jak nastavit bezpe\u010dn\u011bj\u0161\u00ed n\u00e1vyky p\u0159i&nbsp;ka\u017edodenn\u00edm pou\u017e\u00edv\u00e1n\u00ed internetu \u2013 od hesel a\u017e po&nbsp;pr\u00e1ci se soci\u00e1ln\u00edmi s\u00edt\u011bmi.<\/p>\n<p data-start=\"1475\" data-end=\"1614\">Dozv\u00edte se nejen teoretick\u00e9 informace, ale p\u0159edev\u0161\u00edm konkr\u00e9tn\u00ed p\u0159\u00edklady z&nbsp;praxe a&nbsp;tipy, kter\u00e9 zvl\u00e1dne vyu\u017e\u00edt ka\u017ed\u00fd, kdo tr\u00e1v\u00ed \u010das online.<\/p>\n<p>Nebude chyb\u011bt <strong>prostor pro va\u0161e dotazy<\/strong> a&nbsp;sd\u00edlen\u00ed zku\u0161enost\u00ed s&nbsp;ostatn\u00edmi \u00fa\u010dastn\u00edky.<\/p>\n<h3>Co si z&nbsp;webin\u00e1\u0159e odnesete?<\/h3>\n<p>\u2705 P\u0159ehled nej\u010dast\u011bj\u0161\u00edch online hrozeb a&nbsp;jednoduch\u00e9 postupy, jak se jim br\u00e1nit.<br data-start=\"1731\" data-end=\"1734\" \/><br \/>\n\u2705 Praktick\u00e9 rady pro bezpe\u010dn\u011bj\u0161\u00ed pou\u017e\u00edv\u00e1n\u00ed e-mailu, soci\u00e1ln\u00edch s\u00edt\u00ed a&nbsp;mobiln\u00edch aplikac\u00ed.<br data-start=\"1823\" data-end=\"1826\" \/><br \/>\n\u2705 N\u00e1vody, jak pos\u00edlit ochranu osobn\u00edch \u00fadaj\u016f a&nbsp;citliv\u00fdch dat.<br data-start=\"1887\" data-end=\"1890\" \/><br \/>\n\u2705 Inspiraci, jak u\u010dit d\u011bti a&nbsp;kolegy bezpe\u010dn\u00e9mu chov\u00e1n\u00ed na internetu.<br data-start=\"1958\" data-end=\"1961\" \/><br \/>\n\u2705 Pocit v\u011bt\u0161\u00ed jistoty a&nbsp;kontroly nad t\u00edm, co sd\u00edl\u00edte a&nbsp;komu.<\/p>\n<h3>Pro\u010d se z\u00fa\u010dastnit?<\/h3>\n<p>\ud83d\udd11 Z\u00edsk\u00e1te konkr\u00e9tn\u00ed strategie, jak ochr\u00e1nit sebe i&nbsp;sv\u00e9 bl\u00edzk\u00e9 v&nbsp;online prost\u0159ed\u00ed.<br data-start=\"2136\" data-end=\"2139\" \/><br \/>\n\ud83d\udee1 Nau\u010d\u00edte se rozpoznat podvodn\u00e9 praktiky a&nbsp;vyhnout se kybernetick\u00fdm \u00fatok\u016fm.<br data-start=\"2215\" data-end=\"2218\" \/><br \/>\n\ud83d\udcc2 Odejdete s&nbsp;jasn\u00fdm pl\u00e1nem, jak pos\u00edlit svou digit\u00e1ln\u00ed bezpe\u010dnost.<br data-start=\"2285\" data-end=\"2288\" \/><br \/>\n\ud83d\udca1 Investujete 90 minut sv\u00e9ho \u010dasu do dovednosti, kter\u00e1 v\u00e1s ochr\u00e1n\u00ed dlouhodob\u011b.<\/p>\n<p>\ud83d\udccd <strong>Webin\u00e1\u0159 prob\u011bhne online na platform\u011b Webex a&nbsp;bude veden v&nbsp;\u010de\u0161tin\u011b.<\/strong><\/p>\n<p>\n\ud83d\udcc5 <strong>Registrace je otev\u0159en\u00e1 do 1.&nbsp;\u0159\u00edjna 2025.<\/strong><\/p>\n<p>&nbsp;<\/p>\n<h3>Informace o\u00a0z\u00e1znamu webin\u00e1\u0159e<\/h3>\n<p><span data-teams=\"true\">\u00da\u010dast\u00ed na webin\u00e1\u0159i souhlas\u00edte s\u00a0t\u00edm, \u017ee bude po\u0159izov\u00e1na jeho nahr\u00e1vka. Tato nahr\u00e1vka je ur\u010dena v\u00fdhradn\u011b pro pot\u0159eby \u00fa\u010dastn\u00edk\u016f a\u00a0bude v\u00e1m po\u00a0skon\u010den\u00ed webin\u00e1\u0159e\u00a0<strong>zasl\u00e1na na e-mailovou adresu<\/strong>, kterou jste uvedli p\u0159i\u00a0registraci, a\u00a0to i\u00a0v\u00a0p\u0159\u00edpad\u011b, \u017ee se\u00a0<strong>nebudete moci z\u00fa\u010dastnit webin\u00e1\u0159e.<\/strong><\/span><\/p>\n<p>&nbsp;<\/p>\n<p>Pokud m\u00e1te jak\u00e9koli ot\u00e1zky, kontaktujte n\u00e1s pros\u00edm p\u0159ed zah\u00e1jen\u00edm webin\u00e1\u0159e na\u00a0<a>meto&#100;i&#107;&#97;&#64;s&#107;&#114;i&#118;a&#110;&#101;k&#46;c&#122;<\/a>.<\/p>\n","protected":false},"excerpt":{"rendered":"<p style=\"margin-bottom: 12.0pt;\"><span style=\"font-size: 20px;\"><strong><span style=\"font-family: 'Arial',sans-serif; color: black;\">Ve st\u0159edu 1.&nbsp;10.&nbsp;2025 od 17:30<\/span><\/strong><span style=\"font-family: 'Arial',sans-serif; color: black;\"> po\u0159\u00e1d\u00e1me webin\u00e1\u0159 na t\u00e9ma <strong><span style=\"font-family: 'Arial',sans-serif;\">\u201eBezpe\u010dnost na internetu\u201c.<\/span><\/strong><\/span><\/span><\/p>\n<h3>Pro koho je webin\u00e1\u0159 ur\u010den?<\/h3>\n<p data-start=\"1005\" data-end=\"1248\">\u2705 Jednotlivce, kte\u0159\u00ed cht\u011bj\u00ed v\u011bd\u011bt, jak chr\u00e1nit sv\u00e1 data, osobn\u00ed \u00fa\u010dty a&nbsp;soukrom\u00ed.<br data-start=\"874\" data-end=\"877\" \/><br \/>\n\u2705 Rodi\u010de, kte\u0159\u00ed cht\u011bj\u00ed v\u00e9st sv\u00e9 d\u011bti k&nbsp;bezpe\u010dn\u00e9mu pou\u017e\u00edv\u00e1n\u00ed internetu.<br data-start=\"947\" data-end=\"950\" \/><br \/>\n\u2705 U\u010ditele a&nbsp;lektory, kte\u0159\u00ed t\u00e9ma online bezpe\u010dnosti p\u0159ed\u00e1vaj\u00ed d\u00e1l.<br data-start=\"1015\" data-end=\"1018\" \/><br \/>\n\u2705 Profesion\u00e1ly i&nbsp;firmy, kter\u00e9 cht\u011bj\u00ed zajistit bezpe\u010dn\u00e9 online prost\u0159ed\u00ed pro sv\u00e9 zam\u011bstnance.<\/p>\n","protected":false},"featured_media":78342,"template":"","meta":{"_acf_changed":false},"product_brand":[],"product_cat":[48],"product_tag":[],"class_list":{"0":"post-78341","1":"product","2":"type-product","3":"status-publish","4":"has-post-thumbnail","6":"product_cat-webinare-archiv","8":"first","9":"outofstock","10":"downloadable","11":"virtual","12":"sold-individually","13":"purchasable","14":"product-type-simple"},"acf":[],"aioseo_notices":[],"_links":{"self":[{"href":"https:\/\/skrivanek.cz\/cz\/wp-json\/wp\/v2\/product\/78341","targetHints":{"allow":["GET"]}}],"collection":[{"href":"https:\/\/skrivanek.cz\/cz\/wp-json\/wp\/v2\/product"}],"about":[{"href":"https:\/\/skrivanek.cz\/cz\/wp-json\/wp\/v2\/types\/product"}],"wp:featuredmedia":[{"embeddable":true,"href":"https:\/\/skrivanek.cz\/cz\/wp-json\/wp\/v2\/media\/78342"}],"wp:attachment":[{"href":"https:\/\/skrivanek.cz\/cz\/wp-json\/wp\/v2\/media?parent=78341"}],"wp:term":[{"taxonomy":"product_brand","embeddable":true,"href":"https:\/\/skrivanek.cz\/cz\/wp-json\/wp\/v2\/product_brand?post=78341"},{"taxonomy":"product_cat","embeddable":true,"href":"https:\/\/skrivanek.cz\/cz\/wp-json\/wp\/v2\/product_cat?post=78341"},{"taxonomy":"product_tag","embeddable":true,"href":"https:\/\/skrivanek.cz\/cz\/wp-json\/wp\/v2\/product_tag?post=78341"}],"curies":[{"name":"wp","href":"https:\/\/api.w.org\/{rel}","templated":true}]}}