{"id":78451,"date":"2025-10-03T08:45:54","date_gmt":"2025-10-03T06:45:54","guid":{"rendered":"https:\/\/skrivanek.cz\/?post_type=product&#038;p=78451"},"modified":"2025-10-21T16:13:00","modified_gmt":"2025-10-21T14:13:00","slug":"webinar-jak-zbavit-studenty-komunikacniho-bloku","status":"publish","type":"product","link":"https:\/\/skrivanek.cz\/cz\/produkt\/webinar-jak-zbavit-studenty-komunikacniho-bloku\/","title":{"rendered":"Webin\u00e1\u0159: Jak zbavit studenty komunika\u010dn\u00edho bloku?"},"content":{"rendered":"<p>M\u00e1te studenty, kte\u0159\u00ed se sice dob\u0159e orientuj\u00ed v&nbsp;gramatice a&nbsp;slovn\u00ed z\u00e1sob\u011b, ale p\u0159esto se boj\u00ed rozmluvit? Nebo zvl\u00e1daj\u00ed komunikaci s&nbsp;v\u00e1mi, ale v&nbsp;re\u00e1ln\u00fdch situac\u00edch se jim neda\u0159\u00ed jazyk pou\u017e\u00edt? Tento webin\u00e1\u0159 v\u00e1m nab\u00eddne konkr\u00e9tn\u00ed tipy a&nbsp;strategie, jak je povzbudit k&nbsp;sebev\u011bdom\u00e9mu projevu v&nbsp;ciz\u00edm jazyce.<\/p>\n<h3>Co se na webin\u00e1\u0159i dozv\u00edte<\/h3>\n<ul>\n<li data-start=\"1374\" data-end=\"1427\">\n<p data-start=\"1376\" data-end=\"1427\">Jak rozpoznat hlavn\u00ed p\u0159\u00ed\u010diny komunika\u010dn\u00edho bloku.<\/p>\n<\/li>\n<li data-start=\"1428\" data-end=\"1503\">\n<p data-start=\"1430\" data-end=\"1503\">Jak motivovat studenty k&nbsp;aktivn\u00edmu pou\u017e\u00edv\u00e1n\u00ed jazyka bez strachu z&nbsp;chyb.<\/p>\n<\/li>\n<li data-start=\"1504\" data-end=\"1565\">\n<p data-start=\"1506\" data-end=\"1565\">Praktick\u00e9 aktivity a&nbsp;cvi\u010den\u00ed, kter\u00e1 lze za\u0159adit do v\u00fduky.<\/p>\n<\/li>\n<li data-start=\"1566\" data-end=\"1654\">\n<p data-start=\"1568\" data-end=\"1654\">Tipy, jak budovat sebev\u011bdom\u00ed student\u016f a&nbsp;p\u0159en\u00e9st \u00fasp\u011bch z&nbsp;u\u010debny do re\u00e1ln\u00fdch situac\u00ed.<\/p>\n<\/li>\n<\/ul>\n<h3>Pro\u010d se z\u00fa\u010dastnit na\u0161eho webin\u00e1\u0159e<\/h3>\n<ul>\n<li data-start=\"691\" data-end=\"774\">\n<p data-start=\"693\" data-end=\"774\">Z\u00edsk\u00e1te ov\u011b\u0159en\u00e9 tipy a&nbsp;metody, jak pomoci student\u016fm p\u0159ekonat jazykovou bari\u00e9ru.<\/p>\n<\/li>\n<li data-start=\"775\" data-end=\"873\">\n<p data-start=\"777\" data-end=\"873\">Dozv\u00edte se, jak p\u0159etavit znalosti gramatiky a&nbsp;slovn\u00ed z\u00e1soby ve skute\u010dnou schopnost komunikace.<\/p>\n<\/li>\n<li data-start=\"874\" data-end=\"947\">\n<p data-start=\"876\" data-end=\"947\">Uk\u00e1\u017eeme si praktick\u00e9 postupy, kter\u00e9 m\u016f\u017eete ihned vyu\u017e\u00edt ve sv\u00e9 v\u00fduce.<\/p>\n<\/li>\n<li data-start=\"948\" data-end=\"1063\">\n<p data-start=\"950\" data-end=\"1063\">Odnesete si inspiraci, jak podpo\u0159it motivaci a&nbsp;sebev\u011bdom\u00ed student\u016f, aby se jazyk neb\u00e1li pou\u017e\u00edvat i&nbsp;mimo u\u010debnu.<\/p>\n<\/li>\n<\/ul>\n<p>\ud83d\udccd <strong>Webin\u00e1\u0159 prob\u011bhne online na platform\u011b Webex a&nbsp;bude veden v&nbsp;\u010de\u0161tin\u011b.<\/strong><\/p>\n<p>\n\ud83d\udcc5 <strong>Registrace je otev\u0159en\u00e1 do 15.&nbsp;\u0159\u00edjna 2025.<\/strong><\/p>\n<p>&nbsp;<\/p>\n<h3>Informace o\u00a0z\u00e1znamu webin\u00e1\u0159e<\/h3>\n<p><span data-teams=\"true\">\u00da\u010dast\u00ed na webin\u00e1\u0159i souhlas\u00edte s\u00a0t\u00edm, \u017ee bude po\u0159izov\u00e1na jeho nahr\u00e1vka. Tato nahr\u00e1vka je ur\u010dena v\u00fdhradn\u011b pro pot\u0159eby \u00fa\u010dastn\u00edk\u016f a\u00a0bude v\u00e1m po\u00a0skon\u010den\u00ed webin\u00e1\u0159e\u00a0<strong>zasl\u00e1na na e-mailovou adresu<\/strong>, kterou jste uvedli p\u0159i\u00a0registraci, a\u00a0to i\u00a0v\u00a0p\u0159\u00edpad\u011b, \u017ee se\u00a0<strong>nebudete moci z\u00fa\u010dastnit webin\u00e1\u0159e.<\/strong><\/span><\/p>\n<p>&nbsp;<\/p>\n<p>Pokud m\u00e1te jak\u00e9koli ot\u00e1zky, kontaktujte n\u00e1s pros\u00edm p\u0159ed zah\u00e1jen\u00edm webin\u00e1\u0159e na\u00a0<a>me&#116;o&#100;ik&#97;&#64;&#115;&#107;&#114;&#105;&#118;ane&#107;&#46;c&#122;<\/a>.<\/p>\n","protected":false},"excerpt":{"rendered":"<p style=\"margin-bottom: 12.0pt;\"><span style=\"font-size: 20px;\"><strong><span style=\"font-family: 'Arial',sans-serif; color: black;\">Ve \u010dtvrtek 16.&nbsp;10.&nbsp;2025 od 18:00<\/span><\/strong><span style=\"font-family: 'Arial',sans-serif; color: black;\"> po\u0159\u00e1d\u00e1me webin\u00e1\u0159 na t\u00e9ma <strong><span style=\"font-family: 'Arial',sans-serif;\">\u201eJak zbavit studenty komunika\u010dn\u00edho bloku?\u201c.<\/span><\/strong><\/span><\/span><\/p>\n<h3>Pro koho je webin\u00e1\u0159 ur\u010den?<\/h3>\n<ul>\n<li data-start=\"1049\" data-end=\"1145\">\n<p data-start=\"1051\" data-end=\"1145\">Pro lektory ciz\u00edch jazyk\u016f, kte\u0159\u00ed cht\u011bj\u00ed sv\u00fdm student\u016fm pomoci p\u0159ekonat bari\u00e9ru v&nbsp;komunikaci.<\/p>\n<\/li>\n<li data-start=\"1146\" data-end=\"1232\">\n<p data-start=\"1148\" data-end=\"1232\">Pro u\u010ditele, kte\u0159\u00ed se setk\u00e1vaj\u00ed se studenty s&nbsp;obavami z&nbsp;chyb a&nbsp;n\u00edzk\u00fdm sebev\u011bdom\u00edm.<\/p>\n<\/li>\n<li data-start=\"1233\" data-end=\"1336\">\n<p data-start=\"1235\" data-end=\"1336\">Pro v\u0161echny, kte\u0159\u00ed hledaj\u00ed praktick\u00e9 metody, jak podpo\u0159it plynulej\u0161\u00ed a&nbsp;p\u0159irozen\u011bj\u0161\u00ed mluven\u00fd projev.<\/p>\n<\/li>\n<\/ul>\n","protected":false},"featured_media":78452,"template":"","meta":{"_acf_changed":false},"product_brand":[],"product_cat":[48],"product_tag":[],"class_list":{"0":"post-78451","1":"product","2":"type-product","3":"status-publish","4":"has-post-thumbnail","6":"product_cat-webinare-archiv","8":"first","9":"outofstock","10":"downloadable","11":"virtual","12":"sold-individually","13":"purchasable","14":"product-type-simple"},"acf":[],"aioseo_notices":[],"_links":{"self":[{"href":"https:\/\/skrivanek.cz\/cz\/wp-json\/wp\/v2\/product\/78451","targetHints":{"allow":["GET"]}}],"collection":[{"href":"https:\/\/skrivanek.cz\/cz\/wp-json\/wp\/v2\/product"}],"about":[{"href":"https:\/\/skrivanek.cz\/cz\/wp-json\/wp\/v2\/types\/product"}],"wp:featuredmedia":[{"embeddable":true,"href":"https:\/\/skrivanek.cz\/cz\/wp-json\/wp\/v2\/media\/78452"}],"wp:attachment":[{"href":"https:\/\/skrivanek.cz\/cz\/wp-json\/wp\/v2\/media?parent=78451"}],"wp:term":[{"taxonomy":"product_brand","embeddable":true,"href":"https:\/\/skrivanek.cz\/cz\/wp-json\/wp\/v2\/product_brand?post=78451"},{"taxonomy":"product_cat","embeddable":true,"href":"https:\/\/skrivanek.cz\/cz\/wp-json\/wp\/v2\/product_cat?post=78451"},{"taxonomy":"product_tag","embeddable":true,"href":"https:\/\/skrivanek.cz\/cz\/wp-json\/wp\/v2\/product_tag?post=78451"}],"curies":[{"name":"wp","href":"https:\/\/api.w.org\/{rel}","templated":true}]}}