{"id":78511,"date":"2025-10-09T16:18:08","date_gmt":"2025-10-09T14:18:08","guid":{"rendered":"https:\/\/skrivanek.cz\/?post_type=product&#038;p=78511"},"modified":"2025-11-25T17:02:14","modified_gmt":"2025-11-25T16:02:14","slug":"webinar-well-being-studentu-ucitelu","status":"publish","type":"product","link":"https:\/\/skrivanek.cz\/cz\/produkt\/webinar-well-being-studentu-ucitelu\/","title":{"rendered":"Webin\u00e1\u0159: Well-being student\u016f a&nbsp;u\u010ditel\u016f"},"content":{"rendered":"<h3 data-start=\"1066\" data-end=\"1097\">O \u010dem webin\u00e1\u0159 bude<\/h3>\n<p data-start=\"1098\" data-end=\"1332\">Tento webin\u00e1\u0159 se zam\u011b\u0159uje na vytv\u00e1\u0159en\u00ed zdrav\u011bj\u0161\u00edch a&nbsp;\u0161\u0165astn\u011bj\u0161\u00edch z\u00e1\u017eitk\u016f z&nbsp;u\u010den\u00ed a&nbsp;v\u00fduky.<br data-start=\"1188\" data-end=\"1191\" \/><br \/>\nSpole\u010dn\u011b se pod\u00edv\u00e1me na to, jak du\u0161evn\u00ed zdrav\u00ed, p\u00e9\u010de o&nbsp;sebe sama a&nbsp;rovnov\u00e1ha mezi profesn\u00edm a&nbsp;osobn\u00edm \u017eivotem ovliv\u0148uj\u00ed studenty i&nbsp;u\u010ditele.<\/p>\n<p data-start=\"1334\" data-end=\"1360\">\u00da\u010dastn\u00edci se dozv\u011bd\u00ed, jak:<\/p>\n<ul data-start=\"1361\" data-end=\"1583\">\n<li data-start=\"1361\" data-end=\"1411\">\n<p data-start=\"1363\" data-end=\"1411\">sni\u017eovat stres a&nbsp;p\u0159edch\u00e1zet syndromu vyho\u0159en\u00ed,<\/p>\n<\/li>\n<li data-start=\"1412\" data-end=\"1471\">\n<p data-start=\"1414\" data-end=\"1471\">podporovat vlastn\u00ed psychickou pohodu i&nbsp;pohodu student\u016f,<\/p>\n<\/li>\n<li data-start=\"1472\" data-end=\"1525\">\n<p data-start=\"1474\" data-end=\"1525\">rozv\u00edjet odolnost a&nbsp;empatii ve \u0161koln\u00edm prost\u0159ed\u00ed,<\/p>\n<\/li>\n<li data-start=\"1526\" data-end=\"1583\">\n<p data-start=\"1528\" data-end=\"1583\">vytv\u00e1\u0159et prost\u0159ed\u00ed, kde se u\u010ditel\u00e9 i&nbsp;\u017e\u00e1ci c\u00edt\u00ed dob\u0159e.<\/p>\n<\/li>\n<\/ul>\n<h3>Pro\u010d se z\u00fa\u010dastnit na\u0161eho webin\u00e1\u0159e<\/h3>\n<ul>\n<li data-start=\"1623\" data-end=\"1695\">Z\u00edsk\u00e1te <strong data-start=\"1631\" data-end=\"1649\">praktick\u00e9 tipy<\/strong>, jak budovat well-being ve t\u0159\u00edd\u011b i&nbsp;mimo ni.<\/li>\n<li data-start=\"1623\" data-end=\"1695\">Nau\u010d\u00edte se jednoduch\u00e9 <strong data-start=\"1720\" data-end=\"1744\">techniky p\u00e9\u010de o&nbsp;sebe<\/strong>, kter\u00e9 zvl\u00e1dne ka\u017ed\u00fd.<\/li>\n<li data-start=\"1623\" data-end=\"1695\">Odnesete si <strong data-start=\"1783\" data-end=\"1806\">konkr\u00e9tn\u00ed strategie<\/strong>, jak zvl\u00e1dat stres a&nbsp;p\u0159et\u00ed\u017een\u00ed.<\/li>\n<li data-start=\"1623\" data-end=\"1695\">Sd\u00edlen\u00edm zku\u0161enost\u00ed s&nbsp;ostatn\u00edmi pedagogy z\u00edsk\u00e1te <strong data-start=\"1892\" data-end=\"1923\">inspiraci pro vlastn\u00ed praxi<\/strong>.<\/li>\n<li style=\"list-style-type: none;\">\u00a0<\/li>\n<\/ul>\n<p>\ud83d\udccd <strong>Webin\u00e1\u0159 prob\u011bhne online na platform\u011b Webex a&nbsp;bude veden v&nbsp;\u010de\u0161tin\u011b.<\/strong><\/p>\n<h3 data-start=\"1933\" data-end=\"1964\">Kdo webin\u00e1\u0159 povede<\/h3>\n<p data-start=\"1965\" data-end=\"2162\"><strong data-start=\"1965\" data-end=\"1983\">Sandra Vlaini\u0107<\/strong> \u2013 zku\u0161en\u00e1 lektorka s&nbsp;dlouholetou prax\u00ed ve vzd\u011bl\u00e1v\u00e1n\u00ed dosp\u011bl\u00fdch i&nbsp;pedagog\u016f.<br data-start=\"2058\" data-end=\"2061\" \/><br \/>\nVe sv\u00fdch kurzech a&nbsp;webin\u00e1\u0159\u00edch propojuje jazykov\u00e9 vzd\u011bl\u00e1v\u00e1n\u00ed s&nbsp;psychologi\u00ed u\u010den\u00ed a&nbsp;osobn\u00edm rozvojem.<\/p>\n<p>\n\ud83d\udcc5 <strong>Registrace je otev\u0159en\u00e1 do 17.&nbsp;listopadu 2025.<\/strong><\/p>\n<p>&nbsp;<\/p>\n<h3>Informace o\u00a0z\u00e1znamu webin\u00e1\u0159e<\/h3>\n<p><span data-teams=\"true\">\u00da\u010dast\u00ed na webin\u00e1\u0159i souhlas\u00edte s\u00a0t\u00edm, \u017ee bude po\u0159izov\u00e1na jeho nahr\u00e1vka. Tato nahr\u00e1vka je ur\u010dena v\u00fdhradn\u011b pro pot\u0159eby \u00fa\u010dastn\u00edk\u016f a\u00a0bude v\u00e1m po\u00a0skon\u010den\u00ed webin\u00e1\u0159e\u00a0<strong>zasl\u00e1na na e-mailovou adresu<\/strong>, kterou jste uvedli p\u0159i\u00a0registraci, a\u00a0to i\u00a0v\u00a0p\u0159\u00edpad\u011b, \u017ee se\u00a0<strong>nebudete moci z\u00fa\u010dastnit webin\u00e1\u0159e.<\/strong><\/span><\/p>\n<p>&nbsp;<\/p>\n<p>Pokud m\u00e1te jak\u00e9koli ot\u00e1zky, kontaktujte n\u00e1s pros\u00edm p\u0159ed zah\u00e1jen\u00edm webin\u00e1\u0159e na\u00a0<a>me&#116;o&#100;i&#107;a&#64;&#115;kr&#105;v&#97;n&#101;k&#46;cz<\/a>.<\/p>\n","protected":false},"excerpt":{"rendered":"<p style=\"margin-bottom: 12.0pt;\"><span style=\"font-size: 20px;\"><strong><span style=\"font-family: 'Arial',sans-serif; color: black;\">V \u00fater\u00fd 18.&nbsp;11.&nbsp;2025 od 18:00<\/span><\/strong><span style=\"font-family: 'Arial',sans-serif; color: black;\"> po\u0159\u00e1d\u00e1me webin\u00e1\u0159 na t\u00e9ma <strong><span style=\"font-family: 'Arial',sans-serif;\">\u201eWell-being student\u016f a&nbsp;u\u010ditel\u016f\u201c.<\/span><\/strong><\/span><\/span><\/p>\n<h3>Pro koho je webin\u00e1\u0159 ur\u010den?<\/h3>\n<p data-start=\"2208\" data-end=\"2304\">Webin\u00e1\u0159 je ur\u010den pro v\u0161echny <strong data-start=\"2237\" data-end=\"2289\">pedagogy z\u00e1kladn\u00edch, st\u0159edn\u00edch i&nbsp;jazykov\u00fdch \u0161kol<\/strong>, kte\u0159\u00ed cht\u011bj\u00ed:<\/p>\n<ul data-start=\"2305\" data-end=\"2433\">\n<li data-start=\"2305\" data-end=\"2346\">\n<p data-start=\"2307\" data-end=\"2346\">l\u00e9pe porozum\u011bt sob\u011b i&nbsp;sv\u00fdm student\u016fm,<\/p>\n<\/li>\n<li data-start=\"2347\" data-end=\"2390\">\n<p data-start=\"2349\" data-end=\"2390\">udr\u017eet si energii a&nbsp;motivaci p\u0159i&nbsp;v\u00fduce,<\/p>\n<\/li>\n<li data-start=\"2391\" data-end=\"2433\">\n<p data-start=\"2393\" data-end=\"2433\">vytv\u00e1\u0159et pozitivn\u00ed atmosf\u00e9ru ve t\u0159\u00edd\u011b.<\/p>\n<\/li>\n<\/ul>\n","protected":false},"featured_media":78517,"template":"","meta":{"_acf_changed":false},"product_brand":[],"product_cat":[48],"product_tag":[],"class_list":{"0":"post-78511","1":"product","2":"type-product","3":"status-publish","4":"has-post-thumbnail","6":"product_cat-webinare-archiv","8":"first","9":"outofstock","10":"downloadable","11":"virtual","12":"sold-individually","13":"purchasable","14":"product-type-simple"},"acf":[],"aioseo_notices":[],"_links":{"self":[{"href":"https:\/\/skrivanek.cz\/cz\/wp-json\/wp\/v2\/product\/78511","targetHints":{"allow":["GET"]}}],"collection":[{"href":"https:\/\/skrivanek.cz\/cz\/wp-json\/wp\/v2\/product"}],"about":[{"href":"https:\/\/skrivanek.cz\/cz\/wp-json\/wp\/v2\/types\/product"}],"wp:featuredmedia":[{"embeddable":true,"href":"https:\/\/skrivanek.cz\/cz\/wp-json\/wp\/v2\/media\/78517"}],"wp:attachment":[{"href":"https:\/\/skrivanek.cz\/cz\/wp-json\/wp\/v2\/media?parent=78511"}],"wp:term":[{"taxonomy":"product_brand","embeddable":true,"href":"https:\/\/skrivanek.cz\/cz\/wp-json\/wp\/v2\/product_brand?post=78511"},{"taxonomy":"product_cat","embeddable":true,"href":"https:\/\/skrivanek.cz\/cz\/wp-json\/wp\/v2\/product_cat?post=78511"},{"taxonomy":"product_tag","embeddable":true,"href":"https:\/\/skrivanek.cz\/cz\/wp-json\/wp\/v2\/product_tag?post=78511"}],"curies":[{"name":"wp","href":"https:\/\/api.w.org\/{rel}","templated":true}]}}