{"id":78826,"date":"2025-11-04T10:25:41","date_gmt":"2025-11-04T09:25:41","guid":{"rendered":"https:\/\/skrivanek.cz\/?post_type=product&#038;p=78826"},"modified":"2026-01-29T14:44:11","modified_gmt":"2026-01-29T13:44:11","slug":"vanocni-darkovy-poukaz-na-jazykovy-kurz-20-lekci","status":"publish","type":"product","link":"https:\/\/skrivanek.cz\/cz\/produkt\/vanocni-darkovy-poukaz-na-jazykovy-kurz-20-lekci\/","title":{"rendered":"V\u00e1no\u010dn\u00ed d\u00e1rkov\u00fd poukaz na jazykov\u00fd kurz: 20 lekc\u00ed"},"content":{"rendered":"<h3>Darujte sv\u00fdm bl\u00edzk\u00fdm v\u00e1no\u010dn\u00ed bal\u00ed\u010dek na jazykov\u00fd kurz 20 lekc\u00ed od Sk\u0159iv\u00e1nka!<br \/>\nObjedn\u00e1vejte do 23.&nbsp;12.&nbsp;2025.<\/h3>\n<p>V\u00e1noce jsou \u010dasem obdarov\u00e1n\u00ed a&nbsp;radosti. Pokud hled\u00e1te origin\u00e1ln\u00ed d\u00e1rek, kter\u00fd skute\u010dn\u011b pot\u011b\u0161\u00ed, je n\u00e1\u0161 <strong>v\u00e1no\u010dn\u00ed d\u00e1rkov\u00fd poukaz<\/strong> ide\u00e1ln\u00ed volbou. Darujte sv\u00fdm bl\u00edzk\u00fdm mo\u017enost roz\u0161\u00ed\u0159it si obzory, zdokonalit se v&nbsp;ciz\u00edch jazyc\u00edch a&nbsp;z\u00edskat nov\u00e9 dovednosti, kter\u00e9 je posunou vp\u0159ed v&nbsp;osobn\u00edm i&nbsp;profesn\u00edm \u017eivot\u011b.<\/p>\n<p><strong data-start=\"457\" data-end=\"477\">Cena za 1 lekci:<\/strong> <strong>590\u00a0K\u010d<\/strong><\/p>\n<h2 class=\"wpa9-panel-title\">Jak v\u00e1no\u010dn\u00ed bal\u00ed\u010dek kurz\u016f vypad\u00e1?<\/h2>\n<div class=\"wpa9-panel-content\">\n<p>\u2744\ufe0f\u00a0<strong>Obsah bal\u00ed\u010dku:<\/strong> 20 lekc\u00ed po&nbsp;60 minut\u00e1ch<\/p>\n<p><strong>\u2744\ufe0f Forma kurzu:<\/strong>\u00a0online<\/p>\n<p>\u2744\ufe0f\u00a0<strong>Po\u010det \u00fa\u010dastn\u00edk\u016f kurzu:<\/strong>\u00a01<\/p>\n<p>\u2744\ufe0f\u00a0<strong>Z jak\u00fdch jazyk\u016f si m\u016f\u017ee vybrat:<\/strong>\u00a0angli\u010dtina, n\u011bm\u010dina, francouz\u0161tina, ital\u0161tina, \u0161pan\u011bl\u0161tina<\/p>\n<p>\u2744\ufe0f\u00a0<strong>Platnost bal\u00ed\u010dku:<\/strong> kurzy je mo\u017en\u00e9 vyu\u017e\u00edt do z\u00e1\u0159\u00ed 2026<\/p>\n<\/div>\n<h3 class=\"wpa9-panel-title\">Jak\u00e9 jsou v\u00fdhody v\u00e1no\u010dn\u00edho bal\u00ed\u010dku od Sk\u0159iv\u00e1nka?<\/h3>\n<div class=\"wpa9-panel-content\">\n<p>\u2744\ufe0f Kurzy jsou\u00a0<strong>individu\u00e1ln\u00ed<\/strong>. Lektor se tedy bude v\u011bnovat pouze obdarovan\u00e9 osob\u011b a\u00a0nikomu jin\u00e9mu, co\u017e zaji\u0161\u0165uje v\u011bt\u0161\u00ed flexibilitu a\u00a0tak\u00e9 maxim\u00e1ln\u00ed p\u0159izp\u016fsoben\u00ed lekc\u00ed dan\u00e9 osob\u011b.<\/p>\n<p>\u2744\ufe0f Kurzy prob\u00edhaj\u00ed\u00a0<strong>online<\/strong>. Obdarovan\u00fd se m\u016f\u017ee tedy p\u0159ipojit odkudkoliv a\u00a0nemus\u00ed pl\u00fdtvat sv\u00fdm \u010dasem na doj\u00ed\u017ed\u011bn\u00ed do u\u010debny!<\/p>\n<p>\u2744\ufe0f Nejste si jist\u00ed,\u00a0<strong>jak\u00fd jazyk<\/strong>\u00a0by se v\u00e1\u0161 bl\u00edzk\u00fd r\u00e1d nau\u010dil? Nevad\u00ed! Jazyk p\u0159i\u00a0koupi v\u00e1no\u010dn\u00edho bal\u00ed\u010dku nemus\u00edte vyb\u00edrat. Obdarovan\u00fd si jazyk vybere s\u00e1m p\u0159i\u00a0uplatn\u011bn\u00ed poukazu.<\/p>\n<p>\u2744\ufe0f Nev\u00edte, \u010d\u00edm obdarovat svou rodinu nebo p\u0159\u00e1tele? Darujte n\u011bco, co m\u00e1 smysl.\u00a0<strong>Darujte vzd\u011bl\u00e1n\u00ed!<\/strong><\/p>\n<p>\u2744\ufe0f Obdarovan\u00fd z\u00edsk\u00e1 20 lekc\u00ed nabit\u00fdch nejen v\u011bdomostmi, ale i&nbsp;<strong>inspirac\u00ed, z\u00e1bavou<\/strong>\u00a0a\u00a0<strong>motivac\u00ed<\/strong>.<\/p>\n<\/div>\n<h3>Pro\u010d zvolit v\u00e1no\u010dn\u00ed d\u00e1rkov\u00fd poukaz od Sk\u0159iv\u00e1nka?<\/h3>\n<p>D\u00e1rkov\u00fd poukaz na vzd\u011bl\u00e1n\u00ed je v\u00edce ne\u017e jen d\u00e1rek \u2013 je to investice do budoucnosti va\u0161ich bl\u00edzk\u00fdch. Na\u0161e jazykov\u00e9 kurzy pom\u00e1haj\u00ed student\u016fm dosahovat \u00fasp\u011bch\u016f, a\u0165 u\u017e jde o&nbsp;zlep\u0161en\u00ed jazykov\u00fdch dovednost\u00ed pro pr\u00e1ci, p\u0159\u00edpravu na zkou\u0161ky nebo jednoduchou radost z&nbsp;pozn\u00e1v\u00e1n\u00ed nov\u00fdch kultur.<\/p>\n<p>&nbsp;<\/p>\n<h3>Jak zakoupit v\u00e1no\u010dn\u00ed d\u00e1rkov\u00fd poukaz?<\/h3>\n<ol>\n<li>Vyberte libovoln\u00fd po\u010det poukaz\u016f, kter\u00e9 chcete nad\u011blit, a&nbsp;klikn\u011bte na tla\u010d\u00edtko &#8222;<em>Objednat<\/em>&#8222;.<\/li>\n<li>Do pozn\u00e1mky zadejte jm\u00e9na obdarovan\u00fdch.\u00a0<\/li>\n<li>D\u00e1rkov\u00fd poukaz v\u00e1m za\u0161leme elektronicky.<\/li>\n<\/ol>\n","protected":false},"excerpt":{"rendered":"<h2 class=\"wpa9-card-title\">Chci obdarovat sv\u00e9 bl\u00edzk\u00e9! \ud83c\udf81<\/h2>\n<div class=\"wpa9-card-content\">\n<p>Darujte sv\u00fdm bl\u00edzk\u00fdm v\u00fdjime\u010dn\u00fd d\u00e1rek! Pomozte Je\u017e\u00ed\u0161kovi a\u00a0objednejte\u00a0<strong>v\u00e1no\u010dn\u00ed bal\u00ed\u010dek jazykov\u00fdch kurz\u016f,\u00a0<\/strong>kter\u00fd va\u0161e bl\u00edzk\u00e9 jist\u011b pot\u011b\u0161\u00ed. Rozjasn\u011bte jim V\u00e1noce!<\/p>\n<p>V\u00e1no\u010dn\u00ed bal\u00ed\u010dek jazykov\u00fdch kurz\u016f je ide\u00e1ln\u00ed pro v\u0161echny v\u011bkov\u00e9 kategorie i&nbsp;\u00farovn\u011b. A\u0165 u\u017e va\u0161i bl\u00edzc\u00ed pot\u0159ebuj\u00ed angli\u010dtinu pro pr\u00e1ci, cht\u011bj\u00ed se p\u0159ipravit na jazykov\u00e9 zkou\u0161ky, nebo si prost\u011b p\u0159ej\u00ed zlep\u0161it komunikaci v&nbsp;ciz\u00edm jazyce, s&nbsp;t\u00edmto d\u00e1rkem ur\u010dit\u011b ne\u0161l\u00e1pnete vedle.<\/p>\n<\/div>\n","protected":false},"featured_media":78827,"template":"","meta":{"_acf_changed":false},"product_brand":[],"product_cat":[36],"product_tag":[],"class_list":{"0":"post-78826","1":"product","2":"type-product","3":"status-publish","4":"has-post-thumbnail","6":"product_cat-uhrada-faktur","8":"first","9":"instock","10":"downloadable","11":"virtual","12":"purchasable","13":"product-type-simple"},"acf":[],"aioseo_notices":[],"_links":{"self":[{"href":"https:\/\/skrivanek.cz\/cz\/wp-json\/wp\/v2\/product\/78826","targetHints":{"allow":["GET"]}}],"collection":[{"href":"https:\/\/skrivanek.cz\/cz\/wp-json\/wp\/v2\/product"}],"about":[{"href":"https:\/\/skrivanek.cz\/cz\/wp-json\/wp\/v2\/types\/product"}],"wp:featuredmedia":[{"embeddable":true,"href":"https:\/\/skrivanek.cz\/cz\/wp-json\/wp\/v2\/media\/78827"}],"wp:attachment":[{"href":"https:\/\/skrivanek.cz\/cz\/wp-json\/wp\/v2\/media?parent=78826"}],"wp:term":[{"taxonomy":"product_brand","embeddable":true,"href":"https:\/\/skrivanek.cz\/cz\/wp-json\/wp\/v2\/product_brand?post=78826"},{"taxonomy":"product_cat","embeddable":true,"href":"https:\/\/skrivanek.cz\/cz\/wp-json\/wp\/v2\/product_cat?post=78826"},{"taxonomy":"product_tag","embeddable":true,"href":"https:\/\/skrivanek.cz\/cz\/wp-json\/wp\/v2\/product_tag?post=78826"}],"curies":[{"name":"wp","href":"https:\/\/api.w.org\/{rel}","templated":true}]}}