{"id":79390,"date":"2026-01-08T09:31:00","date_gmt":"2026-01-08T08:31:00","guid":{"rendered":"https:\/\/skrivanek.cz\/?post_type=product&#038;p=79390"},"modified":"2026-01-08T09:35:30","modified_gmt":"2026-01-08T08:35:30","slug":"ai-kurz-%c2%b7-online-%c2%b7-16-2-2026-kopirovat","status":"publish","type":"product","link":"https:\/\/skrivanek.cz\/cz\/produkt\/ai-kurz-%c2%b7-online-%c2%b7-16-2-2026-kopirovat\/","title":{"rendered":"AI kurz \u00b7 online \u00b7 16.&nbsp;2.&nbsp;2026 (Kop\u00edrovat)"},"content":{"rendered":"<p data-start=\"561\" data-end=\"758\">Kurz je ur\u010den v\u0161em, kte\u0159\u00ed cht\u011bj\u00ed porozum\u011bt um\u011bl\u00e9 inteligenci a&nbsp;nau\u010dit se ji <strong data-start=\"1338\" data-end=\"1382\">pou\u017e\u00edvat jednodu\u0161e, efektivn\u011b a&nbsp;bez obav<\/strong>.<br data-start=\"1383\" data-end=\"1386\" \/><br \/>\n\u017d\u00e1dn\u00e1 such\u00e1 teorie \u2013 \u010dekaj\u00ed v\u00e1s <strong data-start=\"1418\" data-end=\"1473\">praktick\u00e1 cvi\u010den\u00ed, inspirativn\u00ed p\u0159\u00edklady a&nbsp;n\u00e1stroje<\/strong>, kter\u00e9 zvl\u00e1dne vyu\u017e\u00edt \u00fapln\u011b ka\u017ed\u00fd.<\/p>\n<p data-start=\"374\" data-end=\"674\">\ud83d\udc49 Tento <strong data-start=\"500\" data-end=\"526\">AI kurz prob\u00edh\u00e1 online<\/strong>, tak\u017ee se m\u016f\u017eete p\u0159ipojit odkudkoli \u2013 z&nbsp;pohodl\u00ed domova nebo kancel\u00e1\u0159e. Pot\u0159ebujete jen notebook \ud83d\udcbb, p\u0159ipojen\u00ed k&nbsp;internetu a&nbsp;chu\u0165 zkou\u0161et nov\u00e9 v\u011bci. Kurz je interaktivn\u00ed a&nbsp;prob\u00edh\u00e1 <strong data-start=\"801\" data-end=\"830\">v re\u00e1ln\u00e9m \u010dase s&nbsp;lektorem<\/strong>, kter\u00fd v\u00e1m krok za krokem uk\u00e1\u017ee, jak um\u011blou inteligenci vyu\u017e\u00edvat efektivn\u011b, srozumiteln\u011b a&nbsp;bezpe\u010dn\u011b.<\/p>\n<p data-start=\"760\" data-end=\"938\">\u27a1\ufe0f <strong data-start=\"763\" data-end=\"854\">Po kliknut\u00ed na tla\u010d\u00edtko \u201eObjednat\u201c m\u016f\u017eete kurz ihned zakoupit a&nbsp;uhradit online.<\/strong><br data-start=\"854\" data-end=\"857\" \/><br \/>\nM\u00e1te dotaz nebo si p\u0159ejete kurz zaplatit bankovn\u00edm p\u0159evodem na \u00fa\u010det nebo chcete uhradit kurzy z&nbsp;benefitn\u00edch program\u016f? Napi\u0161te n\u00e1m na <strong data-start=\"884\" data-end=\"903\"><a class=\"decorated-link cursor-pointer\" rel=\"noopener\" data-start=\"886\" data-end=\"901\">&#115;k&#111;la&#64;sk&#114;&#105;v&#97;&#110;&#101;&#107;.cz<\/a><\/strong> nebo volejte <a href=\"tel:+420 731 142 514\">+420&nbsp;731&nbsp;142&nbsp;514<\/a>.<\/p>\n<h3 data-start=\"990\" data-end=\"1036\">Pro\u010d zvolit kurz AI od Sk\u0159iv\u00e1nka<\/h3>\n<p data-start=\"1037\" data-end=\"1083\">\u2705 <strong data-start=\"1089\" data-end=\"1113\">P\u0159estanete se AI b\u00e1t<\/strong> \u2013 pochop\u00edte, jak funguje a&nbsp;co skute\u010dn\u011b um\u00ed.<\/p>\n<p data-start=\"1037\" data-end=\"1083\">\u2705 <strong data-start=\"1164\" data-end=\"1204\">Z\u00edsk\u00e1te jistotu v&nbsp;pou\u017e\u00edv\u00e1n\u00ed n\u00e1stroj\u016f<\/strong>, kter\u00e9 u\u0161et\u0159\u00ed \u010das a&nbsp;usnadn\u00ed ka\u017edodenn\u00ed \u00fakoly.<\/p>\n<p data-start=\"1037\" data-end=\"1083\">\u2705 <strong data-start=\"1257\" data-end=\"1286\">Vyzkou\u0161\u00edte si v\u0161e v&nbsp;praxi<\/strong> \u2013 od psan\u00ed prompt\u016f a\u017e po&nbsp;pr\u00e1ci s&nbsp;dokumenty a&nbsp;obr\u00e1zky.<\/p>\n<p data-start=\"1037\" data-end=\"1083\">\u2705 <strong data-start=\"1347\" data-end=\"1382\">Mal\u00e1 skupina (max. 6 \u00fa\u010dastn\u00edk\u016f)<\/strong> zaru\u010d\u00ed osobn\u00ed p\u0159\u00edstup a&nbsp;prostor pro va\u0161e ot\u00e1zky.<\/p>\n<p data-start=\"1037\" data-end=\"1083\">\ud83c\udf93 Kurz vede zku\u0161en\u00fd lektor, kter\u00fd AI pou\u017e\u00edv\u00e1 ka\u017ed\u00fd den v&nbsp;praxi.<\/p>\n<p data-start=\"1437\" data-end=\"1603\">Po absolvov\u00e1n\u00ed z\u00edsk\u00e1te p\u0159ehled, kter\u00fd v\u00e1m pom\u016f\u017ee z\u016fstat v&nbsp;obraze v&nbsp;dob\u011b, kdy se sv\u011bt rychle m\u011bn\u00ed.<\/p>\n<p data-start=\"1437\" data-end=\"1603\"><strong data-start=\"3023\" data-end=\"3050\">Co pot\u0159ebujete s&nbsp;sebou:<\/strong> vlastn\u00ed notebook nebo tablet, p\u0159\u00edstup k&nbsp;internetu, chu\u0165 zkou\u0161et nov\u00e9 v\u011bci.<\/p>\n<p data-start=\"1437\" data-end=\"1603\"><strong>P\u0159ihlaste se nyn\u00ed a&nbsp;za\u010dn\u011bte vyu\u017e\u00edvat AI naplno \u2013 kapacita je omezen\u00e1.<\/strong><\/p>\n","protected":false},"excerpt":{"rendered":"<p data-start=\"383\" data-end=\"559\"><strong>\ud83d\udcbbForma<\/strong><strong data-start=\"386\" data-end=\"396\">:<\/strong> test<br data-start=\"423\" data-end=\"426\" \/><br \/>\n\ud83d\udcc5 <strong data-start=\"429\" data-end=\"440\">Term\u00edn:<\/strong> test<br data-start=\"463\" data-end=\"466\" \/><br \/>\n\ud83d\udd58 <strong data-start=\"469\" data-end=\"477\">\u010cas:<\/strong> test<br data-start=\"489\" data-end=\"492\" \/><br \/>\n\ud83d\udc65 <strong data-start=\"495\" data-end=\"508\">Kapacita: test<\/strong><br data-start=\"520\" data-end=\"523\" \/><br \/>\n\ud83d\udcb0 <strong data-start=\"526\" data-end=\"535\">Cena:<\/strong> 0&nbsp;K\u010d (v\u010detn\u011b DPH)<\/p>\n","protected":false},"featured_media":78531,"template":"","meta":{"_acf_changed":false},"product_brand":[],"product_cat":[52],"product_tag":[],"class_list":{"0":"post-79390","1":"product","2":"type-product","3":"status-publish","4":"has-post-thumbnail","6":"product_cat-speaking-skills-praha","8":"first","9":"instock","10":"downloadable","11":"virtual","12":"purchasable","13":"product-type-simple"},"acf":[],"aioseo_notices":[],"_links":{"self":[{"href":"https:\/\/skrivanek.cz\/cz\/wp-json\/wp\/v2\/product\/79390","targetHints":{"allow":["GET"]}}],"collection":[{"href":"https:\/\/skrivanek.cz\/cz\/wp-json\/wp\/v2\/product"}],"about":[{"href":"https:\/\/skrivanek.cz\/cz\/wp-json\/wp\/v2\/types\/product"}],"wp:featuredmedia":[{"embeddable":true,"href":"https:\/\/skrivanek.cz\/cz\/wp-json\/wp\/v2\/media\/78531"}],"wp:attachment":[{"href":"https:\/\/skrivanek.cz\/cz\/wp-json\/wp\/v2\/media?parent=79390"}],"wp:term":[{"taxonomy":"product_brand","embeddable":true,"href":"https:\/\/skrivanek.cz\/cz\/wp-json\/wp\/v2\/product_brand?post=79390"},{"taxonomy":"product_cat","embeddable":true,"href":"https:\/\/skrivanek.cz\/cz\/wp-json\/wp\/v2\/product_cat?post=79390"},{"taxonomy":"product_tag","embeddable":true,"href":"https:\/\/skrivanek.cz\/cz\/wp-json\/wp\/v2\/product_tag?post=79390"}],"curies":[{"name":"wp","href":"https:\/\/api.w.org\/{rel}","templated":true}]}}