{"id":79761,"date":"2026-02-18T17:49:07","date_gmt":"2026-02-18T16:49:07","guid":{"rendered":"https:\/\/skrivanek.cz\/?post_type=product&#038;p=79761"},"modified":"2026-03-04T13:31:22","modified_gmt":"2026-03-04T12:31:22","slug":"webinar-vyuka-cestiny-pro-cizince-v-rekvalifikacnich-kurzech-priprava-na-zkousku","status":"publish","type":"product","link":"https:\/\/skrivanek.cz\/cz\/produkt\/webinar-vyuka-cestiny-pro-cizince-v-rekvalifikacnich-kurzech-priprava-na-zkousku\/","title":{"rendered":"Webin\u00e1\u0159: V\u00fduka \u010de\u0161tiny pro cizince v&nbsp;rekvalifika\u010dn\u00edch kurzech a&nbsp;p\u0159\u00edprava student\u016f na zkou\u0161ku"},"content":{"rendered":"<p data-start=\"724\" data-end=\"919\">Webin\u00e1\u0159 je zam\u011b\u0159en na v\u00fduku \u010de\u0161tiny pro cizince v&nbsp;rekvalifika\u010dn\u00edch kurzech zakon\u010den\u00fdch zkou\u0161kou a&nbsp;na systematickou p\u0159\u00edpravu student\u016f na zkou\u0161ku z&nbsp;\u010desk\u00e9ho jazyka (nap\u0159.&nbsp;pro \u00fa\u010dely trval\u00e9ho pobytu).<\/p>\n<p data-start=\"921\" data-end=\"1073\">Nab\u00eddne praktick\u00fd pohled na to, jak strukturovat kurz, efektivn\u011b rozvrhnout v\u00fduku v&nbsp;\u010dase a&nbsp;c\u00edlen\u011b p\u0159ipravovat studenty na spln\u011bn\u00ed zkou\u0161kov\u00fdch po\u017eadavk\u016f.<\/p>\n<h3>V r\u00e1mci webin\u00e1\u0159e se pod\u00edv\u00e1me na:<\/h3>\n<ul>\n<li data-start=\"1119\" data-end=\"1228\"><strong data-start=\"1119\" data-end=\"1156\">Strukturu rekvalifika\u010dn\u00edho kurzu:<\/strong> jak jej metodicky nastavit s&nbsp;ohledem na c\u00edlovou \u00farove\u0148 A1, A2 nebo B1<\/li>\n<li data-start=\"1231\" data-end=\"1325\"><strong data-start=\"1231\" data-end=\"1258\">\u010casov\u00e9 pl\u00e1nov\u00e1n\u00ed v\u00fduky:<\/strong> jak pracovat s&nbsp;omezenou dotac\u00ed hodin a&nbsp;stanovit realistick\u00e9 c\u00edle<\/li>\n<li data-start=\"1328\" data-end=\"1417\"><strong data-start=\"1328\" data-end=\"1373\">Propojen\u00ed tematick\u00fdch okruh\u016f a&nbsp;gramatiky:<\/strong> systematick\u00fd rozvoj jazykov\u00fdch dovednost\u00ed<\/li>\n<li data-start=\"1420\" data-end=\"1521\"><strong data-start=\"1420\" data-end=\"1466\">P\u0159\u00edpravu na p\u00edsemnou i&nbsp;\u00fastn\u00ed \u010d\u00e1st zkou\u0161ky:<\/strong> konkr\u00e9tn\u00ed tipy, modelov\u00e9 situace a&nbsp;osv\u011bd\u010den\u00e9 postupy<\/li>\n<li data-start=\"1524\" data-end=\"1640\"><strong data-start=\"1524\" data-end=\"1584\">Specifika pr\u00e1ce s&nbsp;ukrajinsky a&nbsp;rusky mluv\u00edc\u00edmi studenty:<\/strong> \u010dast\u00e9 chyby, interferen\u010dn\u00ed jevy a&nbsp;doporu\u010den\u00e9 p\u0159\u00edstupy<\/li>\n<\/ul>\n<p data-start=\"1642\" data-end=\"1773\">Webin\u00e1\u0159 vych\u00e1z\u00ed z&nbsp;praktick\u00fdch zku\u0161enost\u00ed s&nbsp;v\u00fdukou v&nbsp;rekvalifika\u010dn\u00edch kurzech a&nbsp;z&nbsp;dlouhodob\u00e9 p\u0159\u00edpravy student\u016f na zkou\u0161ky z&nbsp;\u010de\u0161tiny.<\/p>\n<p data-start=\"1775\" data-end=\"1839\">Webin\u00e1\u0159 povede na\u0161e senior lektorka <strong data-start=\"1811\" data-end=\"1838\">Mgr. Radana Studenovsk\u00e1<\/strong><strong>\u00a0<\/strong>a bude trvat p\u0159ibli\u017en\u011b 60 minut.<\/p>\n<p>P\u0159ihl\u00e1sit se m\u016f\u017eete do 25.&nbsp;2.&nbsp;2026.<\/p>\n<p>Webin\u00e1\u0159 prob\u011bhne na Webexu v\u00a0\u010desk\u00e9m jazyce.<\/p>\n<h3>Pro\u010d se webin\u00e1\u0159e z\u00fa\u010dastnit?<\/h3>\n<ul>\n<li data-start=\"1880\" data-end=\"1943\">Z\u00edsk\u00e1te jasn\u00fd r\u00e1mec pro strukturov\u00e1n\u00ed rekvalifika\u010dn\u00edho kurzu.<\/li>\n<li data-start=\"1946\" data-end=\"2025\">Ujasn\u00edte si, jak systematicky v\u00e9st studenty ke spln\u011bn\u00ed zkou\u0161kov\u00fdch po\u017eadavk\u016f.<\/li>\n<li data-start=\"2028\" data-end=\"2086\">Odnesete si konkr\u00e9tn\u00ed metodick\u00e9 tipy vyu\u017eiteln\u00e9 v&nbsp;praxi.<\/li>\n<li data-start=\"2089\" data-end=\"2163\">Z\u00edsk\u00e1te doporu\u010den\u00ed vych\u00e1zej\u00edc\u00ed z&nbsp;re\u00e1ln\u00e9 zku\u0161enosti s&nbsp;c\u00edlov\u00fdmi skupinami.<\/li>\n<li data-start=\"2166\" data-end=\"2217\">Budete m\u00edt prostor pro dotazy a&nbsp;sd\u00edlen\u00ed zku\u0161enost\u00ed.<\/li>\n<\/ul>\n<h3>Program webin\u00e1\u0159e<\/h3>\n<ul>\n<li data-start=\"2247\" data-end=\"2317\">\u00davod: charakteristika rekvalifika\u010dn\u00edch kurz\u016f a&nbsp;zkou\u0161kov\u00fdch po\u017eadavk\u016f<\/li>\n<li data-start=\"2320\" data-end=\"2357\">Struktura kurzu podle c\u00edlov\u00e9 \u00farovn\u011b<\/li>\n<li data-start=\"2360\" data-end=\"2410\">Metodika pr\u00e1ce s&nbsp;tematick\u00fdmi okruhy a&nbsp;gramatikou<\/li>\n<li data-start=\"2413\" data-end=\"2451\">P\u0159\u00edprava na jednotliv\u00e9 \u010d\u00e1sti zkou\u0161ky<\/li>\n<li data-start=\"2454\" data-end=\"2499\">Specifika v\u00fduky vybran\u00fdch jazykov\u00fdch skupin<\/li>\n<li data-start=\"2502\" data-end=\"2532\">Diskuse a&nbsp;odpov\u011bdi na dotazy<\/li>\n<\/ul>\n<h3>Komu je webin\u00e1\u0159 ur\u010den?<\/h3>\n<ul>\n<li>U\u010ditel\u016fm a&nbsp;lektor\u016fm \u010de\u0161tiny jako ciz\u00edho jazyka, kte\u0159\u00ed cht\u011bj\u00ed zlep\u0161it svou p\u0159\u00edpravu student\u016f na jazykov\u00e9 zkou\u0161ky.<\/li>\n<li>Ka\u017ed\u00e9mu, kdo pom\u00e1h\u00e1 cizinc\u016fm dos\u00e1hnout jejich c\u00edle v&nbsp;procesu z\u00edsk\u00e1n\u00ed trval\u00e9ho pobytu nebo ob\u010danstv\u00ed.<\/li>\n<\/ul>\n<h3>P\u0159ihlaste se nyn\u00ed!<\/h3>\n<p data-start=\"2808\" data-end=\"2850\">Registrace je otev\u0159ena do <strong data-start=\"2834\" data-end=\"2849\">25.&nbsp;2.&nbsp;2026<\/strong>.<\/p>\n<p data-start=\"2852\" data-end=\"3014\">P\u0159ihlaste se a&nbsp;z\u00edskejte metodick\u00e9 podn\u011bty a&nbsp;praktick\u00e9 tipy, kter\u00e9 v\u00e1m pomohou efektivn\u011b v\u00e9st rekvalifika\u010dn\u00ed kurzy a&nbsp;p\u0159ipravit studenty na \u00fasp\u011b\u0161n\u00e9 slo\u017een\u00ed zkou\u0161ky.<\/p>\n<p data-start=\"3016\" data-end=\"3128\">Pozv\u00e1nku na Webex obdr\u017e\u00edte nejpozd\u011bji den p\u0159ed kon\u00e1n\u00edm webin\u00e1\u0159e. Pokud ji neobdr\u017e\u00edte, nev\u00e1hejte n\u00e1s kontaktovat.<\/p>\n<p>&nbsp;<\/p>\n<h3>Informace o&nbsp;z\u00e1znamu webin\u00e1\u0159e<\/h3>\n<p><span data-teams=\"true\">\u00da\u010dast\u00ed na webin\u00e1\u0159i souhlas\u00edte s&nbsp;t\u00edm, \u017ee bude po\u0159izov\u00e1na jeho nahr\u00e1vka. Tato nahr\u00e1vka je ur\u010dena v\u00fdhradn\u011b pro pot\u0159eby \u00fa\u010dastn\u00edk\u016f a&nbsp;bude v\u00e1m po&nbsp;skon\u010den\u00ed webin\u00e1\u0159e <strong>zasl\u00e1na na e-mailovou adresu<\/strong>, kterou jste uvedli p\u0159i&nbsp;registraci, a&nbsp;to i&nbsp;v&nbsp;p\u0159\u00edpad\u011b, \u017ee se <strong>nebudete moci z\u00fa\u010dastnit webin\u00e1\u0159e.<\/strong><\/span><\/p>\n<p>Pokud m\u00e1te jak\u00e9koli ot\u00e1zky, kontaktujte n\u00e1s pros\u00edm p\u0159ed zah\u00e1jen\u00edm webin\u00e1\u0159e na\u00a0<a>&#109;&#101;t&#111;&#100;&#105;ka&#64;&#115;kriva&#110;ek.&#99;z<\/a>.<\/p>\n<p>&nbsp;<\/p>\n","protected":false},"excerpt":{"rendered":"<p><span style=\"font-size: 20px;\">Ve \u010dtvrtek <strong data-start=\"388\" data-end=\"412\">26.&nbsp;2.&nbsp;2026 od 19:00<\/strong> po\u0159\u00e1d\u00e1me webin\u00e1\u0159 na t\u00e9ma <strong><em>\u201eV\u00fduka \u010de\u0161tiny pro cizince v&nbsp;rekvalifika\u010dn\u00edch kurzech a&nbsp;p\u0159\u00edprava student\u016f na zkou\u0161ku<\/em><\/strong><strong><em>\u201c.<\/em><\/strong><\/span><\/p>\n<h3>Informace o&nbsp;webin\u00e1\u0159i<\/h3>\n<ul>\n<li><strong>D\u00e9lka:<\/strong> 60 minut<\/li>\n<li><strong>Forma:<\/strong> Online p\u0159es Webex<\/li>\n<li><strong>Jazyk:<\/strong> \u010de\u0161tina<\/li>\n<li>metodika v\u00fduky, struktura kurzu, p\u0159\u00edprava na zkou\u0161ku (A1, A2, B1)<\/li>\n<\/ul>\n","protected":false},"featured_media":73335,"template":"","meta":{"_acf_changed":false},"product_brand":[],"product_cat":[48],"product_tag":[],"class_list":{"0":"post-79761","1":"product","2":"type-product","3":"status-publish","4":"has-post-thumbnail","6":"product_cat-webinare-archiv","8":"first","9":"outofstock","10":"downloadable","11":"virtual","12":"sold-individually","13":"product-type-simple"},"acf":[],"aioseo_notices":[],"_links":{"self":[{"href":"https:\/\/skrivanek.cz\/cz\/wp-json\/wp\/v2\/product\/79761","targetHints":{"allow":["GET"]}}],"collection":[{"href":"https:\/\/skrivanek.cz\/cz\/wp-json\/wp\/v2\/product"}],"about":[{"href":"https:\/\/skrivanek.cz\/cz\/wp-json\/wp\/v2\/types\/product"}],"wp:featuredmedia":[{"embeddable":true,"href":"https:\/\/skrivanek.cz\/cz\/wp-json\/wp\/v2\/media\/73335"}],"wp:attachment":[{"href":"https:\/\/skrivanek.cz\/cz\/wp-json\/wp\/v2\/media?parent=79761"}],"wp:term":[{"taxonomy":"product_brand","embeddable":true,"href":"https:\/\/skrivanek.cz\/cz\/wp-json\/wp\/v2\/product_brand?post=79761"},{"taxonomy":"product_cat","embeddable":true,"href":"https:\/\/skrivanek.cz\/cz\/wp-json\/wp\/v2\/product_cat?post=79761"},{"taxonomy":"product_tag","embeddable":true,"href":"https:\/\/skrivanek.cz\/cz\/wp-json\/wp\/v2\/product_tag?post=79761"}],"curies":[{"name":"wp","href":"https:\/\/api.w.org\/{rel}","templated":true}]}}