{"id":79766,"date":"2026-02-18T18:01:27","date_gmt":"2026-02-18T17:01:27","guid":{"rendered":"https:\/\/skrivanek.cz\/?post_type=product&#038;p=79766"},"modified":"2026-03-13T10:49:23","modified_gmt":"2026-03-13T09:49:23","slug":"webinar-jak-zaujmout-kreativnimi-aktivitami-pojmout-lekce-hravou-formou","status":"publish","type":"product","link":"https:\/\/skrivanek.cz\/cz\/produkt\/webinar-jak-zaujmout-kreativnimi-aktivitami-pojmout-lekce-hravou-formou\/","title":{"rendered":"Webin\u00e1\u0159: Jak zaujmout kreativn\u00edmi aktivitami a&nbsp;pojmout lekce hravou formou"},"content":{"rendered":"<p data-start=\"724\" data-end=\"919\">Webin\u00e1\u0159 se zam\u011b\u0159\u00ed na konkr\u00e9tn\u00ed aktivity, kter\u00e9 lze okam\u017eit\u011b zapojit do v\u00fduky \u2013 bez slo\u017eit\u00e9 p\u0159\u00edpravy a&nbsp;bez nutnosti speci\u00e1ln\u00edch pom\u016fcek.<\/p>\n<h3>V r\u00e1mci webin\u00e1\u0159e se pod\u00edv\u00e1me na:<\/h3>\n<ul>\n<li data-start=\"958\" data-end=\"1042\"><strong data-start=\"958\" data-end=\"989\">Origin\u00e1ln\u00ed zah\u00e1jen\u00ed hodiny:<\/strong> jak studenty aktivizovat jinak ne\u017e rutinn\u00ed ot\u00e1zkou<\/li>\n<li data-start=\"1045\" data-end=\"1154\"><strong data-start=\"1045\" data-end=\"1081\">Kreativn\u00ed pr\u00e1ci v&nbsp;pr\u016fb\u011bhu lekce:<\/strong> aktivity podporuj\u00edc\u00ed komunikaci, spolupr\u00e1ci a&nbsp;zapojen\u00ed v\u0161ech \u00fa\u010dastn\u00edk\u016f<\/li>\n<li data-start=\"1157\" data-end=\"1207\"><strong data-start=\"1157\" data-end=\"1205\">Hrav\u00e9 procvi\u010dov\u00e1n\u00ed gramatiky a&nbsp;slovn\u00ed z\u00e1soby<\/strong><\/li>\n<li data-start=\"1210\" data-end=\"1304\"><strong data-start=\"1210\" data-end=\"1242\">Smyslupln\u00e9 zakon\u010den\u00ed hodiny:<\/strong> jak lekci uzav\u0159\u00edt tak, aby si studenti odnesli jasn\u00fd v\u00fdstup<\/li>\n<li data-start=\"1307\" data-end=\"1360\"><strong data-start=\"1307\" data-end=\"1360\">Budov\u00e1n\u00ed bezpe\u010dn\u00e9 a&nbsp;motivuj\u00edc\u00ed atmosf\u00e9ry ve t\u0159\u00edd\u011b<\/strong><\/li>\n<\/ul>\n<p data-start=\"1362\" data-end=\"1470\">Webin\u00e1\u0159 vych\u00e1z\u00ed z&nbsp;praxe a&nbsp;nab\u00eddne konkr\u00e9tn\u00ed p\u0159\u00edklady vyu\u017eiteln\u00e9 v&nbsp;r\u016fzn\u00fdch typech kurz\u016f i&nbsp;v\u011bkov\u00fdch skupin\u00e1ch.<\/p>\n<p data-start=\"1472\" data-end=\"1531\">Webin\u00e1\u0159 povede na\u0161e pra\u017esk\u00e1 lektorka <strong data-start=\"1509\" data-end=\"1530\">Denisa Ricigliano\u00a0<\/strong> a&nbsp;bude trvat p\u0159ibli\u017en\u011b 90 minut.<\/p>\n<p>P\u0159ihl\u00e1sit se m\u016f\u017eete do 12.&nbsp;3.&nbsp;2026.<\/p>\n<p>Webin\u00e1\u0159 prob\u011bhne na Webexu v\u00a0\u010desk\u00e9m jazyce.<\/p>\n<h3>Pro\u010d se webin\u00e1\u0159e z\u00fa\u010dastnit?<\/h3>\n<ul>\n<li data-start=\"1572\" data-end=\"1618\">Z\u00edsk\u00e1te nov\u00e9 n\u00e1pady pro o\u017eiven\u00ed sv\u00fdch lekc\u00ed.<\/li>\n<li data-start=\"1621\" data-end=\"1696\">Roz\u0161\u00ed\u0159\u00edte si z\u00e1sobn\u00edk aktivit, kter\u00e9 podporuj\u00ed aktivn\u00ed zapojen\u00ed student\u016f.<\/li>\n<li data-start=\"1699\" data-end=\"1765\">Nau\u010d\u00edte se pracovat s&nbsp;kreativitou systematicky, nikoli nahodile.<\/li>\n<li data-start=\"1768\" data-end=\"1822\">Pos\u00edl\u00edte motivaci student\u016f i&nbsp;vlastn\u00ed radost z&nbsp;v\u00fduky.<\/li>\n<li data-start=\"1825\" data-end=\"1876\">Budete m\u00edt prostor pro sd\u00edlen\u00ed zku\u0161enost\u00ed a&nbsp;dotazy.<\/li>\n<\/ul>\n<h3>Program webin\u00e1\u0159e<\/h3>\n<ul>\n<li data-start=\"1906\" data-end=\"1947\">\u00davod: pro\u010d kreativita a&nbsp;hravost funguj\u00ed<\/li>\n<li data-start=\"1950\" data-end=\"1990\">Aktiviza\u010dn\u00ed techniky na za\u010d\u00e1tek hodiny<\/li>\n<li data-start=\"1993\" data-end=\"2034\">Kreativn\u00ed aktivity v&nbsp;hlavn\u00ed \u010d\u00e1sti lekce<\/li>\n<li data-start=\"2037\" data-end=\"2069\">Hrav\u00e9 opakov\u00e1n\u00ed a&nbsp;fixace u\u010diva<\/li>\n<li data-start=\"2072\" data-end=\"2100\">Efektivn\u00ed zakon\u010den\u00ed hodiny<\/li>\n<li data-start=\"2103\" data-end=\"2133\">Diskuse a&nbsp;odpov\u011bdi na dotazy<\/li>\n<\/ul>\n<h3>Komu je webin\u00e1\u0159 ur\u010den?<\/h3>\n<ul>\n<li data-start=\"2169\" data-end=\"2196\">Lektor\u016fm jazykov\u00fdch kurz\u016f<\/li>\n<li data-start=\"2199\" data-end=\"2233\">U\u010ditel\u016fm na \u0161kol\u00e1ch v\u0161ech stup\u0148\u016f<\/li>\n<li data-start=\"2236\" data-end=\"2303\">Za\u010d\u00ednaj\u00edc\u00edm i&nbsp;zku\u0161en\u00fdm pedagog\u016fm, kte\u0159\u00ed cht\u011bj\u00ed obohatit sv\u00e9 lekce<\/li>\n<li data-start=\"2306\" data-end=\"2374\">V\u0161em, kdo cht\u011bj\u00ed p\u0159in\u00e9st do v\u00fduky v\u00edce zapojen\u00ed a&nbsp;p\u0159irozen\u00e9 motivace<\/li>\n<\/ul>\n<h3>P\u0159ihlaste se nyn\u00ed!<\/h3>\n<p data-start=\"2403\" data-end=\"2445\">Registrace je otev\u0159ena do <strong data-start=\"2429\" data-end=\"2444\">12.&nbsp;3.&nbsp;2026<\/strong>.<\/p>\n<p data-start=\"2447\" data-end=\"2534\">P\u0159ihlaste se a&nbsp;inspirujte se aktivitami, kter\u00e9 m\u016f\u017eete za\u010d\u00edt pou\u017e\u00edvat hned ve sv\u00e9 v\u00fduce.<\/p>\n<p data-start=\"2536\" data-end=\"2648\">Pozv\u00e1nku na Webex obdr\u017e\u00edte nejpozd\u011bji den p\u0159ed kon\u00e1n\u00edm webin\u00e1\u0159e. Pokud ji neobdr\u017e\u00edte, nev\u00e1hejte n\u00e1s kontaktovat.<\/p>\n<p>&nbsp;<\/p>\n<h3>Informace o&nbsp;z\u00e1znamu webin\u00e1\u0159e<\/h3>\n<p><span data-teams=\"true\">\u00da\u010dast\u00ed na webin\u00e1\u0159i souhlas\u00edte s&nbsp;t\u00edm, \u017ee bude po\u0159izov\u00e1na jeho nahr\u00e1vka. Tato nahr\u00e1vka je ur\u010dena v\u00fdhradn\u011b pro pot\u0159eby \u00fa\u010dastn\u00edk\u016f a&nbsp;bude v\u00e1m po&nbsp;skon\u010den\u00ed webin\u00e1\u0159e <strong>zasl\u00e1na na e-mailovou adresu<\/strong>, kterou jste uvedli p\u0159i&nbsp;registraci, a&nbsp;to i&nbsp;v&nbsp;p\u0159\u00edpad\u011b, \u017ee se <strong>nebudete moci z\u00fa\u010dastnit webin\u00e1\u0159e.<\/strong><\/span><\/p>\n<p>Pokud m\u00e1te jak\u00e9koli ot\u00e1zky, kontaktujte n\u00e1s pros\u00edm p\u0159ed zah\u00e1jen\u00edm webin\u00e1\u0159e na\u00a0<a>me&#116;od&#105;&#107;a&#64;skr&#105;&#118;&#97;ne&#107;.c&#122;<\/a>.<\/p>\n<p>&nbsp;<\/p>\n","protected":false},"excerpt":{"rendered":"<p><span style=\"font-size: 20px;\">V p\u00e1tek <strong data-start=\"250\" data-end=\"274\">13.&nbsp;3.&nbsp;2026 od 18:00<\/strong> po\u0159\u00e1d\u00e1me webin\u00e1\u0159 na t\u00e9ma <strong><em>\u201eJak zaujmout kreativn\u00edmi aktivitami a&nbsp;pojmout lekce hravou formou<\/em><\/strong><strong><em>\u201c.<\/em><\/strong><\/span><\/p>\n<p>Hled\u00e1te nov\u00e9 zp\u016fsoby, jak d\u00e1t sv\u00fdm lekc\u00edm sv\u011b\u017e\u00ed energii a&nbsp;zaujmout studenty od prvn\u00ed minuty a\u017e do z\u00e1v\u011bru hodiny? Tento webin\u00e1\u0159 nab\u00eddne praktick\u00e9 a&nbsp;snadno vyu\u017eiteln\u00e9 inspirace, jak pracovat s&nbsp;kreativitou a&nbsp;hravost\u00ed nap\u0159\u00ed\u010d celou lekc\u00ed.<\/p>\n<h3>Informace o&nbsp;webin\u00e1\u0159i<\/h3>\n<ul>\n<li><strong>D\u00e9lka:<\/strong> 90 minut<\/li>\n<li><strong>Forma:<\/strong> Online p\u0159es Webex<\/li>\n<li><strong>Jazyk:<\/strong> \u010de\u0161tina<\/li>\n<li><strong data-start=\"727\" data-end=\"742\">Ur\u010deno pro:<\/strong> lektory a&nbsp;u\u010ditele<\/li>\n<\/ul>\n","protected":false},"featured_media":79767,"template":"","meta":{"_acf_changed":false},"product_brand":[],"product_cat":[48],"product_tag":[],"class_list":{"0":"post-79766","1":"product","2":"type-product","3":"status-publish","4":"has-post-thumbnail","6":"product_cat-webinare-archiv","8":"first","9":"outofstock","10":"downloadable","11":"virtual","12":"sold-individually","13":"purchasable","14":"product-type-simple"},"acf":[],"aioseo_notices":[],"_links":{"self":[{"href":"https:\/\/skrivanek.cz\/cz\/wp-json\/wp\/v2\/product\/79766","targetHints":{"allow":["GET"]}}],"collection":[{"href":"https:\/\/skrivanek.cz\/cz\/wp-json\/wp\/v2\/product"}],"about":[{"href":"https:\/\/skrivanek.cz\/cz\/wp-json\/wp\/v2\/types\/product"}],"wp:featuredmedia":[{"embeddable":true,"href":"https:\/\/skrivanek.cz\/cz\/wp-json\/wp\/v2\/media\/79767"}],"wp:attachment":[{"href":"https:\/\/skrivanek.cz\/cz\/wp-json\/wp\/v2\/media?parent=79766"}],"wp:term":[{"taxonomy":"product_brand","embeddable":true,"href":"https:\/\/skrivanek.cz\/cz\/wp-json\/wp\/v2\/product_brand?post=79766"},{"taxonomy":"product_cat","embeddable":true,"href":"https:\/\/skrivanek.cz\/cz\/wp-json\/wp\/v2\/product_cat?post=79766"},{"taxonomy":"product_tag","embeddable":true,"href":"https:\/\/skrivanek.cz\/cz\/wp-json\/wp\/v2\/product_tag?post=79766"}],"curies":[{"name":"wp","href":"https:\/\/api.w.org\/{rel}","templated":true}]}}