{"id":79915,"date":"2026-03-12T14:08:42","date_gmt":"2026-03-12T13:08:42","guid":{"rendered":"https:\/\/skrivanek.cz\/?post_type=product&#038;p=79915"},"modified":"2026-03-12T18:17:39","modified_gmt":"2026-03-12T17:17:39","slug":"letni-kurz-anglictina-kolem-sveta-ceske-budejovice","status":"publish","type":"product","link":"https:\/\/skrivanek.cz\/cz\/produkt\/letni-kurz-anglictina-kolem-sveta-ceske-budejovice\/","title":{"rendered":"Letn\u00ed kurz Angli\u010dtina kolem sv\u011bta \u00b7 \u010cesk\u00e9 Bud\u011bjovice \u00b7 10.\u201314.&nbsp;8.&nbsp;2026"},"content":{"rendered":"<h3 data-section-id=\"ed9jee\" data-start=\"2315\" data-end=\"2362\">Letn\u00ed angli\u010dtina, kter\u00e1 d\u011bti vt\u00e1hne do d\u011bje<\/h3>\n<p data-start=\"2363\" data-end=\"2584\">Ne ka\u017ed\u00e9 d\u00edt\u011b si u\u017eije klasickou v\u00fduku jazyka. Kdy\u017e se ale angli\u010dtina propoj\u00ed s&nbsp;cestov\u00e1n\u00edm, kulturou, hrami a&nbsp;re\u00e1ln\u00fdmi situacemi, za\u010d\u00edn\u00e1 d\u00e1vat mnohem v\u011bt\u0161\u00ed smysl. Pr\u00e1v\u011b na tom je postaven\u00fd kurz <strong data-start=\"2557\" data-end=\"2583\">Angli\u010dtina kolem sv\u011bta<\/strong>.<\/p>\n<p data-start=\"2586\" data-end=\"3000\">B\u011bhem p\u011bti dn\u016f d\u011bti symbolicky nav\u0161t\u00edv\u00ed n\u011bkolik anglicky mluv\u00edc\u00edch zem\u00ed a&nbsp;budou objevovat, jak se angli\u010dtina pou\u017e\u00edv\u00e1 v&nbsp;r\u016fzn\u00fdch prost\u0159ed\u00edch. Nejde o&nbsp;memorov\u00e1n\u00ed pou\u010dek, ale o&nbsp;p\u0159irozen\u00e9 pou\u017e\u00edv\u00e1n\u00ed jazyka v&nbsp;praxi, s&nbsp;d\u016frazem na porozum\u011bn\u00ed, komunikaci a&nbsp;jistotu p\u0159i&nbsp;mluven\u00ed.<\/p>\n<h3 data-section-id=\"1mtowj4\" data-start=\"3002\" data-end=\"3034\">Pro\u010d vybrat pr\u00e1v\u011b tento kurz<\/h3>\n<p data-start=\"3035\" data-end=\"3055\">D\u011bti si b\u011bhem t\u00fddne:<\/p>\n<ul>\n<li data-start=\"3058\" data-end=\"3109\">roz\u0161\u00ed\u0159\u00ed slovn\u00ed z\u00e1sobu p\u0159irozenou a&nbsp;z\u00e1bavnou formou,<\/li>\n<li data-start=\"3112\" data-end=\"3158\">zlep\u0161\u00ed porozum\u011bn\u00ed r\u016fzn\u00fdm variant\u00e1m angli\u010dtiny,<\/li>\n<li data-start=\"3161\" data-end=\"3195\">z\u00edskaj\u00ed v\u011bt\u0161\u00ed jistotu p\u0159i&nbsp;mluven\u00ed,<\/li>\n<li data-start=\"3198\" data-end=\"3245\">vyzkou\u0161\u00ed si angli\u010dtinu v&nbsp;konkr\u00e9tn\u00edch situac\u00edch,<\/li>\n<li data-start=\"3248\" data-end=\"3300\">za\u017eij\u00ed v\u00fduku, kter\u00e1 je aktivn\u00ed, pestr\u00e1 a&nbsp;motivuj\u00edc\u00ed.<\/li>\n<\/ul>\n<p data-start=\"3302\" data-end=\"3546\">Na hlavn\u00ed str\u00e1nce kurzu Sk\u0159iv\u00e1nek uv\u00e1d\u00ed, \u017ee d\u011bti \u010dekaj\u00ed <strong data-start=\"3358\" data-end=\"3437\">hry, t\u00fdmov\u00e9 v\u00fdzvy, videa, diskuse, jazykov\u00e9 sout\u011b\u017ee a&nbsp;interaktivn\u00ed aktivity<\/strong>, p\u0159i\u010dem\u017e d\u016fraz je kladen hlavn\u011b na mluven\u00ed a&nbsp;aktivn\u00ed pou\u017e\u00edv\u00e1n\u00ed jazyka.<\/p>\n<h3 data-section-id=\"1sl2r6k\" data-start=\"3548\" data-end=\"3578\">Co d\u011bti b\u011bhem t\u00fddne za\u017eij\u00ed<\/h3>\n<p data-start=\"3579\" data-end=\"3881\">Ka\u017ed\u00fd den bude spojen s&nbsp;jinou anglicky mluv\u00edc\u00ed zem\u00ed a&nbsp;jin\u00fdm jazykov\u00fdm \u010di&nbsp;kulturn\u00edm t\u00e9matem. D\u011bti se tak setkaj\u00ed s&nbsp;r\u016fzn\u00fdmi akcenty, typick\u00fdmi v\u00fdrazy i&nbsp;zaj\u00edmavostmi ze sv\u011bta angli\u010dtiny. Sou\u010d\u00e1st\u00ed programu jsou z\u00e1bavn\u00e9 jazykov\u00e9 aktivity, t\u00fdmov\u00e1 spolupr\u00e1ce i&nbsp;komunikace v&nbsp;situac\u00edch, kter\u00e9 jsou d\u011btem bl\u00edzk\u00e9.<\/p>\n<p data-start=\"3883\" data-end=\"4091\">Kurz je navr\u017een tak, aby d\u011bti angli\u010dtinu <strong data-start=\"3924\" data-end=\"3966\">nejen prob\u00edraly, ale opravdu pou\u017e\u00edvaly<\/strong>.\u00a0<\/p>\n<h3 data-section-id=\"gvmc9n\" data-start=\"4093\" data-end=\"4115\">Co si d\u011bti odnesou<\/h3>\n<p data-start=\"4116\" data-end=\"4153\">Po absolvov\u00e1n\u00ed kurzu si d\u011bti odnesou:<\/p>\n<ul>\n<li data-start=\"4156\" data-end=\"4202\">v\u011bt\u0161\u00ed sebejistotu p\u0159i&nbsp;komunikaci v&nbsp;angli\u010dtin\u011b,<\/li>\n<li data-start=\"4205\" data-end=\"4248\">lep\u0161\u00ed porozum\u011bn\u00ed r\u016fzn\u00fdm podob\u00e1m angli\u010dtiny,<\/li>\n<li data-start=\"4251\" data-end=\"4271\">\u0161ir\u0161\u00ed slovn\u00ed z\u00e1sobu,<\/li>\n<li data-start=\"4274\" data-end=\"4302\">pozitivn\u011bj\u0161\u00ed vztah k&nbsp;jazyku,<\/li>\n<li data-start=\"4305\" data-end=\"4369\">zku\u0161enost, \u017ee angli\u010dtina m\u016f\u017ee b\u00fdt p\u0159irozen\u00e1, u\u017eite\u010dn\u00e1 a&nbsp;z\u00e1bavn\u00e1.<\/li>\n<\/ul>\n<h3 data-section-id=\"ndu79z\" data-start=\"4480\" data-end=\"4507\">Pro koho je kurz vhodn\u00fd<\/h3>\n<p data-start=\"4508\" data-end=\"4791\">Kurz je vhodn\u00fd pro d\u011bti ve v\u011bku <strong data-start=\"4540\" data-end=\"4553\">11\u201313 let<\/strong>, kter\u00e9 cht\u011bj\u00ed b\u011bhem l\u00e9ta angli\u010dtinu rozv\u00edjet jinak ne\u017e ve \u0161kole. Ocen\u00ed ho d\u011bti, kter\u00e9 r\u00e1dy komunikuj\u00ed, objevuj\u00ed nov\u00e9 v\u011bci a&nbsp;l\u00e9pe reaguj\u00ed na praktickou a&nbsp;interaktivn\u00ed formu v\u00fduky ne\u017e na tradi\u010dn\u00ed dril.<\/p>\n<h3 data-section-id=\"17r8lxh\" data-start=\"4982\" data-end=\"5007\">Rezervujte m\u00edsto v\u010das<\/h3>\n<p data-start=\"5008\" data-end=\"5344\">Po\u010det m\u00edst je omezen\u00fd. Dop\u0159ejte sv\u00e9mu d\u00edt\u011bti l\u00e9to, kter\u00e9 spoj\u00ed angli\u010dtinu, z\u00e1bavu a&nbsp;nov\u00e9 zku\u0161enosti. Kurz <strong data-start=\"5114\" data-end=\"5140\">Angli\u010dtina kolem sv\u011bta<\/strong> pom\u016f\u017ee d\u011btem z\u00edskat v\u011bt\u0161\u00ed jistotu v&nbsp;jazyce a&nbsp;z\u00e1rove\u0148 si v\u00fduku opravdu u\u017e\u00edt.\u00a0<\/p>\n<p data-start=\"5008\" data-end=\"5344\">\u00a0<\/p>\n<p>\u2714 <strong>Zru\u0161en\u00ed do 05.&nbsp;6.&nbsp;2026<\/strong> \u2013 vrac\u00edme <strong>100&nbsp;%<\/strong> uhrazen\u00e9 \u010d\u00e1stky.<br \/>\n\u2714 <strong>Zru\u0161en\u00ed do 15.&nbsp;6.&nbsp;2026<\/strong> \u2013 vrac\u00edme <strong>50&nbsp;%<\/strong> uhrazen\u00e9 \u010d\u00e1stky.<br \/>\n\u2714 <strong>Zru\u0161en\u00ed po&nbsp;15.&nbsp;6.&nbsp;2026<\/strong> \u2013 bohu\u017eel <strong>\u010d\u00e1stku ji\u017e nelze vr\u00e1tit<\/strong>.<\/p>\n","protected":false},"excerpt":{"rendered":"<p>Vydejte se s&nbsp;n\u00e1mi na letn\u00ed jazykov\u00e9 dobrodru\u017estv\u00ed. Kurz <a href=\"https:\/\/skrivanek.cz\/cz\/letni-kurz-anglictiny-pro-deti-a-mladez\/#anglictina-kolem-sveta\"><strong>Angli\u010dtina kolem sv\u011bta<\/strong><\/a> je ur\u010den pro d\u011bti ve v\u011bku <strong data-start=\"1948\" data-end=\"1961\">11\u201313 let<\/strong> a&nbsp;b\u011bhem p\u011bti dn\u016f je zavede do r\u016fzn\u00fdch kout\u016f anglicky mluv\u00edc\u00edho sv\u011bta. D\u011bti \u010dek\u00e1 z\u00e1bavn\u00e1 a&nbsp;aktivn\u00ed v\u00fduka pln\u00e1 her, konverzace, vide\u00ed, t\u00fdmov\u00fdch aktivit a&nbsp;zaj\u00edmavost\u00ed o&nbsp;jazyce i&nbsp;kultu\u0159e. Kurz prob\u00edh\u00e1 <strong data-start=\"2159\" data-end=\"2182\">prezen\u010dn\u011b:<\/strong><\/p>\n<p>\ud83d\udccd\u00a0<strong data-start=\"386\" data-end=\"396\">M\u00edsto:<\/strong> <a href=\"https:\/\/www.google.com\/maps\/place\/Sk%C5%99iv%C3%A1nek+%E2%80%93+p%C5%99eklady,+tlumo%C4%8Den%C3%AD,+jazykov%C3%A1+%C5%A1kola,+lokalizace,+pobo%C4%8Dka+%C4%8Cesk%C3%A9+Bud%C4%9Bjovice\/@48.9739803,14.4703242,17z\/data=!3m1!4b1!4m6!3m5!1s0x47734fcf7f099375:0x8724d976211629c0!8m2!3d48.9739768!4d14.4728991!16s%2Fg%2F1pp2vmm2n?entry=ttu&amp;g_ep=EgoyMDI2MDMwOS4wIKXMDSoASAFQAw%3D%3D\"><strong>\u010cesk\u00e9 Bud\u011bjovice\u00a0<\/strong><em>(Radni\u010dn\u00ed 133\/1, 370\u00a001 \u010cesk\u00e9 Bud\u011bjovice)<\/em><\/a><br data-start=\"423\" data-end=\"426\" \/><br \/>\n<br \/>\n\ud83d\udcc5\u00a0<strong data-start=\"429\" data-end=\"440\">Term\u00edn:<\/strong> 10.\u201314.&nbsp;8.&nbsp;2026<br data-start=\"463\" data-end=\"466\" \/><br \/>\n<br \/>\n\ud83d\udd58\u00a0<strong data-start=\"469\" data-end=\"477\">\u010cas:<\/strong> 9:00-13:00<br data-start=\"520\" data-end=\"523\" \/><br \/>\n<br \/>\n\ud83d\udcb0\u00a0<strong data-start=\"526\" data-end=\"535\">Cena:<\/strong> 3&nbsp;490&nbsp;K\u010d (v\u010detn\u011b DPH)<\/p>\n","protected":false},"featured_media":79917,"template":"","meta":{"_acf_changed":false},"product_brand":[],"product_cat":[52],"product_tag":[],"class_list":{"0":"post-79915","1":"product","2":"type-product","3":"status-publish","4":"has-post-thumbnail","6":"product_cat-speaking-skills-praha","8":"first","9":"instock","10":"downloadable","11":"virtual","12":"purchasable","13":"product-type-simple"},"acf":[],"aioseo_notices":[],"_links":{"self":[{"href":"https:\/\/skrivanek.cz\/cz\/wp-json\/wp\/v2\/product\/79915","targetHints":{"allow":["GET"]}}],"collection":[{"href":"https:\/\/skrivanek.cz\/cz\/wp-json\/wp\/v2\/product"}],"about":[{"href":"https:\/\/skrivanek.cz\/cz\/wp-json\/wp\/v2\/types\/product"}],"wp:featuredmedia":[{"embeddable":true,"href":"https:\/\/skrivanek.cz\/cz\/wp-json\/wp\/v2\/media\/79917"}],"wp:attachment":[{"href":"https:\/\/skrivanek.cz\/cz\/wp-json\/wp\/v2\/media?parent=79915"}],"wp:term":[{"taxonomy":"product_brand","embeddable":true,"href":"https:\/\/skrivanek.cz\/cz\/wp-json\/wp\/v2\/product_brand?post=79915"},{"taxonomy":"product_cat","embeddable":true,"href":"https:\/\/skrivanek.cz\/cz\/wp-json\/wp\/v2\/product_cat?post=79915"},{"taxonomy":"product_tag","embeddable":true,"href":"https:\/\/skrivanek.cz\/cz\/wp-json\/wp\/v2\/product_tag?post=79915"}],"curies":[{"name":"wp","href":"https:\/\/api.w.org\/{rel}","templated":true}]}}