{"id":79967,"date":"2026-03-12T17:52:56","date_gmt":"2026-03-12T16:52:56","guid":{"rendered":"https:\/\/skrivanek.cz\/?post_type=product&#038;p=79967"},"modified":"2026-04-16T13:23:53","modified_gmt":"2026-04-16T11:23:53","slug":"letni-kurz-anglictina-s-ai-pardubice","status":"publish","type":"product","link":"https:\/\/skrivanek.cz\/cz\/produkt\/letni-kurz-anglictina-s-ai-pardubice\/","title":{"rendered":"Letn\u00ed kurz Angli\u010dtina s&nbsp;AI \u00b7 Pardubice \u00b7 17.\u201321.&nbsp;7.&nbsp;2026"},"content":{"rendered":"<h3 data-section-id=\"avfrjv\" data-start=\"6222\" data-end=\"6259\">Angli\u010dtina budoucnosti za\u010d\u00edn\u00e1 te\u010f<\/h3>\n<p data-start=\"6260\" data-end=\"6519\">Dne\u0161n\u00ed teenage\u0159i budou vyr\u016fstat ve sv\u011bt\u011b, kde budou jazykov\u00e9 dovednosti a&nbsp;pr\u00e1ce s&nbsp;technologiemi st\u00e1le d\u016fle\u017eit\u011bj\u0161\u00ed. Kurz <strong data-start=\"6380\" data-end=\"6399\">Angli\u010dtina s&nbsp;AI<\/strong> proto spojuje dv\u011b oblasti, kter\u00e9 k&nbsp;sob\u011b p\u0159irozen\u011b pat\u0159\u00ed: komunikaci v&nbsp;angli\u010dtin\u011b a&nbsp;praktick\u00e9 vyu\u017eit\u00ed um\u011bl\u00e9 inteligence.<\/p>\n<p data-start=\"6521\" data-end=\"6854\">Na webu Sk\u0159iv\u00e1nek je kurz p\u0159edstaven jako modern\u00ed jazykov\u00fd program pro teenagery, kde si studenti vyzkou\u0161\u00ed, jak m\u016f\u017ee AI pomoci p\u0159i&nbsp;psan\u00ed, mluven\u00ed, p\u0159\u00edprav\u011b prezentac\u00ed i&nbsp;zlep\u0161ov\u00e1n\u00ed v\u00fdslovnosti, a&nbsp;z\u00e1rove\u0148 se nau\u010d\u00ed p\u0159em\u00fd\u0161let kriticky o&nbsp;jej\u00edch mo\u017enostech a&nbsp;limitech. P\u0159esn\u011b to je jeho hlavn\u00ed s\u00edla.<\/p>\n<h3 data-section-id=\"1t8gj9k\" data-start=\"6856\" data-end=\"6888\">Pro\u010d zvolit pr\u00e1v\u011b tento kurz<\/h3>\n<p data-start=\"6889\" data-end=\"6955\">Kurz nen\u00ed jen o&nbsp;tom \u201ezeptat se AI na odpov\u011b\u010f\u201c. Je o&nbsp;tom nau\u010dit se:<\/p>\n<ul>\n<li data-start=\"6958\" data-end=\"6999\">pou\u017e\u00edvat angli\u010dtinu aktivn\u011b a&nbsp;sebev\u011bdom\u011b,<\/li>\n<li data-start=\"7002\" data-end=\"7039\">vyu\u017e\u00edvat modern\u00ed n\u00e1stroje smyslupln\u011b,<\/li>\n<li data-start=\"7042\" data-end=\"7088\">tvo\u0159it, diskutovat a&nbsp;prezentovat v&nbsp;angli\u010dtin\u011b,<\/li>\n<li data-start=\"7091\" data-end=\"7145\">ch\u00e1pat, kde AI pom\u00e1h\u00e1 a&nbsp;kde je pot\u0159eba vlastn\u00ed \u00fasudek,<\/li>\n<li data-start=\"7148\" data-end=\"7205\">z\u00edskat dovednosti, kter\u00e9 maj\u00ed re\u00e1ln\u00e9 vyu\u017eit\u00ed do budoucna.<\/li>\n<\/ul>\n<h3 data-section-id=\"wflxdj\" data-start=\"7331\" data-end=\"7366\">Co teenage\u0159i b\u011bhem t\u00fddne za\u017eij\u00ed<\/h3>\n<p data-start=\"7367\" data-end=\"7423\">Podle ofici\u00e1ln\u00edho popisu je sou\u010d\u00e1st\u00ed programu nap\u0159\u00edklad:<\/p>\n<ul>\n<li data-start=\"7426\" data-end=\"7469\">debata o&nbsp;tom, zda AI m\u016f\u017ee nahradit u\u010ditele,<\/li>\n<li data-start=\"7472\" data-end=\"7522\">vytv\u00e1\u0159en\u00ed vlastn\u00edch p\u0159\u00edb\u011bh\u016f a&nbsp;text\u016f s&nbsp;podporou AI,<\/li>\n<li data-start=\"7525\" data-end=\"7582\">oprava chyb a&nbsp;vylep\u0161ov\u00e1n\u00ed stylu pomoc\u00ed chytr\u00fdch n\u00e1stroj\u016f,<\/li>\n<li data-start=\"7585\" data-end=\"7614\">porovn\u00e1v\u00e1n\u00ed r\u016fzn\u00fdch chatbot\u016f,<\/li>\n<li data-start=\"7617\" data-end=\"7665\">pr\u00e1ce s&nbsp;hlasem, v\u00fdslovnost\u00ed a&nbsp;AI zp\u011btnou vazbou,<\/li>\n<li data-start=\"7668\" data-end=\"7746\">z\u00e1v\u011bre\u010dn\u00fd t\u00fdmov\u00fd projekt a&nbsp;prezentace.<\/li>\n<\/ul>\n<p data-start=\"7748\" data-end=\"7927\">To znamen\u00e1, \u017ee studenti b\u011bhem kurzu nejen procvi\u010duj\u00ed angli\u010dtinu, ale z\u00e1rove\u0148 si buduj\u00ed zdrav\u00fd a&nbsp;praktick\u00fd vztah k&nbsp;technologi\u00edm, kter\u00e9 budou st\u00e1le b\u011b\u017en\u011bj\u0161\u00ed sou\u010d\u00e1st\u00ed studia i&nbsp;pr\u00e1ce.<\/p>\n<h3 data-section-id=\"17sap3t\" data-start=\"7929\" data-end=\"7955\">Co si studenti odnesou<\/h3>\n<p data-start=\"7956\" data-end=\"7998\">Po absolvov\u00e1n\u00ed kurzu si teenage\u0159i odnesou:<\/p>\n<ul>\n<li data-start=\"8001\" data-end=\"8033\">v\u011bt\u0161\u00ed jistotu v&nbsp;mluven\u00ed i&nbsp;psan\u00ed,<\/li>\n<li data-start=\"8036\" data-end=\"8075\">lep\u0161\u00ed porozum\u011bn\u00ed modern\u00edm technologi\u00edm,<\/li>\n<li data-start=\"8078\" data-end=\"8118\">schopnost pou\u017e\u00edvat AI chyt\u0159e a&nbsp;bezpe\u010dn\u011b,<\/li>\n<li data-start=\"8121\" data-end=\"8165\">novou slovn\u00ed z\u00e1sobu a&nbsp;p\u0159esn\u011bj\u0161\u00ed vyjad\u0159ov\u00e1n\u00ed,<\/li>\n<li data-start=\"8168\" data-end=\"8204\">zku\u0161enost s&nbsp;prezentac\u00ed v&nbsp;angli\u010dtin\u011b.<\/li>\n<\/ul>\n<h3 data-section-id=\"1whp3j8\" data-start=\"8306\" data-end=\"8346\">Kurz, kter\u00fd d\u00e1v\u00e1 smysl i&nbsp;do budoucna<\/h3>\n<p data-start=\"8347\" data-end=\"8670\">Rodi\u010de \u010dasto hledaj\u00ed letn\u00ed program, kter\u00fd nebude jen \u201ehl\u00edd\u00e1n\u00ed s&nbsp;angli\u010dtinou\u201c, ale d\u00edt\u011b opravdu posune. U&nbsp;tohoto kurzu je p\u0159idan\u00e1 hodnota jasn\u00e1: teenager si procvi\u010d\u00ed jazyk, z\u00edsk\u00e1 v\u011bt\u0161\u00ed jistotu p\u0159i&nbsp;samostatn\u00e9m vyjad\u0159ov\u00e1n\u00ed a&nbsp;z\u00e1rove\u0148 se sezn\u00e1m\u00ed s&nbsp;technologiemi, kter\u00e9 budou sou\u010d\u00e1st\u00ed jeho dal\u0161\u00edho vzd\u011bl\u00e1v\u00e1n\u00ed i&nbsp;pracovn\u00edho \u017eivota.<\/p>\n<h3 data-section-id=\"ndu79z\" data-start=\"8672\" data-end=\"8699\">Pro koho je kurz vhodn\u00fd<\/h3>\n<p data-start=\"8700\" data-end=\"8970\">Kurz je ur\u010den pro teenagery ve v\u011bku <strong data-start=\"8736\" data-end=\"8749\">14\u201316 let<\/strong>, kte\u0159\u00ed cht\u011bj\u00ed zlep\u0161it angli\u010dtinu modern\u00ed a&nbsp;praktickou formou. Hod\u00ed se pro studenty, kter\u00e9 zaj\u00edmaj\u00ed technologie, kreativn\u00ed pr\u00e1ce s&nbsp;jazykem, prezentace, diskuse i&nbsp;nov\u00e9 zp\u016fsoby u\u010den\u00ed.<\/p>\n<h3 data-section-id=\"17r8lxh\" data-start=\"9161\" data-end=\"9186\">Rezervujte m\u00edsto v\u010das<\/h3>\n<p data-start=\"9187\" data-end=\"9483\">Po\u010det m\u00edst je omezen\u00fd. Kurz <strong data-start=\"9215\" data-end=\"9234\">Angli\u010dtina s&nbsp;AI<\/strong> pom\u016f\u017ee va\u0161emu teenagerovi rozv\u00edjet angli\u010dtinu zp\u016fsobem, kter\u00fd odpov\u00edd\u00e1 dne\u0161n\u00ed dob\u011b \u2014 prakticky, chyt\u0159e a&nbsp;s&nbsp;p\u0159esahem do budoucnosti.<\/p>\n<p data-start=\"9187\" data-end=\"9483\">\u00a0<\/p>\n<p>\u2714 <strong>Zru\u0161en\u00ed do 05.&nbsp;6.&nbsp;2026<\/strong> \u2013 vrac\u00edme <strong>100&nbsp;%<\/strong> uhrazen\u00e9 \u010d\u00e1stky.<br \/>\n\u2714 <strong>Zru\u0161en\u00ed do 15.&nbsp;6.&nbsp;2026<\/strong> \u2013 vrac\u00edme <strong>50&nbsp;%<\/strong> uhrazen\u00e9 \u010d\u00e1stky.<br \/>\n\u2714 <strong>Zru\u0161en\u00ed po&nbsp;15.&nbsp;6.&nbsp;2026<\/strong> \u2013 bohu\u017eel <strong>\u010d\u00e1stku ji\u017e nelze vr\u00e1tit<\/strong>.<\/p>\n","protected":false},"excerpt":{"rendered":"<p>Modern\u00ed letn\u00ed kurz pro teenagery, kte\u0159\u00ed cht\u011bj\u00ed rozv\u00edjet angli\u010dtinu a&nbsp;z\u00e1rove\u0148 se nau\u010dit chyt\u0159e pracovat s&nbsp;um\u011blou inteligenc\u00ed. Kurz <a href=\"https:\/\/skrivanek.cz\/cz\/letni-kurz-anglictiny-pro-deti-a-mladez\/#anglictina-AI\"><strong>Angli\u010dtina s&nbsp;AI<\/strong><\/a> je ur\u010den pro v\u011bkovou skupinu <strong data-start=\"5932\" data-end=\"5945\">14\u201316 let<\/strong> a&nbsp;propojuje konverzaci, psan\u00ed, prezentaci a&nbsp;jazykovou praxi s&nbsp;t\u00e9maty, kter\u00e1 jsou dnes skute\u010dn\u011b aktu\u00e1ln\u00ed. Kurz prob\u00edh\u00e1 <strong data-start=\"6064\" data-end=\"6087\">prezen\u010dn\u011b:<\/strong><\/p>\n<p>\ud83d\udccd\u00a0<strong data-start=\"386\" data-end=\"396\">M\u00edsto:<\/strong> <a href=\"https:\/\/www.google.com\/maps\/place\/Sk%C5%99iv%C3%A1nek+s.r.o.+%E2%80%93+p%C5%99eklady,+tlumo%C4%8Den%C3%AD,+jazykov%C3%A1+%C5%A1kola,+lokalizace,+pobo%C4%8Dka+Pardubice\/@50.0238858,15.7686452,17z\/data=!3m1!4b1!4m6!3m5!1s0x470dcc9ba04ef509:0xcdd4da9c68f70860!8m2!3d50.0238824!4d15.7712201!16s%2Fg%2F1td0lr49?entry=ttu&amp;g_ep=EgoyMDI2MDMwOS4wIKXMDSoASAFQAw%3D%3D\"><strong>Pardubice\u00a0<\/strong><em>(Jana Palacha 1552, 530\u00a002\u00a0Pardubice)<\/em><\/a><br data-start=\"423\" data-end=\"426\" \/><br \/>\n<br \/>\n\ud83d\udcc5\u00a0<strong data-start=\"429\" data-end=\"440\">Term\u00edn:<\/strong> 17.\u201321.&nbsp;7.&nbsp;2026<br data-start=\"463\" data-end=\"466\" \/><br \/>\n<br \/>\n\ud83d\udd58\u00a0<strong data-start=\"469\" data-end=\"477\">\u010cas:<\/strong> 9:00-13:00<br data-start=\"520\" data-end=\"523\" \/><br \/>\n<br \/>\n\ud83d\udcb0\u00a0<strong data-start=\"526\" data-end=\"535\">Cena:<\/strong> 3\u00a0490&nbsp;K\u010d (v\u010detn\u011b DPH)<\/p>\n","protected":false},"featured_media":79968,"template":"","meta":{"_acf_changed":false},"product_brand":[],"product_cat":[52],"product_tag":[],"class_list":{"0":"post-79967","1":"product","2":"type-product","3":"status-publish","4":"has-post-thumbnail","6":"product_cat-speaking-skills-praha","8":"first","9":"instock","10":"downloadable","11":"virtual","12":"purchasable","13":"product-type-simple"},"acf":[],"aioseo_notices":[],"_links":{"self":[{"href":"https:\/\/skrivanek.cz\/cz\/wp-json\/wp\/v2\/product\/79967","targetHints":{"allow":["GET"]}}],"collection":[{"href":"https:\/\/skrivanek.cz\/cz\/wp-json\/wp\/v2\/product"}],"about":[{"href":"https:\/\/skrivanek.cz\/cz\/wp-json\/wp\/v2\/types\/product"}],"wp:featuredmedia":[{"embeddable":true,"href":"https:\/\/skrivanek.cz\/cz\/wp-json\/wp\/v2\/media\/79968"}],"wp:attachment":[{"href":"https:\/\/skrivanek.cz\/cz\/wp-json\/wp\/v2\/media?parent=79967"}],"wp:term":[{"taxonomy":"product_brand","embeddable":true,"href":"https:\/\/skrivanek.cz\/cz\/wp-json\/wp\/v2\/product_brand?post=79967"},{"taxonomy":"product_cat","embeddable":true,"href":"https:\/\/skrivanek.cz\/cz\/wp-json\/wp\/v2\/product_cat?post=79967"},{"taxonomy":"product_tag","embeddable":true,"href":"https:\/\/skrivanek.cz\/cz\/wp-json\/wp\/v2\/product_tag?post=79967"}],"curies":[{"name":"wp","href":"https:\/\/api.w.org\/{rel}","templated":true}]}}