{"id":10466,"date":"2021-04-19T14:25:49","date_gmt":"2021-04-19T12:25:49","guid":{"rendered":"https:\/\/skrivanek.cz\/?page_id=10466"},"modified":"2025-05-13T09:20:28","modified_gmt":"2025-05-13T07:20:28","slug":"references-language-courses","status":"publish","type":"page","link":"https:\/\/skrivanek.cz\/en\/language-school\/references-language-courses\/","title":{"rendered":"References language courses"},"content":{"rendered":"<div id=\"pl-10466\"  class=\"panel-layout\" ><div id=\"pg-10466-0\"  class=\"panel-grid panel-no-style\"  style=\"margin-bottom: 0px\" ><div id=\"pgc-10466-0-0\"  class=\"panel-grid-cell\" ><div id=\"panel-10466-0-0-0\" class=\"so-panel widget widget_wpa9-carousel-images panel-first-child panel-last-child\" data-index=\"0\" ><div\n\t\t\t\n\t\t\tclass=\"so-widget-wpa9-carousel-images so-widget-wpa9-carousel-images-default-c93e1481a745-10466\"\n\t\t\t\n\t\t>\n<div class=\"wpa9-carousel-images\">\n\n\t<h3 class=\"widget-title\">Automotive<\/h3>\n\t\n\t<div id=\"wpa9-carousel-images-z6EPUJ\" class=\"carousel slide carousel-fade\" data-bs-interval=\"8000\" data-bs-ride=\"carousel\" data-bs-touch=\"true\">\n\n\t\t<div class=\"carousel-inner\">\n\n\t\t\t\n\t\t\t\n\t\t\t\t<div class=\"wpa9-carousel-images-item carousel-item bg-white active\">\n\n\t\t\t\t\t\n\t\t\t\t\t\t\n\t\t\t\t\t\t<img decoding=\"async\" src=\"https:\/\/skrivanek.cz\/wp-content\/uploads\/2021\/04\/ref-brisk.svg\" alt=\"Brisk\" \/>\n\n\t\t\t\t\t\t\n\t\t\t\t\t\n\t\t\t\t\t\t\n\t\t\t\t\t\t<img decoding=\"async\" src=\"https:\/\/skrivanek.cz\/wp-content\/uploads\/2021\/04\/lear.svg\" alt=\"Lear\" \/>\n\n\t\t\t\t\t\t\n\t\t\t\t\t\n\t\t\t\t\t\t\n\t\t\t\t\t\t<img decoding=\"async\" src=\"https:\/\/skrivanek.cz\/wp-content\/uploads\/2021\/04\/yazaki.svg\" alt=\"Yazaki\" \/>\n\n\t\t\t\t\t\t\n\t\t\t\t\t\n\t\t\t\t\t\t\n\t\t\t\t\t\t<img decoding=\"async\" src=\"https:\/\/skrivanek.cz\/wp-content\/uploads\/2021\/04\/kokinetics.svg\" alt=\"Kokinetics\" \/>\n\n\t\t\t\t\t\t<br \/>\n\t\t\t\t\t\n\t\t\t\t\t\t\n\t\t\t\t\t\t<img decoding=\"async\" src=\"https:\/\/skrivanek.cz\/wp-content\/uploads\/2021\/04\/fehrer.svg\" alt=\"Fehrer\" \/>\n\n\t\t\t\t\t\t\n\t\t\t\t\t\n\t\t\t\t\t\t\n\t\t\t\t<\/div>\n\n\t\t\t\n\t\t<\/div>\n\t\t<!-- .carousel-inner -->\n\n\t\t\n\t<\/div>\n\t<!-- #wpa9-carousel-images -->\n\n<\/div>\n<!-- .wpa9-carousel-images -->\n<\/div><\/div><\/div><\/div><div id=\"pg-10466-1\"  class=\"panel-grid panel-no-style\"  style=\"margin-bottom: 0px\" ><div id=\"pgc-10466-1-0\"  class=\"panel-grid-cell\" ><div id=\"panel-10466-1-0-0\" class=\"so-panel widget widget_wpa9-carousel-images panel-first-child panel-last-child\" data-index=\"1\" ><div\n\t\t\t\n\t\t\tclass=\"so-widget-wpa9-carousel-images so-widget-wpa9-carousel-images-default-c93e1481a745-10466\"\n\t\t\t\n\t\t>\n<div class=\"wpa9-carousel-images\">\n\n\t<h3 class=\"widget-title\">Administrative, education and finance<\/h3>\n\t\n\t<div id=\"wpa9-carousel-images-FeYKtC\" class=\"carousel slide carousel-fade\" data-bs-interval=\"8000\" data-bs-ride=\"carousel\" data-bs-touch=\"true\">\n\n\t\t<div class=\"carousel-inner\">\n\n\t\t\t\n\t\t\t\n\t\t\t\t<div class=\"wpa9-carousel-images-item carousel-item bg-white active\">\n\n\t\t\t\t\t\n\t\t\t\t\t\t\n\t\t\t\t\t\t<img decoding=\"async\" src=\"https:\/\/skrivanek.cz\/wp-content\/uploads\/2021\/04\/nicom-1.svg\" alt=\"Nikom\" \/>\n\n\t\t\t\t\t\t\n\t\t\t\t\t\n\t\t\t\t\t\t\n\t\t\t\t\t\t<img decoding=\"async\" src=\"https:\/\/skrivanek.cz\/wp-content\/uploads\/2022\/03\/ref-bi.svg\" alt=\"Business institut\" \/>\n\n\t\t\t\t\t\t\n\t\t\t\t\t\n\t\t\t\t\t\t\n\t\t\t\t<\/div>\n\n\t\t\t\n\t\t<\/div>\n\t\t<!-- .carousel-inner -->\n\n\t\t\n\t<\/div>\n\t<!-- #wpa9-carousel-images -->\n\n<\/div>\n<!-- .wpa9-carousel-images -->\n<\/div><\/div><\/div><\/div><div id=\"pg-10466-2\"  class=\"panel-grid panel-no-style\"  style=\"margin-bottom: 0px\" ><div id=\"pgc-10466-2-0\"  class=\"panel-grid-cell\" ><div id=\"panel-10466-2-0-0\" class=\"so-panel widget widget_wpa9-carousel-images panel-first-child panel-last-child\" data-index=\"2\" ><div\n\t\t\t\n\t\t\tclass=\"so-widget-wpa9-carousel-images so-widget-wpa9-carousel-images-default-c93e1481a745-10466\"\n\t\t\t\n\t\t>\n<div class=\"wpa9-carousel-images\">\n\n\t<h3 class=\"widget-title\">Electrical engineering and industrial automation<\/h3>\n\t\n\t<div id=\"wpa9-carousel-images-507lHm\" class=\"carousel slide carousel-fade\" data-bs-interval=\"8000\" data-bs-ride=\"carousel\" data-bs-touch=\"true\">\n\n\t\t<div class=\"carousel-inner\">\n\n\t\t\t\n\t\t\t\n\t\t\t\t<div class=\"wpa9-carousel-images-item carousel-item bg-white active\">\n\n\t\t\t\t\t\n\t\t\t\t\t\t\n\t\t\t\t\t\t<img decoding=\"async\" src=\"https:\/\/skrivanek.cz\/wp-content\/uploads\/2021\/04\/ref-abb.svg\" alt=\"ABB\" \/>\n\n\t\t\t\t\t\t\n\t\t\t\t\t\n\t\t\t\t\t\t\n\t\t\t\t\t\t<img decoding=\"async\" src=\"https:\/\/skrivanek.cz\/wp-content\/uploads\/2021\/04\/axima.svg\" alt=\"AXIMA\" \/>\n\n\t\t\t\t\t\t\n\t\t\t\t\t\n\t\t\t\t\t\t\n\t\t\t\t\t\t<img decoding=\"async\" src=\"https:\/\/skrivanek.cz\/wp-content\/uploads\/2021\/04\/dribo-1.svg\" alt=\"Dribo\" \/>\n\n\t\t\t\t\t\t\n\t\t\t\t\t\n\t\t\t\t\t\t\n\t\t\t\t\t\t<img decoding=\"async\" src=\"https:\/\/skrivanek.cz\/wp-content\/uploads\/2021\/04\/ref-esi.svg\" alt=\"ESI Group\" \/>\n\n\t\t\t\t\t\t<br \/>\n\t\t\t\t\t\n\t\t\t\t\t\t\n\t\t\t\t\t\t<img decoding=\"async\" src=\"https:\/\/skrivanek.cz\/wp-content\/uploads\/2021\/07\/ricoh.svg\" alt=\"Ricoh\" \/>\n\n\t\t\t\t\t\t\n\t\t\t\t\t\n\t\t\t\t\t\t\n\t\t\t\t\t\t<img decoding=\"async\" src=\"https:\/\/skrivanek.cz\/wp-content\/uploads\/2021\/04\/ref-siemens.svg\" alt=\"Siemens\" \/>\n\n\t\t\t\t\t\t\n\t\t\t\t\t\n\t\t\t\t\t\t\n\t\t\t\t\t\t<img decoding=\"async\" src=\"https:\/\/skrivanek.cz\/wp-content\/uploads\/2021\/04\/ref-skoda.svg\" alt=\"\u0160koda\" \/>\n\n\t\t\t\t\t\t\n\t\t\t\t\t\n\t\t\t\t\t\t\n\t\t\t\t\t\t\n\t\t\t\t\t\t\n\t\t\t\t<\/div>\n\n\t\t\t\n\t\t<\/div>\n\t\t<!-- .carousel-inner -->\n\n\t\t\n\t<\/div>\n\t<!-- #wpa9-carousel-images -->\n\n<\/div>\n<!-- .wpa9-carousel-images -->\n<\/div><\/div><\/div><\/div><div id=\"pg-10466-3\"  class=\"panel-grid panel-no-style\"  style=\"margin-bottom: 0px\" ><div id=\"pgc-10466-3-0\"  class=\"panel-grid-cell\" ><div id=\"panel-10466-3-0-0\" class=\"so-panel widget widget_wpa9-carousel-images panel-first-child panel-last-child\" data-index=\"3\" ><div\n\t\t\t\n\t\t\tclass=\"so-widget-wpa9-carousel-images so-widget-wpa9-carousel-images-default-c93e1481a745-10466\"\n\t\t\t\n\t\t>\n<div class=\"wpa9-carousel-images\">\n\n\t<h3 class=\"widget-title\">Textile and shoe industry<\/h3>\n\t\n\t<div id=\"wpa9-carousel-images-gIyPD5\" class=\"carousel slide carousel-fade\" data-bs-interval=\"8000\" data-bs-ride=\"carousel\" data-bs-touch=\"true\">\n\n\t\t<div class=\"carousel-inner\">\n\n\t\t\t\n\t\t\t\n\t\t\t\t<div class=\"wpa9-carousel-images-item carousel-item bg-white active\">\n\n\t\t\t\t\t\n\t\t\t\t\t\t\n\t\t\t\t\t\t<img decoding=\"async\" src=\"https:\/\/skrivanek.cz\/wp-content\/uploads\/2021\/04\/ref-bata.svg\" alt=\"Ba\u0165a\" \/>\n\n\t\t\t\t\t\t\n\t\t\t\t\t\n\t\t\t\t\t\t\n\t\t\t\t\t\t<img decoding=\"async\" src=\"https:\/\/skrivanek.cz\/wp-content\/uploads\/2021\/04\/hannah.svg\" alt=\"Hannah\" \/>\n\n\t\t\t\t\t\t<br \/>\n\t\t\t\t\t\n\t\t\t\t<\/div>\n\n\t\t\t\n\t\t<\/div>\n\t\t<!-- .carousel-inner -->\n\n\t\t\n\t<\/div>\n\t<!-- #wpa9-carousel-images -->\n\n<\/div>\n<!-- .wpa9-carousel-images -->\n<\/div><\/div><\/div><\/div><div id=\"pg-10466-4\"  class=\"panel-grid panel-has-style\"  style=\"margin-bottom: 0px\" ><div class=\"siteorigin-panels-stretch panel-row-style panel-row-style-for-10466-4\" data-stretch-type=\"full\" ><div id=\"pgc-10466-4-0\"  class=\"panel-grid-cell\" ><div id=\"panel-10466-4-0-0\" class=\"so-panel widget widget_skrv-incl-widget panel-first-child panel-last-child\" data-index=\"4\" ><div\n\t\t\t\n\t\t\tclass=\"so-widget-skrv-incl-widget so-widget-skrv-incl-widget-default-c93e1481a745-10466\"\n\t\t\t\n\t\t><div id=\"pl-4582\"  class=\"panel-layout\" ><div id=\"pg-4582-0\"  class=\"panel-grid panel-no-style\" ><div id=\"pgc-4582-0-0\"  class=\"panel-grid-cell\" ><div id=\"panel-4582-0-0-0\" class=\"so-panel widget widget_skrv-testimonials panel-first-child panel-last-child\" data-index=\"0\" ><div\n\t\t\t\n\t\t\tclass=\"so-widget-skrv-testimonials so-widget-skrv-testimonials-default-c93e1481a745-10466\"\n\t\t\t\n\t\t>\n\n<div class=\"skrv-testimonials\">\n\n    \n  <h3 class=\"widget-title\"><span class=\"title-wrapper\"><span class=\"title_bg_character\" style=\"color:#ffffff\">\u201d<\/span><span class=\"title\">Reliability, speed and quality of services<\/span><\/span><\/h3>\n  <div id=\"skrv-testimonial\" class=\"carousel slide\" data-bs-interval=\"4000\" data-bs-ride=\"carousel\" data-bs-touch=\"true\">\n    <div class=\"carousel-inner\">\n                <div class=\"skrv-testimonial-item carousel-item active\">\n        <div class=\"d-block\">\n                    <blockquote class=\"skrv-testimonial-text\">\"Skriv\u00e1nek s.r.o. is a&nbsp;long-standing supplier of translations of our tourist guides and multilingual books. We are very content with the comprehensive nature and quality of the provided services.\"<\/blockquote>\n          <h6 class=\"skrv-testimonial-client\">Vydavatelstv\u00ed MCU s.r.o., \u010cesk\u00fd Krumlov<\/h6>\n        <\/div>\n      <\/div>\n                <div class=\"skrv-testimonial-item carousel-item\">\n        <div class=\"d-block\">\n                    <blockquote class=\"skrv-testimonial-text\">\"We are very pleased with the services Sk\u0159iv\u00e1nek s.r.o. provides. Above all, we appreciate the professional standard of its teachers and the prompt handling of all our requests.\"<\/blockquote>\n          <h6 class=\"skrv-testimonial-client\">LANNUTTI CZECH, s.r.o., Louka u&nbsp;Litv\u00ednova<\/h6>\n        <\/div>\n      <\/div>\n                <div class=\"skrv-testimonial-item carousel-item\">\n        <div class=\"d-block\">\n                    <blockquote class=\"skrv-testimonial-text\">\"The language teaching services of Skriv\u00e1nek s.r.o. were provided punctually, properly and professionally.\"<\/blockquote>\n          <h6 class=\"skrv-testimonial-client\">MICONEX, s.r.o., Liberec<\/h6>\n        <\/div>\n      <\/div>\n                <div class=\"skrv-testimonial-item carousel-item\">\n        <div class=\"d-block\">\n                    <blockquote class=\"skrv-testimonial-text\">\"We are very happy not only with the translations of technical texts, such as manuals and operating instructions for machinery, but also with the communication and compliance with deadlines. We can definitely recommend cooperation with Sk\u0159iv\u00e1nek s&nbsp;r.o.\"<\/blockquote>\n          <h6 class=\"skrv-testimonial-client\">ALPLA, spol. s.r.o., Byst\u0159ice<\/h6>\n        <\/div>\n      <\/div>\n                <div class=\"skrv-testimonial-item carousel-item\">\n        <div class=\"d-block\">\n                    <blockquote class=\"skrv-testimonial-text\">\"In order to provide our employees with the necessary language skills for them to perform their work, we have been cooperating with the Sk\u0159iv\u00e1nek language agency since 2006. We are happy with the quality of their language courses, which is confirmed by the fact that we have expanded English language teaching over the past few years with new courses. Our cooperation has been problem-free and, therefore, we plan to continue using their services in the future.\"<\/blockquote>\n          <h6 class=\"skrv-testimonial-client\">Zeelandia, spol. s&nbsp;r.o., Mal\u0161ice<\/h6>\n        <\/div>\n      <\/div>\n        <\/div>\n\n    <a class=\"carousel-control-prev\" href=\"#0\" data-bs-target=\"#skrv-testimonial\" role=\"button\" data-bs-slide=\"prev\">\n      <span class=\"carousel-control-prev-icon\" aria-hidden=\"true\"><\/span>\n      <span class=\"sr-only\">Previous<\/span>\n    <\/a>\n    <a class=\"carousel-control-next\" href=\"#0\" data-bs-target=\"#skrv-testimonial\" role=\"button\" data-bs-slide=\"next\">\n      <span class=\"carousel-control-next-icon\" aria-hidden=\"true\"><\/span>\n      <span class=\"sr-only\">Next<\/span>\n    <\/a>\n\n    <ol class=\"carousel-indicators hidden\">\n                <li data-bs-target=\"#skrv-testimonial\" data-bs-slide-to=\"0\" class=\"active\"><\/li>\n                <li data-bs-target=\"#skrv-testimonial\" data-bs-slide-to=\"1\" class=\"\"><\/li>\n                <li data-bs-target=\"#skrv-testimonial\" data-bs-slide-to=\"2\" class=\"\"><\/li>\n                <li data-bs-target=\"#skrv-testimonial\" data-bs-slide-to=\"3\" class=\"\"><\/li>\n                <li data-bs-target=\"#skrv-testimonial\" data-bs-slide-to=\"4\" class=\"\"><\/li>\n        <\/ol>\n  <\/div>\n\n<\/div>\n\n<\/div><\/div><\/div><\/div><\/div><\/div><\/div><\/div><\/div><\/div><div id=\"pg-10466-5\"  class=\"panel-grid panel-no-style\"  style=\"margin-bottom: 0px\" ><div id=\"pgc-10466-5-0\"  class=\"panel-grid-cell\" ><div id=\"panel-10466-5-0-0\" class=\"so-panel widget widget_wpa9-carousel-images panel-first-child panel-last-child\" data-index=\"5\" ><div\n\t\t\t\n\t\t\tclass=\"so-widget-wpa9-carousel-images so-widget-wpa9-carousel-images-default-c93e1481a745-10466\"\n\t\t\t\n\t\t>\n<div class=\"wpa9-carousel-images\">\n\n\t<h3 class=\"widget-title\">Construction industry and building industry<\/h3>\n\t\n\t<div id=\"wpa9-carousel-images-AaXWlN\" class=\"carousel slide carousel-fade\" data-bs-interval=\"8000\" data-bs-ride=\"carousel\" data-bs-touch=\"true\">\n\n\t\t<div class=\"carousel-inner\">\n\n\t\t\t\n\t\t\t\n\t\t\t\t<div class=\"wpa9-carousel-images-item carousel-item bg-white active\">\n\n\t\t\t\t\t\n\t\t\t\t\t\t\n\t\t\t\t\t\t<img decoding=\"async\" src=\"https:\/\/skrivanek.cz\/wp-content\/uploads\/2021\/04\/aco-1.svg\" alt=\"ACO\" \/>\n\n\t\t\t\t\t\t\n\t\t\t\t\t\n\t\t\t\t\t\t\n\t\t\t\t\t\t<img alt=\"strabag-1\" decoding=\"async\" src=\"https:\/\/skrivanek.cz\/wp-content\/uploads\/2021\/08\/strabag-1.svg\" alt=\"\" \/>\n\n\t\t\t\t\t\t\n\t\t\t\t\t\n\t\t\t\t\t\t\n\t\t\t\t\t\t\n\t\t\t\t<\/div>\n\n\t\t\t\n\t\t<\/div>\n\t\t<!-- .carousel-inner -->\n\n\t\t\n\t<\/div>\n\t<!-- #wpa9-carousel-images -->\n\n<\/div>\n<!-- .wpa9-carousel-images -->\n<\/div><\/div><\/div><\/div><div id=\"pg-10466-6\"  class=\"panel-grid panel-no-style\"  style=\"margin-bottom: 0px\" ><div id=\"pgc-10466-6-0\"  class=\"panel-grid-cell\" ><div id=\"panel-10466-6-0-0\" class=\"so-panel widget widget_wpa9-carousel-images panel-first-child panel-last-child\" data-index=\"6\" ><div\n\t\t\t\n\t\t\tclass=\"so-widget-wpa9-carousel-images so-widget-wpa9-carousel-images-default-c93e1481a745-10466\"\n\t\t\t\n\t\t>\n<div class=\"wpa9-carousel-images\">\n\n\t<h3 class=\"widget-title\">Technical and engineering industry<\/h3>\n\t\n\t<div id=\"wpa9-carousel-images-D3SxVk\" class=\"carousel slide carousel-fade\" data-bs-interval=\"8000\" data-bs-ride=\"carousel\" data-bs-touch=\"true\">\n\n\t\t<div class=\"carousel-inner\">\n\n\t\t\t\n\t\t\t\n\t\t\t\t<div class=\"wpa9-carousel-images-item carousel-item bg-white active\">\n\n\t\t\t\t\t\n\t\t\t\t\t\t\n\t\t\t\t\t\t<img decoding=\"async\" src=\"https:\/\/skrivanek.cz\/wp-content\/uploads\/2021\/04\/ref-air-products.svg\" alt=\"Air products\" \/>\n\n\t\t\t\t\t\t\n\t\t\t\t\t\n\t\t\t\t\t\t\n\t\t\t\t\t\t<img decoding=\"async\" src=\"https:\/\/skrivanek.cz\/wp-content\/uploads\/2021\/04\/elmarco-1.svg\" alt=\"Elmarco\" \/>\n\n\t\t\t\t\t\t\n\t\t\t\t\t\n\t\t\t\t\t\t\n\t\t\t\t\t\t<img decoding=\"async\" src=\"https:\/\/skrivanek.cz\/wp-content\/uploads\/2021\/04\/litostroj.svg\" alt=\"Litostroj\" \/>\n\n\t\t\t\t\t\t<br \/>\n\t\t\t\t\t\n\t\t\t\t<\/div>\n\n\t\t\t\n\t\t<\/div>\n\t\t<!-- .carousel-inner -->\n\n\t\t\n\t<\/div>\n\t<!-- #wpa9-carousel-images -->\n\n<\/div>\n<!-- .wpa9-carousel-images -->\n<\/div><\/div><\/div><\/div><div id=\"pg-10466-7\"  class=\"panel-grid panel-has-style\"  style=\"margin-bottom: 0px\" ><div class=\"siteorigin-panels-stretch panel-row-padding-none panel-row-style panel-row-style-for-10466-7\" data-stretch-type=\"full\" ><div id=\"pgc-10466-7-0\"  class=\"panel-grid-cell\" ><div id=\"panel-10466-7-0-0\" class=\"so-panel widget widget_skrv-incl-widget panel-first-child panel-last-child\" data-index=\"7\" ><div\n\t\t\t\n\t\t\tclass=\"so-widget-skrv-incl-widget so-widget-skrv-incl-widget-default-c93e1481a745-10466\"\n\t\t\t\n\t\t><div id=\"pl-4575\"  class=\"panel-layout\" ><div id=\"pg-4575-0\"  class=\"panel-grid panel-has-style\" ><div class=\"siteorigin-panels-stretch panel-row-padding-none panel-row-style panel-row-style-for-4575-0\" data-stretch-type=\"full\" ><div id=\"pgc-4575-0-0\"  class=\"panel-grid-cell\" ><div id=\"panel-4575-0-0-0\" class=\"widget_text so-panel widget widget_custom_html panel-first-child panel-last-child\" data-index=\"0\" ><div class=\"textwidget custom-html-widget\"><div class=\"wpa9-cta-box-ext\">\n\t<div class=\"wpa9-cta-box-ext-header\">\n\t\t<h2>In Skrivanek we have <br \/>more than 30 years of experience<\/h2>\n<p>\n\tThis enables us to easily select the best specialist for your texts.\n<\/p>\n\t<\/div>\n\n<div class=\"d-flex flex-row justify-content-center\">\n\t<div class=\"advantage-section counter-section\">\n\t\t<span class=\"h1\"><span class=\"value\" data-counter-duration=\"3000\">110<\/span>+<\/span><br \/>languages in various combinations\n\t<\/div>\n\t<div class=\"advantage-section\">\n\t\t<span class=\"h1\"><span class=\"value\" data-counter-duration=\"750\">4<\/span> billion<\/span><br \/>words translated since 1994\n\t<\/div>\n\t<div class=\"advantage-section\">\n\t\t<span class=\"h1\"><span class=\"value\" data-counter-duration=\"3000\">96<\/span><\/span><br \/>specialisations\n\t<\/div>\n<\/div>\n\t<\/div><\/div><\/div><\/div><\/div><\/div><\/div><\/div><\/div><\/div><\/div><\/div><div id=\"pg-10466-8\"  class=\"panel-grid panel-no-style\"  style=\"margin-bottom: 0px\" ><div id=\"pgc-10466-8-0\"  class=\"panel-grid-cell\" ><div id=\"panel-10466-8-0-0\" class=\"so-panel widget widget_wpa9-carousel-images panel-first-child panel-last-child\" data-index=\"8\" ><div\n\t\t\t\n\t\t\tclass=\"so-widget-wpa9-carousel-images so-widget-wpa9-carousel-images-default-c93e1481a745-10466\"\n\t\t\t\n\t\t>\n<div class=\"wpa9-carousel-images\">\n\n\t<h3 class=\"widget-title\">Medicine and pharmacy<\/h3>\n\t\n\t<div id=\"wpa9-carousel-images-qnkCHv\" class=\"carousel slide carousel-fade\" data-bs-interval=\"8000\" data-bs-ride=\"carousel\" data-bs-touch=\"true\">\n\n\t\t<div class=\"carousel-inner\">\n\n\t\t\t\n\t\t\t\n\t\t\t\t<div class=\"wpa9-carousel-images-item carousel-item bg-white active\">\n\n\t\t\t\t\t\n\t\t\t\t\t\t\n\t\t\t\t\t\t<img decoding=\"async\" src=\"https:\/\/skrivanek.cz\/wp-content\/uploads\/2021\/04\/herbacos-recordati-1.svg\" alt=\"Herbacos\" \/>\n\n\t\t\t\t\t\t\n\t\t\t\t\t\n\t\t\t\t\t\t\n\t\t\t\t\t\t<img decoding=\"async\" src=\"https:\/\/skrivanek.cz\/wp-content\/uploads\/2021\/09\/biogen.svg\" alt=\"Biogen\" \/>\n\n\t\t\t\t\t\t\n\t\t\t\t\t\n\t\t\t\t\t\t\n\t\t\t\t\t\t<img decoding=\"async\" src=\"https:\/\/skrivanek.cz\/wp-content\/uploads\/2021\/09\/transplantacni.svg\" alt=\"Koordina\u010dn\u00ed st\u0159edisko transplantac\u00ed\" \/>\n\n\t\t\t\t\t\t<br \/>\n\t\t\t\t\t\n\t\t\t\t\t\t\n\t\t\t\t<\/div>\n\n\t\t\t\n\t\t<\/div>\n\t\t<!-- .carousel-inner -->\n\n\t\t\n\t<\/div>\n\t<!-- #wpa9-carousel-images -->\n\n<\/div>\n<!-- .wpa9-carousel-images -->\n<\/div><\/div><\/div><\/div><div id=\"pg-10466-9\"  class=\"panel-grid panel-no-style\"  style=\"margin-bottom: 0px\" ><div id=\"pgc-10466-9-0\"  class=\"panel-grid-cell\" ><div id=\"panel-10466-9-0-0\" class=\"so-panel widget widget_wpa9-carousel-images panel-first-child panel-last-child\" data-index=\"9\" ><div\n\t\t\t\n\t\t\tclass=\"so-widget-wpa9-carousel-images so-widget-wpa9-carousel-images-default-c93e1481a745-10466\"\n\t\t\t\n\t\t>\n<div class=\"wpa9-carousel-images\">\n\n\t<h3 class=\"widget-title\">Other fields<\/h3>\n\t\n\t<div id=\"wpa9-carousel-images-8GKbEy\" class=\"carousel slide carousel-fade\" data-bs-interval=\"8000\" data-bs-ride=\"carousel\" data-bs-touch=\"true\">\n\n\t\t<div class=\"carousel-inner\">\n\n\t\t\t\n\t\t\t\n\t\t\t\t<div class=\"wpa9-carousel-images-item carousel-item bg-white active\">\n\n\t\t\t\t\t\n\t\t\t\t\t\t\n\t\t\t\t\t\t<img decoding=\"async\" src=\"https:\/\/skrivanek.cz\/wp-content\/uploads\/2021\/11\/prima-5.svg\" alt=\"Prima\" \/>\n\n\t\t\t\t\t\t<br \/>\n\t\t\t\t\t\n\t\t\t\t<\/div>\n\n\t\t\t\n\t\t<\/div>\n\t\t<!-- .carousel-inner -->\n\n\t\t\n\t<\/div>\n\t<!-- #wpa9-carousel-images -->\n\n<\/div>\n<!-- .wpa9-carousel-images -->\n<\/div><\/div><\/div><\/div><div id=\"pg-10466-10\"  class=\"panel-grid panel-no-style\" ><div id=\"pgc-10466-10-0\"  class=\"panel-grid-cell\" ><div id=\"panel-10466-10-0-0\" class=\"so-panel widget widget_wpa9-card-s panel-first-child panel-last-child\" data-index=\"10\" ><div\n\t\t\t\n\t\t\tclass=\"so-widget-wpa9-card-s so-widget-wpa9-card-s-default-c93e1481a745-10466\"\n\t\t\t\n\t\t><div class=\"wpa9-card wpa9-card-s wide positive\">\n\n\t<div class=\"wpa9-card-wrapper container\">\n\n\t\t<div class=\"wpa9-card-text\">\n\t\t\t<h2 class=\"wpa9-card-title\">Do you need language courses for your employees? We will teach them to speak.<\/h2>\n\t\t\t<div class=\"wpa9-card-content\"><p><main class=\"main-content-wrapper\" role=\"main\"><\/main><\/p>\n<article role=\"article\">\n<div class=\"amp-decoration\">\n<div class=\"inquiry-section var-language-school\">\n<div class=\"section-wrapper\">\n<div class=\"inquiry-section__box\">\n<p style=\"text-align: center\">We will create language courses custom tailored to your needs.<\/p>\n<\/div>\n<\/div>\n<\/div>\n<\/div>\n<\/article>\n<\/div>\t\t<\/div>\n\n\t\t\t\t<div class=\"meta meta-buttons d-flex flex-row justify-content-center\">\n\t\t\t\t\t\t\t<a class=\"btn btn-negative \" href=\"https:\/\/skrivanek.cz\/en\/inquiry\/\" title=\"Send inquiry\">Send inquiry<\/a>\n\t\t\t\t<\/div>\n\t\t\n\t<\/div>\n\n<\/div>\n<\/div><\/div><\/div><\/div><\/div>","protected":false},"excerpt":{"rendered":"<p>Automotive Administrative, education and finance Electrical engineering and industrial automation Textile and shoe industry \u201dReliability, speed and quality of services &#8220;Skriv\u00e1nek s.r.o. is a&nbsp;long-standing supplier of translations of our tourist guides and multilingual books. We are very content with the comprehensive nature and quality of the provided services.&#8221; Vydavatelstv\u00ed MCU s.r.o., \u010cesk\u00fd Krumlov &#8220;We are [&hellip;]<\/p>\n","protected":false},"author":9,"featured_media":0,"parent":4175,"menu_order":0,"comment_status":"closed","ping_status":"closed","template":"","meta":{"_acf_changed":false,"footnotes":""},"class_list":["post-10466","page","type-page","status-publish","hentry"],"acf":[],"aioseo_notices":[],"_links":{"self":[{"href":"https:\/\/skrivanek.cz\/en\/wp-json\/wp\/v2\/pages\/10466","targetHints":{"allow":["GET"]}}],"collection":[{"href":"https:\/\/skrivanek.cz\/en\/wp-json\/wp\/v2\/pages"}],"about":[{"href":"https:\/\/skrivanek.cz\/en\/wp-json\/wp\/v2\/types\/page"}],"author":[{"embeddable":true,"href":"https:\/\/skrivanek.cz\/en\/wp-json\/wp\/v2\/users\/9"}],"replies":[{"embeddable":true,"href":"https:\/\/skrivanek.cz\/en\/wp-json\/wp\/v2\/comments?post=10466"}],"version-history":[{"count":4,"href":"https:\/\/skrivanek.cz\/en\/wp-json\/wp\/v2\/pages\/10466\/revisions"}],"predecessor-version":[{"id":76081,"href":"https:\/\/skrivanek.cz\/en\/wp-json\/wp\/v2\/pages\/10466\/revisions\/76081"}],"up":[{"embeddable":true,"href":"https:\/\/skrivanek.cz\/en\/wp-json\/wp\/v2\/pages\/4175"}],"wp:attachment":[{"href":"https:\/\/skrivanek.cz\/en\/wp-json\/wp\/v2\/media?parent=10466"}],"curies":[{"name":"wp","href":"https:\/\/api.w.org\/{rel}","templated":true}]}}