{"id":10507,"date":"2021-03-24T13:58:00","date_gmt":"2021-03-24T12:58:00","guid":{"rendered":"https:\/\/skrivanek.cz\/nasi-lektori\/"},"modified":"2024-02-27T12:30:36","modified_gmt":"2024-02-27T11:30:36","slug":"our-teachers","status":"publish","type":"page","link":"https:\/\/skrivanek.cz\/en\/language-school\/our-teachers\/","title":{"rendered":"Our teachers"},"content":{"rendered":"<div id=\"pl-10507\"  class=\"panel-layout\" ><div id=\"pg-10507-0\"  class=\"panel-grid panel-has-style\"  style=\"margin-bottom: 0px\" ><div class=\"siteorigin-panels-stretch panel-row-style panel-row-style-for-10507-0\" data-stretch-type=\"full\" ><div id=\"pgc-10507-0-0\"  class=\"panel-grid-cell\" ><div id=\"panel-10507-0-0-0\" class=\"so-panel widget widget_wpa9-card-m panel-first-child panel-last-child\" data-index=\"0\" ><div\n\t\t\t\n\t\t\tclass=\"so-widget-wpa9-card-m so-widget-wpa9-card-m-default-c93e1481a745-10507\"\n\t\t\t\n\t\t>\n\n<section class=\"wpa9-card wpa9-card-m-container d-flex flex-wrap justify-content-center TijH7m\">\n\n\t\n\t\t\n\t\t\t\n\t<article class=\"wpa9-card-m-panel wpa9-panel \">\n\t<div class=\"rounded\">\n\t\t\t\t<header class=\"d-block flex-wrap pb-4\">\n\t\t\t\n\t\t\t\t\t\t\t\t<h2 class=\"wpa9-card-title\">Teachers<\/h2>\n\t\t\t\t<\/header>\n\n\t\t\t\t<main class=\"wpa9-card-content\"><p>Experienced teachers will teach you a&nbsp;foreign language of your choice.<\/p>\n<\/main>\n\t\t\n\t<\/div>\t<\/article>\n\t\t\n\t\t\t\n\t<article class=\"wpa9-card-m-panel wpa9-panel \">\n\t<div class=\"rounded\">\n\t\t\t\t<header class=\"d-block flex-wrap pb-4\">\n\t\t\t\n\t\t\t\t\t\t\t\t<h2 class=\"wpa9-card-title\">Qualifications<\/h2>\n\t\t\t\t<\/header>\n\n\t\t\t\t<main class=\"wpa9-card-content\"><p>All teachers undergo a&nbsp;thorough selection process. Language courses are conducted only by experts in the\u00a0field.<\/p>\n<\/main>\n\t\t\n\t<\/div>\t<\/article>\n\t\t\n\t\t\t\n\t<article class=\"wpa9-card-m-panel wpa9-panel \">\n\t<div class=\"rounded\">\n\t\t\t\t<header class=\"d-block flex-wrap pb-4\">\n\t\t\t\n\t\t\t\t\t\t\t\t<h2 class=\"wpa9-card-title\">Satisfaction<\/h2>\n\t\t\t\t<\/header>\n\n\t\t\t\t<main class=\"wpa9-card-content\"><p>We will adapt to your needs (vocabulary focus, grammar to conversation ratio, teaching intensity).<\/p>\n<\/main>\n\t\t\n\t<\/div>\t<\/article>\n\t\t\n\n\t\t\n\t\n<\/section>\n<\/div><\/div><\/div><\/div><\/div><div id=\"pg-10507-1\"  class=\"panel-grid panel-no-style\"  style=\"margin-bottom: 0px\" ><div id=\"pgc-10507-1-0\"  class=\"panel-grid-cell\" ><div id=\"panel-10507-1-0-0\" class=\"so-panel widget widget_wpa9-steps panel-first-child\" data-index=\"1\" ><div\n\t\t\t\n\t\t\tclass=\"so-widget-wpa9-steps so-widget-wpa9-steps-default-c93e1481a745-10507\"\n\t\t\t\n\t\t><div class=\"wpa9-steps\">\n\t<div class=\"wpa9-steps-togglers d-flex flex-wrap justify-content-center\" data-wpa9-interval=\"7000\">\n\t\t\t\n\t\t<div class=\"wpa9-steps-toggler-wrapper wpa9-steps-active\" id=\"wpa9-steps-toggler-panel-0\">\n\t\t\t<div class=\"wpa9-steps-toggler f-headlines d-flex align-items-center justify-content-center\" data-content=\"panel-0\" role=\"button\">\n\t\t\t\t\t\t\t\t<span class=\"wpa9-step-title\">Kl\u00e1ra H\u00e1jkov\u00e1<\/span>\n\t\t\t\t\t\t\t<\/div>\n\t\t\t<div class=\"wpa9-steps-decoration\"><\/div>\n\t\t<\/div>\n\t\t<div class=\"wpa9-steps-content wpa9-steps-active\" role=\"region\" id=\"wpa9-steps-content-panel-0\">\n\t\t\t<p>I am a&nbsp;graduate of the Faculty of Law at Charles University and I&nbsp;started teaching English from the beginning of my studies. After 7 years, I&nbsp;still enjoy this job and what suits me best is that I&nbsp;can organize my own time and also that I&nbsp;can get to know and talk to different people about a&nbsp;variety of topics and see them with smiles on their faces. I&nbsp;know that most of my students are very busy with their work and I&nbsp;try to make English lessons an opportunity for them to slow down and relax during the week. The most important thing and at the same time the greatest success is the pleasant atmosphere and laughter during my classes. I&nbsp;believe that this environment makes it much easier for students to learn a&nbsp;language.<\/p>\n<p><strong>Kl\u00e1ra H\u00e1jkov\u00e1<\/strong><\/p>\n\t\t<\/div>\n\t\t<div class=\"wpa9-steps-hyphen\"><\/div>\t\t\t\n\t\t<div class=\"wpa9-steps-toggler-wrapper\" id=\"wpa9-steps-toggler-panel-1\">\n\t\t\t<div class=\"wpa9-steps-toggler f-headlines d-flex align-items-center justify-content-center\" data-content=\"panel-1\" role=\"button\">\n\t\t\t\t\t\t\t\t<span class=\"wpa9-step-title\">V\u011bra R\u00e1dyov\u00e1<\/span>\n\t\t\t\t\t\t\t<\/div>\n\t\t\t<div class=\"wpa9-steps-decoration\"><\/div>\n\t\t<\/div>\n\t\t<div class=\"wpa9-steps-content\" role=\"region\" id=\"wpa9-steps-content-panel-1\">\n\t\t\t<p>How did a&nbsp;student of linguistic anthropology become a&nbsp;teacher of French and Czech for foreigners?<br \/>\nI&nbsp;started working with Sk\u0159iv\u00e1nek at the time I&nbsp;was writing a&nbsp;diploma thesis in the field of comparing two important languages of West Africa, and I&nbsp;continue as a&nbsp;senior lecturer to this day. I&nbsp;like the professional, but at the same time almost family-like, approach of my co-workers here. I&nbsp;like to meet new people from various backgrounds and I&nbsp;believe that learning these languages it opens the door to the French-speaking world and to the intricacies of Czech society. I've heard that the whole world speaks English now! But is that really true? Let's try a&nbsp;different approach too and get to know each other a&nbsp;little better!<\/p>\n<p><strong>V\u011bra R\u00e1dyov\u00e1<\/strong><\/p>\n\t\t<\/div>\n\t\t<div class=\"wpa9-steps-hyphen\"><\/div>\t\t\t\n\t\t<div class=\"wpa9-steps-toggler-wrapper\" id=\"wpa9-steps-toggler-panel-2\">\n\t\t\t<div class=\"wpa9-steps-toggler f-headlines d-flex align-items-center justify-content-center\" data-content=\"panel-2\" role=\"button\">\n\t\t\t\t\t\t\t\t<span class=\"wpa9-step-title\">Michal \u0160indel\u00e1\u0159 <\/span>\n\t\t\t\t\t\t\t<\/div>\n\t\t\t<div class=\"wpa9-steps-decoration\"><\/div>\n\t\t<\/div>\n\t\t<div class=\"wpa9-steps-content\" role=\"region\" id=\"wpa9-steps-content-panel-2\">\n\t\t\t<p>I have been teaching German intensively since 2009 and started at Sk\u0159iv\u00e1nek as a&nbsp;teacher before being promoted to senior lecturer in 2013. My additional interested in the Czech and Austrian border area resulted in the completion of four study stays at universities in Vienna and Krems an der Donau. I&nbsp;particularly enjoy watching my students develop their language skills and teach them to love foreign languages, especially German.<\/p>\n<p>&nbsp;<\/p>\n<p><strong>Michal \u0160indel\u00e1\u0159<\/strong><\/p>\n\t\t<\/div>\n\t\t\t\t<\/div>\n\t<div class=\"wpa9-steps-contents-wrapper\">\n\t\t\t\t\t<div class=\"wpa9-steps-content _step_3_1 wpa9-steps-active\" role=\"region\" id=\"wpa9-steps-content-panel-0\">\n\t\t\t<p>I am a&nbsp;graduate of the Faculty of Law at Charles University and I&nbsp;started teaching English from the beginning of my studies. After 7 years, I&nbsp;still enjoy this job and what suits me best is that I&nbsp;can organize my own time and also that I&nbsp;can get to know and talk to different people about a&nbsp;variety of topics and see them with smiles on their faces. I&nbsp;know that most of my students are very busy with their work and I&nbsp;try to make English lessons an opportunity for them to slow down and relax during the week. The most important thing and at the same time the greatest success is the pleasant atmosphere and laughter during my classes. I&nbsp;believe that this environment makes it much easier for students to learn a&nbsp;language.<\/p>\n<p><strong>Kl\u00e1ra H\u00e1jkov\u00e1<\/strong><\/p>\n\t\t<\/div>\n\t\t\t\t\t<div class=\"wpa9-steps-content _step_3_2\" role=\"region\" id=\"wpa9-steps-content-panel-1\">\n\t\t\t<p>How did a&nbsp;student of linguistic anthropology become a&nbsp;teacher of French and Czech for foreigners?<br \/>\nI&nbsp;started working with Sk\u0159iv\u00e1nek at the time I&nbsp;was writing a&nbsp;diploma thesis in the field of comparing two important languages of West Africa, and I&nbsp;continue as a&nbsp;senior lecturer to this day. I&nbsp;like the professional, but at the same time almost family-like, approach of my co-workers here. I&nbsp;like to meet new people from various backgrounds and I&nbsp;believe that learning these languages it opens the door to the French-speaking world and to the intricacies of Czech society. I've heard that the whole world speaks English now! But is that really true? Let's try a&nbsp;different approach too and get to know each other a&nbsp;little better!<\/p>\n<p><strong>V\u011bra R\u00e1dyov\u00e1<\/strong><\/p>\n\t\t<\/div>\n\t\t\t\t\t<div class=\"wpa9-steps-content _step_3_3\" role=\"region\" id=\"wpa9-steps-content-panel-2\">\n\t\t\t<p>I have been teaching German intensively since 2009 and started at Sk\u0159iv\u00e1nek as a&nbsp;teacher before being promoted to senior lecturer in 2013. My additional interested in the Czech and Austrian border area resulted in the completion of four study stays at universities in Vienna and Krems an der Donau. I&nbsp;particularly enjoy watching my students develop their language skills and teach them to love foreign languages, especially German.<\/p>\n<p>&nbsp;<\/p>\n<p><strong>Michal \u0160indel\u00e1\u0159<\/strong><\/p>\n\t\t<\/div>\n\t\t<\/div>\n\t<\/div>\n<\/div><\/div><div id=\"panel-10507-1-0-1\" class=\"so-panel widget widget_wpa9-editor-ext panel-last-child\" data-index=\"2\" ><div\n\t\t\t\n\t\t\tclass=\"so-widget-wpa9-editor-ext so-widget-wpa9-editor-ext-default-c93e1481a745-10507\"\n\t\t\t\n\t\t>\n<div class=\"siteorigin-widget-tinymce textwidget\">\n\t<p>&nbsp;<\/p>\n<p style=\"text-align: center;\">and other great teachers!<\/p>\n<\/div>\n<\/div><\/div><\/div><\/div><div id=\"pg-10507-2\"  class=\"panel-grid panel-has-style\" ><div class=\"siteorigin-panels-stretch panel-row-padding-none panel-row-style panel-row-style-for-10507-2\" data-stretch-type=\"full\" ><div id=\"pgc-10507-2-0\"  class=\"panel-grid-cell\" ><div id=\"panel-10507-2-0-0\" class=\"so-panel widget widget_wpa9-card-s panel-first-child panel-last-child\" data-index=\"3\" ><div\n\t\t\t\n\t\t\tclass=\"so-widget-wpa9-card-s so-widget-wpa9-card-s-default-c93e1481a745-10507\"\n\t\t\t\n\t\t><div class=\"wpa9-card wpa9-card-s wide positive\">\n\n\t<div class=\"wpa9-card-wrapper container\">\n\n\t\t<div class=\"wpa9-card-text\">\n\t\t\t<h2 class=\"wpa9-card-title\">Do you want to speak fluently?<\/h2>\n\t\t\t<div class=\"wpa9-card-content\"><p style=\"text-align: center\">Choose the right language\u00a0course.<\/p>\n<\/div>\t\t<\/div>\n\n\t\t\t\t<div class=\"meta meta-buttons d-flex flex-row justify-content-center\">\n\t\t\t\t\t\t\t<a class=\"btn btn-negative \" href=\"https:\/\/skrivanek.cz\/en\/inquiry\/\" title=\"Send inquiry\">Send inquiry<\/a>\n\t\t\t\t<\/div>\n\t\t\n\t<\/div>\n\n<\/div>\n<\/div><\/div><\/div><\/div><\/div><\/div>","protected":false},"excerpt":{"rendered":"<p>Teachers Experienced teachers will teach you a&nbsp;foreign language of your choice. Qualifications All teachers undergo a&nbsp;thorough selection process. Language courses are conducted only by experts in the\u00a0field. Satisfaction We will adapt to your needs (vocabulary focus, grammar to conversation ratio, teaching intensity). Kl\u00e1ra H\u00e1jkov\u00e1 I&nbsp;am a&nbsp;graduate of the Faculty of Law at Charles University [&hellip;]<\/p>\n","protected":false},"author":9,"featured_media":0,"parent":4175,"menu_order":0,"comment_status":"closed","ping_status":"closed","template":"","meta":{"_acf_changed":false,"footnotes":""},"class_list":["post-10507","page","type-page","status-publish","hentry"],"acf":[],"aioseo_notices":[],"_links":{"self":[{"href":"https:\/\/skrivanek.cz\/en\/wp-json\/wp\/v2\/pages\/10507","targetHints":{"allow":["GET"]}}],"collection":[{"href":"https:\/\/skrivanek.cz\/en\/wp-json\/wp\/v2\/pages"}],"about":[{"href":"https:\/\/skrivanek.cz\/en\/wp-json\/wp\/v2\/types\/page"}],"author":[{"embeddable":true,"href":"https:\/\/skrivanek.cz\/en\/wp-json\/wp\/v2\/users\/9"}],"replies":[{"embeddable":true,"href":"https:\/\/skrivanek.cz\/en\/wp-json\/wp\/v2\/comments?post=10507"}],"version-history":[{"count":3,"href":"https:\/\/skrivanek.cz\/en\/wp-json\/wp\/v2\/pages\/10507\/revisions"}],"predecessor-version":[{"id":64430,"href":"https:\/\/skrivanek.cz\/en\/wp-json\/wp\/v2\/pages\/10507\/revisions\/64430"}],"up":[{"embeddable":true,"href":"https:\/\/skrivanek.cz\/en\/wp-json\/wp\/v2\/pages\/4175"}],"wp:attachment":[{"href":"https:\/\/skrivanek.cz\/en\/wp-json\/wp\/v2\/media?parent=10507"}],"curies":[{"name":"wp","href":"https:\/\/api.w.org\/{rel}","templated":true}]}}