{"id":4133,"date":"2021-03-08T07:49:42","date_gmt":"2021-03-08T06:49:42","guid":{"rendered":"https:\/\/skrivanek.cz\/technologie\/"},"modified":"2024-04-02T15:37:05","modified_gmt":"2024-04-02T13:37:05","slug":"technologies","status":"publish","type":"page","link":"https:\/\/skrivanek.cz\/en\/technologies\/","title":{"rendered":"Technologies"},"content":{"rendered":"<div id=\"pl-4133\"  class=\"panel-layout\" ><div id=\"pg-4133-0\"  class=\"panel-grid panel-no-style\"  style=\"margin-bottom: 0px\" ><div id=\"pgc-4133-0-0\"  class=\"panel-grid-cell\" ><div id=\"panel-4133-0-0-0\" class=\"so-panel widget widget_wpa9-card-m panel-first-child panel-last-child\" data-index=\"0\" ><div\n\t\t\t\n\t\t\tclass=\"so-widget-wpa9-card-m so-widget-wpa9-card-m-default-c93e1481a745-4133\"\n\t\t\t\n\t\t>\n\n<section class=\"wpa9-card wpa9-card-m-container d-flex flex-wrap justify-content-center xGIsgR\">\n\n\t\n\t\t\n\t\t\t\n\t<article class=\"wpa9-card-m-panel wpa9-panel \">\n\t<a class=\"rounded\" href=\"https:\/\/skrivanek.cz\/en\/technologies\/software-localisation\/\" title=\"Software localisation\">\n\t\t\t\t<header class=\"d-block flex-wrap pb-4\">\n\t\t\t\t\t\t\t<span class=\"wpa9-card-icon icon d-none\" style=\"background-image: url('https:\/\/skrivanek.cz\/wp-content\/uploads\/2021\/03\/ico-online-vyuka.svg')\"><\/span>\n\t\t\t\t<span class=\"wpa9-card-icon icon\" style=\"mask-image: url(https:\/\/skrivanek.cz\/wp-content\/uploads\/2021\/03\/ico-online-vyuka.svg); -webkit-mask-image: url(https:\/\/skrivanek.cz\/wp-content\/uploads\/2021\/03\/ico-online-vyuka.svg);\"><\/span>\n\t\t\t\n\t\t\t\t\t\t\t\t<h2 class=\"wpa9-card-title\">Software localisation<\/h2>\n\t\t\t\t<\/header>\n\n\t\t\t\t<main class=\"wpa9-card-content\"><p>We translate software and test its functionality for user friendliness and local language relevance.<\/p>\n<\/main>\n\t\t\n\t<\/a>\t<\/article>\n\t\t\n\t\t\t\n\t<article class=\"wpa9-card-m-panel wpa9-panel \">\n\t<a class=\"rounded\" href=\"https:\/\/skrivanek.cz\/en\/translations\/cat-tool-translations\/\" title=\"CAT tool translations\">\n\t\t\t\t<header class=\"d-block flex-wrap pb-4\">\n\t\t\t\t\t\t\t<span class=\"wpa9-card-icon icon d-none\" style=\"background-image: url('https:\/\/skrivanek.cz\/wp-content\/uploads\/2021\/03\/ico-tlumoceni-online.svg')\"><\/span>\n\t\t\t\t<span class=\"wpa9-card-icon icon\" style=\"mask-image: url(https:\/\/skrivanek.cz\/wp-content\/uploads\/2021\/03\/ico-tlumoceni-online.svg); -webkit-mask-image: url(https:\/\/skrivanek.cz\/wp-content\/uploads\/2021\/03\/ico-tlumoceni-online.svg);\"><\/span>\n\t\t\t\n\t\t\t\t\t\t\t\t<h2 class=\"wpa9-card-title\">CAT tool translations<\/h2>\n\t\t\t\t<\/header>\n\n\t\t\t\t<main class=\"wpa9-card-content\"><p class=\"entry-subtitle border-top-c-black\">Do you require fast translations and, at the same time, a&nbsp;guarantee of terminological consistency? Choose our CAT tool translations!<\/p>\n<\/main>\n\t\t\n\t<\/a>\t<\/article>\n\t\t\n\t\t\t\n\t<article class=\"wpa9-card-m-panel wpa9-panel \">\n\t<a class=\"rounded\" href=\"https:\/\/skrivanek.cz\/en\/translations\/machine-translation\/\" title=\"Machine Translation B2B\">\n\t\t\t\t<header class=\"d-block flex-wrap pb-4\">\n\t\t\t\t\t\t\t<span class=\"wpa9-card-icon icon d-none\" style=\"background-image: url('https:\/\/skrivanek.cz\/wp-content\/uploads\/2021\/03\/ico-nmt.svg')\"><\/span>\n\t\t\t\t<span class=\"wpa9-card-icon icon\" style=\"mask-image: url(https:\/\/skrivanek.cz\/wp-content\/uploads\/2021\/03\/ico-nmt.svg); -webkit-mask-image: url(https:\/\/skrivanek.cz\/wp-content\/uploads\/2021\/03\/ico-nmt.svg);\"><\/span>\n\t\t\t\n\t\t\t\t\t\t\t\t<h2 class=\"wpa9-card-title\">Machine Translation B2B<\/h2>\n\t\t\t\t<\/header>\n\n\t\t\t\t<main class=\"wpa9-card-content\">Save your money and time with Machine Translation!<\/main>\n\t\t\n\t<\/a>\t<\/article>\n\t\t\n\n\t\t\n\t\n<\/section>\n<\/div><\/div><\/div><\/div><div id=\"pg-4133-1\"  class=\"panel-grid panel-has-style\"  style=\"margin-bottom: 0px\" ><div class=\"siteorigin-panels-stretch panel-row-style panel-row-style-for-4133-1\" data-stretch-type=\"full\" ><div id=\"pgc-4133-1-0\"  class=\"panel-grid-cell\" ><div id=\"panel-4133-1-0-0\" class=\"so-panel widget widget_skrv-incl-widget panel-first-child panel-last-child\" data-index=\"1\" ><div\n\t\t\t\n\t\t\tclass=\"so-widget-skrv-incl-widget so-widget-skrv-incl-widget-default-c93e1481a745-4133\"\n\t\t\t\n\t\t><div id=\"pl-4575\"  class=\"panel-layout\" ><div id=\"pg-4575-0\"  class=\"panel-grid panel-has-style\" ><div class=\"siteorigin-panels-stretch panel-row-padding-none panel-row-style panel-row-style-for-4575-0\" data-stretch-type=\"full\" ><div id=\"pgc-4575-0-0\"  class=\"panel-grid-cell\" ><div id=\"panel-4575-0-0-0\" class=\"widget_text so-panel widget widget_custom_html panel-first-child panel-last-child\" data-index=\"0\" ><div class=\"textwidget custom-html-widget\"><div class=\"wpa9-cta-box-ext\">\n\t<div class=\"wpa9-cta-box-ext-header\">\n\t\t<h2>In Skrivanek we have <br \/>more than 30 years of experience<\/h2>\n<p>\n\tThis enables us to easily select the best specialist for your texts.\n<\/p>\n\t<\/div>\n\n<div class=\"d-flex flex-row justify-content-center\">\n\t<div class=\"advantage-section counter-section\">\n\t\t<span class=\"h1\"><span class=\"value\" data-counter-duration=\"3000\">110<\/span>+<\/span><br \/>languages in various combinations\n\t<\/div>\n\t<div class=\"advantage-section\">\n\t\t<span class=\"h1\"><span class=\"value\" data-counter-duration=\"750\">4<\/span> billion<\/span><br \/>words translated since 1994\n\t<\/div>\n\t<div class=\"advantage-section\">\n\t\t<span class=\"h1\"><span class=\"value\" data-counter-duration=\"3000\">96<\/span><\/span><br \/>specialisations\n\t<\/div>\n<\/div>\n\t<\/div><\/div><\/div><\/div><\/div><\/div><\/div><\/div><\/div><\/div><\/div><\/div><div id=\"pg-4133-2\"  class=\"panel-grid panel-has-style\"  style=\"margin-bottom: 0px\" ><div class=\"siteorigin-panels-stretch panel-row-style panel-row-style-for-4133-2\" data-stretch-type=\"full\" ><div id=\"pgc-4133-2-0\"  class=\"panel-grid-cell\" ><div id=\"panel-4133-2-0-0\" class=\"so-panel widget widget_skrv-incl-widget panel-first-child panel-last-child\" data-index=\"2\" ><div\n\t\t\t\n\t\t\tclass=\"so-widget-skrv-incl-widget so-widget-skrv-incl-widget-default-c93e1481a745-4133\"\n\t\t\t\n\t\t><div id=\"pl-4582\"  class=\"panel-layout\" ><div id=\"pg-4582-0\"  class=\"panel-grid panel-no-style\" ><div id=\"pgc-4582-0-0\"  class=\"panel-grid-cell\" ><div id=\"panel-4582-0-0-0\" class=\"so-panel widget widget_skrv-testimonials panel-first-child panel-last-child\" data-index=\"0\" ><div\n\t\t\t\n\t\t\tclass=\"so-widget-skrv-testimonials so-widget-skrv-testimonials-default-c93e1481a745-4133\"\n\t\t\t\n\t\t>\n\n<div class=\"skrv-testimonials\">\n\n    \n  <h3 class=\"widget-title\"><span class=\"title-wrapper\"><span class=\"title_bg_character\" style=\"color:#ffffff\">\u201d<\/span><span class=\"title\">Reliability, speed and quality of services<\/span><\/span><\/h3>\n  <div id=\"skrv-testimonial\" class=\"carousel slide\" data-bs-interval=\"4000\" data-bs-ride=\"carousel\" data-bs-touch=\"true\">\n    <div class=\"carousel-inner\">\n                <div class=\"skrv-testimonial-item carousel-item active\">\n        <div class=\"d-block\">\n                    <blockquote class=\"skrv-testimonial-text\">\"Skriv\u00e1nek s.r.o. is a&nbsp;long-standing supplier of translations of our tourist guides and multilingual books. We are very content with the comprehensive nature and quality of the provided services.\"<\/blockquote>\n          <h6 class=\"skrv-testimonial-client\">Vydavatelstv\u00ed MCU s.r.o., \u010cesk\u00fd Krumlov<\/h6>\n        <\/div>\n      <\/div>\n                <div class=\"skrv-testimonial-item carousel-item\">\n        <div class=\"d-block\">\n                    <blockquote class=\"skrv-testimonial-text\">\"We are very pleased with the services Sk\u0159iv\u00e1nek s.r.o. provides. Above all, we appreciate the professional standard of its teachers and the prompt handling of all our requests.\"<\/blockquote>\n          <h6 class=\"skrv-testimonial-client\">LANNUTTI CZECH, s.r.o., Louka u&nbsp;Litv\u00ednova<\/h6>\n        <\/div>\n      <\/div>\n                <div class=\"skrv-testimonial-item carousel-item\">\n        <div class=\"d-block\">\n                    <blockquote class=\"skrv-testimonial-text\">\"The language teaching services of Skriv\u00e1nek s.r.o. were provided punctually, properly and professionally.\"<\/blockquote>\n          <h6 class=\"skrv-testimonial-client\">MICONEX, s.r.o., Liberec<\/h6>\n        <\/div>\n      <\/div>\n                <div class=\"skrv-testimonial-item carousel-item\">\n        <div class=\"d-block\">\n                    <blockquote class=\"skrv-testimonial-text\">\"We are very happy not only with the translations of technical texts, such as manuals and operating instructions for machinery, but also with the communication and compliance with deadlines. We can definitely recommend cooperation with Sk\u0159iv\u00e1nek s&nbsp;r.o.\"<\/blockquote>\n          <h6 class=\"skrv-testimonial-client\">ALPLA, spol. s.r.o., Byst\u0159ice<\/h6>\n        <\/div>\n      <\/div>\n                <div class=\"skrv-testimonial-item carousel-item\">\n        <div class=\"d-block\">\n                    <blockquote class=\"skrv-testimonial-text\">\"In order to provide our employees with the necessary language skills for them to perform their work, we have been cooperating with the Sk\u0159iv\u00e1nek language agency since 2006. We are happy with the quality of their language courses, which is confirmed by the fact that we have expanded English language teaching over the past few years with new courses. Our cooperation has been problem-free and, therefore, we plan to continue using their services in the future.\"<\/blockquote>\n          <h6 class=\"skrv-testimonial-client\">Zeelandia, spol. s&nbsp;r.o., Mal\u0161ice<\/h6>\n        <\/div>\n      <\/div>\n        <\/div>\n\n    <a class=\"carousel-control-prev\" href=\"#0\" data-bs-target=\"#skrv-testimonial\" role=\"button\" data-bs-slide=\"prev\">\n      <span class=\"carousel-control-prev-icon\" aria-hidden=\"true\"><\/span>\n      <span class=\"sr-only\">Previous<\/span>\n    <\/a>\n    <a class=\"carousel-control-next\" href=\"#0\" data-bs-target=\"#skrv-testimonial\" role=\"button\" data-bs-slide=\"next\">\n      <span class=\"carousel-control-next-icon\" aria-hidden=\"true\"><\/span>\n      <span class=\"sr-only\">Next<\/span>\n    <\/a>\n\n    <ol class=\"carousel-indicators hidden\">\n                <li data-bs-target=\"#skrv-testimonial\" data-bs-slide-to=\"0\" class=\"active\"><\/li>\n                <li data-bs-target=\"#skrv-testimonial\" data-bs-slide-to=\"1\" class=\"\"><\/li>\n                <li data-bs-target=\"#skrv-testimonial\" data-bs-slide-to=\"2\" class=\"\"><\/li>\n                <li data-bs-target=\"#skrv-testimonial\" data-bs-slide-to=\"3\" class=\"\"><\/li>\n                <li data-bs-target=\"#skrv-testimonial\" data-bs-slide-to=\"4\" class=\"\"><\/li>\n        <\/ol>\n  <\/div>\n\n<\/div>\n\n<\/div><\/div><\/div><\/div><\/div><\/div><\/div><\/div><\/div><\/div><div id=\"pg-4133-3\"  class=\"panel-grid panel-no-style\" ><div id=\"pgc-4133-3-0\"  class=\"panel-grid-cell\" ><div id=\"panel-4133-3-0-0\" class=\"so-panel widget widget_wpa9-card-s panel-first-child panel-last-child\" data-index=\"3\" ><div\n\t\t\t\n\t\t\tclass=\"so-widget-wpa9-card-s so-widget-wpa9-card-s-default-c93e1481a745-4133\"\n\t\t\t\n\t\t><div class=\"wpa9-card wpa9-card-s wide positive\">\n\n\t<div class=\"wpa9-card-wrapper container\">\n\n\t\t<div class=\"wpa9-card-text\">\n\t\t\t<h2 class=\"wpa9-card-title\">We give you the price in advance, accurate to the last word.<\/h2>\n\t\t\t\t\t<\/div>\n\n\t\t\t\t<div class=\"meta meta-buttons d-flex flex-row justify-content-center\">\n\t\t\t\t\t\t\t<a class=\"btn btn-negative \" href=\"https:\/\/skrivanek.cz\/en\/inquiry\/\" title=\"Send inquiry\">Send inquiry<\/a>\n\t\t\t\t<\/div>\n\t\t\n\t<\/div>\n\n<\/div>\n<\/div><\/div><\/div><\/div><\/div>","protected":false},"excerpt":{"rendered":"<p>Software localisation We translate software and test its functionality for user friendliness and local language relevance. CAT tool translations Do you require fast translations and, at the same time, a&nbsp;guarantee of terminological consistency? Choose our CAT tool translations! Machine Translation B2B Save your money and time with Machine Translation! In Skrivanek we have more than [&hellip;]<\/p>\n","protected":false},"author":1,"featured_media":0,"parent":0,"menu_order":0,"comment_status":"closed","ping_status":"closed","template":"","meta":{"_acf_changed":false,"footnotes":""},"class_list":["post-4133","page","type-page","status-publish","hentry"],"acf":[],"aioseo_notices":[],"_links":{"self":[{"href":"https:\/\/skrivanek.cz\/en\/wp-json\/wp\/v2\/pages\/4133","targetHints":{"allow":["GET"]}}],"collection":[{"href":"https:\/\/skrivanek.cz\/en\/wp-json\/wp\/v2\/pages"}],"about":[{"href":"https:\/\/skrivanek.cz\/en\/wp-json\/wp\/v2\/types\/page"}],"author":[{"embeddable":true,"href":"https:\/\/skrivanek.cz\/en\/wp-json\/wp\/v2\/users\/1"}],"replies":[{"embeddable":true,"href":"https:\/\/skrivanek.cz\/en\/wp-json\/wp\/v2\/comments?post=4133"}],"version-history":[{"count":4,"href":"https:\/\/skrivanek.cz\/en\/wp-json\/wp\/v2\/pages\/4133\/revisions"}],"predecessor-version":[{"id":28722,"href":"https:\/\/skrivanek.cz\/en\/wp-json\/wp\/v2\/pages\/4133\/revisions\/28722"}],"wp:attachment":[{"href":"https:\/\/skrivanek.cz\/en\/wp-json\/wp\/v2\/media?parent=4133"}],"curies":[{"name":"wp","href":"https:\/\/api.w.org\/{rel}","templated":true}]}}