{"id":4134,"date":"2021-03-08T06:11:18","date_gmt":"2021-03-08T05:11:18","guid":{"rendered":"https:\/\/skrivanek.cz\/technologie\/skrivanek-machine-translation\/"},"modified":"2024-04-02T12:37:04","modified_gmt":"2024-04-02T10:37:04","slug":"machine-translation","status":"publish","type":"page","link":"https:\/\/skrivanek.cz\/en\/translations\/machine-translation\/","title":{"rendered":"Machine Translation"},"content":{"rendered":"<div id=\"pl-4134\"  class=\"panel-layout\" ><div id=\"pg-4134-0\"  class=\"panel-grid panel-has-style\"  style=\"margin-bottom: 0px\" ><div class=\"siteorigin-panels-stretch panel-row-style panel-row-style-for-4134-0\" data-stretch-type=\"full\" ><div id=\"pgc-4134-0-0\"  class=\"panel-grid-cell\" ><div id=\"panel-4134-0-0-0\" class=\"so-panel widget widget_wpa9-card-l panel-first-child panel-last-child\" data-index=\"0\" ><div\n\t\t\t\n\t\t\tclass=\"so-widget-wpa9-card-l so-widget-wpa9-card-l-default-c93e1481a745-4134\"\n\t\t\t\n\t\t>\n\n<div class=\"wpa9-card wpa9-card-l-container d-flex flex-wrap wpa9-columns-2\">\n\n\t\n\t\t\n\t<div class=\"wpa9-card-l-panel wpa9-panel shadow rounded d-flex flex-column justify-content-between\">\n\n\t\t<div>\n\t\t\t\t\t\t\t<span class=\"wpa9-panel-icon icon\" style=\"display: none; background-image: url('https:\/\/skrivanek.cz\/wp-content\/uploads\/2021\/03\/ico-nmt.svg')\"><\/span>\n\t\t\t<span class=\"wpa9-panel-icon icon\" style=\"mask-image: url(https:\/\/skrivanek.cz\/wp-content\/uploads\/2021\/03\/ico-nmt.svg); -webkit-mask-image: url(https:\/\/skrivanek.cz\/wp-content\/uploads\/2021\/03\/ico-nmt.svg);\"><\/span>\n\t\t\n\t\t\t\t\t\t\t\t<h2 class=\"wpa9-panel-title\">NMT \u2013 Neural Machine Translation <\/h2>\n\t\t\n\t\t\t\t\t\t\t<div class=\"wpa9-panel-content\"><p>Machine translation offers <strong>companies a&nbsp;comprehensive translation solution <\/strong>based on the principle of neural networks, which operate using the same principles as the human brain. Thanks to the feedback mechanism, NMT is a&nbsp;constantly learning system which produces better and more natural translations.<\/p>\n<p>NMT now allows you to <strong>significantly reduce your costs and the overall processing time of translations<\/strong>. There are a&nbsp;number of fields (technology, law, medicine, etc.) that this solution is especially well suited for.<\/p>\n<p>The translation from NMT itself can also be adapted further to better suit your needs.<\/p>\n<\/div>\n\t\t\t\t<\/div>\n\n\t\t\t\t<div class=\"meta meta-buttons d-flex flex-column flex-sm-row justify-content-center\">\n\t\t\t\t\t<a class=\"btn btn-negative \" href=\"https:\/\/skrivanek.cz\/en\/inquiry\/\" title=\"I am interested in machine translation\">I am interested in machine translation<\/a>\n\t\t\t\t\t\t<\/div>\n\t\t\n\t<\/div>\n\n\t\t\n\t<div class=\"wpa9-card-l-panel wpa9-panel shadow rounded d-flex flex-column justify-content-between\">\n\n\t\t<div>\n\t\t\t\t\t\t\t<span class=\"wpa9-panel-icon icon\" style=\"display: none; background-image: url('https:\/\/skrivanek.cz\/wp-content\/uploads\/2021\/03\/ico-seznam-1.svg')\"><\/span>\n\t\t\t<span class=\"wpa9-panel-icon icon\" style=\"mask-image: url(https:\/\/skrivanek.cz\/wp-content\/uploads\/2021\/03\/ico-seznam-1.svg); -webkit-mask-image: url(https:\/\/skrivanek.cz\/wp-content\/uploads\/2021\/03\/ico-seznam-1.svg);\"><\/span>\n\t\t\n\t\t\t\t\t\t\t\t<h2 class=\"wpa9-panel-title\">NMT Options<\/h2>\n\t\t\n\t\t\t\t\t\t\t<div class=\"wpa9-panel-content\"><p>Postediting is the process of checking and editing automatically translated text from NMT. This editing is performed by a&nbsp;translator who, in addition to their language skills, also has knowledge of the relevant field.<\/p>\n<ul style=\"list-style-type: disc\">\n<li><strong>NMT without postediting (raw NMT)<br \/>\n<\/strong>If you need to translate a&nbsp;large amount of text in a&nbsp;way that makes the content generally understandable.<\/li>\n<li><strong>NMT with basic postediting (light NMT)<br \/>\n<\/strong>If you prefer a&nbsp;more comprehensible translation, but where the stylistic properties of the text are not essential for you.<\/li>\n<li><strong>NMT with full postediting (full NMT)<br \/>\n<\/strong>If you want to have maximum control over your translations in terms of formatting, semantics and terminology.<strong><br \/>\n<\/strong><\/li>\n<\/ul>\n<\/div>\n\t\t\t\t<\/div>\n\n\t\t\n\t<\/div>\n\n\t\t\n\t\n<\/div>\n<\/div><\/div><\/div><\/div><\/div><div id=\"pg-4134-1\"  class=\"panel-grid panel-no-style\"  style=\"margin-bottom: 0px\" ><div id=\"pgc-4134-1-0\"  class=\"panel-grid-cell\" ><div id=\"panel-4134-1-0-0\" class=\"so-panel widget widget_wpa9-steps panel-first-child panel-last-child\" data-index=\"1\" ><div\n\t\t\t\n\t\t\tclass=\"so-widget-wpa9-steps so-widget-wpa9-steps-default-c93e1481a745-4134\"\n\t\t\t\n\t\t><h3 class=\"widget-title\">The NMT translation process with full postediting<\/h3><div class=\"wpa9-steps\">\n\t<div class=\"wpa9-steps-togglers d-flex flex-wrap justify-content-center\" data-wpa9-interval=\"7000\">\n\t\t\t\n\t\t<div class=\"wpa9-steps-toggler-wrapper wpa9-steps-active\" id=\"wpa9-steps-toggler-panel-0\">\n\t\t\t<div class=\"wpa9-steps-toggler f-headlines d-flex align-items-center justify-content-center\" data-content=\"panel-0\" role=\"button\">\n\t\t\t\t\t\t\t\t<span class=\"wpa9-step-title\">Source File<\/span>\n\t\t\t\t\t\t\t<\/div>\n\t\t\t<div class=\"wpa9-steps-decoration\"><\/div>\n\t\t<\/div>\n\t\t<div class=\"wpa9-steps-content wpa9-steps-active\" role=\"region\" id=\"wpa9-steps-content-panel-0\">\n\t\t\t<p>After an input check, we import your file into the translation interface.<\/p>\n\t\t<\/div>\n\t\t<div class=\"wpa9-steps-hyphen hyphen-visible\"><\/div>\t\t\t\n\t\t<div class=\"wpa9-steps-toggler-wrapper\" id=\"wpa9-steps-toggler-panel-1\">\n\t\t\t<div class=\"wpa9-steps-toggler f-headlines d-flex align-items-center justify-content-center\" data-content=\"panel-1\" role=\"button\">\n\t\t\t\t\t\t\t\t<span class=\"wpa9-step-title\">NMT Translation and Raw Output Control<\/span>\n\t\t\t\t\t\t\t<\/div>\n\t\t\t<div class=\"wpa9-steps-decoration\"><\/div>\n\t\t<\/div>\n\t\t<div class=\"wpa9-steps-content\" role=\"region\" id=\"wpa9-steps-content-panel-1\">\n\t\t\t<p>After generating the NMT translation, we check whether the translation into the required language is complete and whether its formatting corresponds to your source document.<\/p>\n\t\t<\/div>\n\t\t<div class=\"wpa9-steps-hyphen hyphen-visible\"><\/div>\t\t\t\n\t\t<div class=\"wpa9-steps-toggler-wrapper\" id=\"wpa9-steps-toggler-panel-2\">\n\t\t\t<div class=\"wpa9-steps-toggler f-headlines d-flex align-items-center justify-content-center\" data-content=\"panel-2\" role=\"button\">\n\t\t\t\t\t\t\t\t<span class=\"wpa9-step-title\">Postediting<\/span>\n\t\t\t\t\t\t\t<\/div>\n\t\t\t<div class=\"wpa9-steps-decoration\"><\/div>\n\t\t<\/div>\n\t\t<div class=\"wpa9-steps-content\" role=\"region\" id=\"wpa9-steps-content-panel-2\">\n\t\t\t<p>If you ordered postediting, a&nbsp;suitable language specialist will be selected for your project. The posteditor will check the translated text from the NMT and, if necessary, modify it in terms of formatting, semantics and terminology (depending on the option selected: light NMT or full NMT).<\/p>\n\t\t<\/div>\n\t\t<div class=\"wpa9-steps-hyphen hyphen-visible\"><\/div>\t\t\t\n\t\t<div class=\"wpa9-steps-toggler-wrapper\" id=\"wpa9-steps-toggler-panel-3\">\n\t\t\t<div class=\"wpa9-steps-toggler f-headlines d-flex align-items-center justify-content-center\" data-content=\"panel-3\" role=\"button\">\n\t\t\t\t\t\t\t\t<span class=\"wpa9-step-title\">Processing of your translation<\/span>\n\t\t\t\t\t\t\t<\/div>\n\t\t\t<div class=\"wpa9-steps-decoration\"><\/div>\n\t\t<\/div>\n\t\t<div class=\"wpa9-steps-content\" role=\"region\" id=\"wpa9-steps-content-panel-3\">\n\t\t\t<p>After the final check and export, we will deliver the translation to you in the same format and with the same formatting (including the original images, web links, etc.) as the source text.<\/p>\n\t\t<\/div>\n\t\t\t\t<\/div>\n\t<div class=\"wpa9-steps-contents-wrapper\">\n\t\t\t\t\t<div class=\"wpa9-steps-content _step_4_1 wpa9-steps-active\" role=\"region\" id=\"wpa9-steps-content-panel-0\">\n\t\t\t<p>After an input check, we import your file into the translation interface.<\/p>\n\t\t<\/div>\n\t\t\t\t\t<div class=\"wpa9-steps-content _step_4_2\" role=\"region\" id=\"wpa9-steps-content-panel-1\">\n\t\t\t<p>After generating the NMT translation, we check whether the translation into the required language is complete and whether its formatting corresponds to your source document.<\/p>\n\t\t<\/div>\n\t\t\t\t\t<div class=\"wpa9-steps-content _step_4_3\" role=\"region\" id=\"wpa9-steps-content-panel-2\">\n\t\t\t<p>If you ordered postediting, a&nbsp;suitable language specialist will be selected for your project. The posteditor will check the translated text from the NMT and, if necessary, modify it in terms of formatting, semantics and terminology (depending on the option selected: light NMT or full NMT).<\/p>\n\t\t<\/div>\n\t\t\t\t\t<div class=\"wpa9-steps-content _step_4_4\" role=\"region\" id=\"wpa9-steps-content-panel-3\">\n\t\t\t<p>After the final check and export, we will deliver the translation to you in the same format and with the same formatting (including the original images, web links, etc.) as the source text.<\/p>\n\t\t<\/div>\n\t\t<\/div>\n\t<\/div>\n<\/div><\/div><\/div><\/div><div id=\"pg-4134-2\"  class=\"panel-grid panel-has-style\"  style=\"margin-bottom: 0px\" ><div class=\"siteorigin-panels-stretch panel-row-style panel-row-style-for-4134-2\" data-stretch-type=\"full\" ><div id=\"pgc-4134-2-0\"  class=\"panel-grid-cell\" ><div id=\"panel-4134-2-0-0\" class=\"so-panel widget widget_wpa9-card-l panel-first-child panel-last-child\" data-index=\"2\" ><div\n\t\t\t\n\t\t\tclass=\"so-widget-wpa9-card-l so-widget-wpa9-card-l-default-c93e1481a745-4134\"\n\t\t\t\n\t\t>\n\n<div class=\"wpa9-card wpa9-card-l-container d-flex flex-wrap wpa9-columns-2\">\n\n\t\n\t\t\n\t<div class=\"wpa9-card-l-panel wpa9-panel shadow rounded d-flex flex-column justify-content-between\">\n\n\t\t<div>\n\t\t\t\t\t\t\t<span class=\"wpa9-panel-icon icon\" style=\"display: none; background-image: url('https:\/\/skrivanek.cz\/wp-content\/uploads\/2021\/03\/ico-typy-kurzu.svg')\"><\/span>\n\t\t\t<span class=\"wpa9-panel-icon icon\" style=\"mask-image: url(https:\/\/skrivanek.cz\/wp-content\/uploads\/2021\/03\/ico-typy-kurzu.svg); -webkit-mask-image: url(https:\/\/skrivanek.cz\/wp-content\/uploads\/2021\/03\/ico-typy-kurzu.svg);\"><\/span>\n\t\t\n\t\t\t\t\t\t\t\t<h2 class=\"wpa9-panel-title\">What are the benefits of NMT?<\/h2>\n\t\t\n\t\t\t\t\t\t\t<div class=\"wpa9-panel-content\"><p><strong>+<\/strong> our own, <strong>internally developed<\/strong> product<br \/>\n<strong>+<\/strong> <strong>significant cost savings<\/strong><br \/>\n<strong>+<\/strong> reduction of total processing time<br \/>\n<strong>+<\/strong> <strong>guarantee of safe data handling<\/strong><br \/>\n<strong>+<\/strong> we will choose for you <strong>the most suitable tool<\/strong><br \/>\n<strong>+<\/strong> possibility to choose from 3 processing options<br \/>\n<strong>+<\/strong> <strong>effective solution<\/strong> for translations of large-scale projects<\/p>\n<\/div>\n\t\t\t\t<\/div>\n\n\t\t\n\t<\/div>\n\n\t\t\n\t<div class=\"wpa9-card-l-panel wpa9-panel shadow rounded d-flex flex-column justify-content-between\">\n\n\t\t<div>\n\t\t\t\t\t\t\t<span class=\"wpa9-panel-icon icon\" style=\"display: none; background-image: url('https:\/\/skrivanek.cz\/wp-content\/uploads\/2021\/01\/ico-obecnypreklad.svg')\"><\/span>\n\t\t\t<span class=\"wpa9-panel-icon icon\" style=\"mask-image: url(https:\/\/skrivanek.cz\/wp-content\/uploads\/2021\/01\/ico-obecnypreklad.svg); -webkit-mask-image: url(https:\/\/skrivanek.cz\/wp-content\/uploads\/2021\/01\/ico-obecnypreklad.svg);\"><\/span>\n\t\t\n\t\t\t\t\t\t\t\t<h2 class=\"wpa9-panel-title\">NMT and creative texts<\/h2>\n\t\t\n\t\t\t\t\t\t\t<div class=\"wpa9-panel-content\"><ul style=\"list-style-type: disc\">\n<li>This solution may not be suitable for certain specific fields.<\/li>\n<li>More creative texts using figurative language may not result in accurate translations and as a&nbsp;consequence may lose their original meaning.<\/li>\n<\/ul>\n<p>Unsure about your intended translation texts?<br \/>\nNot sure if your project is suitable for NMT?<\/p>\n<\/div>\n\t\t\t\t<\/div>\n\n\t\t\t\t<div class=\"meta meta-buttons d-flex flex-column flex-sm-row justify-content-center\">\n\t\t\t\t\t<a class=\"btn \" href=\"https:\/\/skrivanek.cz\/cz\/kontakty\/\" title=\"Ask us\">Ask us<\/a>\n\t\t\t\t\t\t<\/div>\n\t\t\n\t<\/div>\n\n\t\t\n\t\n<\/div>\n<\/div><\/div><\/div><\/div><\/div><div id=\"pg-4134-3\"  class=\"panel-grid panel-no-style\"  style=\"margin-bottom: 0px\" ><div id=\"pgc-4134-3-0\"  class=\"panel-grid-cell\" ><div id=\"panel-4134-3-0-0\" class=\"so-panel widget widget_wpa9-card-s panel-first-child panel-last-child\" data-index=\"3\" ><div class=\"panel-widget-style panel-widget-style-for-4134-3-0-0\" ><div\n\t\t\t\n\t\t\tclass=\"so-widget-wpa9-card-s so-widget-wpa9-card-s-default-c93e1481a745-4134\"\n\t\t\t\n\t\t><div class=\"wpa9-card wpa9-card-s wide positive\">\n\n\t<div class=\"wpa9-card-wrapper container\">\n\n\t\t<div class=\"wpa9-card-text\">\n\t\t\t<h2 class=\"wpa9-card-title\"><\/h2>\n\t\t\t<div class=\"wpa9-card-content\"><p><span style=\"color: #ff0000\"><strong>Examples of individual options<\/strong><\/span><\/p>\n<table width=\"685\">\n<tbody>\n<tr>\n<td width=\"132\"><span style=\"color: #000000\">Original text<\/span><\/td>\n<td width=\"553\"><span style=\"color: #000000\">The accounting entity shall create the accounting documents on its own.<\/span><\/td>\n<\/tr>\n<tr>\n<td width=\"132\"><span style=\"color: #000000\">Raw NMT<\/span><\/td>\n<td width=\"553\"><span style=\"color: #000000\">\u00da\u010detn\u00ed jednotka sama vytv\u00e1\u0159\u00ed \u00fa\u010detn\u00ed dokumenty.<\/span><\/td>\n<\/tr>\n<tr>\n<td width=\"132\"><span style=\"color: #000000\">Light NMT<\/span><\/td>\n<td width=\"553\"><span style=\"color: #000000\">\u00da\u010detn\u00ed jednotka vytv\u00e1\u0159\u00ed \u00fa\u010detn\u00ed doklady sama.<\/span><\/td>\n<\/tr>\n<tr>\n<td width=\"132\"><span style=\"color: #000000\">Full NMT<\/span><\/td>\n<td width=\"553\"><span style=\"color: #000000\">\u00da\u010detn\u00ed jednotka vytvo\u0159\u00ed \u00fa\u010detn\u00ed doklady samostatn\u011b.<\/span><\/td>\n<\/tr>\n<\/tbody>\n<\/table>\n<p style=\"text-align: center\">\n<\/p><\/div>\t\t<\/div>\n\n\t\t\n\t<\/div>\n\n<\/div>\n<\/div><\/div><\/div><\/div><\/div><div id=\"pg-4134-4\"  class=\"panel-grid panel-has-style\"  style=\"margin-bottom: 0px\" ><div class=\"siteorigin-panels-stretch panel-row-style panel-row-style-for-4134-4\" data-stretch-type=\"full\" ><div id=\"pgc-4134-4-0\"  class=\"panel-grid-cell\" ><div id=\"panel-4134-4-0-0\" class=\"so-panel widget widget_wpa9-accordion panel-first-child panel-last-child\" data-index=\"4\" ><div\n\t\t\t\n\t\t\tclass=\"so-widget-wpa9-accordion so-widget-wpa9-accordion-default-c93e1481a745-4134\"\n\t\t\t\n\t\t><h3 class=\"widget-title\">Frequently Asked Questions<\/h3><div class=\"wpa9-accordion\">\n\t<div class=\"wpa9-accordion-panel\" id=\"wpa9-accordion-panel-what-does-neural-machine-translation-mean-and-how-does-it-work-in-general\">\n\n\t\t<div class=\"wpa9-accordion-toggler d-flex\" data-panel=\"what-does-neural-machine-translation-mean-and-how-does-it-work-in-general\" role=\"button\" aria-controls=\"wpa9-accordion-panel-what-does-neural-machine-translation-mean-and-how-does-it-work-in-general\" aria-expanded=\"false\">\n\n\t\t\t<div class=\"wpa9-accordion-icon wpa9-accordion-icon-open\"><\/div>\n\n\t\t\t<div class=\"wpa9-accordion-title\">What does Neural Machine Translation mean and how does it work in general?<\/div>\n\n\t\t<\/div>\n\n\t\t<div class=\"wpa9-accordion-content\" role=\"region\">\n\t\t\tIt is a&nbsp;procedure based on artificial neural networks which operates in a&nbsp;similar way as the neural network of the human brain. Simply put, these network structures are able to learn through feedback, allowing them to better predict probable word sequences and form whole sentences in another language.\t\t<\/div>\n\n\t<\/div>\n\t<div class=\"wpa9-accordion-panel\" id=\"wpa9-accordion-panel-do-we-still-need-professional-translators\">\n\n\t\t<div class=\"wpa9-accordion-toggler d-flex\" data-panel=\"do-we-still-need-professional-translators\" role=\"button\" aria-controls=\"wpa9-accordion-panel-do-we-still-need-professional-translators\" aria-expanded=\"false\">\n\n\t\t\t<div class=\"wpa9-accordion-icon wpa9-accordion-icon-open\"><\/div>\n\n\t\t\t<div class=\"wpa9-accordion-title\">Do we still need professional translators?<\/div>\n\n\t\t<\/div>\n\n\t\t<div class=\"wpa9-accordion-content\" role=\"region\">\n\t\t\tOf course. There are fields and texts in which human work is irreplaceable. In addition, computers have not yet learned to correct the raw output from the NMT system and ensure its consistency. That is why we offer you various levels of postediting by a&nbsp;human translator.\t\t<\/div>\n\n\t<\/div>\n\t<div class=\"wpa9-accordion-panel\" id=\"wpa9-accordion-panel-is-there-a-difference-between-nmt-and-a-translation-using-a-cat-tool\">\n\n\t\t<div class=\"wpa9-accordion-toggler d-flex\" data-panel=\"is-there-a-difference-between-nmt-and-a-translation-using-a-cat-tool\" role=\"button\" aria-controls=\"wpa9-accordion-panel-is-there-a-difference-between-nmt-and-a-translation-using-a-cat-tool\" aria-expanded=\"false\">\n\n\t\t\t<div class=\"wpa9-accordion-icon wpa9-accordion-icon-open\"><\/div>\n\n\t\t\t<div class=\"wpa9-accordion-title\">Is there a&nbsp;difference between NMT and a&nbsp;translation using a&nbsp;CAT tool?<\/div>\n\n\t\t<\/div>\n\n\t\t<div class=\"wpa9-accordion-content\" role=\"region\">\n\t\t\tYes, these are two completely different methods. While translations based on CAT tools are performed by a&nbsp;human translator, NMT translations make use of the CAT tool interface on the output from the NMT system, which can then be postedited in line with your needs. In both cases (basic - light NMT or full NMT postediting), the checks and adjustments are performed by a&nbsp;human translator who, in addition to their language skills, also has knowledge of the relevant field.\t\t<\/div>\n\n\t<\/div>\n\t<div class=\"wpa9-accordion-panel\" id=\"wpa9-accordion-panel-what-is-the-cost-of-translations-when-using-nmt\">\n\n\t\t<div class=\"wpa9-accordion-toggler d-flex\" data-panel=\"what-is-the-cost-of-translations-when-using-nmt\" role=\"button\" aria-controls=\"wpa9-accordion-panel-what-is-the-cost-of-translations-when-using-nmt\" aria-expanded=\"false\">\n\n\t\t\t<div class=\"wpa9-accordion-icon wpa9-accordion-icon-open\"><\/div>\n\n\t\t\t<div class=\"wpa9-accordion-title\">What is the cost of translations when using NMT?<\/div>\n\n\t\t<\/div>\n\n\t\t<div class=\"wpa9-accordion-content\" role=\"region\">\n\t\t\tTranslation prices are determines on a&nbsp;case-by-case basis. They depend on the source format, the field of the translated text, the scope, the completion date, the amount of postediting required and possibly other services you ordered. If you are interested in more information, just <a href=\"https:\/\/skrivanek.cz\/en\/contact-information\/\">contact us<\/a>; we will be happy to prepare a&nbsp;price offer for you.\t\t<\/div>\n\n\t<\/div>\n\t<div class=\"wpa9-accordion-panel\" id=\"wpa9-accordion-panel-how-quickly-can-translations-be-processed-by-nmt\">\n\n\t\t<div class=\"wpa9-accordion-toggler d-flex\" data-panel=\"how-quickly-can-translations-be-processed-by-nmt\" role=\"button\" aria-controls=\"wpa9-accordion-panel-how-quickly-can-translations-be-processed-by-nmt\" aria-expanded=\"false\">\n\n\t\t\t<div class=\"wpa9-accordion-icon wpa9-accordion-icon-open\"><\/div>\n\n\t\t\t<div class=\"wpa9-accordion-title\">How quickly can translations be processed by NMT?<\/div>\n\n\t\t<\/div>\n\n\t\t<div class=\"wpa9-accordion-content\" role=\"region\">\n\t\t\tIf we do not include the preparation of the project and the steps associated with its finalisation, our NMT can translate 1,200 words per second! It usually takes a&nbsp;translator 4-5 hours on average to translate the same volume.\t\t<\/div>\n\n\t<\/div>\n<\/div>\n<\/div><\/div><\/div><\/div><\/div><div id=\"pg-4134-5\"  class=\"panel-grid panel-no-style\" ><div id=\"pgc-4134-5-0\"  class=\"panel-grid-cell\" ><div id=\"panel-4134-5-0-0\" class=\"so-panel widget widget_wpa9-card-s panel-first-child panel-last-child\" data-index=\"5\" ><div\n\t\t\t\n\t\t\tclass=\"so-widget-wpa9-card-s so-widget-wpa9-card-s-default-c93e1481a745-4134\"\n\t\t\t\n\t\t><div class=\"wpa9-card wpa9-card-s wide positive\">\n\n\t<div class=\"wpa9-card-wrapper container\">\n\n\t\t<div class=\"wpa9-card-text\">\n\t\t\t<h2 class=\"wpa9-card-title\">Need more information?<\/h2>\n\t\t\t\t\t<\/div>\n\n\t\t\t\t<div class=\"meta meta-buttons d-flex flex-row justify-content-center\">\n\t\t\t\t\t<a class=\"btn btn-negative \" href=\"https:\/\/skrivanek.cz\/en\/inquiry\/\" title=\"Send us an inquiry\">Send us an inquiry<\/a>\n\t\t\t\t\t\t<\/div>\n\t\t\n\t<\/div>\n\n<\/div>\n<\/div><\/div><\/div><\/div><\/div>","protected":false},"excerpt":{"rendered":"<p>NMT \u2013 Neural Machine Translation Machine translation offers companies a&nbsp;comprehensive translation solution based on the principle of neural networks, which operate using the same principles as the human brain. Thanks to the feedback mechanism, NMT is a&nbsp;constantly learning system which produces better and more natural translations. NMT now allows you to significantly reduce your costs [&hellip;]<\/p>\n","protected":false},"author":3,"featured_media":0,"parent":4174,"menu_order":0,"comment_status":"closed","ping_status":"closed","template":"","meta":{"_acf_changed":false,"footnotes":""},"class_list":["post-4134","page","type-page","status-publish","hentry"],"acf":[],"aioseo_notices":[],"_links":{"self":[{"href":"https:\/\/skrivanek.cz\/en\/wp-json\/wp\/v2\/pages\/4134","targetHints":{"allow":["GET"]}}],"collection":[{"href":"https:\/\/skrivanek.cz\/en\/wp-json\/wp\/v2\/pages"}],"about":[{"href":"https:\/\/skrivanek.cz\/en\/wp-json\/wp\/v2\/types\/page"}],"author":[{"embeddable":true,"href":"https:\/\/skrivanek.cz\/en\/wp-json\/wp\/v2\/users\/3"}],"replies":[{"embeddable":true,"href":"https:\/\/skrivanek.cz\/en\/wp-json\/wp\/v2\/comments?post=4134"}],"version-history":[{"count":3,"href":"https:\/\/skrivanek.cz\/en\/wp-json\/wp\/v2\/pages\/4134\/revisions"}],"predecessor-version":[{"id":68514,"href":"https:\/\/skrivanek.cz\/en\/wp-json\/wp\/v2\/pages\/4134\/revisions\/68514"}],"up":[{"embeddable":true,"href":"https:\/\/skrivanek.cz\/en\/wp-json\/wp\/v2\/pages\/4174"}],"wp:attachment":[{"href":"https:\/\/skrivanek.cz\/en\/wp-json\/wp\/v2\/media?parent=4134"}],"curies":[{"name":"wp","href":"https:\/\/api.w.org\/{rel}","templated":true}]}}