{"id":4147,"date":"2021-03-03T10:56:01","date_gmt":"2021-03-03T09:56:01","guid":{"rendered":"https:\/\/skrivanek.cz\/pro-media\/"},"modified":"2026-03-24T22:29:06","modified_gmt":"2026-03-24T21:29:06","slug":"media","status":"publish","type":"page","link":"https:\/\/skrivanek.cz\/en\/media\/","title":{"rendered":"For media"},"content":{"rendered":"<div id=\"pl-4147\"  class=\"panel-layout\" ><div id=\"pg-4147-0\"  class=\"panel-grid panel-has-style\"  style=\"margin-bottom: 0px\" ><div class=\"siteorigin-panels-stretch panel-row-padding-none panel-row-style panel-row-style-for-4147-0\" style=\"padding: 40px 0px 40px 0px;\" data-stretch-type=\"full\" ><div id=\"pgc-4147-0-0\"  class=\"panel-grid-cell\" ><div id=\"panel-4147-0-0-0\" class=\"so-panel widget widget_wpa9-editor-ext panel-first-child panel-last-child\" data-index=\"0\" ><div\n\t\t\t\n\t\t\tclass=\"so-widget-wpa9-editor-ext so-widget-wpa9-editor-ext-default-c93e1481a745-4147\"\n\t\t\t\n\t\t>\n<div class=\"siteorigin-widget-tinymce textwidget\">\n\t<h3 style=\"text-align: center;\">Downloadable Skrivanek logos<\/h3>\n<p style=\"text-align: center;\"><a href=\"https:\/\/skrivanek.cz\/wp-content\/uploads\/2021\/09\/skrivanek-ci.zip\">Skrivanek logos<\/a><\/p>\n<p>&nbsp;<\/p>\n<h3 class=\"wpa9-buttons-group-title widget-title layout-positive\" style=\"text-align: center;\">Promo photographs and videos for free use<\/h3>\n<p style=\"text-align: center;\"><a href=\"https:\/\/www.youtube.com\/watch?v=IYRZeQPM2MU\" target=\"_blank\" rel=\"noopener\">Understand and comprehend<\/a><\/p>\n<p style=\"text-align: center;\"><a href=\"https:\/\/www.youtube.com\/watch?v=YdEf7yNnHgA\" target=\"_blank\" rel=\"noopener\">Language School: The wor(l)d is yours<\/a><\/p>\n<p style=\"text-align: center;\"><a href=\"https:\/\/www.youtube.com\/watch?v=C5pIZr7OAJI\" target=\"_blank\" rel=\"noopener\">How to succeed in an interview in a&nbsp;foreign language<\/a><\/p>\n<\/div>\n<\/div><\/div><\/div><\/div><\/div><div id=\"pg-4147-1\"  class=\"panel-grid panel-no-style\" ><div id=\"pgc-4147-1-0\"  class=\"panel-grid-cell\" ><div id=\"panel-4147-1-0-0\" class=\"so-panel widget widget_wpa9-posts widget-posts panel-first-child panel-last-child\" data-index=\"1\" ><div\n\t\t\t\n\t\t\tclass=\"so-widget-wpa9-posts so-widget-wpa9-posts-base\"\n\t\t\t\n\t\t><h3 class=\"widget-title\">What\u2019s new with us?<\/h3><div class=\"widget-subheadline\"><\/div>\n\n  <!-- .posts -->\n  <div class=\"loop-posts row\">\n\n\t  \n    <!-- article -->\n    \n<article class=\"col-lg-3 col-sm-6 post-70302 post type-post status-publish format-standard has-post-thumbnail hentry category-blog\" id=\"post-70302\">\n\n  \n  <a href=\"https:\/\/skrivanek.cz\/en\/blog\/purpose-of-translation-effective-accurate\/\" class=\"post-ajax thumbnail\" data-postid=\"70302\" title=\"The purpose of translation: effective and accurate translations\">\n    <figure class=\"r3x2\">\n      <img loading=\"lazy\" decoding=\"async\" width=\"512\" height=\"340\" src=\"https:\/\/skrivanek.cz\/wp-content\/uploads\/2024\/05\/preklad-ucel.webp\" class=\"rounded wp-post-image\" alt=\"preklad (ucel prekladu) \/ translation\" \/>    <\/figure>\n  <\/a>\n\n  <div class=\"entry-container\">\n\n    <header>\n            <div class=\"meta-date\">20\/5\/2024<\/div>\n            <h2 class=\"post-title\"><a class=\"post-ajax\" href=\"https:\/\/skrivanek.cz\/en\/blog\/purpose-of-translation-effective-accurate\/\" data-postid=\"70302\" title=\"The purpose of translation: effective and accurate translations\">The purpose of translation: effective and accurate translations<\/a><\/h2>\n    <\/header>\n\n    <main class=\"entry-excerpt\">\n      Not sure what type of translation and proofreading to choose? Read our article to learn how to order a&nbsp;translation&hellip;    <\/main>\n\n  <\/div>\n\n<\/article>\n<!-- \/article -->\n\n    \n    <!-- article -->\n    \n<article class=\"col-lg-3 col-sm-6 post-69413 post type-post status-publish format-standard has-post-thumbnail hentry category-blog\" id=\"post-69413\">\n\n  \n  <a href=\"https:\/\/skrivanek.cz\/en\/blog\/individual-group-courses-how-to-choose-the-right-one-for-you\/\" class=\"post-ajax thumbnail\" data-postid=\"69413\" title=\"Individual vs. group courses: How to choose the right one for you?\">\n    <figure class=\"r3x2\">\n      <img loading=\"lazy\" decoding=\"async\" width=\"512\" height=\"340\" src=\"https:\/\/skrivanek.cz\/wp-content\/uploads\/2024\/03\/individualni-vyuka-512x340.webp\" class=\"rounded wp-post-image\" alt=\"individu\u00e1ln\u00ed v\u00fduka \/ individual courses\" \/>    <\/figure>\n  <\/a>\n\n  <div class=\"entry-container\">\n\n    <header>\n            <div class=\"meta-date\">12\/4\/2024<\/div>\n            <h2 class=\"post-title\"><a class=\"post-ajax\" href=\"https:\/\/skrivanek.cz\/en\/blog\/individual-group-courses-how-to-choose-the-right-one-for-you\/\" data-postid=\"69413\" title=\"Individual vs. group courses: How to choose the right one for you?\">Individual vs. group courses: How to choose the right one for you?<\/a><\/h2>\n    <\/header>\n\n    <main class=\"entry-excerpt\">\n      Deciding which type of language courses is best for you can be challenging when you lack sufficient information. There is&hellip;    <\/main>\n\n  <\/div>\n\n<\/article>\n<!-- \/article -->\n\n    \n    <!-- article -->\n    \n<article class=\"col-lg-3 col-sm-6 post-62687 post type-post status-publish format-standard has-post-thumbnail hentry category-blog\" id=\"post-62687\">\n\n  \n  <a href=\"https:\/\/skrivanek.cz\/en\/blog\/ideal-gift-language-courses-education\/\" class=\"post-ajax thumbnail\" data-postid=\"62687\" title=\"Ideal gift? Language courses and education!\">\n    <figure class=\"r3x2\">\n      <img loading=\"lazy\" decoding=\"async\" width=\"512\" height=\"340\" src=\"https:\/\/skrivanek.cz\/wp-content\/uploads\/2023\/08\/blog-darek-1-512x340.jpg\" class=\"rounded wp-post-image\" alt=\"jazykov\u00fd kurz jako d\u00e1rek \/ language course as a gift\" \/>    <\/figure>\n  <\/a>\n\n  <div class=\"entry-container\">\n\n    <header>\n            <div class=\"meta-date\">23\/10\/2023<\/div>\n            <h2 class=\"post-title\"><a class=\"post-ajax\" href=\"https:\/\/skrivanek.cz\/en\/blog\/ideal-gift-language-courses-education\/\" data-postid=\"62687\" title=\"Ideal gift? Language courses and education!\">Ideal gift? Language courses and education!<\/a><\/h2>\n    <\/header>\n\n    <main class=\"entry-excerpt\">\n      What will you gift your loved ones or employees with this year? Do you want a&nbsp;gift that is meaningful&hellip;    <\/main>\n\n  <\/div>\n\n<\/article>\n<!-- \/article -->\n\n    \n    <!-- article -->\n    \n<article class=\"col-lg-3 col-sm-6 post-62683 post type-post status-publish format-standard has-post-thumbnail hentry category-blog\" id=\"post-62683\">\n\n  \n  <a href=\"https:\/\/skrivanek.cz\/en\/blog\/tips-how-to-choose-translation-agency\/\" class=\"post-ajax thumbnail\" data-postid=\"62683\" title=\"Some proven tips on how to choose a&nbsp;translation agency\">\n    <figure class=\"r3x2\">\n      <img loading=\"lazy\" decoding=\"async\" width=\"512\" height=\"340\" src=\"https:\/\/skrivanek.cz\/wp-content\/uploads\/2023\/08\/blog-vyber-agentury-512x340.jpg\" class=\"rounded wp-post-image\" alt=\"jak vybrat p\u0159ekladatelskou agenturu? \/ how to choose a translation agency\" \/>    <\/figure>\n  <\/a>\n\n  <div class=\"entry-container\">\n\n    <header>\n            <div class=\"meta-date\">12\/10\/2023<\/div>\n            <h2 class=\"post-title\"><a class=\"post-ajax\" href=\"https:\/\/skrivanek.cz\/en\/blog\/tips-how-to-choose-translation-agency\/\" data-postid=\"62683\" title=\"Some proven tips on how to choose a&nbsp;translation agency\">Some proven tips on how to choose a&nbsp;translation agency<\/a><\/h2>\n    <\/header>\n\n    <main class=\"entry-excerpt\">\n      How to choose a&nbsp;translation agency and what to look out for while choosing one? We have some proven tips&hellip;    <\/main>\n\n  <\/div>\n\n<\/article>\n<!-- \/article -->\n\n    \n    \n  <\/div>\n  <!-- \/posts -->\n\n  <aside>\n  <\/aside>\n\n<\/div><\/div><\/div><\/div><\/div>","protected":false},"excerpt":{"rendered":"<p>Downloadable Skrivanek logos Skrivanek logos &nbsp; Promo photographs and videos for free use Understand and comprehend Language School: The wor(l)d is yours How to succeed in an interview in a&nbsp;foreign language What\u2019s new with us? 20\/5\/2024 The purpose of translation: effective and accurate translations Not sure what type of translation and proofreading to choose? Read [&hellip;]<\/p>\n","protected":false},"author":1,"featured_media":0,"parent":0,"menu_order":0,"comment_status":"closed","ping_status":"closed","template":"","meta":{"_acf_changed":false,"footnotes":""},"class_list":["post-4147","page","type-page","status-publish","hentry"],"acf":[],"aioseo_notices":[],"_links":{"self":[{"href":"https:\/\/skrivanek.cz\/en\/wp-json\/wp\/v2\/pages\/4147","targetHints":{"allow":["GET"]}}],"collection":[{"href":"https:\/\/skrivanek.cz\/en\/wp-json\/wp\/v2\/pages"}],"about":[{"href":"https:\/\/skrivanek.cz\/en\/wp-json\/wp\/v2\/types\/page"}],"author":[{"embeddable":true,"href":"https:\/\/skrivanek.cz\/en\/wp-json\/wp\/v2\/users\/1"}],"replies":[{"embeddable":true,"href":"https:\/\/skrivanek.cz\/en\/wp-json\/wp\/v2\/comments?post=4147"}],"version-history":[{"count":3,"href":"https:\/\/skrivanek.cz\/en\/wp-json\/wp\/v2\/pages\/4147\/revisions"}],"predecessor-version":[{"id":80728,"href":"https:\/\/skrivanek.cz\/en\/wp-json\/wp\/v2\/pages\/4147\/revisions\/80728"}],"wp:attachment":[{"href":"https:\/\/skrivanek.cz\/en\/wp-json\/wp\/v2\/media?parent=4147"}],"curies":[{"name":"wp","href":"https:\/\/api.w.org\/{rel}","templated":true}]}}