{"id":4156,"date":"2021-02-27T12:37:05","date_gmt":"2021-02-27T11:37:05","guid":{"rendered":"https:\/\/skrivanek.cz\/management-spolecnosti\/"},"modified":"2026-03-24T22:24:46","modified_gmt":"2026-03-24T21:24:46","slug":"management","status":"publish","type":"page","link":"https:\/\/skrivanek.cz\/en\/management\/","title":{"rendered":"Company Management"},"content":{"rendered":"<div id=\"pl-4156\"  class=\"panel-layout\" ><div id=\"pg-4156-0\"  class=\"panel-grid panel-has-style\"  style=\"margin-bottom: 0px\" ><div class=\"siteorigin-panels-stretch panel-row-padding-none panel-row-style panel-row-style-for-4156-0\" data-stretch-type=\"full\" ><div id=\"pgc-4156-0-0\"  class=\"panel-grid-cell\" ><div id=\"panel-4156-0-0-0\" class=\"so-panel widget widget_wpa9-team-members panel-first-child panel-last-child\" data-index=\"0\" ><div\n\t\t\t\n\t\t\tclass=\"so-widget-wpa9-team-members so-widget-wpa9-team-members-default-c93e1481a745-4156\"\n\t\t\t\n\t\t>\n\n<h3 class=\"widget-title\">Management<\/h3>\n<div class=\"wpa9-team-members row\">\n\n\t\n\t\t\n\t\t\n\t\t\t<div class=\"wpa9-team-members-panel col-12 col-md-6 col-lg-4\">\n\n\t\t\t\t\t\t\t<figure class=\"wpa9-team-members-image\">\n\t\t\t\t\t<img alt=\"eva-parentova\" decoding=\"async\" src=\"https:\/\/skrivanek.cz\/wp-content\/uploads\/2024\/11\/eva-parentova.jpg\" alt=\"\" class=\"img-responsive\" \/>\n\t\t\t\t<\/figure>\n\n\t\t\t\t<h4 class=\"wpa9-team-members-name\">Eva Parentov\u00e1<\/h4>\n\n\t\t\t\t<div class=\"wpa9-team-members-position\">Czech Division Director<\/div>\n\t\t\t\t<div class=\"wpa9-team-members-email\"><a href=\"javascript:secureDecryptAndNavigate('KkRNE3w3n06BnuvTifJ+bp7eG3JQyDS8M0W3Vc1fGyyCpnmSBWka6Dx84y1rOY5oFPF+SWNxGGT3ed0pcQ5w9Nrtdu9P5u38j9\/oDyWcqySM', '9c1e8f5271bf4f233390c22bdf43601f044e80460c2e9cc63c40d8bc66437679')\" title=\"Send e-mail to Eva Parentov\u00e1\">&#101;v&#97;.&#112;&#97;ren&#116;&#111;v&#97;&#64;skr&#105;&#118;a&#110;ek.cz<\/a><\/div>\n\t\t\t\t<div class=\"wpa9-team-members-phone\"><\/div>\n\t\t\t\t<div class=\"wpa9-team-members-description\"><\/div>\n\n\t\t\t<\/div>\n\n\t\t\n\t\t\t<div class=\"wpa9-team-members-panel col-12 col-md-6 col-lg-4\">\n\n\t\t\t\t\t\t\t<figure class=\"wpa9-team-members-image\">\n\t\t\t\t\t<img alt=\"anna-skrivankova-ecomail\" decoding=\"async\" src=\"https:\/\/skrivanek.cz\/wp-content\/uploads\/2026\/03\/anna-skrivankova-ecomail.png\" alt=\"\" class=\"img-responsive\" \/>\n\t\t\t\t<\/figure>\n\n\t\t\t\t<h4 class=\"wpa9-team-members-name\">Anna Sk\u0159iv\u00e1nkov\u00e1<\/h4>\n\n\t\t\t\t<div class=\"wpa9-team-members-position\">Global Division Director<\/div>\n\t\t\t\t<div class=\"wpa9-team-members-email\"><a href=\"javascript:secureDecryptAndNavigate('Is5PY9avgcQTdex51zj4k6UoB9DTR5U4DAShWGzuX\/mRoPbTC2WWoRfsJU1G+ZKFrb0Np3OznQkX7pSyl0igHSkNCeZMr0hg4\/HDlsg0FULYognz', '9c1e8f5271bf4f233390c22bdf43601f044e80460c2e9cc63c40d8bc66437679')\" title=\"Send e-mail to Anna Sk\u0159iv\u00e1nkov\u00e1\">&#97;n&#110;a&#46;&#115;krivanko&#118;a&#64;&#115;k&#114;&#105;v&#97;nek&#46;&#99;z<\/a><\/div>\n\t\t\t\t<div class=\"wpa9-team-members-phone\"><\/div>\n\t\t\t\t<div class=\"wpa9-team-members-description\"><\/div>\n\n\t\t\t<\/div>\n\n\t\t\n\t\t\t<div class=\"wpa9-team-members-panel col-12 col-md-6 col-lg-4\">\n\n\t\t\t\t\t\t\t<figure class=\"wpa9-team-members-image\">\n\t\t\t\t\t<img alt=\"oldrich-novak\" decoding=\"async\" src=\"https:\/\/skrivanek.cz\/wp-content\/uploads\/2021\/02\/oldrich-novak.jpg\" alt=\"\" class=\"img-responsive\" \/>\n\t\t\t\t<\/figure>\n\n\t\t\t\t<h4 class=\"wpa9-team-members-name\">Old\u0159ich Nov\u00e1k<\/h4>\n\n\t\t\t\t<div class=\"wpa9-team-members-position\">Head of the IT Department<\/div>\n\t\t\t\t<div class=\"wpa9-team-members-email\"><a href=\"javascript:secureDecryptAndNavigate('P6unHE2IgDQv2hfkmsgeBppworqhCkU4rgCzotLG3huqwTgDYT8sg9Sni\/ofxc9NXIrhVFAK1i\/04RYYofFZ3J3FVS0ZK5EbxAWvqYCIhicO', '9c1e8f5271bf4f233390c22bdf43601f044e80460c2e9cc63c40d8bc66437679')\" title=\"Send e-mail to Old\u0159ich Nov\u00e1k\">ol&#100;&#114;ich&#46;&#110;&#111;&#118;&#97;&#107;&#64;sk&#114;&#105;&#118;an&#101;k.cz<\/a><\/div>\n\t\t\t\t<div class=\"wpa9-team-members-phone\"><\/div>\n\t\t\t\t<div class=\"wpa9-team-members-description\"><\/div>\n\n\t\t\t<\/div>\n\n\t\t\n\t\t\t<div class=\"wpa9-team-members-panel col-12 col-md-6 col-lg-4\">\n\n\t\t\t\t\t\t\t<figure class=\"wpa9-team-members-image\">\n\t\t\t\t\t<img alt=\"lucie-slovackova\" decoding=\"async\" src=\"https:\/\/skrivanek.cz\/wp-content\/uploads\/2021\/02\/lucie-slovackova.jpg\" alt=\"\" class=\"img-responsive\" \/>\n\t\t\t\t<\/figure>\n\n\t\t\t\t<h4 class=\"wpa9-team-members-name\">Lucie Slov\u00e1\u010dkov\u00e1<\/h4>\n\n\t\t\t\t<div class=\"wpa9-team-members-position\">Head of the Economic Department<\/div>\n\t\t\t\t<div class=\"wpa9-team-members-email\"><a href=\"javascript:secureDecryptAndNavigate('R25Imc9QWL4o1j0U2yI6sayGt2H9kPD8AwzYgEzGJpJlvmm0E4usv5rPq5cF1G63WwbxgLeRBj1kSPZlFkWkjBjQu1Kvdx4IqEzdZEnuBRyd5A5J', '9c1e8f5271bf4f233390c22bdf43601f044e80460c2e9cc63c40d8bc66437679')\" title=\"Send e-mail to Lucie Slov\u00e1\u010dkov\u00e1\">l&#117;&#99;i&#101;&#46;&#115;l&#111;va&#99;&#107;ov&#97;&#64;skr&#105;v&#97;&#110;ek.cz<\/a><\/div>\n\t\t\t\t<div class=\"wpa9-team-members-phone\"><\/div>\n\t\t\t\t<div class=\"wpa9-team-members-description\"><\/div>\n\n\t\t\t<\/div>\n\n\t\t\n\t\t\t<div class=\"wpa9-team-members-panel col-12 col-md-6 col-lg-4\">\n\n\t\t\t\t\t\t\t<figure class=\"wpa9-team-members-image\">\n\t\t\t\t\t<img alt=\"jiri-proniuk-2-948x520\" decoding=\"async\" src=\"https:\/\/skrivanek.cz\/wp-content\/uploads\/2021\/04\/jiri-proniuk-2-948x520.jpg\" alt=\"\" class=\"img-responsive\" \/>\n\t\t\t\t<\/figure>\n\n\t\t\t\t<h4 class=\"wpa9-team-members-name\">Ji\u0159\u00ed Proniuk<\/h4>\n\n\t\t\t\t<div class=\"wpa9-team-members-position\">Head of the CAT and DTP Department<\/div>\n\t\t\t\t<div class=\"wpa9-team-members-email\"><a href=\"javascript:secureDecryptAndNavigate('qgvLvmT92MQgcDTU1QUOtnSvSxYlVIpY1\/YREALYj9rYYru28wv1mJx6i8bjmt096uVYSg2Y+7m4EiYIjpP2yG+4+SeFT0cL16TLLBIePso=', '9c1e8f5271bf4f233390c22bdf43601f044e80460c2e9cc63c40d8bc66437679')\" title=\"Send e-mail to Ji\u0159\u00ed Proniuk\">&#106;&#105;r&#105;&#46;pr&#111;&#110;i&#117;k&#64;sk&#114;&#105;v&#97;&#110;&#101;k.c&#122;<\/a><\/div>\n\t\t\t\t<div class=\"wpa9-team-members-phone\"><\/div>\n\t\t\t\t<div class=\"wpa9-team-members-description\"><\/div>\n\n\t\t\t<\/div>\n\n\t\t\n\t\t\t<div class=\"wpa9-team-members-panel col-12 col-md-6 col-lg-4\">\n\n\t\t\t\t\t\t\t<figure class=\"wpa9-team-members-image\">\n\t\t\t\t\t<img alt=\"patrik-2-600x520\" decoding=\"async\" src=\"https:\/\/skrivanek.cz\/wp-content\/uploads\/2024\/09\/patrik-2-600x520.jpg\" alt=\"\" class=\"img-responsive\" \/>\n\t\t\t\t<\/figure>\n\n\t\t\t\t<h4 class=\"wpa9-team-members-name\">Patrik Bulak<\/h4>\n\n\t\t\t\t<div class=\"wpa9-team-members-position\">Senior Technical Product Manager<\/div>\n\t\t\t\t<div class=\"wpa9-team-members-email\"><a href=\"javascript:secureDecryptAndNavigate('JZSlIOGme+SJcm9jcW3Z1rib60\/o18oYkg8hsImfIx\/AVfHmWt11BfsTcS\/5cMi6e7sH9PY4Bb5eTS\/Wn4aV5tdAelCsJP\/o0AHiahFMtcY=', '9c1e8f5271bf4f233390c22bdf43601f044e80460c2e9cc63c40d8bc66437679')\" title=\"Send e-mail to Patrik Bulak\">&#112;atr&#105;k&#46;bula&#107;&#64;s&#107;&#114;&#105;&#118;&#97;&#110;e&#107;&#46;c&#122;<\/a><\/div>\n\t\t\t\t<div class=\"wpa9-team-members-phone\"><\/div>\n\t\t\t\t<div class=\"wpa9-team-members-description\"><\/div>\n\n\t\t\t<\/div>\n\n\t\t\n\t\n<\/div>\n<\/div><\/div><\/div><\/div><\/div><div id=\"pg-4156-1\"  class=\"panel-grid panel-has-style\"  style=\"margin-bottom: 0px\" ><div style=\"padding: 40px 0px 60px 0px;\" class=\"panel-row-style panel-row-style-for-4156-1\" ><div id=\"pgc-4156-1-0\"  class=\"panel-grid-cell\" ><div id=\"panel-4156-1-0-0\" class=\"so-panel widget widget_wpa9-editor-ext panel-first-child panel-last-child\" data-index=\"1\" ><div\n\t\t\t\n\t\t\tclass=\"so-widget-wpa9-editor-ext so-widget-wpa9-editor-ext-default-c93e1481a745-4156\"\n\t\t\t\n\t\t>\n<div class=\"siteorigin-widget-tinymce textwidget\">\n\t<h4 class=\"wpa9-icon d-flex flex-row\" style=\"margin-bottom:20px\"><span class=\"icon icon-location icon-xxl icon-outline\"><\/span><span class=\"wpa9-icon-content\">Address<\/span><\/h4>\n<p>Skrivanek s.r.o.<br \/>\nNa Dolin\u00e1ch 153\/22<br \/>\n147\u00a000 Praha-Podol\u00ed<br \/>\nCzechia<\/p>\n<p><a href=\"http:\/\/bit.ly\/3rgpkDg\" target=\"_blank\" rel=\"noopener\">GPS 50\u00b03\u201926.08\u201dN, 14\u00b025\u201928.77\u201dE<\/a><\/p>\n<\/div>\n<\/div><\/div><\/div><div id=\"pgc-4156-1-1\"  class=\"panel-grid-cell\" ><div id=\"panel-4156-1-1-0\" class=\"so-panel widget widget_wpa9-editor-ext panel-first-child panel-last-child\" data-index=\"2\" ><div\n\t\t\t\n\t\t\tclass=\"so-widget-wpa9-editor-ext so-widget-wpa9-editor-ext-default-c93e1481a745-4156\"\n\t\t\t\n\t\t>\n<div class=\"siteorigin-widget-tinymce textwidget\">\n\t<h4 class=\"wpa9-icon d-flex flex-row\" style=\"margin-bottom:20px\"><span class=\"icon icon-location icon-xxl icon-outline\"><\/span><span class=\"wpa9-icon-content\">Contact<\/span><\/h4>\n<p><a class=\"btn\" href=\"javascript:secureDecryptAndNavigate('JVzJsBefo4hWA31w8ti3OOKu6NnNEdpW8RX210vXu1mzh\/Qfh9K+mZMFXlyFwqARI3sbM3GqTbX+z51jwbsxsghXXebUzpdrpHF2E78=', '9c1e8f5271bf4f233390c22bdf43601f044e80460c2e9cc63c40d8bc66437679')\" target=\"_blank\" rel=\"noopener\">&#115;k&#114;iva&#110;&#101;&#107;&#64;skr&#105;&#118;a&#110;e&#107;.c&#122;<\/a><\/p>\n<\/div>\n<\/div><\/div><\/div><div id=\"pgc-4156-1-2\"  class=\"panel-grid-cell\" ><div id=\"panel-4156-1-2-0\" class=\"so-panel widget widget_wpa9-editor-ext panel-first-child panel-last-child\" data-index=\"3\" ><div\n\t\t\t\n\t\t\tclass=\"so-widget-wpa9-editor-ext so-widget-wpa9-editor-ext-default-c93e1481a745-4156\"\n\t\t\t\n\t\t>\n<div class=\"siteorigin-widget-tinymce textwidget\">\n\t<h4 class=\"wpa9-icon d-flex flex-row\" style=\"margin-bottom:20px\"><span class=\"icon icon-location icon-xxl icon-outline\"><\/span><span class=\"wpa9-icon-content\">Billing details<\/span><\/h4>\n<p>Skrivanek s.r.o.<br \/>\nNa Dolin\u00e1ch 153\/22<br \/>\n147\u00a000 Praha-Podol\u00ed<\/p>\n<p>Business ID No.: 60715235<br \/>\nTax ID No.:\u00a0CZ60715235<\/p>\n<p>The Company was registered in the Commercial Register at the Municipal Court in Prague, Section C, File 232789, on 20 July 1994.<\/p>\n<\/div>\n<\/div><\/div><\/div><\/div><\/div><div id=\"pg-4156-2\"  class=\"panel-grid panel-has-style\" ><div class=\"siteorigin-panels-stretch panel-row-padding-none panel-row-style panel-row-style-for-4156-2\" data-stretch-type=\"full\" ><div id=\"pgc-4156-2-0\"  class=\"panel-grid-cell\" ><div id=\"panel-4156-2-0-0\" class=\"so-panel widget widget_wpa9-card-s panel-first-child panel-last-child\" data-index=\"4\" ><div\n\t\t\t\n\t\t\tclass=\"so-widget-wpa9-card-s so-widget-wpa9-card-s-default-c93e1481a745-4156\"\n\t\t\t\n\t\t><div class=\"wpa9-card wpa9-card-s narrow negative\">\n\n\t<div class=\"wpa9-card-wrapper container\">\n\n\t\t<div class=\"wpa9-card-text\">\n\t\t\t<h2 class=\"wpa9-card-title\">Need a&nbsp;help with translation, interpretation or language course?<\/h2>\n\t\t\t<div class=\"wpa9-card-content\"><p style=\"text-align: center\">Contact our office\u00a0representatives.<\/p>\n<\/div>\t\t<\/div>\n\n\t\t\t\t<div class=\"meta meta-buttons d-flex flex-row justify-content-center\">\n\t\t\t\t\t<a class=\"btn \" href=\"https:\/\/skrivanek.cz\/en\/contact-information\/\" title=\"Choose office\">Choose office<\/a>\n\t\t\t\t\t\t<\/div>\n\t\t\n\t<\/div>\n\n<\/div>\n<\/div><\/div><\/div><\/div><\/div><\/div>","protected":false},"excerpt":{"rendered":"<p>Management Eva Parentov\u00e1 Czech Division Director e&#118;a&#46;p&#97;&#114;entova&#64;&#115;&#107;&#114;ivan&#101;&#107;.&#99;z&nbsp;Anna Sk\u0159iv\u00e1nkov\u00e1 Global Division Director ann&#97;&#46;&#115;k&#114;&#105;&#118;&#97;&#110;&#107;ov&#97;&#64;&#115;kr&#105;&#118;&#97;&#110;e&#107;&#46;c&#122; Old\u0159ich Nov\u00e1k Head of the IT Department o&#108;d&#114;i&#99;&#104;&#46;&#110;o&#118;&#97;k&#64;sk&#114;i&#118;&#97;n&#101;k.cz Lucie Slov\u00e1\u010dkov\u00e1 Head of the Economic Department luci&#101;.slo&#118;&#97;&#99;&#107;o&#118;&#97;&#64;sk&#114;i&#118;&#97;&#110;&#101;&#107;.&#99;&#122; Ji\u0159\u00ed Proniuk Head of the CAT and DTP Department j&#105;&#114;&#105;&#46;&#112;&#114;&#111;ni&#117;k&#64;&#115;&#107;&#114;&#105;va&#110;e&#107;.cz Patrik Bulak Senior Technical Product Manager &#112;&#97;t&#114;ik.bul&#97;k&#64;&#115;k&#114;i&#118;&#97;&#110;&#101;k&#46;&#99;&#122; Address Skrivanek s.r.o. Na Dolin\u00e1ch 153\/22&nbsp;147\u00a000 Praha-Podol\u00ed Czechia [&hellip;]<\/p>\n","protected":false},"author":1,"featured_media":0,"parent":0,"menu_order":0,"comment_status":"closed","ping_status":"closed","template":"","meta":{"_acf_changed":false,"footnotes":""},"class_list":["post-4156","page","type-page","status-publish","hentry"],"acf":[],"aioseo_notices":[],"_links":{"self":[{"href":"https:\/\/skrivanek.cz\/en\/wp-json\/wp\/v2\/pages\/4156","targetHints":{"allow":["GET"]}}],"collection":[{"href":"https:\/\/skrivanek.cz\/en\/wp-json\/wp\/v2\/pages"}],"about":[{"href":"https:\/\/skrivanek.cz\/en\/wp-json\/wp\/v2\/types\/page"}],"author":[{"embeddable":true,"href":"https:\/\/skrivanek.cz\/en\/wp-json\/wp\/v2\/users\/1"}],"replies":[{"embeddable":true,"href":"https:\/\/skrivanek.cz\/en\/wp-json\/wp\/v2\/comments?post=4156"}],"version-history":[{"count":4,"href":"https:\/\/skrivanek.cz\/en\/wp-json\/wp\/v2\/pages\/4156\/revisions"}],"predecessor-version":[{"id":80721,"href":"https:\/\/skrivanek.cz\/en\/wp-json\/wp\/v2\/pages\/4156\/revisions\/80721"}],"wp:attachment":[{"href":"https:\/\/skrivanek.cz\/en\/wp-json\/wp\/v2\/media?parent=4156"}],"curies":[{"name":"wp","href":"https:\/\/api.w.org\/{rel}","templated":true}]}}