{"id":4160,"date":"2021-01-17T11:52:45","date_gmt":"2021-01-17T10:52:45","guid":{"rendered":"https:\/\/skrivanek.cz\/tlumoceni-obchodni-schuzky\/"},"modified":"2025-05-13T07:58:10","modified_gmt":"2025-05-13T05:58:10","slug":"interpreters-business-meetings","status":"publish","type":"page","link":"https:\/\/skrivanek.cz\/en\/interpreting\/interpreters-business-meetings\/","title":{"rendered":"Consecutive interpreting"},"content":{"rendered":"<div id=\"pl-4160\"  class=\"panel-layout\" ><div id=\"pg-4160-0\"  class=\"panel-grid panel-has-style\"  style=\"margin-bottom: 0px\" ><div class=\"siteorigin-panels-stretch panel-row-style panel-row-style-for-4160-0\" data-stretch-type=\"full\" ><div id=\"pgc-4160-0-0\"  class=\"panel-grid-cell\" ><div id=\"panel-4160-0-0-0\" class=\"so-panel widget widget_wpa9-card-l panel-first-child panel-last-child\" data-index=\"0\" ><div\n\t\t\t\n\t\t\tclass=\"so-widget-wpa9-card-l so-widget-wpa9-card-l-default-c93e1481a745-4160\"\n\t\t\t\n\t\t>\n\n<div class=\"wpa9-card wpa9-card-l-container d-flex flex-wrap wpa9-columns-2\">\n\n\t\n\t\t\n\t<div class=\"wpa9-card-l-panel wpa9-panel shadow rounded d-flex flex-column justify-content-between\">\n\n\t\t<div>\n\t\t\t\t\t\t\t<span class=\"wpa9-panel-icon icon\" style=\"display: none; background-image: url('https:\/\/skrivanek.cz\/wp-content\/uploads\/2021\/01\/ico-bublina.svg')\"><\/span>\n\t\t\t<span class=\"wpa9-panel-icon icon\" style=\"mask-image: url(https:\/\/skrivanek.cz\/wp-content\/uploads\/2021\/01\/ico-bublina.svg); -webkit-mask-image: url(https:\/\/skrivanek.cz\/wp-content\/uploads\/2021\/01\/ico-bublina.svg);\"><\/span>\n\t\t\n\t\t\t\t\t\t\t\t<h2 class=\"wpa9-panel-title\">Interpreting at business meetings<\/h2>\n\t\t\n\t\t\t\t\t\t\t<div class=\"wpa9-panel-content\"><p>In short time segments, our interpreter will convey all of the information necessary for a&nbsp;correct understanding of what is being said. Our extensive network of branches in the Czech Republic and abroad enables us to ensure the availability of a&nbsp;professional interpreter with flexibility at home and on foreign\u00a0trips.<\/p>\n<ul>\n<li>Long-term experience and professional interpreters in a&nbsp;combination of <a href=\"https:\/\/skrivanek.cz\/en\/interpreting\/interpreted-languages\/\">40 languages<\/a>.<\/li>\n<li>Immediate and without delays.<\/li>\n<li>Accurate interpreting in each language and specific area of expertise.<\/li>\n<\/ul>\n<\/div>\n\t\t\t\t<\/div>\n\n\t\t\t\t<div class=\"meta meta-buttons d-flex flex-column flex-sm-row justify-content-center\">\n\t\t\t\t\t\t\t<a class=\"btn btn-negative \" href=\"https:\/\/skrivanek.cz\/en\/inquiry\/\" title=\"I am interested\">I am interested<\/a>\n\t\t\t\t<\/div>\n\t\t\n\t<\/div>\n\n\t\t\n\t<div class=\"wpa9-card-l-panel wpa9-panel shadow rounded d-flex flex-column justify-content-between\">\n\n\t\t<div>\n\t\t\t\t\t\t\t<span class=\"wpa9-panel-icon icon\" style=\"display: none; background-image: url('https:\/\/skrivanek.cz\/wp-content\/uploads\/2021\/01\/ico-obecnypreklad.svg')\"><\/span>\n\t\t\t<span class=\"wpa9-panel-icon icon\" style=\"mask-image: url(https:\/\/skrivanek.cz\/wp-content\/uploads\/2021\/01\/ico-obecnypreklad.svg); -webkit-mask-image: url(https:\/\/skrivanek.cz\/wp-content\/uploads\/2021\/01\/ico-obecnypreklad.svg);\"><\/span>\n\t\t\n\t\t\t\t\t\t\t\t<h2 class=\"wpa9-panel-title\">Kinds of consecutive interpreting<\/h2>\n\t\t\n\t\t\t\t\t\t\t<div class=\"wpa9-panel-content\"><ul>\n<li>Business meetings<\/li>\n<li>Training courses<\/li>\n<li>Company meetings<\/li>\n<li>Formal and informal meetings<\/li>\n<\/ul>\n<\/div>\n\t\t\t\t<\/div>\n\n\t\t\n\t<\/div>\n\n\t\t\n\t\n<\/div>\n<\/div><\/div><\/div><\/div><\/div><div id=\"pg-4160-1\"  class=\"panel-grid panel-has-style\"  style=\"margin-bottom: 0px\" ><div class=\"panel-row-padding-none panel-row-style panel-row-style-for-4160-1\" ><div id=\"pgc-4160-1-0\"  class=\"panel-grid-cell\" ><div id=\"panel-4160-1-0-0\" class=\"so-panel widget widget_wpa9-editor-ext panel-first-child\" data-index=\"1\" ><div\n\t\t\t\n\t\t\tclass=\"so-widget-wpa9-editor-ext so-widget-wpa9-editor-ext-default-c93e1481a745-4160\"\n\t\t\t\n\t\t>\n<div class=\"siteorigin-widget-tinymce textwidget\">\n\t<h3 style=\"text-align: center;\">Interpreting in 40+ language combinations<\/h3>\n<\/div>\n<\/div><\/div><div id=\"panel-4160-1-0-1\" class=\"so-panel widget widget_skrv-incl-widget panel-last-child\" data-index=\"2\" ><div\n\t\t\t\n\t\t\tclass=\"so-widget-skrv-incl-widget so-widget-skrv-incl-widget-default-c93e1481a745-4160\"\n\t\t\t\n\t\t><div id=\"pl-60308\"  class=\"panel-layout\" ><div id=\"pg-60308-0\"  class=\"panel-grid panel-no-style\" ><div id=\"pgc-60308-0-0\"  class=\"panel-grid-cell\" ><div id=\"panel-60308-0-0-0\" class=\"so-panel widget widget_wpa9-buttons-group panel-first-child\" data-index=\"0\" ><div\n\t\t\t\n\t\t\tclass=\"so-widget-wpa9-buttons-group so-widget-wpa9-buttons-group-default-7f91da832e02-4160\"\n\t\t\t\n\t\t>\n\n<div class=\"wpa9-buttons-group-wrapper\">\n\n\t<div class=\"wpa9-buttons-group d-flex flex-wrap justify-content-center\">\n\n\t\n\t\t\n\t\t<a class=\"wpa9-buttons-group-button btn btn-size-l btn-default d-flex flex-row justify-content-center \" href=\"https:\/\/skrivanek.cz\/en\/interpreting\/chinese-interpreting\/\" data-lng=\"cn\" id=\"wpa9-buttons-group-panel-chinese\" title=\"Chinese\"><span class=\"align-self-center\">Chinese<\/span><\/a>\n\n\t\n\t\t\n\t\t<a class=\"wpa9-buttons-group-button btn btn-size-l btn-default d-flex flex-row justify-content-center \" href=\"https:\/\/skrivanek.cz\/en\/interpreting\/czech-interpreting\/\" data-lng=\"cz\" id=\"wpa9-buttons-group-panel-czech\" title=\"Czech\"><span class=\"align-self-center\">Czech<\/span><\/a>\n\n\t\n\t\t\n\t\t<a class=\"wpa9-buttons-group-button btn btn-size-l btn-default d-flex flex-row justify-content-center \" href=\"https:\/\/skrivanek.cz\/en\/interpreting\/english-interpreting\/\" data-lng=\"en\" id=\"wpa9-buttons-group-panel-english\" title=\"English\"><span class=\"align-self-center\">English<\/span><\/a>\n\n\t\n\t\t\n\t\t<a class=\"wpa9-buttons-group-button btn btn-size-l btn-default d-flex flex-row justify-content-center \" href=\"https:\/\/skrivanek.cz\/en\/interpreting\/french-interpreting\/\" data-lng=\"fr\" id=\"wpa9-buttons-group-panel-french\" title=\"French\"><span class=\"align-self-center\">French<\/span><\/a>\n\n\t\n\t\t\n\t\t<a class=\"wpa9-buttons-group-button btn btn-size-l btn-default d-flex flex-row justify-content-center \" href=\"https:\/\/skrivanek.cz\/en\/interpreting\/german-interpreting\/\" data-lng=\"de\" id=\"wpa9-buttons-group-panel-german\" title=\"German\"><span class=\"align-self-center\">German<\/span><\/a>\n\n\t\n\t\t\n\t\t<a class=\"wpa9-buttons-group-button btn btn-size-l btn-default d-flex flex-row justify-content-center \" href=\"https:\/\/skrivanek.cz\/en\/interpreting\/hungarian-interpreting\/\" data-lng=\"hu\" id=\"wpa9-buttons-group-panel-hungarian\" title=\"Hungarian\"><span class=\"align-self-center\">Hungarian<\/span><\/a>\n\n\t\n\t\t\n\t\t<a class=\"wpa9-buttons-group-button btn btn-size-l btn-default d-flex flex-row justify-content-center \" href=\"https:\/\/skrivanek.cz\/en\/interpreting\/italian-interpreting\/\" data-lng=\"it\" id=\"wpa9-buttons-group-panel-italian\" title=\"Italian\"><span class=\"align-self-center\">Italian<\/span><\/a>\n\n\t\n\t\t\n\t\t<a class=\"wpa9-buttons-group-button btn btn-size-l btn-default d-flex flex-row justify-content-center \" href=\"https:\/\/skrivanek.cz\/en\/interpreting\/polish-interpreting\/\" data-lng=\"pl\" id=\"wpa9-buttons-group-panel-polish\" title=\"Polish\"><span class=\"align-self-center\">Polish<\/span><\/a>\n\n\t\n\t\t\n\t\t<a class=\"wpa9-buttons-group-button btn btn-size-l btn-default d-flex flex-row justify-content-center \" href=\"https:\/\/skrivanek.cz\/en\/interpreting\/russian-interpreting\/\" data-lng=\"ru\" id=\"wpa9-buttons-group-panel-russian\" title=\"Russian\"><span class=\"align-self-center\">Russian<\/span><\/a>\n\n\t\n\t\t\n\t\t<a class=\"wpa9-buttons-group-button btn btn-size-l btn-default d-flex flex-row justify-content-center \" href=\"https:\/\/skrivanek.cz\/en\/interpreting\/slovak-interpreting\/\" data-lng=\"sk\" id=\"wpa9-buttons-group-panel-slovak\" title=\"Slovak\"><span class=\"align-self-center\">Slovak<\/span><\/a>\n\n\t\n\t\t\n\t\t<a class=\"wpa9-buttons-group-button btn btn-size-l btn-default d-flex flex-row justify-content-center \" href=\"https:\/\/skrivanek.cz\/en\/interpreting\/spanish-interpreting\/\" data-lng=\"es\" id=\"wpa9-buttons-group-panel-spanish\" title=\"Spanish\"><span class=\"align-self-center\">Spanish<\/span><\/a>\n\n\t\n\t\t\n\t\t<a class=\"wpa9-buttons-group-button btn btn-size-l btn-default d-flex flex-row justify-content-center \" href=\"https:\/\/skrivanek.cz\/en\/interpreting\/ukrainian-interpreting\/\" data-lng=\"ua\" id=\"wpa9-buttons-group-panel-ukrainian\" title=\"Ukrainian\"><span class=\"align-self-center\">Ukrainian<\/span><\/a>\n\n\t\n\t<\/div>\n\n<\/div>\n<\/div><\/div><div id=\"panel-60308-0-0-1\" class=\"so-panel widget widget_wpa9-editor-ext panel-last-child\" data-index=\"1\" ><div\n\t\t\t\n\t\t\tclass=\"so-widget-wpa9-editor-ext so-widget-wpa9-editor-ext-default-c93e1481a745-4160\"\n\t\t\t\n\t\t>\n<div class=\"siteorigin-widget-tinymce textwidget\">\n\t<p style=\"text-align: center;\">and many others<\/p>\n<\/div>\n<\/div><\/div><\/div><\/div><\/div><\/div><\/div><\/div><\/div><\/div><div id=\"pg-4160-2\"  class=\"panel-grid panel-has-style\"  style=\"margin-bottom: 0px\" ><div class=\"siteorigin-panels-stretch panel-row-padding-none panel-row-style panel-row-style-for-4160-2\" data-stretch-type=\"full\" ><div id=\"pgc-4160-2-0\"  class=\"panel-grid-cell\" ><div id=\"panel-4160-2-0-0\" class=\"so-panel widget widget_wpa9-accordion panel-first-child panel-last-child\" data-index=\"3\" ><div\n\t\t\t\n\t\t\tclass=\"so-widget-wpa9-accordion so-widget-wpa9-accordion-default-c93e1481a745-4160\"\n\t\t\t\n\t\t><h3 class=\"widget-title\">FAQs<\/h3><div class=\"wpa9-accordion\">\n\t<div class=\"wpa9-accordion-panel\" id=\"wpa9-accordion-panel-what-types-of-interpreting-do-you-offer\">\n\n\t\t<div class=\"wpa9-accordion-toggler d-flex\" data-panel=\"what-types-of-interpreting-do-you-offer\" role=\"button\" aria-controls=\"wpa9-accordion-panel-what-types-of-interpreting-do-you-offer\" aria-expanded=\"false\">\n\n\t\t\t<div class=\"wpa9-accordion-icon wpa9-accordion-icon-open\"><\/div>\n\n\t\t\t<div class=\"wpa9-accordion-title\">What types of interpreting do you offer?<\/div>\n\n\t\t<\/div>\n\n\t\t<div class=\"wpa9-accordion-content\" role=\"region\">\n\t\t\t<p>We interpret in combinations of up to 40 languages. This most often involves court interpreting, interpreting at conferences, interpreting at meetings or remote\u00a0interpreting.<\/p>\n\t\t<\/div>\n\n\t<\/div>\n\t<div class=\"wpa9-accordion-panel\" id=\"wpa9-accordion-panel-may-i-choose-an-interpreter-with-whom-i-have-already-cooperated\">\n\n\t\t<div class=\"wpa9-accordion-toggler d-flex\" data-panel=\"may-i-choose-an-interpreter-with-whom-i-have-already-cooperated\" role=\"button\" aria-controls=\"wpa9-accordion-panel-may-i-choose-an-interpreter-with-whom-i-have-already-cooperated\" aria-expanded=\"false\">\n\n\t\t\t<div class=\"wpa9-accordion-icon wpa9-accordion-icon-open\"><\/div>\n\n\t\t\t<div class=\"wpa9-accordion-title\">May I&nbsp;choose an interpreter with whom I&nbsp;have already cooperated?<\/div>\n\n\t\t<\/div>\n\n\t\t<div class=\"wpa9-accordion-content\" role=\"region\">\n\t\t\t<p>Yes, if you are satisfied with a&nbsp;specific interpreter and he is available at the given time, we will be happy to arrange cooperation with him\/her\u00a0again.<\/p>\n\t\t<\/div>\n\n\t<\/div>\n\t<div class=\"wpa9-accordion-panel\" id=\"wpa9-accordion-panel-how-much-time-will-the-interpreter-spend-with-me\">\n\n\t\t<div class=\"wpa9-accordion-toggler d-flex\" data-panel=\"how-much-time-will-the-interpreter-spend-with-me\" role=\"button\" aria-controls=\"wpa9-accordion-panel-how-much-time-will-the-interpreter-spend-with-me\" aria-expanded=\"false\">\n\n\t\t\t<div class=\"wpa9-accordion-icon wpa9-accordion-icon-open\"><\/div>\n\n\t\t\t<div class=\"wpa9-accordion-title\">How much time will the interpreter spend with me?<\/div>\n\n\t\t<\/div>\n\n\t\t<div class=\"wpa9-accordion-content\" role=\"region\">\n\t\t\t<p>Everything will depend on the specific agreement and your requirements. You alone will determine how much time the interpreter will spend with\u00a0you.<\/p>\n\t\t<\/div>\n\n\t<\/div>\n<\/div>\n<\/div><\/div><\/div><\/div><\/div><div id=\"pg-4160-3\"  class=\"panel-grid panel-has-style\"  style=\"margin-bottom: 0px\" ><div class=\"siteorigin-panels-stretch panel-row-padding-none panel-row-style panel-row-style-for-4160-3\" data-stretch-type=\"full\" ><div id=\"pgc-4160-3-0\"  class=\"panel-grid-cell\" ><div id=\"panel-4160-3-0-0\" class=\"so-panel widget widget_skrv-incl-widget panel-first-child panel-last-child\" data-index=\"4\" ><div\n\t\t\t\n\t\t\tclass=\"so-widget-skrv-incl-widget so-widget-skrv-incl-widget-default-c93e1481a745-4160\"\n\t\t\t\n\t\t><div id=\"pl-4575\"  class=\"panel-layout\" ><div id=\"pg-4575-0\"  class=\"panel-grid panel-has-style\" ><div class=\"siteorigin-panels-stretch panel-row-padding-none panel-row-style panel-row-style-for-4575-0\" data-stretch-type=\"full\" ><div id=\"pgc-4575-0-0\"  class=\"panel-grid-cell\" ><div id=\"panel-4575-0-0-0\" class=\"widget_text so-panel widget widget_custom_html panel-first-child panel-last-child\" data-index=\"0\" ><div class=\"textwidget custom-html-widget\"><div class=\"wpa9-cta-box-ext\">\n\t<div class=\"wpa9-cta-box-ext-header\">\n\t\t<h2>In Skrivanek we have <br \/>more than 30 years of experience<\/h2>\n<p>\n\tThis enables us to easily select the best specialist for your texts.\n<\/p>\n\t<\/div>\n\n<div class=\"d-flex flex-row justify-content-center\">\n\t<div class=\"advantage-section counter-section\">\n\t\t<span class=\"h1\"><span class=\"value\" data-counter-duration=\"3000\">110<\/span>+<\/span><br \/>languages in various combinations\n\t<\/div>\n\t<div class=\"advantage-section\">\n\t\t<span class=\"h1\"><span class=\"value\" data-counter-duration=\"750\">4<\/span> billion<\/span><br \/>words translated since 1994\n\t<\/div>\n\t<div class=\"advantage-section\">\n\t\t<span class=\"h1\"><span class=\"value\" data-counter-duration=\"3000\">96<\/span><\/span><br \/>specialisations\n\t<\/div>\n<\/div>\n\t<\/div><\/div><\/div><\/div><\/div><\/div><\/div><\/div><\/div><\/div><\/div><\/div><div id=\"pg-4160-4\"  class=\"panel-grid panel-has-style\"  style=\"margin-bottom: 0px\" ><div class=\"siteorigin-panels-stretch panel-row-style panel-row-style-for-4160-4\" data-stretch-type=\"full\" ><div id=\"pgc-4160-4-0\"  class=\"panel-grid-cell\" ><div id=\"panel-4160-4-0-0\" class=\"so-panel widget widget_skrv-incl-widget panel-first-child panel-last-child\" data-index=\"5\" ><div\n\t\t\t\n\t\t\tclass=\"so-widget-skrv-incl-widget so-widget-skrv-incl-widget-default-c93e1481a745-4160\"\n\t\t\t\n\t\t><div id=\"pl-4582\"  class=\"panel-layout\" ><div id=\"pg-4582-0\"  class=\"panel-grid panel-no-style\" ><div id=\"pgc-4582-0-0\"  class=\"panel-grid-cell\" ><div id=\"panel-4582-0-0-0\" class=\"so-panel widget widget_skrv-testimonials panel-first-child panel-last-child\" data-index=\"0\" ><div\n\t\t\t\n\t\t\tclass=\"so-widget-skrv-testimonials so-widget-skrv-testimonials-default-c93e1481a745-4160\"\n\t\t\t\n\t\t>\n\n<div class=\"skrv-testimonials\">\n\n    \n  <h3 class=\"widget-title\"><span class=\"title-wrapper\"><span class=\"title_bg_character\" style=\"color:#ffffff\">\u201d<\/span><span class=\"title\">Reliability, speed and quality of services<\/span><\/span><\/h3>\n  <div id=\"skrv-testimonial\" class=\"carousel slide\" data-bs-interval=\"4000\" data-bs-ride=\"carousel\" data-bs-touch=\"true\">\n    <div class=\"carousel-inner\">\n                <div class=\"skrv-testimonial-item carousel-item active\">\n        <div class=\"d-block\">\n                    <blockquote class=\"skrv-testimonial-text\">\"Skriv\u00e1nek s.r.o. is a&nbsp;long-standing supplier of translations of our tourist guides and multilingual books. We are very content with the comprehensive nature and quality of the provided services.\"<\/blockquote>\n          <h6 class=\"skrv-testimonial-client\">Vydavatelstv\u00ed MCU s.r.o., \u010cesk\u00fd Krumlov<\/h6>\n        <\/div>\n      <\/div>\n                <div class=\"skrv-testimonial-item carousel-item\">\n        <div class=\"d-block\">\n                    <blockquote class=\"skrv-testimonial-text\">\"We are very pleased with the services Sk\u0159iv\u00e1nek s.r.o. provides. Above all, we appreciate the professional standard of its teachers and the prompt handling of all our requests.\"<\/blockquote>\n          <h6 class=\"skrv-testimonial-client\">LANNUTTI CZECH, s.r.o., Louka u&nbsp;Litv\u00ednova<\/h6>\n        <\/div>\n      <\/div>\n                <div class=\"skrv-testimonial-item carousel-item\">\n        <div class=\"d-block\">\n                    <blockquote class=\"skrv-testimonial-text\">\"The language teaching services of Skriv\u00e1nek s.r.o. were provided punctually, properly and professionally.\"<\/blockquote>\n          <h6 class=\"skrv-testimonial-client\">MICONEX, s.r.o., Liberec<\/h6>\n        <\/div>\n      <\/div>\n                <div class=\"skrv-testimonial-item carousel-item\">\n        <div class=\"d-block\">\n                    <blockquote class=\"skrv-testimonial-text\">\"We are very happy not only with the translations of technical texts, such as manuals and operating instructions for machinery, but also with the communication and compliance with deadlines. We can definitely recommend cooperation with Sk\u0159iv\u00e1nek s&nbsp;r.o.\"<\/blockquote>\n          <h6 class=\"skrv-testimonial-client\">ALPLA, spol. s.r.o., Byst\u0159ice<\/h6>\n        <\/div>\n      <\/div>\n                <div class=\"skrv-testimonial-item carousel-item\">\n        <div class=\"d-block\">\n                    <blockquote class=\"skrv-testimonial-text\">\"In order to provide our employees with the necessary language skills for them to perform their work, we have been cooperating with the Sk\u0159iv\u00e1nek language agency since 2006. We are happy with the quality of their language courses, which is confirmed by the fact that we have expanded English language teaching over the past few years with new courses. Our cooperation has been problem-free and, therefore, we plan to continue using their services in the future.\"<\/blockquote>\n          <h6 class=\"skrv-testimonial-client\">Zeelandia, spol. s&nbsp;r.o., Mal\u0161ice<\/h6>\n        <\/div>\n      <\/div>\n        <\/div>\n\n    <a class=\"carousel-control-prev\" href=\"#0\" data-bs-target=\"#skrv-testimonial\" role=\"button\" data-bs-slide=\"prev\">\n      <span class=\"carousel-control-prev-icon\" aria-hidden=\"true\"><\/span>\n      <span class=\"sr-only\">Previous<\/span>\n    <\/a>\n    <a class=\"carousel-control-next\" href=\"#0\" data-bs-target=\"#skrv-testimonial\" role=\"button\" data-bs-slide=\"next\">\n      <span class=\"carousel-control-next-icon\" aria-hidden=\"true\"><\/span>\n      <span class=\"sr-only\">Next<\/span>\n    <\/a>\n\n    <ol class=\"carousel-indicators hidden\">\n                <li data-bs-target=\"#skrv-testimonial\" data-bs-slide-to=\"0\" class=\"active\"><\/li>\n                <li data-bs-target=\"#skrv-testimonial\" data-bs-slide-to=\"1\" class=\"\"><\/li>\n                <li data-bs-target=\"#skrv-testimonial\" data-bs-slide-to=\"2\" class=\"\"><\/li>\n                <li data-bs-target=\"#skrv-testimonial\" data-bs-slide-to=\"3\" class=\"\"><\/li>\n                <li data-bs-target=\"#skrv-testimonial\" data-bs-slide-to=\"4\" class=\"\"><\/li>\n        <\/ol>\n  <\/div>\n\n<\/div>\n\n<\/div><\/div><\/div><\/div><\/div><\/div><\/div><\/div><\/div><\/div><div id=\"pg-4160-5\"  class=\"panel-grid panel-no-style\" ><div id=\"pgc-4160-5-0\"  class=\"panel-grid-cell\" ><div id=\"panel-4160-5-0-0\" class=\"so-panel widget widget_wpa9-card-s panel-first-child panel-last-child\" data-index=\"6\" ><div\n\t\t\t\n\t\t\tclass=\"so-widget-wpa9-card-s so-widget-wpa9-card-s-default-c93e1481a745-4160\"\n\t\t\t\n\t\t><div class=\"wpa9-card wpa9-card-s narrow positive\">\n\n\t<div class=\"wpa9-card-wrapper container\">\n\n\t\t<div class=\"wpa9-card-text\">\n\t\t\t<h2 class=\"wpa9-card-title\">Do you need an interpreter?<\/h2>\n\t\t\t<div class=\"wpa9-card-content\"><p style=\"text-align: center\">We will prepare a&nbsp;price quote for you.<\/p>\n<\/div>\t\t<\/div>\n\n\t\t\t\t<div class=\"meta meta-buttons d-flex flex-row justify-content-center\">\n\t\t\t\t\t\t\t<a class=\"btn btn-negative \" href=\"https:\/\/skrivanek.cz\/en\/inquiry\/\" title=\"I want a price quote of interpreting\">I want a&nbsp;price quote of interpreting<\/a>\n\t\t\t\t<\/div>\n\t\t\n\t<\/div>\n\n<\/div>\n<\/div><\/div><\/div><\/div><\/div>","protected":false},"excerpt":{"rendered":"<p>Interpreting at business meetings In short time segments, our interpreter will convey all of the information necessary for a&nbsp;correct understanding of what is being said. Our extensive network of branches in the Czech Republic and abroad enables us to ensure the availability of a&nbsp;professional interpreter with flexibility at home and on foreign\u00a0trips. Long-term experience and [&hellip;]<\/p>\n","protected":false},"author":1,"featured_media":0,"parent":4172,"menu_order":0,"comment_status":"closed","ping_status":"closed","template":"","meta":{"_acf_changed":false,"footnotes":""},"class_list":["post-4160","page","type-page","status-publish","hentry"],"acf":[],"aioseo_notices":[],"_links":{"self":[{"href":"https:\/\/skrivanek.cz\/en\/wp-json\/wp\/v2\/pages\/4160","targetHints":{"allow":["GET"]}}],"collection":[{"href":"https:\/\/skrivanek.cz\/en\/wp-json\/wp\/v2\/pages"}],"about":[{"href":"https:\/\/skrivanek.cz\/en\/wp-json\/wp\/v2\/types\/page"}],"author":[{"embeddable":true,"href":"https:\/\/skrivanek.cz\/en\/wp-json\/wp\/v2\/users\/1"}],"replies":[{"embeddable":true,"href":"https:\/\/skrivanek.cz\/en\/wp-json\/wp\/v2\/comments?post=4160"}],"version-history":[{"count":3,"href":"https:\/\/skrivanek.cz\/en\/wp-json\/wp\/v2\/pages\/4160\/revisions"}],"predecessor-version":[{"id":76068,"href":"https:\/\/skrivanek.cz\/en\/wp-json\/wp\/v2\/pages\/4160\/revisions\/76068"}],"up":[{"embeddable":true,"href":"https:\/\/skrivanek.cz\/en\/wp-json\/wp\/v2\/pages\/4172"}],"wp:attachment":[{"href":"https:\/\/skrivanek.cz\/en\/wp-json\/wp\/v2\/media?parent=4160"}],"curies":[{"name":"wp","href":"https:\/\/api.w.org\/{rel}","templated":true}]}}