{"id":4165,"date":"2021-01-12T20:48:18","date_gmt":"2021-01-12T19:48:18","guid":{"rendered":"https:\/\/skrivanek.cz\/cenik-prekladu\/"},"modified":"2025-05-13T07:55:52","modified_gmt":"2025-05-13T05:55:52","slug":"price-list","status":"publish","type":"page","link":"https:\/\/skrivanek.cz\/en\/translations\/price-list\/","title":{"rendered":"Translation price packages"},"content":{"rendered":"<div id=\"pl-4165\"  class=\"panel-layout\" ><div id=\"pg-4165-0\"  class=\"panel-grid panel-has-style\"  style=\"margin-bottom: 0px\" ><div class=\"siteorigin-panels-stretch panel-row-style panel-row-style-for-4165-0\" data-stretch-type=\"full\" ><div id=\"pgc-4165-0-0\"  class=\"panel-grid-cell\" ><div id=\"panel-4165-0-0-0\" class=\"so-panel widget widget_wpa9-card-m panel-first-child\" data-index=\"0\" ><div\n\t\t\t\n\t\t\tclass=\"so-widget-wpa9-card-m so-widget-wpa9-card-m-default-c93e1481a745-4165\"\n\t\t\t\n\t\t>\n\n<section class=\"wpa9-card wpa9-card-m-container d-flex flex-wrap justify-content-center 6l4Liv\">\n\n\t\n\t\t\n\t\t\t\n\t<article class=\"wpa9-card-m-panel wpa9-panel \">\n\t<div class=\"rounded\">\n\t\t\t\t<header class=\"d-block flex-wrap pb-4\">\n\t\t\t\n\t\t\t\t\t\t\t\t<h2 class=\"wpa9-card-title\">ECONOMY<\/h2>\n\t\t\t\t<\/header>\n\n\t\t\t\t<main class=\"wpa9-card-content\"><h5>from CZK 1.20 per word<\/h5>\n<p><span style=\"font-size: 13px\">according to the language combination<\/span><\/p>\n<p><span style=\"color: #000000\">The Economy Package is suitable for internal texts, descriptions, documents and emails, with which you would continue to work alone.<\/span><\/p>\n<ul style=\"list-style-type: square\">\n<li><a href=\"https:\/\/skrivanek.cz\/en\/translations\/\">translation by an experienced translator<\/a><\/li>\n<li><span style=\"color: #c4c4c4\">language proofreading<\/span><\/li>\n<li><span style=\"color: #c4c4c4\">independent review<\/span><\/li>\n<li>output control<\/li>\n<\/ul>\n<\/main>\n\t\t\n\t<\/div>\t<\/article>\n\t\t\n\t\t\t\n\t<article class=\"wpa9-card-m-panel wpa9-panel \">\n\t<div class=\"rounded\">\n\t\t\t\t<header class=\"d-block flex-wrap pb-4\">\n\t\t\t\n\t\t\t\t\t\t\t\t<h2 class=\"wpa9-card-title\">STANDARD<\/h2>\n\t\t\t\t<\/header>\n\n\t\t\t\t<main class=\"wpa9-card-content\"><h5>from CZK 1.70 per word<\/h5>\n<p><span style=\"font-size: 13px\">according to the language combination<\/span><\/p>\n<h5><strong>The most frequently used package.<\/strong><\/h5>\n<p>We recommend it for contracts, leaflets, manuals, instructions and other documents for publication.<\/p>\n<ul style=\"list-style-type: square\">\n<li><a href=\"https:\/\/skrivanek.cz\/en\/translations\/\">translation by an experienced translator<\/a><\/li>\n<li><a href=\"https:\/\/skrivanek.cz\/en\/proofreading\/\">language proofreading<\/a><\/li>\n<li><span style=\"color: #c4c4c4\">independent review<\/span><\/li>\n<li>output control<\/li>\n<\/ul>\n<\/main>\n\t\t\n\t<\/div>\t<\/article>\n\t\t\n\t\t\t\n\t<article class=\"wpa9-card-m-panel wpa9-panel \">\n\t<div class=\"rounded\">\n\t\t\t\t<header class=\"d-block flex-wrap pb-4\">\n\t\t\t\n\t\t\t\t\t\t\t\t<h2 class=\"wpa9-card-title\">PREMIUM<\/h2>\n\t\t\t\t<\/header>\n\n\t\t\t\t<main class=\"wpa9-card-content\"><h5>from CZK 2.30 per word<\/h5>\n<p><span style=\"font-size: 13px\">according to the language combination<\/span><\/p>\n<p>The Premium Package contains the highest level of translation suitable for highly specialised texts, publication texts and texts that are of great importance to you, such as annual reports and technical documentation.<\/p>\n<ul style=\"list-style-type: square\">\n<li><a href=\"https:\/\/skrivanek.cz\/en\/translations\/\">translation by an experienced translator<\/a><\/li>\n<li><a href=\"https:\/\/skrivanek.cz\/en\/proofreading\/\">language proofreading<\/a><\/li>\n<li>independent review<\/li>\n<li>output control<\/li>\n<\/ul>\n<\/main>\n\t\t\n\t<\/div>\t<\/article>\n\t\t\n\n\t\t\n\t\n<\/section>\n<\/div><\/div><div id=\"panel-4165-0-0-1\" class=\"so-panel widget widget_wpa9-card-s panel-last-child\" data-index=\"1\" ><div\n\t\t\t\n\t\t\tclass=\"so-widget-wpa9-card-s so-widget-wpa9-card-s-default-c93e1481a745-4165\"\n\t\t\t\n\t\t><div class=\"wpa9-card wpa9-card-s wide positive\">\n\n\t<div class=\"wpa9-card-wrapper container\">\n\n\t\t<div class=\"wpa9-card-text\">\n\t\t\t<h2 class=\"wpa9-card-title\">You know the price in advance<\/h2>\n\t\t\t\t\t<\/div>\n\n\t\t\t\t<div class=\"meta meta-buttons d-flex flex-row justify-content-center\">\n\t\t\t\t\t\t\t<a class=\"btn btn-negative I want a translation\" href=\"https:\/\/skrivanek.cz\/en\/inquiry\/\" title=\"Send inquiry\">Send inquiry<\/a>\n\t\t\t\t<\/div>\n\t\t\n\t<\/div>\n\n<\/div>\n<\/div><\/div><\/div><\/div><\/div><div id=\"pg-4165-1\"  class=\"panel-grid panel-no-style\"  style=\"margin-bottom: 0px\" ><div id=\"pgc-4165-1-0\"  class=\"panel-grid-cell\" ><div id=\"panel-4165-1-0-0\" class=\"so-panel widget widget_wpa9-editor-ext panel-first-child panel-last-child\" data-index=\"2\" ><div\n\t\t\t\n\t\t\tclass=\"so-widget-wpa9-editor-ext so-widget-wpa9-editor-ext-default-c93e1481a745-4165\"\n\t\t\t\n\t\t>\n<div class=\"siteorigin-widget-tinymce textwidget\">\n\t<h3><img alt=\"ico-obecnypreklad\" decoding=\"async\" class=\"alignnone wp-image-3945\" src=\"https:\/\/skrivanek.cz\/wp-content\/uploads\/2021\/01\/ico-obecnypreklad.svg\" alt=\"\" width=\"30\" \/> Why is proofreading of translation important?<\/h3>\n<p>It is important to know the\u00a0<strong>purpose of the translation<\/strong>\u00a0in order to determine the overall process of order processing and to ensure the appropriate quality and an optimum price for the translation.\u00a0This could vary depending on the translation purpose, the style, the manner of expression, the vocabulary or the length of sentences (translations of numerous topics are treated differently, whether it is a&nbsp;website, sales catalogue, advertising leaflet, company documentation, an article in the press for the general public or an article in a&nbsp;scientific\u00a0magazine).<\/p>\n<p><strong>The language proofreading is\u00a0<\/strong>completed by a&nbsp;linguistic reviewer and focuses on the correction of common spelling mistakes, grammatical and typographical shortcomings, typing errors and other minor stylistic\u00a0inaccuracies.<\/p>\n<p><strong>Independent review<\/strong><strong>\u00a0<\/strong>is somewhat more complex, because the proofreader is a&nbsp;specialist in the field, compares the translation with the source text and ensures its inspection in terms of meaning, content and\u00a0terminology.<\/p>\n<p>The Skrivanek company holds\u00a0<span class=\"caps\">EN<\/span>\u00a017100 certification and provides translations in accordance with this standard. The entire translation process according to the standard includes the following phases: translation, inspection (revision by translator), proofreading and final verification by the project\u00a0manager.<\/p>\n<\/div>\n<\/div><\/div><\/div><\/div><div id=\"pg-4165-2\"  class=\"panel-grid panel-has-style\"  style=\"margin-bottom: 0px\" ><div class=\"siteorigin-panels-stretch panel-row-style panel-row-style-for-4165-2\" data-stretch-type=\"full\" ><div id=\"pgc-4165-2-0\"  class=\"panel-grid-cell\" ><div id=\"panel-4165-2-0-0\" class=\"so-panel widget widget_skrv-incl-widget panel-first-child panel-last-child\" data-index=\"3\" ><div\n\t\t\t\n\t\t\tclass=\"so-widget-skrv-incl-widget so-widget-skrv-incl-widget-default-c93e1481a745-4165\"\n\t\t\t\n\t\t><div id=\"pl-4332\"  class=\"panel-layout\" ><div id=\"pg-4332-0\"  class=\"panel-grid panel-no-style\" ><div id=\"pgc-4332-0-0\"  class=\"panel-grid-cell\" ><div id=\"panel-4332-0-0-0\" class=\"so-panel widget widget_wpa9-accordion panel-first-child panel-last-child\" data-index=\"0\" ><div\n\t\t\t\n\t\t\tclass=\"so-widget-wpa9-accordion so-widget-wpa9-accordion-default-c93e1481a745-4165\"\n\t\t\t\n\t\t><h3 class=\"widget-title\">FAQs<\/h3><div class=\"wpa9-accordion\">\n\t<div class=\"wpa9-accordion-panel\" id=\"wpa9-accordion-panel-what-format-can-i-send-you\">\n\n\t\t<div class=\"wpa9-accordion-toggler d-flex\" data-panel=\"what-format-can-i-send-you\" role=\"button\" aria-controls=\"wpa9-accordion-panel-what-format-can-i-send-you\" aria-expanded=\"false\">\n\n\t\t\t<div class=\"wpa9-accordion-icon wpa9-accordion-icon-open\"><\/div>\n\n\t\t\t<div class=\"wpa9-accordion-title\">What format can I&nbsp;send you?<\/div>\n\n\t\t<\/div>\n\n\t\t<div class=\"wpa9-accordion-content\" role=\"region\">\n\t\t\tAny. It doesn\u2019t matter what format you send us, as we can handle inx, indd, PDF, translate your website and many other formats.\t\t<\/div>\n\n\t<\/div>\n\t<div class=\"wpa9-accordion-panel\" id=\"wpa9-accordion-panel-how-much-will-it-cost\">\n\n\t\t<div class=\"wpa9-accordion-toggler d-flex\" data-panel=\"how-much-will-it-cost\" role=\"button\" aria-controls=\"wpa9-accordion-panel-how-much-will-it-cost\" aria-expanded=\"false\">\n\n\t\t\t<div class=\"wpa9-accordion-icon wpa9-accordion-icon-open\"><\/div>\n\n\t\t\t<div class=\"wpa9-accordion-title\">How much will it cost?<\/div>\n\n\t\t<\/div>\n\n\t\t<div class=\"wpa9-accordion-content\" role=\"region\">\n\t\t\tYou will know the price in advance, accurate to the last word. Simply send us an inquiry, and we will tell you how much the translation will cost.\t\t<\/div>\n\n\t<\/div>\n\t<div class=\"wpa9-accordion-panel\" id=\"wpa9-accordion-panel-when-will-the-translation-be-ready\">\n\n\t\t<div class=\"wpa9-accordion-toggler d-flex\" data-panel=\"when-will-the-translation-be-ready\" role=\"button\" aria-controls=\"wpa9-accordion-panel-when-will-the-translation-be-ready\" aria-expanded=\"false\">\n\n\t\t\t<div class=\"wpa9-accordion-icon wpa9-accordion-icon-open\"><\/div>\n\n\t\t\t<div class=\"wpa9-accordion-title\">When will the translation be ready?<\/div>\n\n\t\t<\/div>\n\n\t\t<div class=\"wpa9-accordion-content\" role=\"region\">\n\t\t\tExactly by the deadline that we will agree upon in advance.\t\t<\/div>\n\n\t<\/div>\n<\/div>\n<\/div><\/div><\/div><\/div><\/div><\/div><\/div><\/div><\/div><\/div><div id=\"pg-4165-3\"  class=\"panel-grid panel-has-style\"  style=\"margin-bottom: 0px\" ><div class=\"siteorigin-panels-stretch panel-row-padding-none panel-row-style panel-row-style-for-4165-3\" data-stretch-type=\"full\" ><div id=\"pgc-4165-3-0\"  class=\"panel-grid-cell\" ><div id=\"panel-4165-3-0-0\" class=\"so-panel widget widget_skrv-incl-widget panel-first-child panel-last-child\" data-index=\"4\" ><div\n\t\t\t\n\t\t\tclass=\"so-widget-skrv-incl-widget so-widget-skrv-incl-widget-default-c93e1481a745-4165\"\n\t\t\t\n\t\t><div id=\"pl-4575\"  class=\"panel-layout\" ><div id=\"pg-4575-0\"  class=\"panel-grid panel-has-style\" ><div class=\"siteorigin-panels-stretch panel-row-padding-none panel-row-style panel-row-style-for-4575-0\" data-stretch-type=\"full\" ><div id=\"pgc-4575-0-0\"  class=\"panel-grid-cell\" ><div id=\"panel-4575-0-0-0\" class=\"widget_text so-panel widget widget_custom_html panel-first-child panel-last-child\" data-index=\"0\" ><div class=\"textwidget custom-html-widget\"><div class=\"wpa9-cta-box-ext\">\n\t<div class=\"wpa9-cta-box-ext-header\">\n\t\t<h2>In Skrivanek we have <br \/>more than 30 years of experience<\/h2>\n<p>\n\tThis enables us to easily select the best specialist for your texts.\n<\/p>\n\t<\/div>\n\n<div class=\"d-flex flex-row justify-content-center\">\n\t<div class=\"advantage-section counter-section\">\n\t\t<span class=\"h1\"><span class=\"value\" data-counter-duration=\"3000\">110<\/span>+<\/span><br \/>languages in various combinations\n\t<\/div>\n\t<div class=\"advantage-section\">\n\t\t<span class=\"h1\"><span class=\"value\" data-counter-duration=\"750\">4<\/span> billion<\/span><br \/>words translated since 1994\n\t<\/div>\n\t<div class=\"advantage-section\">\n\t\t<span class=\"h1\"><span class=\"value\" data-counter-duration=\"3000\">96<\/span><\/span><br \/>specialisations\n\t<\/div>\n<\/div>\n\t<\/div><\/div><\/div><\/div><\/div><\/div><\/div><\/div><\/div><\/div><\/div><\/div><div id=\"pg-4165-4\"  class=\"panel-grid panel-has-style\"  style=\"margin-bottom: 0px\" ><div class=\"siteorigin-panels-stretch panel-row-style panel-row-style-for-4165-4\" data-stretch-type=\"full\" ><div id=\"pgc-4165-4-0\"  class=\"panel-grid-cell\" ><div id=\"panel-4165-4-0-0\" class=\"so-panel widget widget_skrv-incl-widget panel-first-child panel-last-child\" data-index=\"5\" ><div\n\t\t\t\n\t\t\tclass=\"so-widget-skrv-incl-widget so-widget-skrv-incl-widget-default-c93e1481a745-4165\"\n\t\t\t\n\t\t><div id=\"pl-4582\"  class=\"panel-layout\" ><div id=\"pg-4582-0\"  class=\"panel-grid panel-no-style\" ><div id=\"pgc-4582-0-0\"  class=\"panel-grid-cell\" ><div id=\"panel-4582-0-0-0\" class=\"so-panel widget widget_skrv-testimonials panel-first-child panel-last-child\" data-index=\"0\" ><div\n\t\t\t\n\t\t\tclass=\"so-widget-skrv-testimonials so-widget-skrv-testimonials-default-c93e1481a745-4165\"\n\t\t\t\n\t\t>\n\n<div class=\"skrv-testimonials\">\n\n    \n  <h3 class=\"widget-title\"><span class=\"title-wrapper\"><span class=\"title_bg_character\" style=\"color:#ffffff\">\u201d<\/span><span class=\"title\">Reliability, speed and quality of services<\/span><\/span><\/h3>\n  <div id=\"skrv-testimonial\" class=\"carousel slide\" data-bs-interval=\"4000\" data-bs-ride=\"carousel\" data-bs-touch=\"true\">\n    <div class=\"carousel-inner\">\n                <div class=\"skrv-testimonial-item carousel-item active\">\n        <div class=\"d-block\">\n                    <blockquote class=\"skrv-testimonial-text\">\"Skriv\u00e1nek s.r.o. is a&nbsp;long-standing supplier of translations of our tourist guides and multilingual books. We are very content with the comprehensive nature and quality of the provided services.\"<\/blockquote>\n          <h6 class=\"skrv-testimonial-client\">Vydavatelstv\u00ed MCU s.r.o., \u010cesk\u00fd Krumlov<\/h6>\n        <\/div>\n      <\/div>\n                <div class=\"skrv-testimonial-item carousel-item\">\n        <div class=\"d-block\">\n                    <blockquote class=\"skrv-testimonial-text\">\"We are very pleased with the services Sk\u0159iv\u00e1nek s.r.o. provides. Above all, we appreciate the professional standard of its teachers and the prompt handling of all our requests.\"<\/blockquote>\n          <h6 class=\"skrv-testimonial-client\">LANNUTTI CZECH, s.r.o., Louka u&nbsp;Litv\u00ednova<\/h6>\n        <\/div>\n      <\/div>\n                <div class=\"skrv-testimonial-item carousel-item\">\n        <div class=\"d-block\">\n                    <blockquote class=\"skrv-testimonial-text\">\"The language teaching services of Skriv\u00e1nek s.r.o. were provided punctually, properly and professionally.\"<\/blockquote>\n          <h6 class=\"skrv-testimonial-client\">MICONEX, s.r.o., Liberec<\/h6>\n        <\/div>\n      <\/div>\n                <div class=\"skrv-testimonial-item carousel-item\">\n        <div class=\"d-block\">\n                    <blockquote class=\"skrv-testimonial-text\">\"We are very happy not only with the translations of technical texts, such as manuals and operating instructions for machinery, but also with the communication and compliance with deadlines. We can definitely recommend cooperation with Sk\u0159iv\u00e1nek s&nbsp;r.o.\"<\/blockquote>\n          <h6 class=\"skrv-testimonial-client\">ALPLA, spol. s.r.o., Byst\u0159ice<\/h6>\n        <\/div>\n      <\/div>\n                <div class=\"skrv-testimonial-item carousel-item\">\n        <div class=\"d-block\">\n                    <blockquote class=\"skrv-testimonial-text\">\"In order to provide our employees with the necessary language skills for them to perform their work, we have been cooperating with the Sk\u0159iv\u00e1nek language agency since 2006. We are happy with the quality of their language courses, which is confirmed by the fact that we have expanded English language teaching over the past few years with new courses. Our cooperation has been problem-free and, therefore, we plan to continue using their services in the future.\"<\/blockquote>\n          <h6 class=\"skrv-testimonial-client\">Zeelandia, spol. s&nbsp;r.o., Mal\u0161ice<\/h6>\n        <\/div>\n      <\/div>\n        <\/div>\n\n    <a class=\"carousel-control-prev\" href=\"#0\" data-bs-target=\"#skrv-testimonial\" role=\"button\" data-bs-slide=\"prev\">\n      <span class=\"carousel-control-prev-icon\" aria-hidden=\"true\"><\/span>\n      <span class=\"sr-only\">Previous<\/span>\n    <\/a>\n    <a class=\"carousel-control-next\" href=\"#0\" data-bs-target=\"#skrv-testimonial\" role=\"button\" data-bs-slide=\"next\">\n      <span class=\"carousel-control-next-icon\" aria-hidden=\"true\"><\/span>\n      <span class=\"sr-only\">Next<\/span>\n    <\/a>\n\n    <ol class=\"carousel-indicators hidden\">\n                <li data-bs-target=\"#skrv-testimonial\" data-bs-slide-to=\"0\" class=\"active\"><\/li>\n                <li data-bs-target=\"#skrv-testimonial\" data-bs-slide-to=\"1\" class=\"\"><\/li>\n                <li data-bs-target=\"#skrv-testimonial\" data-bs-slide-to=\"2\" class=\"\"><\/li>\n                <li data-bs-target=\"#skrv-testimonial\" data-bs-slide-to=\"3\" class=\"\"><\/li>\n                <li data-bs-target=\"#skrv-testimonial\" data-bs-slide-to=\"4\" class=\"\"><\/li>\n        <\/ol>\n  <\/div>\n\n<\/div>\n\n<\/div><\/div><\/div><\/div><\/div><\/div><\/div><\/div><\/div><\/div><div id=\"pg-4165-5\"  class=\"panel-grid panel-no-style\" ><div id=\"pgc-4165-5-0\"  class=\"panel-grid-cell\" ><div id=\"panel-4165-5-0-0\" class=\"so-panel widget widget_skrv-incl-widget panel-first-child panel-last-child\" data-index=\"6\" ><div\n\t\t\t\n\t\t\tclass=\"so-widget-skrv-incl-widget so-widget-skrv-incl-widget-default-c93e1481a745-4165\"\n\t\t\t\n\t\t><div id=\"pl-4577\"  class=\"panel-layout\" ><div id=\"pg-4577-0\"  class=\"panel-grid panel-no-style\" ><div id=\"pgc-4577-0-0\"  class=\"panel-grid-cell\" ><div id=\"panel-4577-0-0-0\" class=\"so-panel widget widget_wpa9-card-s panel-first-child panel-last-child\" data-index=\"0\" ><div\n\t\t\t\n\t\t\tclass=\"so-widget-wpa9-card-s so-widget-wpa9-card-s-default-c93e1481a745-4165\"\n\t\t\t\n\t\t><div class=\"wpa9-card wpa9-card-s wide positive\">\n\n\t<div class=\"wpa9-card-wrapper container\">\n\n\t\t<div class=\"wpa9-card-text\">\n\t\t\t<h2 class=\"wpa9-card-title\">What do you need to have translated? We will prepare a&nbsp;price quote for you.<\/h2>\n\t\t\t\t\t<\/div>\n\n\t\t\t\t<div class=\"meta meta-buttons d-flex flex-row justify-content-center\">\n\t\t\t\t\t\t\t<a class=\"btn btn-negative show-inquiry-form\" href=\"https:\/\/skrivanek.cz\/en\/inquiry\/\" title=\"I am interested\">I am interested<\/a>\n\t\t\t\t<\/div>\n\t\t\n\t<\/div>\n\n<\/div>\n<\/div><\/div><\/div><\/div><\/div><\/div><\/div><\/div><\/div><\/div>","protected":false},"excerpt":{"rendered":"<p>ECONOMY from CZK 1.20 per word according to the language combination The Economy Package is suitable for internal texts, descriptions, documents and emails, with which you would continue to work alone. translation by an experienced translator language proofreading independent review output control STANDARD from CZK 1.70 per word according to the language combination The most [&hellip;]<\/p>\n","protected":false},"author":1,"featured_media":0,"parent":4174,"menu_order":0,"comment_status":"closed","ping_status":"closed","template":"","meta":{"_acf_changed":false,"footnotes":""},"class_list":["post-4165","page","type-page","status-publish","hentry"],"acf":[],"aioseo_notices":[],"_links":{"self":[{"href":"https:\/\/skrivanek.cz\/en\/wp-json\/wp\/v2\/pages\/4165","targetHints":{"allow":["GET"]}}],"collection":[{"href":"https:\/\/skrivanek.cz\/en\/wp-json\/wp\/v2\/pages"}],"about":[{"href":"https:\/\/skrivanek.cz\/en\/wp-json\/wp\/v2\/types\/page"}],"author":[{"embeddable":true,"href":"https:\/\/skrivanek.cz\/en\/wp-json\/wp\/v2\/users\/1"}],"replies":[{"embeddable":true,"href":"https:\/\/skrivanek.cz\/en\/wp-json\/wp\/v2\/comments?post=4165"}],"version-history":[{"count":4,"href":"https:\/\/skrivanek.cz\/en\/wp-json\/wp\/v2\/pages\/4165\/revisions"}],"predecessor-version":[{"id":76064,"href":"https:\/\/skrivanek.cz\/en\/wp-json\/wp\/v2\/pages\/4165\/revisions\/76064"}],"up":[{"embeddable":true,"href":"https:\/\/skrivanek.cz\/en\/wp-json\/wp\/v2\/pages\/4174"}],"wp:attachment":[{"href":"https:\/\/skrivanek.cz\/en\/wp-json\/wp\/v2\/media?parent=4165"}],"curies":[{"name":"wp","href":"https:\/\/api.w.org\/{rel}","templated":true}]}}