{"id":4167,"date":"2021-01-12T17:37:56","date_gmt":"2021-01-12T16:37:56","guid":{"rendered":"https:\/\/skrivanek.cz\/lokalizace-softwaru\/"},"modified":"2025-05-13T09:21:59","modified_gmt":"2025-05-13T07:21:59","slug":"software-localisation","status":"publish","type":"page","link":"https:\/\/skrivanek.cz\/en\/technologies\/software-localisation\/","title":{"rendered":"Software localisation"},"content":{"rendered":"<div id=\"pl-4167\"  class=\"panel-layout\" ><div id=\"pg-4167-0\"  class=\"panel-grid panel-has-style\"  style=\"margin-bottom: 0px\" ><div class=\"siteorigin-panels-stretch panel-row-style panel-row-style-for-4167-0\" data-stretch-type=\"full\" ><div id=\"pgc-4167-0-0\"  class=\"panel-grid-cell\" ><div id=\"panel-4167-0-0-0\" class=\"so-panel widget widget_wpa9-card-l panel-first-child panel-last-child\" data-index=\"0\" ><div\n\t\t\t\n\t\t\tclass=\"so-widget-wpa9-card-l so-widget-wpa9-card-l-default-c93e1481a745-4167\"\n\t\t\t\n\t\t>\n\n<div class=\"wpa9-card wpa9-card-l-container d-flex flex-wrap wpa9-columns-2\">\n\n\t\n\t\t\n\t<div class=\"wpa9-card-l-panel wpa9-panel shadow rounded d-flex flex-column justify-content-between\">\n\n\t\t<div>\n\t\t\t\t\t\t\t<span class=\"wpa9-panel-icon icon\" style=\"display: none; background-image: url('https:\/\/skrivanek.cz\/wp-content\/uploads\/2021\/01\/ico-lokalizace.svg')\"><\/span>\n\t\t\t<span class=\"wpa9-panel-icon icon\" style=\"mask-image: url(https:\/\/skrivanek.cz\/wp-content\/uploads\/2021\/01\/ico-lokalizace.svg); -webkit-mask-image: url(https:\/\/skrivanek.cz\/wp-content\/uploads\/2021\/01\/ico-lokalizace.svg);\"><\/span>\n\t\t\n\t\t\t\t\t\t\t\t<h2 class=\"wpa9-panel-title\">Software localisation<\/h2>\n\t\t\n\t\t\t\t\t\t\t<div class=\"wpa9-panel-content\"><div class=\"box-content\">\n<p>Our accurate target-language translation includes testing and \u2018acculturation\u2019. This is where we adapt your software to the local language in a&nbsp;natural way, including the target country\u2019s legal standards and cultural\u00a0conventions.<\/p>\n<p>Contact us for more details on how we can help your software succeed in foreign markets.<\/p>\n<\/div>\n<\/div>\n\t\t\t\t<\/div>\n\n\t\t\t\t<div class=\"meta meta-buttons d-flex flex-column flex-sm-row justify-content-center\">\n\t\t\t\t\t\t\t<a class=\"btn btn-negative \" href=\"https:\/\/skrivanek.cz\/en\/inquiry\/\" title=\"I am interested\">I am interested<\/a>\n\t\t\t\t<\/div>\n\t\t\n\t<\/div>\n\n\t\t\n\t<div class=\"wpa9-card-l-panel wpa9-panel shadow rounded d-flex flex-column justify-content-between\">\n\n\t\t<div>\n\t\t\t\t\t\t\t<span class=\"wpa9-panel-icon icon\" style=\"display: none; background-image: url('https:\/\/skrivanek.cz\/wp-content\/uploads\/2021\/01\/ico-lokalizace.svg')\"><\/span>\n\t\t\t<span class=\"wpa9-panel-icon icon\" style=\"mask-image: url(https:\/\/skrivanek.cz\/wp-content\/uploads\/2021\/01\/ico-lokalizace.svg); -webkit-mask-image: url(https:\/\/skrivanek.cz\/wp-content\/uploads\/2021\/01\/ico-lokalizace.svg);\"><\/span>\n\t\t\n\t\t\t\t\t\t\t\t<h2 class=\"wpa9-panel-title\">Other services<\/h2>\n\t\t\n\t\t\t\t\t\t\t<div class=\"wpa9-panel-content\"><div class=\"box-proscons__item\">\n<ul>\n<li class=\"innerText\"><a href=\"https:\/\/skrivanek.cz\/en\/translations\/software-website-translation\/\">Website and e-shop localisation<\/a>.<\/li>\n<\/ul>\n<\/div>\n<div class=\"box-proscons__item\">\n<ul>\n<li class=\"innerText\">Localisation of instructions and texts shown on the displays of electronic devices, including translations of documentation.<\/li>\n<\/ul>\n<\/div>\n<div class=\"box-proscons__item\">\n<ul>\n<li class=\"innerText\"><a href=\"https:\/\/skrivanek.cz\/en\/voiceover\/\">Voiceovers<\/a>, <a href=\"https:\/\/skrivanek.cz\/en\/translations\/translation-of-subtitles\/\">subtitling<\/a>, audio <a href=\"https:\/\/skrivanek.cz\/en\/transcription\/\">transcriptions <\/a>and other multimedia services.<\/li>\n<\/ul>\n<\/div>\n<div class=\"box-proscons__item\">\n<ul>\n<li class=\"innerText\">Translation and production of technical documentation, including graphics.<\/li>\n<\/ul>\n<p>Visit <a href=\"https:\/\/skrivanek.com\/localization\/software-localization\/\" target=\"_new\">Skrivanek Software Localization<\/a> to learn more about how we can help your business achieve global success.<\/p>\n<\/div>\n<\/div>\n\t\t\t\t<\/div>\n\n\t\t\n\t<\/div>\n\n\t\t\n\t<div class=\"wpa9-card-l-panel wpa9-panel shadow rounded d-flex flex-column justify-content-between\">\n\n\t\t<div>\n\t\t\t\t\t\t\t<span class=\"wpa9-panel-icon icon\" style=\"display: none; background-image: url('https:\/\/skrivanek.cz\/wp-content\/uploads\/2021\/03\/ico-seznam.svg')\"><\/span>\n\t\t\t<span class=\"wpa9-panel-icon icon\" style=\"mask-image: url(https:\/\/skrivanek.cz\/wp-content\/uploads\/2021\/03\/ico-seznam.svg); -webkit-mask-image: url(https:\/\/skrivanek.cz\/wp-content\/uploads\/2021\/03\/ico-seznam.svg);\"><\/span>\n\t\t\n\t\t\t\t\t\t\t\t<h2 class=\"wpa9-panel-title\">What is included?<\/h2>\n\t\t\n\t\t\t\t\t\t\t<div class=\"wpa9-panel-content\"><ul>\n<li>Software localisation: the same user experience in the target language as for the original\u00a0language.<\/li>\n<li>Localisation of online help: In\u00a0<span class=\"caps\">HLP<\/span>,\u00a0<span class=\"caps\">CMH<\/span>, from\u00a0<span class=\"caps\">HTML<\/span>\u00a0or\u00a0<span class=\"caps\">RTF<\/span>\u00a0files.<\/li>\n<li>Localisation of devices and equipment: accompanying manuals, instructions,\u00a0alerts.<\/li>\n<li>Localisation of websites, applications and multimedia \u2013 including dynamic objects, audio and video\u00a0recordings.<\/li>\n<li>Localisation of\u00a0images.<\/li>\n<li>Localisation of\u00a0documentation.<\/li>\n<\/ul>\n<\/div>\n\t\t\t\t<\/div>\n\n\t\t\n\t<\/div>\n\n\t\t\n\t<div class=\"wpa9-card-l-panel wpa9-panel shadow rounded d-flex flex-column justify-content-between\">\n\n\t\t<div>\n\t\t\t\t\t\t\t<span class=\"wpa9-panel-icon icon\" style=\"display: none; background-image: url('https:\/\/skrivanek.cz\/wp-content\/uploads\/2021\/01\/ico-seo.svg')\"><\/span>\n\t\t\t<span class=\"wpa9-panel-icon icon\" style=\"mask-image: url(https:\/\/skrivanek.cz\/wp-content\/uploads\/2021\/01\/ico-seo.svg); -webkit-mask-image: url(https:\/\/skrivanek.cz\/wp-content\/uploads\/2021\/01\/ico-seo.svg);\"><\/span>\n\t\t\n\t\t\t\t\t\t\t\t<h2 class=\"wpa9-panel-title\"> How does it work?<\/h2>\n\t\t\n\t\t\t\t\t\t\t<div class=\"wpa9-panel-content\"><ul>\n<li>Analysis of source\u00a0software.<\/li>\n<li>Extraction of files and their preparation for\u00a0translation.<\/li>\n<li>Customising dialogue\u00a0windows.<\/li>\n<li>Testing the texts displays\u00a0correctly.<\/li>\n<li>Functionality\u00a0test.<\/li>\n<li>Software development in the target foreign\u00a0language.<\/li>\n<\/ul>\n<\/div>\n\t\t\t\t<\/div>\n\n\t\t\n\t<\/div>\n\n\t\t\n\t\n<\/div>\n<\/div><\/div><\/div><\/div><\/div><div id=\"pg-4167-1\"  class=\"panel-grid panel-has-style\"  style=\"margin-bottom: 0px\" ><div class=\"siteorigin-panels-stretch panel-row-padding-none panel-row-style panel-row-style-for-4167-1\" data-stretch-type=\"full\" ><div id=\"pgc-4167-1-0\"  class=\"panel-grid-cell\" ><div id=\"panel-4167-1-0-0\" class=\"so-panel widget widget_skrv-incl-widget panel-first-child panel-last-child\" data-index=\"1\" ><div\n\t\t\t\n\t\t\tclass=\"so-widget-skrv-incl-widget so-widget-skrv-incl-widget-default-c93e1481a745-4167\"\n\t\t\t\n\t\t><div id=\"pl-4332\"  class=\"panel-layout\" ><div id=\"pg-4332-0\"  class=\"panel-grid panel-no-style\" ><div id=\"pgc-4332-0-0\"  class=\"panel-grid-cell\" ><div id=\"panel-4332-0-0-0\" class=\"so-panel widget widget_wpa9-accordion panel-first-child panel-last-child\" data-index=\"0\" ><div\n\t\t\t\n\t\t\tclass=\"so-widget-wpa9-accordion so-widget-wpa9-accordion-default-c93e1481a745-4167\"\n\t\t\t\n\t\t><h3 class=\"widget-title\">FAQs<\/h3><div class=\"wpa9-accordion\">\n\t<div class=\"wpa9-accordion-panel\" id=\"wpa9-accordion-panel-what-format-can-i-send-you\">\n\n\t\t<div class=\"wpa9-accordion-toggler d-flex\" data-panel=\"what-format-can-i-send-you\" role=\"button\" aria-controls=\"wpa9-accordion-panel-what-format-can-i-send-you\" aria-expanded=\"false\">\n\n\t\t\t<div class=\"wpa9-accordion-icon wpa9-accordion-icon-open\"><\/div>\n\n\t\t\t<div class=\"wpa9-accordion-title\">What format can I&nbsp;send you?<\/div>\n\n\t\t<\/div>\n\n\t\t<div class=\"wpa9-accordion-content\" role=\"region\">\n\t\t\tAny. It doesn\u2019t matter what format you send us, as we can handle inx, indd, PDF, translate your website and many other formats.\t\t<\/div>\n\n\t<\/div>\n\t<div class=\"wpa9-accordion-panel\" id=\"wpa9-accordion-panel-how-much-will-it-cost\">\n\n\t\t<div class=\"wpa9-accordion-toggler d-flex\" data-panel=\"how-much-will-it-cost\" role=\"button\" aria-controls=\"wpa9-accordion-panel-how-much-will-it-cost\" aria-expanded=\"false\">\n\n\t\t\t<div class=\"wpa9-accordion-icon wpa9-accordion-icon-open\"><\/div>\n\n\t\t\t<div class=\"wpa9-accordion-title\">How much will it cost?<\/div>\n\n\t\t<\/div>\n\n\t\t<div class=\"wpa9-accordion-content\" role=\"region\">\n\t\t\tYou will know the price in advance, accurate to the last word. Simply send us an inquiry, and we will tell you how much the translation will cost.\t\t<\/div>\n\n\t<\/div>\n\t<div class=\"wpa9-accordion-panel\" id=\"wpa9-accordion-panel-when-will-the-translation-be-ready\">\n\n\t\t<div class=\"wpa9-accordion-toggler d-flex\" data-panel=\"when-will-the-translation-be-ready\" role=\"button\" aria-controls=\"wpa9-accordion-panel-when-will-the-translation-be-ready\" aria-expanded=\"false\">\n\n\t\t\t<div class=\"wpa9-accordion-icon wpa9-accordion-icon-open\"><\/div>\n\n\t\t\t<div class=\"wpa9-accordion-title\">When will the translation be ready?<\/div>\n\n\t\t<\/div>\n\n\t\t<div class=\"wpa9-accordion-content\" role=\"region\">\n\t\t\tExactly by the deadline that we will agree upon in advance.\t\t<\/div>\n\n\t<\/div>\n<\/div>\n<\/div><\/div><\/div><\/div><\/div><\/div><\/div><\/div><\/div><\/div><div id=\"pg-4167-2\"  class=\"panel-grid panel-has-style\"  style=\"margin-bottom: 0px\" ><div class=\"siteorigin-panels-stretch panel-row-padding-none panel-row-style panel-row-style-for-4167-2\" data-stretch-type=\"full\" ><div id=\"pgc-4167-2-0\"  class=\"panel-grid-cell\" ><div id=\"panel-4167-2-0-0\" class=\"so-panel widget widget_skrv-incl-widget panel-first-child panel-last-child\" data-index=\"2\" ><div\n\t\t\t\n\t\t\tclass=\"so-widget-skrv-incl-widget so-widget-skrv-incl-widget-default-c93e1481a745-4167\"\n\t\t\t\n\t\t><div id=\"pl-4575\"  class=\"panel-layout\" ><div id=\"pg-4575-0\"  class=\"panel-grid panel-has-style\" ><div class=\"siteorigin-panels-stretch panel-row-padding-none panel-row-style panel-row-style-for-4575-0\" data-stretch-type=\"full\" ><div id=\"pgc-4575-0-0\"  class=\"panel-grid-cell\" ><div id=\"panel-4575-0-0-0\" class=\"widget_text so-panel widget widget_custom_html panel-first-child panel-last-child\" data-index=\"0\" ><div class=\"textwidget custom-html-widget\"><div class=\"wpa9-cta-box-ext\">\n\t<div class=\"wpa9-cta-box-ext-header\">\n\t\t<h2>In Skrivanek we have <br \/>more than 30 years of experience<\/h2>\n<p>\n\tThis enables us to easily select the best specialist for your texts.\n<\/p>\n\t<\/div>\n\n<div class=\"d-flex flex-row justify-content-center\">\n\t<div class=\"advantage-section counter-section\">\n\t\t<span class=\"h1\"><span class=\"value\" data-counter-duration=\"3000\">110<\/span>+<\/span><br \/>languages in various combinations\n\t<\/div>\n\t<div class=\"advantage-section\">\n\t\t<span class=\"h1\"><span class=\"value\" data-counter-duration=\"750\">4<\/span> billion<\/span><br \/>words translated since 1994\n\t<\/div>\n\t<div class=\"advantage-section\">\n\t\t<span class=\"h1\"><span class=\"value\" data-counter-duration=\"3000\">96<\/span><\/span><br \/>specialisations\n\t<\/div>\n<\/div>\n\t<\/div><\/div><\/div><\/div><\/div><\/div><\/div><\/div><\/div><\/div><\/div><\/div><div id=\"pg-4167-3\"  class=\"panel-grid panel-has-style\"  style=\"margin-bottom: 0px\" ><div class=\"siteorigin-panels-stretch panel-row-style panel-row-style-for-4167-3\" data-stretch-type=\"full\" ><div id=\"pgc-4167-3-0\"  class=\"panel-grid-cell\" ><div id=\"panel-4167-3-0-0\" class=\"so-panel widget widget_skrv-incl-widget panel-first-child panel-last-child\" data-index=\"3\" ><div\n\t\t\t\n\t\t\tclass=\"so-widget-skrv-incl-widget so-widget-skrv-incl-widget-default-c93e1481a745-4167\"\n\t\t\t\n\t\t><div id=\"pl-4582\"  class=\"panel-layout\" ><div id=\"pg-4582-0\"  class=\"panel-grid panel-no-style\" ><div id=\"pgc-4582-0-0\"  class=\"panel-grid-cell\" ><div id=\"panel-4582-0-0-0\" class=\"so-panel widget widget_skrv-testimonials panel-first-child panel-last-child\" data-index=\"0\" ><div\n\t\t\t\n\t\t\tclass=\"so-widget-skrv-testimonials so-widget-skrv-testimonials-default-c93e1481a745-4167\"\n\t\t\t\n\t\t>\n\n<div class=\"skrv-testimonials\">\n\n    \n  <h3 class=\"widget-title\"><span class=\"title-wrapper\"><span class=\"title_bg_character\" style=\"color:#ffffff\">\u201d<\/span><span class=\"title\">Reliability, speed and quality of services<\/span><\/span><\/h3>\n  <div id=\"skrv-testimonial\" class=\"carousel slide\" data-bs-interval=\"4000\" data-bs-ride=\"carousel\" data-bs-touch=\"true\">\n    <div class=\"carousel-inner\">\n                <div class=\"skrv-testimonial-item carousel-item active\">\n        <div class=\"d-block\">\n                    <blockquote class=\"skrv-testimonial-text\">\"Skriv\u00e1nek s.r.o. is a&nbsp;long-standing supplier of translations of our tourist guides and multilingual books. We are very content with the comprehensive nature and quality of the provided services.\"<\/blockquote>\n          <h6 class=\"skrv-testimonial-client\">Vydavatelstv\u00ed MCU s.r.o., \u010cesk\u00fd Krumlov<\/h6>\n        <\/div>\n      <\/div>\n                <div class=\"skrv-testimonial-item carousel-item\">\n        <div class=\"d-block\">\n                    <blockquote class=\"skrv-testimonial-text\">\"We are very pleased with the services Sk\u0159iv\u00e1nek s.r.o. provides. Above all, we appreciate the professional standard of its teachers and the prompt handling of all our requests.\"<\/blockquote>\n          <h6 class=\"skrv-testimonial-client\">LANNUTTI CZECH, s.r.o., Louka u&nbsp;Litv\u00ednova<\/h6>\n        <\/div>\n      <\/div>\n                <div class=\"skrv-testimonial-item carousel-item\">\n        <div class=\"d-block\">\n                    <blockquote class=\"skrv-testimonial-text\">\"The language teaching services of Skriv\u00e1nek s.r.o. were provided punctually, properly and professionally.\"<\/blockquote>\n          <h6 class=\"skrv-testimonial-client\">MICONEX, s.r.o., Liberec<\/h6>\n        <\/div>\n      <\/div>\n                <div class=\"skrv-testimonial-item carousel-item\">\n        <div class=\"d-block\">\n                    <blockquote class=\"skrv-testimonial-text\">\"We are very happy not only with the translations of technical texts, such as manuals and operating instructions for machinery, but also with the communication and compliance with deadlines. We can definitely recommend cooperation with Sk\u0159iv\u00e1nek s&nbsp;r.o.\"<\/blockquote>\n          <h6 class=\"skrv-testimonial-client\">ALPLA, spol. s.r.o., Byst\u0159ice<\/h6>\n        <\/div>\n      <\/div>\n                <div class=\"skrv-testimonial-item carousel-item\">\n        <div class=\"d-block\">\n                    <blockquote class=\"skrv-testimonial-text\">\"In order to provide our employees with the necessary language skills for them to perform their work, we have been cooperating with the Sk\u0159iv\u00e1nek language agency since 2006. We are happy with the quality of their language courses, which is confirmed by the fact that we have expanded English language teaching over the past few years with new courses. Our cooperation has been problem-free and, therefore, we plan to continue using their services in the future.\"<\/blockquote>\n          <h6 class=\"skrv-testimonial-client\">Zeelandia, spol. s&nbsp;r.o., Mal\u0161ice<\/h6>\n        <\/div>\n      <\/div>\n        <\/div>\n\n    <a class=\"carousel-control-prev\" href=\"#0\" data-bs-target=\"#skrv-testimonial\" role=\"button\" data-bs-slide=\"prev\">\n      <span class=\"carousel-control-prev-icon\" aria-hidden=\"true\"><\/span>\n      <span class=\"sr-only\">Previous<\/span>\n    <\/a>\n    <a class=\"carousel-control-next\" href=\"#0\" data-bs-target=\"#skrv-testimonial\" role=\"button\" data-bs-slide=\"next\">\n      <span class=\"carousel-control-next-icon\" aria-hidden=\"true\"><\/span>\n      <span class=\"sr-only\">Next<\/span>\n    <\/a>\n\n    <ol class=\"carousel-indicators hidden\">\n                <li data-bs-target=\"#skrv-testimonial\" data-bs-slide-to=\"0\" class=\"active\"><\/li>\n                <li data-bs-target=\"#skrv-testimonial\" data-bs-slide-to=\"1\" class=\"\"><\/li>\n                <li data-bs-target=\"#skrv-testimonial\" data-bs-slide-to=\"2\" class=\"\"><\/li>\n                <li data-bs-target=\"#skrv-testimonial\" data-bs-slide-to=\"3\" class=\"\"><\/li>\n                <li data-bs-target=\"#skrv-testimonial\" data-bs-slide-to=\"4\" class=\"\"><\/li>\n        <\/ol>\n  <\/div>\n\n<\/div>\n\n<\/div><\/div><\/div><\/div><\/div><\/div><\/div><\/div><\/div><\/div><div id=\"pg-4167-4\"  class=\"panel-grid panel-no-style\" ><div id=\"pgc-4167-4-0\"  class=\"panel-grid-cell\" ><div id=\"panel-4167-4-0-0\" class=\"so-panel widget widget_skrv-incl-widget panel-first-child panel-last-child\" data-index=\"4\" ><div\n\t\t\t\n\t\t\tclass=\"so-widget-skrv-incl-widget so-widget-skrv-incl-widget-default-c93e1481a745-4167\"\n\t\t\t\n\t\t><div id=\"pl-4581\"  class=\"panel-layout\" ><div id=\"pg-4581-0\"  class=\"panel-grid panel-no-style\" ><div id=\"pgc-4581-0-0\"  class=\"panel-grid-cell\" ><div id=\"panel-4581-0-0-0\" class=\"so-panel widget widget_wpa9-card-s panel-first-child panel-last-child\" data-index=\"0\" ><div\n\t\t\t\n\t\t\tclass=\"so-widget-wpa9-card-s so-widget-wpa9-card-s-default-c93e1481a745-4167\"\n\t\t\t\n\t\t><div class=\"wpa9-card wpa9-card-s wide positive\">\n\n\t<div class=\"wpa9-card-wrapper container\">\n\n\t\t<div class=\"wpa9-card-text\">\n\t\t\t<h2 class=\"wpa9-card-title\">We give you the price of the translation in advance, accurate to the last word.<\/h2>\n\t\t\t\t\t<\/div>\n\n\t\t\t\t<div class=\"meta meta-buttons d-flex flex-row justify-content-center\">\n\t\t\t\t\t\t\t<a class=\"btn btn-negative show-inquiry-form\" href=\"https:\/\/skrivanek.cz\/en\/inquiry\/\" title=\"I want a price quote\">I want a&nbsp;price quote<\/a>\n\t\t\t\t<\/div>\n\t\t\n\t<\/div>\n\n<\/div>\n<\/div><\/div><\/div><\/div><\/div><\/div><\/div><\/div><\/div><\/div>","protected":false},"excerpt":{"rendered":"<p>Software localisation Our accurate target-language translation includes testing and \u2018acculturation\u2019. This is where we adapt your software to the local language in a&nbsp;natural way, including the target country\u2019s legal standards and cultural\u00a0conventions. Contact us for more details on how we can help your software succeed in foreign markets. I&nbsp;am interested Other services Website and [&hellip;]<\/p>\n","protected":false},"author":1,"featured_media":0,"parent":4133,"menu_order":0,"comment_status":"closed","ping_status":"closed","template":"","meta":{"_acf_changed":false,"footnotes":""},"class_list":["post-4167","page","type-page","status-publish","hentry"],"acf":[],"aioseo_notices":[],"_links":{"self":[{"href":"https:\/\/skrivanek.cz\/en\/wp-json\/wp\/v2\/pages\/4167","targetHints":{"allow":["GET"]}}],"collection":[{"href":"https:\/\/skrivanek.cz\/en\/wp-json\/wp\/v2\/pages"}],"about":[{"href":"https:\/\/skrivanek.cz\/en\/wp-json\/wp\/v2\/types\/page"}],"author":[{"embeddable":true,"href":"https:\/\/skrivanek.cz\/en\/wp-json\/wp\/v2\/users\/1"}],"replies":[{"embeddable":true,"href":"https:\/\/skrivanek.cz\/en\/wp-json\/wp\/v2\/comments?post=4167"}],"version-history":[{"count":4,"href":"https:\/\/skrivanek.cz\/en\/wp-json\/wp\/v2\/pages\/4167\/revisions"}],"predecessor-version":[{"id":76083,"href":"https:\/\/skrivanek.cz\/en\/wp-json\/wp\/v2\/pages\/4167\/revisions\/76083"}],"up":[{"embeddable":true,"href":"https:\/\/skrivanek.cz\/en\/wp-json\/wp\/v2\/pages\/4133"}],"wp:attachment":[{"href":"https:\/\/skrivanek.cz\/en\/wp-json\/wp\/v2\/media?parent=4167"}],"curies":[{"name":"wp","href":"https:\/\/api.w.org\/{rel}","templated":true}]}}