{"id":5080,"date":"2021-03-11T11:21:03","date_gmt":"2021-03-11T10:21:03","guid":{"rendered":"https:\/\/skrivanek.cz\/?page_id=5080"},"modified":"2024-02-27T12:27:36","modified_gmt":"2024-02-27T11:27:36","slug":"exams","status":"publish","type":"page","link":"https:\/\/skrivanek.cz\/en\/language-school\/exams\/","title":{"rendered":"Language exams"},"content":{"rendered":"<div id=\"pl-5080\"  class=\"panel-layout\" ><div id=\"pg-5080-0\"  class=\"panel-grid panel-no-style\"  style=\"margin-bottom: 0px\" ><div id=\"pgc-5080-0-0\"  class=\"panel-grid-cell\" ><div id=\"panel-5080-0-0-0\" class=\"so-panel widget widget_wpa9-steps panel-first-child panel-last-child\" data-index=\"0\" ><div\n\t\t\t\n\t\t\tclass=\"so-widget-wpa9-steps so-widget-wpa9-steps-default-c93e1481a745-5080\"\n\t\t\t\n\t\t><div class=\"wpa9-steps\">\n\t<div class=\"wpa9-steps-togglers d-flex flex-wrap justify-content-center\" data-wpa9-interval=\"7000\">\n\t\t\t\n\t\t<div class=\"wpa9-steps-toggler-wrapper wpa9-steps-active\" id=\"wpa9-steps-toggler-panel-0\">\n\t\t\t<div class=\"wpa9-steps-toggler f-headlines d-flex align-items-center justify-content-center\" data-content=\"panel-0\" role=\"button\">\n\t\t\t\t\t\t\t\t<span class=\"wpa9-step-title\">Language level confirmation<\/span>\n\t\t\t\t\t\t\t<\/div>\n\t\t\t<div class=\"wpa9-steps-decoration\"><\/div>\n\t\t<\/div>\n\t\t<div class=\"wpa9-steps-content wpa9-steps-active\" role=\"region\" id=\"wpa9-steps-content-panel-0\">\n\t\t\t<p style=\"text-align: center;\">We will be pleased to prepare you for any\u00a0language\u00a0exams.<\/p>\n\t\t<\/div>\n\t\t<div class=\"wpa9-steps-hyphen\"><\/div>\t\t\t\n\t\t<div class=\"wpa9-steps-toggler-wrapper\" id=\"wpa9-steps-toggler-panel-1\">\n\t\t\t<div class=\"wpa9-steps-toggler f-headlines d-flex align-items-center justify-content-center\" data-content=\"panel-1\" role=\"button\">\n\t\t\t\t\t\t\t\t<span class=\"wpa9-step-title\">Competitive advantage<\/span>\n\t\t\t\t\t\t\t<\/div>\n\t\t\t<div class=\"wpa9-steps-decoration\"><\/div>\n\t\t<\/div>\n\t\t<div class=\"wpa9-steps-content\" role=\"region\" id=\"wpa9-steps-content-panel-1\">\n\t\t\t<p style=\"text-align: center;\">Obtaining a\u00a0certificate will provide you with a\u00a0competitive\u00a0advantage.<\/p>\n\t\t<\/div>\n\t\t<div class=\"wpa9-steps-hyphen\"><\/div>\t\t\t\n\t\t<div class=\"wpa9-steps-toggler-wrapper\" id=\"wpa9-steps-toggler-panel-2\">\n\t\t\t<div class=\"wpa9-steps-toggler f-headlines d-flex align-items-center justify-content-center\" data-content=\"panel-2\" role=\"button\">\n\t\t\t\t\t\t\t\t<span class=\"wpa9-step-title\">An internationally recognised certificate<\/span>\n\t\t\t\t\t\t\t<\/div>\n\t\t\t<div class=\"wpa9-steps-decoration\"><\/div>\n\t\t<\/div>\n\t\t<div class=\"wpa9-steps-content\" role=\"region\" id=\"wpa9-steps-content-panel-2\">\n\t\t\t<p style=\"text-align: center;\">Put your worries aside! You can choose exams which are internationally\u00a0recognised.<\/p>\n\t\t<\/div>\n\t\t\t\t<\/div>\n\t<div class=\"wpa9-steps-contents-wrapper\">\n\t\t\t\t\t<div class=\"wpa9-steps-content _step_3_1 wpa9-steps-active\" role=\"region\" id=\"wpa9-steps-content-panel-0\">\n\t\t\t<p style=\"text-align: center;\">We will be pleased to prepare you for any\u00a0language\u00a0exams.<\/p>\n\t\t<\/div>\n\t\t\t\t\t<div class=\"wpa9-steps-content _step_3_2\" role=\"region\" id=\"wpa9-steps-content-panel-1\">\n\t\t\t<p style=\"text-align: center;\">Obtaining a\u00a0certificate will provide you with a\u00a0competitive\u00a0advantage.<\/p>\n\t\t<\/div>\n\t\t\t\t\t<div class=\"wpa9-steps-content _step_3_3\" role=\"region\" id=\"wpa9-steps-content-panel-2\">\n\t\t\t<p style=\"text-align: center;\">Put your worries aside! You can choose exams which are internationally\u00a0recognised.<\/p>\n\t\t<\/div>\n\t\t<\/div>\n\t\t<div class=\"wpa9-steps-button d-flex justify-content-center\">\n\t\t<a href=\"https:\/\/skrivanek.cz\/en\/language-school\/preparatory-courses-language-exams\/\" class=\"btn btn-negative \">Overview of language exams<\/a>\n\t<\/div>\n\t<\/div>\n<\/div><\/div><\/div><\/div><div id=\"pg-5080-1\"  class=\"panel-grid panel-no-style\"  style=\"margin-bottom: 0px\" ><div id=\"pgc-5080-1-0\"  class=\"panel-grid-cell\" ><div id=\"panel-5080-1-0-0\" class=\"so-panel widget widget_wpa9-editor-ext panel-first-child\" data-index=\"1\" ><div\n\t\t\t\n\t\t\tclass=\"so-widget-wpa9-editor-ext so-widget-wpa9-editor-ext-default-c93e1481a745-5080\"\n\t\t\t\n\t\t>\n<div class=\"siteorigin-widget-tinymce textwidget\">\n\t<h3 style=\"text-align: center;\">ETS<\/h3>\n<\/div>\n<\/div><\/div><div id=\"panel-5080-1-0-1\" class=\"so-panel widget widget_wpa9-card-m panel-last-child\" data-index=\"2\" ><div\n\t\t\t\n\t\t\tclass=\"so-widget-wpa9-card-m so-widget-wpa9-card-m-default-c93e1481a745-5080\"\n\t\t\t\n\t\t>\n\n<section class=\"wpa9-card wpa9-card-m-container d-flex flex-wrap justify-content-center TiLD95\">\n\n\t\n\t\t\n\t\t\t\n\t<article class=\"wpa9-card-m-panel wpa9-panel \">\n\t<div class=\"rounded\">\n\t\t\t\t<header class=\"d-block flex-wrap pb-4\">\n\t\t\t\t\t\t\t<span class=\"wpa9-card-icon icon d-none\" style=\"background-image: url('https:\/\/skrivanek.cz\/wp-content\/uploads\/2021\/01\/ico-soudnipreklad.svg')\"><\/span>\n\t\t\t\t<span class=\"wpa9-card-icon icon\" style=\"mask-image: url(https:\/\/skrivanek.cz\/wp-content\/uploads\/2021\/01\/ico-soudnipreklad.svg); -webkit-mask-image: url(https:\/\/skrivanek.cz\/wp-content\/uploads\/2021\/01\/ico-soudnipreklad.svg);\"><\/span>\n\t\t\t\n\t\t\t\t\t\t\t\t<h2 class=\"wpa9-card-title\">What you will gain from the exam?<\/h2>\n\t\t\t\t<\/header>\n\n\t\t\t\t<main class=\"wpa9-card-content\"><ul>\n<li>An internationally\u00a0recognised\u00a0certificate<\/li>\n<li>Reliable and\u00a0accurate\u00a0results<\/li>\n<li>A certificate valid for\u00a02\u00a0years<\/li>\n<li>You cannot fail to master the exam, you will always succeed! You will receive your results on a\u00a0point scale, depending on how far you get in\u00a0the\u00a0test<\/li>\n<\/ul>\n<\/main>\n\t\t\n\t<\/div>\t<\/article>\n\t\t\n\t\t\t\n\t<article class=\"wpa9-card-m-panel wpa9-panel \">\n\t<div class=\"rounded\">\n\t\t\t\t<header class=\"d-block flex-wrap pb-4\">\n\t\t\t\t\t\t\t<span class=\"wpa9-card-icon icon d-none\" style=\"background-image: url('https:\/\/skrivanek.cz\/wp-content\/uploads\/2021\/01\/ico-obecnypreklad.svg')\"><\/span>\n\t\t\t\t<span class=\"wpa9-card-icon icon\" style=\"mask-image: url(https:\/\/skrivanek.cz\/wp-content\/uploads\/2021\/01\/ico-obecnypreklad.svg); -webkit-mask-image: url(https:\/\/skrivanek.cz\/wp-content\/uploads\/2021\/01\/ico-obecnypreklad.svg);\"><\/span>\n\t\t\t\n\t\t\t\t\t\t\t\t<h2 class=\"wpa9-card-title\">Exam types<\/h2>\n\t\t\t\t<\/header>\n\n\t\t\t\t<main class=\"wpa9-card-content\"><ul>\n<li><u><a href=\"https:\/\/www.ets.org\/toefl_junior\"><span class=\"caps\">TOEFL<\/span>\u00a0Junior<\/a><\/u>: English for students 11+,\u00a0for academic English for the purpose of, for example, studying abroad<\/li>\n<li><u><a href=\"https:\/\/www.ets.org\/toeic\/bridge\" target=\"_blank\" rel=\"noopener\"><span class=\"caps\">TOEIC<\/span>\u00a0Bridge<\/a><\/u>,\u00a0<u><a href=\"https:\/\/www.ets.org\/toeic\/test-takers\/about\/speaking-writing.html\"><span class=\"caps\">TOEIC S&amp;W<\/span>\u00a0<\/a><\/u>\u00a0and\u00a0<a href=\"https:\/\/www.ets.org\/toeic\/test-takers\/about\/listening-reading.html\" target=\"_blank\" rel=\"noopener\"><span class=\"caps\">TOEIC L&amp;R<\/span><\/a>: English in the workplace \u2013 takes into consideration the requirements of international employers for\u00a0employees\u2019\u00a0language\u00a0skills<\/li>\n<li><a href=\"https:\/\/www.etsglobal.org\/cz\/en\/test-type-family\/tfi-test\"><span class=\"caps\">TFI<\/span><\/a>: French\u00a0in\u00a0the\u00a0workplace<\/li>\n<\/ul>\n<\/main>\n\t\t\n\t<\/div>\t<\/article>\n\t\t\n\t\t\t\n\t<article class=\"wpa9-card-m-panel wpa9-panel \">\n\t<div class=\"rounded\">\n\t\t\t\t<header class=\"d-block flex-wrap pb-4\">\n\t\t\t\t\t\t\t<span class=\"wpa9-card-icon icon d-none\" style=\"background-image: url('https:\/\/skrivanek.cz\/wp-content\/uploads\/2021\/03\/ico-seznam-1.svg')\"><\/span>\n\t\t\t\t<span class=\"wpa9-card-icon icon\" style=\"mask-image: url(https:\/\/skrivanek.cz\/wp-content\/uploads\/2021\/03\/ico-seznam-1.svg); -webkit-mask-image: url(https:\/\/skrivanek.cz\/wp-content\/uploads\/2021\/03\/ico-seznam-1.svg);\"><\/span>\n\t\t\t\n\t\t\t\t\t\t\t\t<h2 class=\"wpa9-card-title\">What does the exam entail?<\/h2>\n\t\t\t\t<\/header>\n\n\t\t\t\t<main class=\"wpa9-card-content\"><ul>\n<li><strong><span class=\"caps\">TOEFL<\/span>\u00a0Junior<\/strong>: 3 parts: reading and listening comprehension, language form and\u00a0meaning\u00a0(110\u00a0minutes)<\/li>\n<li><strong><span class=\"caps\">TOEIC<\/span>\u00a0Bridge<\/strong>: 2 parts: reading and listening\u00a0comprehension\u00a0(60\u00a0minutes)<\/li>\n<li><strong><span class=\"caps\">TOEIC<\/span>\u00a0<span class=\"caps\">S&amp;W<\/span><\/strong>: 2 parts: speaking\u00a0and\u00a0writing\u00a0(80\u00a0minutes)<\/li>\n<li><strong><span class=\"caps\">TOEIC<\/span>\u00a0<span class=\"caps\">L&amp;R<\/span><\/strong>: 2 parts: reading and listening\u00a0comprehension\u00a0(120\u00a0minutes)<\/li>\n<li><strong><span class=\"caps\">TFI<\/span><\/strong>: 2 parts: reading and listening\u00a0comprehension\u00a0(110\u00a0minutes)<\/li>\n<\/ul>\n<\/main>\n\t\t\n\t<\/div>\t<\/article>\n\t\t\n\t\t\t\n\t<article class=\"wpa9-card-m-panel wpa9-panel \">\n\t<div class=\"rounded\">\n\t\t\t\t<header class=\"d-block flex-wrap pb-4\">\n\t\t\t\t\t\t\t<span class=\"wpa9-card-icon icon d-none\" style=\"background-image: url('https:\/\/skrivanek.cz\/wp-content\/uploads\/2021\/03\/ico-info.svg')\"><\/span>\n\t\t\t\t<span class=\"wpa9-card-icon icon\" style=\"mask-image: url(https:\/\/skrivanek.cz\/wp-content\/uploads\/2021\/03\/ico-info.svg); -webkit-mask-image: url(https:\/\/skrivanek.cz\/wp-content\/uploads\/2021\/03\/ico-info.svg);\"><\/span>\n\t\t\t\n\t\t\t\t\t\t\t\t<h2 class=\"wpa9-card-title\">Price<\/h2>\n\t\t\t\t<\/header>\n\n\t\t\t\t<main class=\"wpa9-card-content\"><p>(includes the exam and\u00a0score\u00a0report)<\/p>\n<ul>\n<li><strong><span class=\"caps\">TOEFL<\/span>\u00a0Junior<\/strong>: from\u00a0<span class=\"caps\">CZK<\/span>\u00a01,930\u00a0<span class=\"caps\">VAT<\/span>\u00a0incl.,<\/li>\n<li><strong><span class=\"caps\">TOEIC<\/span>\u00a0Bridge<\/strong>\u00a0and\u00a0<strong><span class=\"caps\">TOEIC<\/span>\u00a0<span class=\"caps\">L&amp;R<\/span><\/strong>: from\u00a0<span class=\"caps\">CZK<\/span>\u00a02,995\u00a0<span class=\"caps\">VAT<\/span>\u00a0incl.,<\/li>\n<li><strong><span class=\"caps\">TOEIC<\/span>\u00a0<span class=\"caps\">S&amp;W<\/span>:\u00a0<\/strong>from\u00a0<span class=\"caps\">CZK<\/span>\u00a03,827\u00a0<span class=\"caps\">VAT<\/span>\u00a0incl.,<\/li>\n<li><strong><span class=\"caps\">TFI<\/span><\/strong>: from\u00a0<span class=\"caps\">CZK<\/span>\u00a02,995\u00a0<span class=\"caps\">VAT<\/span>\u00a0incl.<\/li>\n<\/ul>\n<\/main>\n\t\t\n\t<\/div>\t<\/article>\n\t\t\n\t\t\t\n\t<article class=\"wpa9-card-m-panel wpa9-panel \">\n\t<div class=\"rounded\">\n\t\t\t\t<header class=\"d-block flex-wrap pb-4\">\n\t\t\t\t\t\t\t<span class=\"wpa9-card-icon icon d-none\" style=\"background-image: url('https:\/\/skrivanek.cz\/wp-content\/uploads\/2021\/02\/ico-time.svg')\"><\/span>\n\t\t\t\t<span class=\"wpa9-card-icon icon\" style=\"mask-image: url(https:\/\/skrivanek.cz\/wp-content\/uploads\/2021\/02\/ico-time.svg); -webkit-mask-image: url(https:\/\/skrivanek.cz\/wp-content\/uploads\/2021\/02\/ico-time.svg);\"><\/span>\n\t\t\t\n\t\t\t\t\t\t\t\t<h2 class=\"wpa9-card-title\">Exam schedule<\/h2>\n\t\t\t\t<\/header>\n\n\t\t\t\t<main class=\"wpa9-card-content\"><p><strong>Plze\u0148:<\/strong><br \/>\nTOEIC Listening and Reading<br \/>\n<strong>13.1.\u00a02023, 17.\u00a03.\u00a02023, 21.\u00a04.\u00a02023<\/strong><\/p>\n<p><strong>\u010cesk\u00e9 Bud\u011bjovice:<\/strong><br \/>\nTOEIC Listening and Reading<br \/>\n<strong>3.\u00a02.\u00a02023<\/strong><\/p>\n<\/main>\n\t\t\n\t<\/div>\t<\/article>\n\t\t\n\n\t\t\n\t\n<\/section>\n<\/div><\/div><\/div><\/div><div id=\"pg-5080-2\"  class=\"panel-grid panel-no-style\"  style=\"margin-bottom: 0px\" ><div id=\"pgc-5080-2-0\"  class=\"panel-grid-cell\" ><div id=\"panel-5080-2-0-0\" class=\"so-panel widget widget_wpa9-editor-ext panel-first-child\" data-index=\"3\" ><div\n\t\t\t\n\t\t\tclass=\"so-widget-wpa9-editor-ext so-widget-wpa9-editor-ext-default-c93e1481a745-5080\"\n\t\t\t\n\t\t>\n<div class=\"siteorigin-widget-tinymce textwidget\">\n\t<h3 class=\"widget-title\" style=\"text-align: center;\">Cambridge English<\/h3>\n<\/div>\n<\/div><\/div><div id=\"panel-5080-2-0-1\" class=\"so-panel widget widget_wpa9-card-m panel-last-child\" data-index=\"4\" ><div\n\t\t\t\n\t\t\tclass=\"so-widget-wpa9-card-m so-widget-wpa9-card-m-default-c93e1481a745-5080\"\n\t\t\t\n\t\t>\n\n<section class=\"wpa9-card wpa9-card-m-container d-flex flex-wrap justify-content-center CuB2h3\">\n\n\t\n\t\t\n\t\t\t\n\t<article class=\"wpa9-card-m-panel wpa9-panel \">\n\t<div class=\"rounded\">\n\t\t\t\t<header class=\"d-block flex-wrap pb-4\">\n\t\t\t\t\t\t\t<span class=\"wpa9-card-icon icon d-none\" style=\"background-image: url('https:\/\/skrivanek.cz\/wp-content\/uploads\/2021\/01\/ico-soudnipreklad.svg')\"><\/span>\n\t\t\t\t<span class=\"wpa9-card-icon icon\" style=\"mask-image: url(https:\/\/skrivanek.cz\/wp-content\/uploads\/2021\/01\/ico-soudnipreklad.svg); -webkit-mask-image: url(https:\/\/skrivanek.cz\/wp-content\/uploads\/2021\/01\/ico-soudnipreklad.svg);\"><\/span>\n\t\t\t\n\t\t\t\t\t\t\t\t<h2 class=\"wpa9-card-title\">What you will gain from the exam?<\/h2>\n\t\t\t\t<\/header>\n\n\t\t\t\t<main class=\"wpa9-card-content\"><ul>\n<li>An internationally recognised certificate<\/li>\n<li>Reliable and\u00a0accurate\u00a0results<\/li>\n<li>A certificate with\u00a0lifetime\u00a0validity<\/li>\n<\/ul>\n<\/main>\n\t\t\n\t<\/div>\t<\/article>\n\t\t\n\t\t\t\n\t<article class=\"wpa9-card-m-panel wpa9-panel \">\n\t<div class=\"rounded\">\n\t\t\t\t<header class=\"d-block flex-wrap pb-4\">\n\t\t\t\t\t\t\t<span class=\"wpa9-card-icon icon d-none\" style=\"background-image: url('https:\/\/skrivanek.cz\/wp-content\/uploads\/2021\/01\/ico-obecnypreklad.svg')\"><\/span>\n\t\t\t\t<span class=\"wpa9-card-icon icon\" style=\"mask-image: url(https:\/\/skrivanek.cz\/wp-content\/uploads\/2021\/01\/ico-obecnypreklad.svg); -webkit-mask-image: url(https:\/\/skrivanek.cz\/wp-content\/uploads\/2021\/01\/ico-obecnypreklad.svg);\"><\/span>\n\t\t\t\n\t\t\t\t\t\t\t\t<h2 class=\"wpa9-card-title\">Exam types<\/h2>\n\t\t\t\t<\/header>\n\n\t\t\t\t<main class=\"wpa9-card-content\"><ul>\n<li><a href=\"https:\/\/www.cambridgeenglish.org\/exams-and-tests\/preliminary\/exam-format\/\">Cambridge Preliminary<\/a>: the ability to communicate in and understand English at a\u00a0basic\u00a0level<\/li>\n<li><a href=\"https:\/\/www.cambridgeenglish.org\/exams-and-tests\/first\/exam-format\/\">Cambridge First<\/a>: English for work and study purposes at an\u00a0advanced\u00a0level<\/li>\n<li><a href=\"https:\/\/www.cambridgeenglish.org\/exams-and-tests\/advanced\/exam-format\/\">Cambridge Advanced<\/a>: English at a\u00a0high level for most professions and\u00a0social\u00a0activities<\/li>\n<\/ul>\n<\/main>\n\t\t\n\t<\/div>\t<\/article>\n\t\t\n\t\t\t\n\t<article class=\"wpa9-card-m-panel wpa9-panel \">\n\t<div class=\"rounded\">\n\t\t\t\t<header class=\"d-block flex-wrap pb-4\">\n\t\t\t\t\t\t\t<span class=\"wpa9-card-icon icon d-none\" style=\"background-image: url('https:\/\/skrivanek.cz\/wp-content\/uploads\/2021\/03\/ico-seznam-1.svg')\"><\/span>\n\t\t\t\t<span class=\"wpa9-card-icon icon\" style=\"mask-image: url(https:\/\/skrivanek.cz\/wp-content\/uploads\/2021\/03\/ico-seznam-1.svg); -webkit-mask-image: url(https:\/\/skrivanek.cz\/wp-content\/uploads\/2021\/03\/ico-seznam-1.svg);\"><\/span>\n\t\t\t\n\t\t\t\t\t\t\t\t<h2 class=\"wpa9-card-title\">What does the exam entail?<\/h2>\n\t\t\t\t<\/header>\n\n\t\t\t\t<main class=\"wpa9-card-content\"><ul>\n<li><strong>Cambridge Preliminary (PET)<\/strong>: 3 parts: Reading\u00a0&amp;\u00a0Writing, Listening, Speaking\u00a0(140\u00a0minutes)<\/li>\n<li><strong>Cambridge First (FCE)<\/strong>: 4 parts:\u00a0 Reading\u00a0&amp;\u00a0Use of English, Writing, Listening, Speaking\u00a0(210\u00a0minutes)<\/li>\n<li><strong>Cambridge Advanced (CAE)<\/strong>: 4 parts:\u00a0 Reading\u00a0&amp;\u00a0Use of English, Writing, Listening, Speaking\u00a0(240\u00a0minutes)<\/li>\n<\/ul>\n<\/main>\n\t\t\n\t<\/div>\t<\/article>\n\t\t\n\t\t\t\n\t<article class=\"wpa9-card-m-panel wpa9-panel \">\n\t<div class=\"rounded\">\n\t\t\t\t<header class=\"d-block flex-wrap pb-4\">\n\t\t\t\t\t\t\t<span class=\"wpa9-card-icon icon d-none\" style=\"background-image: url('https:\/\/skrivanek.cz\/wp-content\/uploads\/2021\/03\/ico-info.svg')\"><\/span>\n\t\t\t\t<span class=\"wpa9-card-icon icon\" style=\"mask-image: url(https:\/\/skrivanek.cz\/wp-content\/uploads\/2021\/03\/ico-info.svg); -webkit-mask-image: url(https:\/\/skrivanek.cz\/wp-content\/uploads\/2021\/03\/ico-info.svg);\"><\/span>\n\t\t\t\n\t\t\t\t\t\t\t\t<h2 class=\"wpa9-card-title\">Price<\/h2>\n\t\t\t\t<\/header>\n\n\t\t\t\t<main class=\"wpa9-card-content\"><p>(exam, score report\u00a0and\u00a0certificate)<\/p>\n<ul>\n<li><strong>Cambridge Preliminary (PET)<\/strong>: from\u00a0<span class=\"caps\">CZK<\/span>\u00a02,790\u00a0<span class=\"caps\">VAT<\/span>\u00a0incl.,<\/li>\n<li><strong>Cambridge First (FCE)<\/strong>: from\u00a0<span class=\"caps\">CZK<\/span>\u00a04,290\u00a0<span class=\"caps\">VAT<\/span>\u00a0incl.,<\/li>\n<li><strong>Cambridge Advanced (CAE)<\/strong>: from\u00a0<span class=\"caps\">CZK<\/span>\u00a04,390\u00a0<span class=\"caps\">VAT<\/span>\u00a0incl.<\/li>\n<\/ul>\n<\/main>\n\t\t\n\t<\/div>\t<\/article>\n\t\t\n\t\t\t\n\t<article class=\"wpa9-card-m-panel wpa9-panel \">\n\t<div class=\"rounded\">\n\t\t\t\t<header class=\"d-block flex-wrap pb-4\">\n\t\t\t\t\t\t\t<span class=\"wpa9-card-icon icon d-none\" style=\"background-image: url('https:\/\/skrivanek.cz\/wp-content\/uploads\/2021\/01\/ico-seo.svg')\"><\/span>\n\t\t\t\t<span class=\"wpa9-card-icon icon\" style=\"mask-image: url(https:\/\/skrivanek.cz\/wp-content\/uploads\/2021\/01\/ico-seo.svg); -webkit-mask-image: url(https:\/\/skrivanek.cz\/wp-content\/uploads\/2021\/01\/ico-seo.svg);\"><\/span>\n\t\t\t\n\t\t\t\t\t\t\t\t<h2 class=\"wpa9-card-title\">List of seven reasons:<\/h2>\n\t\t\t\t<\/header>\n\n\t\t\t\t<main class=\"wpa9-card-content\"><ol>\n<li>Test of <strong>real language skills<\/strong>\u00a0(in\u00a0English).<\/li>\n<li>Exams for a\u00a0<strong>wide spectrum of levels<\/strong>\u00a0and\u00a0uses.<\/li>\n<li>The exams are accepted by employers, immigration authorities and schools worldwide.<\/li>\n<li>Full\u00a0<strong>material and teaching support<\/strong>\u00a0during preparation for\u00a0the\u00a0exam.<\/li>\n<li>An international exam available\u00a0<strong>worldwide<\/strong>.<\/li>\n<li>Secure, reliable, fair.<\/li>\n<li>Supported by global research.<\/li>\n<\/ol>\n<\/main>\n\t\t\n\t<\/div>\t<\/article>\n\t\t\n\t\t\t\n\t<article class=\"wpa9-card-m-panel wpa9-panel \">\n\t<div class=\"rounded\">\n\t\t\t\t<header class=\"d-block flex-wrap pb-4\">\n\t\t\t\t\t\t\t<span class=\"wpa9-card-icon icon d-none\" style=\"background-image: url('https:\/\/skrivanek.cz\/wp-content\/uploads\/2021\/02\/ico-time.svg')\"><\/span>\n\t\t\t\t<span class=\"wpa9-card-icon icon\" style=\"mask-image: url(https:\/\/skrivanek.cz\/wp-content\/uploads\/2021\/02\/ico-time.svg); -webkit-mask-image: url(https:\/\/skrivanek.cz\/wp-content\/uploads\/2021\/02\/ico-time.svg);\"><\/span>\n\t\t\t\n\t\t\t\t\t\t\t\t<h2 class=\"wpa9-card-title\">Exam schedule B2 First<\/h2>\n\t\t\t\t<\/header>\n\n\t\t\t\t<main class=\"wpa9-card-content\"><p>The dates of the nearest exams are as follows:<\/p>\n<p><main class=\"wpa9-card-content\"><\/main><\/p>\n<h5>Praha, Brno, Plze\u0148, Hradec Kr\u00e1lov\u00e9 a\u00a0Pardubice<\/h5>\n<h5><strong>10.\u00a03.\u00a02023, 31.\u00a05.\u00a02023, \u00a017.\u00a06.\u00a02023\u00a0<\/strong><\/h5>\n<p><\/p>\n<\/main>\n\t\t\n\t<\/div>\t<\/article>\n\t\t\n\t\t\t\n\t<article class=\"wpa9-card-m-panel wpa9-panel  hidden\">\n\t<div class=\"rounded\">\n\t\t\t\t<header class=\"d-block flex-wrap pb-4\">\n\t\t\t\t\t\t\t<span class=\"wpa9-card-icon icon d-none\" style=\"background-image: url('https:\/\/skrivanek.cz\/wp-content\/uploads\/2021\/02\/ico-time.svg')\"><\/span>\n\t\t\t\t<span class=\"wpa9-card-icon icon\" style=\"mask-image: url(https:\/\/skrivanek.cz\/wp-content\/uploads\/2021\/02\/ico-time.svg); -webkit-mask-image: url(https:\/\/skrivanek.cz\/wp-content\/uploads\/2021\/02\/ico-time.svg);\"><\/span>\n\t\t\t\n\t\t\t\t\t\t\t\t<h2 class=\"wpa9-card-title\">Exam schedule C1 Advanced<\/h2>\n\t\t\t\t<\/header>\n\n\t\t\t\t<main class=\"wpa9-card-content\"><p>The dates of the nearest exams are as follows:<\/p>\n<h5>Praha, Brno, Plze\u0148, Hradec Kr\u00e1lov\u00e9<\/h5>\n<h5><strong>7.\u00a01.\u00a02023, 4.\u00a02.\u00a02023, 18.\u00a03.\u00a02023, 22.\u00a04.\u00a02023, 11.\u00a05.\u00a02023<\/strong><\/h5>\n<\/main>\n\t\t\n\t<\/div>\t<\/article>\n\t\t\n\t\t\t\n\t<article class=\"wpa9-card-m-panel wpa9-panel  hidden\">\n\t<div class=\"rounded\">\n\t\t\t\t<header class=\"d-block flex-wrap pb-4\">\n\t\t\t\t\t\t\t<span class=\"wpa9-card-icon icon d-none\" style=\"background-image: url('https:\/\/skrivanek.cz\/wp-content\/uploads\/2021\/02\/ico-time.svg')\"><\/span>\n\t\t\t\t<span class=\"wpa9-card-icon icon\" style=\"mask-image: url(https:\/\/skrivanek.cz\/wp-content\/uploads\/2021\/02\/ico-time.svg); -webkit-mask-image: url(https:\/\/skrivanek.cz\/wp-content\/uploads\/2021\/02\/ico-time.svg);\"><\/span>\n\t\t\t\n\t\t\t\t\t\t\t\t<h2 class=\"wpa9-card-title\">Exam schedule C2 Proficiency<\/h2>\n\t\t\t\t<\/header>\n\n\t\t\t\t<main class=\"wpa9-card-content\"><p>The dates of the nearest exams are as follows:<\/p>\n<h5>Praha, Hradec Kr\u00e1lov\u00e9, Pardubice, Plze\u0148,<\/h5>\n<h5><strong>25.\u00a02.\u00a02023, 19.\u00a05.\u00a02023, 22.\u00a06.\u00a02023\u00a0<\/strong><\/h5>\n<\/main>\n\t\t\n\t<\/div>\t<\/article>\n\t\t\n\n\t\t<a href=\"javascript:void(0);\" class=\"btn wpa9-cards-toggler\" data-wpa9-card=\"CuB2h3\">Show all<\/a>\n\t\n<\/section>\n<\/div><\/div><\/div><\/div><div id=\"pg-5080-3\"  class=\"panel-grid panel-has-style\"  style=\"margin-bottom: 0px\" ><div class=\"siteorigin-panels-stretch panel-row-style panel-row-style-for-5080-3\" data-stretch-type=\"full\" ><div id=\"pgc-5080-3-0\"  class=\"panel-grid-cell\" ><div id=\"panel-5080-3-0-0\" class=\"so-panel widget widget_skrv-incl-widget panel-first-child panel-last-child\" data-index=\"5\" ><div\n\t\t\t\n\t\t\tclass=\"so-widget-skrv-incl-widget so-widget-skrv-incl-widget-default-c93e1481a745-5080\"\n\t\t\t\n\t\t><div id=\"pl-9802\"  class=\"panel-layout\" ><div id=\"pg-9802-0\"  class=\"panel-grid panel-no-style\" ><div id=\"pgc-9802-0-0\"  class=\"panel-grid-cell\" ><div id=\"panel-9802-0-0-0\" class=\"so-panel widget widget_wpa9-editor-ext panel-first-child\" data-index=\"0\" ><div\n\t\t\t\n\t\t\tclass=\"so-widget-wpa9-editor-ext so-widget-wpa9-editor-ext-default-c93e1481a745-5080\"\n\t\t\t\n\t\t>\n<div class=\"siteorigin-widget-tinymce textwidget\">\n\t<h2 class=\"decorated-heading\" style=\"text-align: center;\"><span style=\"color: #ffffff;\">Preparatory\u00a0courses<\/span><\/h2>\n<p style=\"text-align: center;\"><span style=\"color: #ffffff;\">We will prepare you for any language\u00a0exam.<\/span><\/p>\n<\/div>\n<\/div><\/div><div id=\"panel-9802-0-0-1\" class=\"so-panel widget widget_wpa9-buttons-group panel-last-child\" data-index=\"1\" ><div\n\t\t\t\n\t\t\tclass=\"so-widget-wpa9-buttons-group so-widget-wpa9-buttons-group-default-7f91da832e02-5080\"\n\t\t\t\n\t\t>\n\n<div class=\"wpa9-buttons-group-wrapper\">\n\n\t<div class=\"wpa9-buttons-group d-flex flex-wrap justify-content-center\">\n\n\t\n\t\t\n\t\t<a class=\"wpa9-buttons-group-button btn btn-size-m btn-negative d-flex flex-row justify-content-center \" href=\"https:\/\/isweb.skrivanek.cz\/cs\/language-course-list.aspx?Lang=en-GB\" id=\"wpa9-buttons-group-panel-preparatory-courses\" title=\"Preparatory courses\"><span class=\"align-self-center\">Preparatory courses<\/span><\/a>\n\n\t\n\t\t\n\t\t<a class=\"wpa9-buttons-group-button btn btn-size-m btn-negative d-flex flex-row justify-content-center \" href=\"https:\/\/skrivanek.cz\/en\/language-levels-based-eef\/\" id=\"wpa9-buttons-group-panel-overview-of-language-levels-based-on-eef\" title=\"Overview of language levels based on EEF\"><span class=\"align-self-center\">Overview of language levels based on EEF<\/span><\/a>\n\n\t\n\t<\/div>\n\n<\/div>\n<\/div><\/div><\/div><\/div><\/div><\/div><\/div><\/div><\/div><\/div><div id=\"pg-5080-4\"  class=\"panel-grid panel-no-style\" ><div id=\"pgc-5080-4-0\"  class=\"panel-grid-cell\" ><div id=\"panel-5080-4-0-0\" class=\"so-panel widget widget_wpa9-card-s panel-first-child panel-last-child\" data-index=\"6\" ><div\n\t\t\t\n\t\t\tclass=\"so-widget-wpa9-card-s so-widget-wpa9-card-s-default-c93e1481a745-5080\"\n\t\t\t\n\t\t><div class=\"wpa9-card wpa9-card-s wide positive\">\n\n\t<div class=\"wpa9-card-wrapper container\">\n\n\t\t<div class=\"wpa9-card-text\">\n\t\t\t<h2 class=\"wpa9-card-title\">Do you want to find out your language level?<\/h2>\n\t\t\t<div class=\"wpa9-card-content\"><p style=\"text-align: center\">Test your knowledge with our online\u00a0test.<\/p>\n<\/div>\t\t<\/div>\n\n\t\t\t\t<div class=\"meta meta-buttons d-flex flex-row justify-content-center\">\n\t\t\t\t\t\t\t<a class=\"btn btn-negative show-inquiry-form\" href=\"https:\/\/testy.skrivanek.cz\/\" title=\"I want the test\">I want the test<\/a>\n\t\t\t\t<\/div>\n\t\t\n\t<\/div>\n\n<\/div>\n<\/div><\/div><\/div><\/div><\/div>","protected":false},"excerpt":{"rendered":"<p>Language level confirmation We will be pleased to prepare you for any\u00a0language\u00a0exams. Competitive advantage Obtaining a\u00a0certificate will provide you with a\u00a0competitive\u00a0advantage. An internationally recognised certificate Put your worries aside! You can choose exams which are internationally\u00a0recognised. We will be pleased to prepare you for any\u00a0language\u00a0exams. Obtaining a\u00a0certificate will provide you with a\u00a0competitive\u00a0advantage. Put your worries [&hellip;]<\/p>\n","protected":false},"author":9,"featured_media":0,"parent":4175,"menu_order":0,"comment_status":"closed","ping_status":"closed","template":"","meta":{"_acf_changed":false,"footnotes":""},"class_list":["post-5080","page","type-page","status-publish","hentry"],"acf":[],"aioseo_notices":[],"_links":{"self":[{"href":"https:\/\/skrivanek.cz\/en\/wp-json\/wp\/v2\/pages\/5080","targetHints":{"allow":["GET"]}}],"collection":[{"href":"https:\/\/skrivanek.cz\/en\/wp-json\/wp\/v2\/pages"}],"about":[{"href":"https:\/\/skrivanek.cz\/en\/wp-json\/wp\/v2\/types\/page"}],"author":[{"embeddable":true,"href":"https:\/\/skrivanek.cz\/en\/wp-json\/wp\/v2\/users\/9"}],"replies":[{"embeddable":true,"href":"https:\/\/skrivanek.cz\/en\/wp-json\/wp\/v2\/comments?post=5080"}],"version-history":[{"count":4,"href":"https:\/\/skrivanek.cz\/en\/wp-json\/wp\/v2\/pages\/5080\/revisions"}],"predecessor-version":[{"id":66360,"href":"https:\/\/skrivanek.cz\/en\/wp-json\/wp\/v2\/pages\/5080\/revisions\/66360"}],"up":[{"embeddable":true,"href":"https:\/\/skrivanek.cz\/en\/wp-json\/wp\/v2\/pages\/4175"}],"wp:attachment":[{"href":"https:\/\/skrivanek.cz\/en\/wp-json\/wp\/v2\/media?parent=5080"}],"curies":[{"name":"wp","href":"https:\/\/api.w.org\/{rel}","templated":true}]}}