{"id":62143,"date":"2023-08-28T12:45:16","date_gmt":"2023-08-28T10:45:16","guid":{"rendered":"https:\/\/skrivanek.cz\/?page_id=62143"},"modified":"2025-06-11T16:42:54","modified_gmt":"2025-06-11T14:42:54","slug":"corporate-italian-courses","status":"publish","type":"page","link":"https:\/\/skrivanek.cz\/en\/language-school\/corporate-italian-courses\/","title":{"rendered":"Corporate Italian courses"},"content":{"rendered":"<div id=\"pl-62143\"  class=\"panel-layout\" ><div id=\"pg-62143-0\"  class=\"panel-grid panel-has-style\"  style=\"margin-bottom: 0px\" ><div class=\"siteorigin-panels-stretch panel-row-padding-none panel-row-style panel-row-style-for-62143-0\" data-stretch-type=\"full\" ><div id=\"pgc-62143-0-0\"  class=\"panel-grid-cell\" ><div id=\"panel-62143-0-0-0\" class=\"so-panel widget widget_wpa9-card-l panel-first-child\" data-index=\"0\" ><div\n\t\t\t\n\t\t\tclass=\"so-widget-wpa9-card-l so-widget-wpa9-card-l-default-c93e1481a745-62143\"\n\t\t\t\n\t\t>\n<h3 class=\"widget-title\">What forms of Italian lessons for companies do we offer?<\/h3>\n<div class=\"wpa9-card wpa9-card-l-container d-flex flex-wrap wpa9-columns-2\">\n\n\t\n\t\t\n\t<div class=\"wpa9-card-l-panel wpa9-panel shadow rounded d-flex flex-column justify-content-between\">\n\n\t\t<div>\n\t\t\t\t\t\t\t<span class=\"wpa9-panel-icon icon\" style=\"display: none; background-image: url('https:\/\/skrivanek.cz\/wp-content\/uploads\/2023\/03\/ico-individual.svg')\"><\/span>\n\t\t\t<span class=\"wpa9-panel-icon icon\" style=\"mask-image: url(https:\/\/skrivanek.cz\/wp-content\/uploads\/2023\/03\/ico-individual.svg); -webkit-mask-image: url(https:\/\/skrivanek.cz\/wp-content\/uploads\/2023\/03\/ico-individual.svg);\"><\/span>\n\t\t\n\t\t\t\t\t\t\t\t<h2 class=\"wpa9-panel-title\">Individual Italian lessons<\/h2>\n\t\t\n\t\t\t\t\t\t\t<div class=\"wpa9-panel-content\"><p>In corporate lessons it is always important to choose the right format for the Italian course, i.e., whether you want to have individual or group lessons.<\/p>\n<p><strong>Individual Italian lessons<\/strong>\u00a0are a\u00a0particularly ideal option in certain situations, for example, when\u00a0<strong>several students with different levels of proficiency decide to take an Italian course<\/strong>, or when there is someone who is very busy and cannot adapt to the demands of the group.<\/p>\n<p>If you are considering choosing an individual course, you will get undeniable advantages: The lessons will be tailored to the specific student, and will therefore be enjoyable and\u00a0<strong>very effective<\/strong>\u00a0for them, as the teacher is dedicated to them and can focus on the particular weaknesses revealed in the lessons. At the same time it will be easy to arrange for possible alternative lessons when a\u00a0student goes on holiday or on a\u00a0business trip.<\/p>\n<\/div>\n\t\t\t\t<\/div>\n\n\t\t\n\t<\/div>\n\n\t\t\n\t<div class=\"wpa9-card-l-panel wpa9-panel shadow rounded d-flex flex-column justify-content-between\">\n\n\t\t<div>\n\t\t\t\t\t\t\t<span class=\"wpa9-panel-icon icon\" style=\"display: none; background-image: url('https:\/\/skrivanek.cz\/wp-content\/uploads\/2023\/03\/ico-skupina-lidi.svg')\"><\/span>\n\t\t\t<span class=\"wpa9-panel-icon icon\" style=\"mask-image: url(https:\/\/skrivanek.cz\/wp-content\/uploads\/2023\/03\/ico-skupina-lidi.svg); -webkit-mask-image: url(https:\/\/skrivanek.cz\/wp-content\/uploads\/2023\/03\/ico-skupina-lidi.svg);\"><\/span>\n\t\t\n\t\t\t\t\t\t\t\t<h2 class=\"wpa9-panel-title\">Group Italian lessons<\/h2>\n\t\t\n\t\t\t\t\t\t\t<div class=\"wpa9-panel-content\"><p>In corporate education Italian is often taught in groups. <strong>Skrivanek continuously trains its lecturers<\/strong>\u00a0in this regard, so that these lecturers are able to conduct group lessons in a\u00a0lively and effective manner.<\/p>\n<p>Learning Italian in a&nbsp;reasonably small group has great advantages \u2013 for example, liveliness, the \u201cnatural learning\u201d that comes from group communication, or the sharing of knowledge among students.<\/p>\n<p><strong>In a&nbsp;group Italian course<\/strong>\u00a0there are also more opportunities to\u00a0<strong>simulate real-life situations<\/strong>, to include student\u00a0<strong>dialogues<\/strong>\u00a0or\u00a0<strong>polls<\/strong>\u00a0and other activities. The\u00a0<strong>friendly, relaxed atmosphere<\/strong>\u00a0in the group also has a\u00a0<strong>strong positive effect<\/strong>\u00a0on the retention and reinforcement of the acquired knowledge \u2013 it results from the fact that the teacher\u2019s attention is evenly distributed among all participants and does not focus on one student all the time.<\/p>\n<\/div>\n\t\t\t\t<\/div>\n\n\t\t\n\t<\/div>\n\n\t\t\n\t<div class=\"wpa9-card-l-panel wpa9-panel shadow rounded d-flex flex-column justify-content-between\">\n\n\t\t<div>\n\t\t\t\t\t\t\t<span class=\"wpa9-panel-icon icon\" style=\"display: none; background-image: url('https:\/\/skrivanek.cz\/wp-content\/uploads\/2021\/03\/ico-online-vyuka.svg')\"><\/span>\n\t\t\t<span class=\"wpa9-panel-icon icon\" style=\"mask-image: url(https:\/\/skrivanek.cz\/wp-content\/uploads\/2021\/03\/ico-online-vyuka.svg); -webkit-mask-image: url(https:\/\/skrivanek.cz\/wp-content\/uploads\/2021\/03\/ico-online-vyuka.svg);\"><\/span>\n\t\t\n\t\t\t\t\t\t\t\t<h2 class=\"wpa9-panel-title\">Online Italian lessons<\/h2>\n\t\t\n\t\t\t\t\t\t\t<div class=\"wpa9-panel-content\"><p>Various online meetings have long been part of everyday working life, and so our tutors are also equipped to\u00a0<strong>teach Italian online<\/strong>. Anyone who has ever tried it knows that\u00a0<strong>online Italian lessons<\/strong>\u00a0are just as effective as those in a\u00a0classroom or conference room.<\/p>\n<p><strong>Online lessons have undeniable advantages<\/strong>: There is no need to arrange a\u00a0special space for group online learning. Furthermore, individual students can participate in the lesson even when they are away on business.<\/p>\n<p>It is also possible to make very good use of<strong>\u00a0electronic learning materials<\/strong>. This will be useful, for example, for a\u00a0company that may not have suitable IT equipment in the classroom or conference room.<\/p>\n<p>With Skrivanek\u2019s\u00a0<strong>online Italian lessons<\/strong>, students will experience the benefits of the online sphere: they can take full advantage of the various online quizzes and other activities offered by different Italian learning websites. They can be created for one \u201cplayer\u201d (in <strong>individual online Italian lessons<\/strong>) or for several participants (in\u00a0<strong>group online Italian lessons<\/strong>).<\/p>\n<\/div>\n\t\t\t\t<\/div>\n\n\t\t\n\t<\/div>\n\n\t\t\n\t<div class=\"wpa9-card-l-panel wpa9-panel shadow rounded d-flex flex-column justify-content-between\">\n\n\t\t<div>\n\t\t\t\t\t\t\t<span class=\"wpa9-panel-icon icon\" style=\"display: none; background-image: url('https:\/\/skrivanek.cz\/wp-content\/uploads\/2021\/03\/ico-lokalita.svg')\"><\/span>\n\t\t\t<span class=\"wpa9-panel-icon icon\" style=\"mask-image: url(https:\/\/skrivanek.cz\/wp-content\/uploads\/2021\/03\/ico-lokalita.svg); -webkit-mask-image: url(https:\/\/skrivanek.cz\/wp-content\/uploads\/2021\/03\/ico-lokalita.svg);\"><\/span>\n\t\t\n\t\t\t\t\t\t\t\t<h2 class=\"wpa9-panel-title\">Face-to-face Italian lessons<\/h2>\n\t\t\n\t\t\t\t\t\t\t<div class=\"wpa9-panel-content\"><p><strong>Face-to-face corporate Italian lessons<\/strong>\u00a0have long been the gold standard. And yet this course format is still very popular. It\u2019s only logical \u2013 it has many advantages.<\/p>\n<p>The Italian lessons will take place at your company premises. The teacher comes to your company and therefore saves your company and employees precious time. The day and time of the Italian lessons are of course <strong>based on your needs<\/strong>\u00a0and the\u00a0<strong>teacher will adapt to your time requirements<\/strong>. Teaching outside working hours is not an obstacle.<\/p>\n<p><strong>In-person Italian lessons offer an unforgettable experience in the form of a&nbsp;personal meeting with the teacher<\/strong>. The supervisors of the studying employees also like this form of Italian lessons \u2013 they can be sure that the lessons are taking place, they can agree with the teacher on possible adjustments to the lesson plan and other minor changes, or they can sometimes monitor the progress of the studying employees.<\/p>\n<\/div>\n\t\t\t\t<\/div>\n\n\t\t\n\t<\/div>\n\n\t\t\n\t\n<\/div>\n<\/div><\/div><div id=\"panel-62143-0-0-1\" class=\"so-panel widget widget_wpa9-editor-ext panel-last-child\" data-index=\"1\" ><div\n\t\t\t\n\t\t\tclass=\"so-widget-wpa9-editor-ext so-widget-wpa9-editor-ext-default-c93e1481a745-62143\"\n\t\t\t\n\t\t>\n<div class=\"siteorigin-widget-tinymce textwidget\">\n\t<p>&nbsp;<\/p>\n<h3 style=\"text-align: center;\">Language levels<\/h3>\n<p style=\"text-align: center;\">We offer Italian courses at all levels<\/p>\n<div class=\"columns columns-2\" data-columns=\"2\">\n<div class=\"column column-1\" style=\"text-align: center;\">\n<p>Italian A1 \u2013\u2060 complete beginner<\/p>\n<p>Italian A2 \u2013\u2060 beginner<\/p>\n<p>Italian B1 \u2013\u2060 moderately advanced<\/p>\n<p>&nbsp;<\/p>\n<\/div>\n<div class=\"column column-2\">\n<p style=\"text-align: center;\">Italian B2 \u2013\u2060 intermediate<\/p>\n<p style=\"text-align: center;\">Italian C1 \u2013\u2060 very advanced<\/p>\n<p style=\"text-align: center;\">Italian C2 \u2013\u2060 expert<\/p>\n<\/div>\n<\/div>\n<p style=\"text-align: center;\"><span style=\"font-size: 25px;\"><a class=\"btn btn-negative\" href=\"https:\/\/skrivanek.cz\/en\/inquiry\/inquiry-company-course\/\">We want to teach our employees Italian<\/a><\/span><\/p>\n<\/div>\n<\/div><\/div><\/div><\/div><\/div><div id=\"pg-62143-1\"  class=\"panel-grid panel-has-style\"  style=\"margin-bottom: 0px\" ><div class=\"panel-row-padding-none panel-row-style panel-row-style-for-62143-1\" ><div id=\"pgc-62143-1-0\"  class=\"panel-grid-cell\" ><div id=\"panel-62143-1-0-0\" class=\"so-panel widget widget_wpa9-editor-ext panel-first-child panel-last-child\" data-index=\"2\" ><div\n\t\t\t\n\t\t\tclass=\"so-widget-wpa9-editor-ext so-widget-wpa9-editor-ext-default-c93e1481a745-62143\"\n\t\t\t\n\t\t>\n<div class=\"siteorigin-widget-tinymce textwidget\">\n\t<h3 style=\"text-align: center;\">Benefits of a&nbsp;company Italian course from Skrivanek<\/h3>\n<p>&nbsp;<\/p>\n<div class=\"columns columns-3\" data-columns=\"3\">\n<div class=\"column column-1\">\n<p><img decoding=\"async\" class=\"wp-image-61357 aligncenter\" src=\"https:\/\/skrivanek.cz\/wp-content\/uploads\/2023\/08\/ico-needle.svg\" alt=\"v\u00fduka u\u0161it\u00e1 na m\u00edru \/ tailor-made lessons\" width=\"50\" \/><\/p>\n<p style=\"text-align: center;\"><strong>Tailor-made lessons and an individual approach<\/strong><\/p>\n<\/div>\n<div class=\"column column-2\">\n<p><img alt=\"ico-terc-1\" decoding=\"async\" class=\"wp-image-61386 aligncenter\" src=\"https:\/\/skrivanek.cz\/wp-content\/uploads\/2023\/08\/ico-terc-1.svg\" alt=\"\" width=\"60\" \/><\/p>\n<p style=\"text-align: center;\"><strong>Effective and targeted Italian teaching<\/strong><\/p>\n<\/div>\n<div class=\"column column-3\">\n<p><img alt=\"ico-lidi\" decoding=\"async\" class=\"wp-image-3943 aligncenter\" src=\"https:\/\/skrivanek.cz\/wp-content\/uploads\/2021\/01\/ico-lidi.svg\" alt=\"\" width=\"50\" \/><\/p>\n<p style=\"text-align: center;\"><strong>Preparation for real-life situations<\/strong><\/p>\n<\/div>\n<\/div>\n<div class=\"columns columns-3\" data-columns=\"3\">\n<div class=\"column column-1\">\n<p><img alt=\"ico-certifikovana-spolecnost\" decoding=\"async\" class=\"wp-image-5286 aligncenter\" src=\"https:\/\/skrivanek.cz\/wp-content\/uploads\/2021\/03\/ico-certifikovana-spolecnost.svg\" alt=\"\" width=\"50\" \/><\/p>\n<p style=\"text-align: center;\"><strong>Quality and professional Italian teachers<\/strong><\/p>\n<\/div>\n<div class=\"column column-2\">\n<p><img decoding=\"async\" class=\"wp-image-61372 aligncenter\" src=\"https:\/\/skrivanek.cz\/wp-content\/uploads\/2023\/08\/ico-pece-1.svg\" alt=\"z\u00e1kaznick\u00e1 p\u00e9\u010de \/ customer service\" width=\"65\" \/><\/p>\n<p style=\"text-align: center;\"><strong>Excellent customer service<\/strong><\/p>\n<\/div>\n<div class=\"column column-3\">\n<p><img decoding=\"async\" class=\"wp-image-61378 aligncenter\" src=\"https:\/\/skrivanek.cz\/wp-content\/uploads\/2023\/08\/ico-mapa-cr-2.svg\" alt=\"\u010desk\u00e1 republika \/ czech republic\" width=\"65\" \/><\/p>\n<p style=\"text-align: center;\"><strong>Italian lessons all over the Czech Republic<\/strong><\/p>\n<\/div>\n<\/div>\n<\/div>\n<\/div><\/div><\/div><\/div><\/div><div id=\"pg-62143-2\"  class=\"panel-grid panel-has-style\"  style=\"margin-bottom: 0px\" ><div class=\"siteorigin-panels-stretch panel-row-padding-none panel-row-style panel-row-style-for-62143-2\" data-stretch-type=\"full\" ><div id=\"pgc-62143-2-0\"  class=\"panel-grid-cell\" ><div id=\"panel-62143-2-0-0\" class=\"so-panel widget widget_wpa9-editor-ext panel-first-child\" data-index=\"3\" ><div\n\t\t\t\n\t\t\tclass=\"so-widget-wpa9-editor-ext so-widget-wpa9-editor-ext-default-c93e1481a745-62143\"\n\t\t\t\n\t\t>\n<div class=\"siteorigin-widget-tinymce textwidget\">\n\t<h3 style=\"text-align: center;\">What will you and your employees gain from an Italian course?<\/h3>\n<p>&nbsp;<\/p>\n<\/div>\n<\/div><\/div><div id=\"panel-62143-2-0-1\" class=\"so-panel widget widget_wpa9-card-m-ext panel-last-child\" data-index=\"4\" ><div\n\t\t\t\n\t\t\tclass=\"so-widget-wpa9-card-m-ext so-widget-wpa9-card-m-ext-default-c93e1481a745-62143\"\n\t\t\t\n\t\t>\n\n<div class=\"wpa9-card wpa9-card-m-ext-container d-flex flex-wrap justify-content-center wpa9-columns-2\">\n\n\n\t\n\t<div class=\"wpa9-card-m-ext-panel wpa9-panel _shadow rounded d-flex flex-wrap align-items-stretch\">\n\n\t\t\t<div>\n\n\t\t\t\t\n\t\t\t\t\n\n\n\t\t\t\t\n\t\t    <div class=\"wpa9-card-header\">\n\t\t\t\t\t\t\t      <h2 class=\"wpa9-card-title text-center\">Expanding business opportunities<\/h2>\n\t\t\t\t\t\t\t    <\/div>\n\n\t\t    <div class=\"wpa9-card-main wpa9-card-content text-center\">\n\t\t      Italian is an important language in the business world, especially in the fashion, design and gastronomy sectors. Mastering the Italian language can open the door to new business opportunities and allow you to develop cooperation with Italian companies.\t\t    <\/div>\n\n\t\t\t<\/div>\n\n\t\t\t<div class=\"wpa9-card-aside meta meta-buttons align-self-end text-center\">\n\t\t\t\t\t\t<\/div>\n\n\t<\/div>\n\n\t\n\t<div class=\"wpa9-card-m-ext-panel wpa9-panel _shadow rounded d-flex flex-wrap align-items-stretch\">\n\n\t\t\t<div>\n\n\t\t\t\t\n\t\t\t\t\n\n\n\t\t\t\t\n\t\t    <div class=\"wpa9-card-header\">\n\t\t\t\t\t\t\t      <h2 class=\"wpa9-card-title text-center\">Improved communication skills<\/h2>\n\t\t\t\t\t\t\t    <\/div>\n\n\t\t    <div class=\"wpa9-card-main wpa9-card-content text-center\">\n\t\t      An Italian course will enable you to acquire the ability to communicate with Italian-speaking colleagues, clients and partners. Communication at a&nbsp;higher level will lead to more effective collaboration and building long-term professional relationships.\t\t    <\/div>\n\n\t\t\t<\/div>\n\n\t\t\t<div class=\"wpa9-card-aside meta meta-buttons align-self-end text-center\">\n\t\t\t\t\t\t<\/div>\n\n\t<\/div>\n\n\t\n\t<div class=\"wpa9-card-m-ext-panel wpa9-panel _shadow rounded d-flex flex-wrap align-items-stretch\">\n\n\t\t\t<div>\n\n\t\t\t\t\n\t\t\t\t\n\n\n\t\t\t\t\n\t\t    <div class=\"wpa9-card-header\">\n\t\t\t\t\t\t\t      <h2 class=\"wpa9-card-title text-center\">Personal growth and flexibility<\/h2>\n\t\t\t\t\t\t\t    <\/div>\n\n\t\t    <div class=\"wpa9-card-main wpa9-card-content text-center\">\n\t\t      Learning a&nbsp;new language supports the cognitive functions of the brain and develops the ability to learn new skills. Mastering Italian will strengthen your ability to adapt to new situations, which can lead to personal growth and development. Your employees will get rid of their shyness and gain more confidence when communicating.\t\t    <\/div>\n\n\t\t\t<\/div>\n\n\t\t\t<div class=\"wpa9-card-aside meta meta-buttons align-self-end text-center\">\n\t\t\t\t\t\t<\/div>\n\n\t<\/div>\n\n\t\n\t<div class=\"wpa9-card-m-ext-panel wpa9-panel _shadow rounded d-flex flex-wrap align-items-stretch\">\n\n\t\t\t<div>\n\n\t\t\t\t\n\t\t\t\t\n\n\n\t\t\t\t\n\t\t    <div class=\"wpa9-card-header\">\n\t\t\t\t\t\t\t      <h2 class=\"wpa9-card-title text-center\">Deepening cultural understanding<\/h2>\n\t\t\t\t\t\t\t    <\/div>\n\n\t\t    <div class=\"wpa9-card-main wpa9-card-content text-center\">\n\t\t      Taking an Italian course will allow you and your employees not only to learn the language, but also to better understand Italian culture and traditions. This knowledge can help you communicate more effectively with Italian partners and customers.\t\t    <\/div>\n\n\t\t\t<\/div>\n\n\t\t\t<div class=\"wpa9-card-aside meta meta-buttons align-self-end text-center\">\n\t\t\t\t\t\t<\/div>\n\n\t<\/div>\n\n\t\n\n<\/div>\n<\/div><\/div><\/div><\/div><\/div><div id=\"pg-62143-3\"  class=\"panel-grid panel-has-style\"  style=\"margin-bottom: 0px\" ><div class=\"panel-row-padding-none panel-row-style panel-row-style-for-62143-3\" ><div id=\"pgc-62143-3-0\"  class=\"panel-grid-cell\" ><div id=\"panel-62143-3-0-0\" class=\"so-panel widget widget_skrv-testimonials panel-first-child panel-last-child\" data-index=\"5\" ><div\n\t\t\t\n\t\t\tclass=\"so-widget-skrv-testimonials so-widget-skrv-testimonials-default-c93e1481a745-62143\"\n\t\t\t\n\t\t>\n\n<div class=\"skrv-testimonials\">\n\n    \n  <h3 class=\"widget-title\"><span class=\"title-wrapper\"><span class=\"title\">Clients satisfied with their Italian lessons<\/span><\/span><\/h3>\n  <div id=\"skrv-testimonial\" class=\"carousel slide\" data-bs-interval=\"4000\" data-bs-ride=\"carousel\" data-bs-touch=\"true\">\n    <div class=\"carousel-inner\">\n                <div class=\"skrv-testimonial-item carousel-item active\">\n        <div class=\"d-block\">\n                    <blockquote class=\"skrv-testimonial-text\">Super lecturer, I&nbsp;am very satisfied, he gives me a&nbsp;lot of information about the Italian language and Italy, I&nbsp;mean even beyond the scope of normal teaching.<\/blockquote>\n          <h6 class=\"skrv-testimonial-client\">M. \u0160.<\/h6>\n        <\/div>\n      <\/div>\n                <div class=\"skrv-testimonial-item carousel-item\">\n        <div class=\"d-block\">\n                    <blockquote class=\"skrv-testimonial-text\">Mrs. Jana is an excellent lecturer, thanks to which I&nbsp;look forward to every online lesson. She is always 100% prepared, kind, patient. What I&nbsp;value most is the fact that from the very beginning of the lessons, we speak only in Italian. She can make class interesting.<\/blockquote>\n          <h6 class=\"skrv-testimonial-client\">E. F.<\/h6>\n        <\/div>\n      <\/div>\n                <div class=\"skrv-testimonial-item carousel-item\">\n        <div class=\"d-block\">\n                    <blockquote class=\"skrv-testimonial-text\">I am extremely satisfied with the teaching of Italian, both with the course and with the teacher.<\/blockquote>\n          <h6 class=\"skrv-testimonial-client\">M. P.<\/h6>\n        <\/div>\n      <\/div>\n        <\/div>\n\n    <a class=\"carousel-control-prev\" href=\"#0\" data-bs-target=\"#skrv-testimonial\" role=\"button\" data-bs-slide=\"prev\">\n      <span class=\"carousel-control-prev-icon\" aria-hidden=\"true\"><\/span>\n      <span class=\"sr-only\">Previous<\/span>\n    <\/a>\n    <a class=\"carousel-control-next\" href=\"#0\" data-bs-target=\"#skrv-testimonial\" role=\"button\" data-bs-slide=\"next\">\n      <span class=\"carousel-control-next-icon\" aria-hidden=\"true\"><\/span>\n      <span class=\"sr-only\">Next<\/span>\n    <\/a>\n\n    <ol class=\"carousel-indicators hidden\">\n                <li data-bs-target=\"#skrv-testimonial\" data-bs-slide-to=\"0\" class=\"active\"><\/li>\n                <li data-bs-target=\"#skrv-testimonial\" data-bs-slide-to=\"1\" class=\"\"><\/li>\n                <li data-bs-target=\"#skrv-testimonial\" data-bs-slide-to=\"2\" class=\"\"><\/li>\n        <\/ol>\n  <\/div>\n\n<\/div>\n\n<\/div><\/div><\/div><\/div><\/div><div id=\"pg-62143-4\"  class=\"panel-grid panel-has-style\"  style=\"margin-bottom: 0px\" ><div class=\"siteorigin-panels-stretch panel-row-padding-none panel-row-style panel-row-style-for-62143-4\" data-stretch-type=\"full\" ><div id=\"pgc-62143-4-0\"  class=\"panel-grid-cell\" ><div id=\"panel-62143-4-0-0\" class=\"so-panel widget widget_wpa9-editor-ext panel-first-child panel-last-child\" data-index=\"6\" ><div\n\t\t\t\n\t\t\tclass=\"so-widget-wpa9-editor-ext so-widget-wpa9-editor-ext-default-c93e1481a745-62143\"\n\t\t\t\n\t\t>\n<div class=\"siteorigin-widget-tinymce textwidget\">\n\t<h3>Complementary forms of Italian teaching<\/h3>\n<h4>Phone Italian lessons<\/h4>\n<p>Phone lessons are ideal for those who are short on time, constantly on the move or in busy environments where it is difficult for them to concentrate fully for long periods of time. One phone \u201clesson\u201d takes only ten minutes. However, because the lesson is perfectly prepared and because the lessons take place daily, your progress will be very real and long-lasting.<\/p>\n<p><a class=\"btn\" href=\"https:\/\/skrivanek.cz\/en\/language-school\/phone-lessons\/\">More about phone lessons<\/a><\/p>\n<\/div>\n<\/div><\/div><\/div><\/div><\/div><div id=\"pg-62143-5\"  class=\"panel-grid panel-has-style\" ><div class=\"panel-row-padding-none panel-row-style panel-row-style-for-62143-5\" ><div id=\"pgc-62143-5-0\"  class=\"panel-grid-cell\" ><div id=\"panel-62143-5-0-0\" class=\"so-panel widget widget_wpa9-card-s panel-first-child panel-last-child\" data-index=\"7\" ><div\n\t\t\t\n\t\t\tclass=\"so-widget-wpa9-card-s so-widget-wpa9-card-s-default-c93e1481a745-62143\"\n\t\t\t\n\t\t><div class=\"wpa9-card wpa9-card-s wide positive\">\n\n\t<div class=\"wpa9-card-wrapper container\">\n\n\t\t<div class=\"wpa9-card-text\">\n\t\t\t<h2 class=\"wpa9-card-title\">Do you need to improve the standard of Italian in your company?<\/h2>\n\t\t\t<div class=\"wpa9-card-content\"><p style=\"text-align: center\">Maybe you or your employees are proficient in Italian, and maybe you just want to get started. Our teachers will be happy to work with you.<\/p>\n<\/div>\t\t<\/div>\n\n\t\t\t\t<div class=\"meta meta-buttons d-flex flex-row justify-content-center\">\n\t\t\t\t\t\t\t<a class=\"btn btn-negative \" href=\"https:\/\/skrivanek.cz\/en\/inquiry\/inquiry-company-course\/\" title=\"We want to improve our Italian\">We want to improve our Italian<\/a>\n\t\t\t\t<\/div>\n\t\t\n\t<\/div>\n\n<\/div>\n<\/div><\/div><\/div><\/div><\/div><\/div>","protected":false},"excerpt":{"rendered":"<p>What forms of Italian lessons for companies do we offer? Individual Italian lessons In corporate lessons it is always important to choose the right format for the Italian course, i.e., whether you want to have individual or group lessons. Individual Italian lessons\u00a0are a\u00a0particularly ideal option in certain situations, for example, when\u00a0several students with different levels [&hellip;]<\/p>\n","protected":false},"author":9,"featured_media":0,"parent":4175,"menu_order":0,"comment_status":"closed","ping_status":"closed","template":"","meta":{"_acf_changed":false,"footnotes":""},"class_list":["post-62143","page","type-page","status-publish","hentry"],"acf":[],"aioseo_notices":[],"_links":{"self":[{"href":"https:\/\/skrivanek.cz\/en\/wp-json\/wp\/v2\/pages\/62143","targetHints":{"allow":["GET"]}}],"collection":[{"href":"https:\/\/skrivanek.cz\/en\/wp-json\/wp\/v2\/pages"}],"about":[{"href":"https:\/\/skrivanek.cz\/en\/wp-json\/wp\/v2\/types\/page"}],"author":[{"embeddable":true,"href":"https:\/\/skrivanek.cz\/en\/wp-json\/wp\/v2\/users\/9"}],"replies":[{"embeddable":true,"href":"https:\/\/skrivanek.cz\/en\/wp-json\/wp\/v2\/comments?post=62143"}],"version-history":[{"count":3,"href":"https:\/\/skrivanek.cz\/en\/wp-json\/wp\/v2\/pages\/62143\/revisions"}],"predecessor-version":[{"id":76575,"href":"https:\/\/skrivanek.cz\/en\/wp-json\/wp\/v2\/pages\/62143\/revisions\/76575"}],"up":[{"embeddable":true,"href":"https:\/\/skrivanek.cz\/en\/wp-json\/wp\/v2\/pages\/4175"}],"wp:attachment":[{"href":"https:\/\/skrivanek.cz\/en\/wp-json\/wp\/v2\/media?parent=62143"}],"curies":[{"name":"wp","href":"https:\/\/api.w.org\/{rel}","templated":true}]}}