{"id":67424,"date":"2024-03-13T14:29:31","date_gmt":"2024-03-13T13:29:31","guid":{"rendered":"https:\/\/skrivanek.cz\/?page_id=67424"},"modified":"2025-06-11T14:51:59","modified_gmt":"2025-06-11T12:51:59","slug":"individual-lessons","status":"publish","type":"page","link":"https:\/\/skrivanek.cz\/en\/inquiry\/individual-lessons\/","title":{"rendered":"Inquiry: individual lessons"},"content":{"rendered":"<div id=\"pl-67424\"  class=\"panel-layout\" ><div id=\"pg-67424-0\"  class=\"panel-grid panel-no-style\" ><div id=\"pgc-67424-0-0\"  class=\"panel-grid-cell\" ><div id=\"panel-67424-0-0-0\" class=\"so-panel widget widget_wpforms-widget wpforms-widget panel-first-child panel-last-child\" data-index=\"0\" >\r\n<style type=\"text\/css\">\r\n\r\n\r\n\r\nbody #wpforms-75308 {\r\n\t\t\r\n\t\t\tfont-family:inherit;}\r\n\r\n\t\r\n\r\n\tbody #wpforms-75308 .wpforms-head-container {\r\n\t\tborder-width: 0px;}\r\n\r\n\tbody #wpforms-75308 .wpforms-head-container .wpforms-title {\r\n\t\t}\r\n\r\n\tbody #wpforms-75308 .wpforms-head-container .wpforms-description {\r\n\t\t\t\tdisplay:block;\r\n\t}\r\n\r\n\r\n\tbody #wpforms-75308 .wpforms-submit-container .wpforms-submit, body #wpforms-75308 .wpforms-field-pagebreak button.wpforms-page-button {\r\n\t\tcolor:#ffffff ;background-color:#ff643b ;border-width:0px ;border-style:solid ;border-radius:10px ;-web-border-radius:10px ;-moz-border-radius:10px ;\t\t\t}\r\n\r\n\tbody #wpforms-75308 .wpforms-submit-container .wpforms-submit:hover, body #wpforms-75308 .wpforms-field-pagebreak button.wpforms-page-button:hover {\r\n\tbackground-color:;\tcolor:;\t}\r\n\r\n\tbody #wpforms-75308 .wpforms-submit-container,\r\n\tbody #wpforms-75308 .wpforms-field-pagebreak .wpforms-pagebreak-left{\r\n\t\t}\r\n\r\n\r\n\tbody #wpforms-75308 .wpforms-form .wpforms-field input[type=text],\r\n\tbody #wpforms-75308 .wpforms-form .wpforms-field input[type=email],\r\n\tbody #wpforms-75308 .wpforms-form .wpforms-field input[type=tel],\r\n\tbody #wpforms-75308 .wpforms-form .wpforms-field input[type=url],\r\n\tbody #wpforms-75308 .wpforms-form .wpforms-field input[type=password],\r\n\tbody #wpforms-75308 .wpforms-form .wpforms-field input[type=number]\r\n\t{\r\n\t\tborder-width:1px ;border-style:solid ;\t\t\t}\r\n\r\n\tbody #wpforms-75308 .wpforms-form .wpforms-field .wpforms-field-row\r\n\t{\r\n\t\t\t}\r\n\r\n\tbody #wpforms-75308 .wpforms-form .wpforms-field-layout.wpforms-field input[type=text],\r\n\tbody #wpforms-75308 .wpforms-form .wpforms-field-layout.wpforms-field input[type=email],\r\n\tbody #wpforms-75308 .wpforms-form .wpforms-field-layout.wpforms-field input[type=tel],\r\n\tbody #wpforms-75308 .wpforms-form .wpforms-field-layout.wpforms-field input[type=url],\r\n\tbody #wpforms-75308 .wpforms-form .wpforms-field-layout.wpforms-field input[type=password],\r\n\tbody #wpforms-75308 .wpforms-form .wpforms-field-layout.wpforms-field input[type=number]{\r\n\t\twidth: 100%;\r\n\t}\r\n\r\n\tbody #wpforms-75308 .wpforms-form .wpforms-field .wpforms-field-row input[type=text]{\r\n\t\twidth: 100%;\r\n\t}\r\n\r\n\r\n\r\n\t#wpforms-75308 .wpforms-form .wpforms-field-layout-rows,\r\n\t#wpforms-75308 .wpforms-form .wpforms-field-layout-columns{\r\n\t\t\t}\r\n\r\n\r\n\r\n\tbody #wpforms-75308 .wpforms-form .wpforms-field textarea {\r\n\t\t\t\t\tborder-width: 1px;\t}\r\n\r\n \r\n\r\n\tbody #wpforms-75308 .wpforms-form .wpforms-field select {\r\n\r\n\t\t\r\n\t\tborder-width: 1px;\t}\r\n\r\n\t\/* dropdown styles on modern background *\/\r\n\tbody #wpforms-75308 .wpforms-form .wpforms-field-select-style-modern .choices__inner{\r\n\t\t\t\t\r\n\t}\r\n\r\n\t\/* background color on modern dropdown *\/\r\n\t\r\n \r\n\tbody #wpforms-75308 .wpforms-form .wpforms-field-radio li label,\r\n\tbody #wpforms-75308 .wpforms-form .wpforms-field-payment-multiple li label {\r\n\t\t\t}\r\n \r\n\tbody #wpforms-75308 .wpforms-form .wpforms-field-checkbox li label {\r\n\t\t\t}\r\n \r\n\tbody #wpforms-75308 .wpforms-form .wpforms-field .wpforms-field-description {\r\n\r\n\t\t\t}\r\n\r\n \r\n\tbody #wpforms-75308 .wpforms-form .wpforms-field label.wpforms-field-label,\r\n\tbody #wpforms-75308 .wpforms-form .wpforms-field .wpforms-field-label {\r\n\t\tfont-weight: bold;\t}\r\n\r\n\r\n \r\n\tbody #wpforms-confirmation-75308  {\r\n\r\n\tbackground-color:#ffffff ;\t\t\tborder-width: 1px;\t}\r\n\r\n\tbody #wpforms-confirmation-75308 p{\r\n\t\ttext-transform: uppercase;\r\n\t\ttext-decoration: underline;\r\n\t\tcolor: inherit;\r\n\t}\r\n\r\n \r\n\tbody #wpforms-75308 label.wpforms-error,\r\n\tbody #wpforms-75308 .wpforms-error[role=\"alert\"] {\r\n\t\t\r\n\t\t\t\tborder-width: 1px;\t}\r\n\/* Styling for Tablets *\/\r\n@media only screen and (max-width: 800px) and (min-width:481px) {\r\n\t\r\n\r\n\r\n\r\n}\r\n\r\n@media only screen and (max-width: 480px){\r\n\t\r\n\r\n\r\n\r\n}\r\n\/*Option to add custom CSS *\/\r\n\r\n\r\n\r\n\t\t<\/style>\r\n\t\t<div class=\"wpforms-container wpforms-container-full wpforms-render-modern\" id=\"wpforms-75308\"><form id=\"wpforms-form-75308\" class=\"wpforms-validate wpforms-form wpforms-ajax-form\" data-formid=\"75308\" method=\"post\" enctype=\"multipart\/form-data\" action=\"\/en\/wp-json\/wp\/v2\/pages\/67424\" data-token=\"1efd7d569ac1613032c36ad80385c6e6\" data-token-time=\"1777144764\"><noscript class=\"wpforms-error-noscript\">Please enable JavaScript in your browser to complete this form.<\/noscript><div id=\"wpforms-error-noscript\" style=\"display: none;\">Please enable JavaScript in your browser to complete this form.<\/div><div class=\"wpforms-field-container\"><div id=\"wpforms-75308-field_15-container\" class=\"wpforms-field wpforms-field-layout\" data-field-id=\"15\"><div class=\"wpforms-field-layout-rows wpforms-field-large\"><div class=\"wpforms-layout-row\"><div class=\"wpforms-layout-column wpforms-layout-column-50\"><div id=\"wpforms-75308-field_26-container\" class=\"wpforms-field wpforms-field-radio wpforms-list-3-columns\" data-field-id=\"26\"><fieldset><legend class=\"wpforms-field-label\">What language will we teach?<\/legend><ul id=\"wpforms-75308-field_26\"><li class=\"choice-1 depth-1\"><input type=\"radio\" id=\"wpforms-75308-field_26_1\" name=\"wpforms[fields][26]\" value=\"English\" aria-errormessage=\"wpforms-75308-field_26_1-error\"  ><label class=\"wpforms-field-label-inline\" for=\"wpforms-75308-field_26_1\">English<\/label><\/li><li class=\"choice-2 depth-1\"><input type=\"radio\" id=\"wpforms-75308-field_26_2\" name=\"wpforms[fields][26]\" value=\"German\" aria-errormessage=\"wpforms-75308-field_26_2-error\"  ><label class=\"wpforms-field-label-inline\" for=\"wpforms-75308-field_26_2\">German<\/label><\/li><li class=\"choice-3 depth-1\"><input type=\"radio\" id=\"wpforms-75308-field_26_3\" name=\"wpforms[fields][26]\" value=\"French\" aria-errormessage=\"wpforms-75308-field_26_3-error\"  ><label class=\"wpforms-field-label-inline\" for=\"wpforms-75308-field_26_3\">French<\/label><\/li><li class=\"choice-4 depth-1\"><input type=\"radio\" id=\"wpforms-75308-field_26_4\" name=\"wpforms[fields][26]\" value=\"Italian\" aria-errormessage=\"wpforms-75308-field_26_4-error\"  ><label class=\"wpforms-field-label-inline\" for=\"wpforms-75308-field_26_4\">Italian<\/label><\/li><li class=\"choice-5 depth-1\"><input type=\"radio\" id=\"wpforms-75308-field_26_5\" name=\"wpforms[fields][26]\" value=\"Russian\" aria-errormessage=\"wpforms-75308-field_26_5-error\"  ><label class=\"wpforms-field-label-inline\" for=\"wpforms-75308-field_26_5\">Russian<\/label><\/li><li class=\"choice-6 depth-1\"><input type=\"radio\" id=\"wpforms-75308-field_26_6\" name=\"wpforms[fields][26]\" value=\"Spanish\" aria-errormessage=\"wpforms-75308-field_26_6-error\"  ><label class=\"wpforms-field-label-inline\" for=\"wpforms-75308-field_26_6\">Spanish<\/label><\/li><li class=\"choice-7 depth-1\"><input type=\"radio\" id=\"wpforms-75308-field_26_7\" name=\"wpforms[fields][26]\" value=\"Czech for foreigners\" aria-errormessage=\"wpforms-75308-field_26_7-error\"  ><label class=\"wpforms-field-label-inline\" for=\"wpforms-75308-field_26_7\">Czech for foreigners<\/label><\/li><li class=\"choice-8 depth-1\"><input type=\"radio\" id=\"wpforms-75308-field_26_8\" name=\"wpforms[fields][26]\" value=\"other\" aria-errormessage=\"wpforms-75308-field_26_8-error\"  ><label class=\"wpforms-field-label-inline\" for=\"wpforms-75308-field_26_8\">other<\/label><\/li><\/ul><\/fieldset><\/div><\/div><div class=\"wpforms-layout-column wpforms-layout-column-50\"><div id=\"wpforms-75308-field_27-container\" class=\"wpforms-field wpforms-field-radio wpforms-list-3-columns\" data-field-id=\"27\"><fieldset><legend class=\"wpforms-field-label\">What is your language proficiency level?<\/legend><ul id=\"wpforms-75308-field_27\"><li class=\"choice-1 depth-1\"><input type=\"radio\" id=\"wpforms-75308-field_27_1\" name=\"wpforms[fields][27]\" value=\"A1 complete beginner\" aria-errormessage=\"wpforms-75308-field_27_1-error\"  ><label class=\"wpforms-field-label-inline\" for=\"wpforms-75308-field_27_1\">A1 complete beginner<\/label><\/li><li class=\"choice-2 depth-1\"><input type=\"radio\" id=\"wpforms-75308-field_27_2\" name=\"wpforms[fields][27]\" value=\"A2 beginner\" aria-errormessage=\"wpforms-75308-field_27_2-error\"  ><label class=\"wpforms-field-label-inline\" for=\"wpforms-75308-field_27_2\">A2 beginner<\/label><\/li><li class=\"choice-3 depth-1\"><input type=\"radio\" id=\"wpforms-75308-field_27_3\" name=\"wpforms[fields][27]\" value=\"B1 intermediate\" aria-errormessage=\"wpforms-75308-field_27_3-error\"  ><label class=\"wpforms-field-label-inline\" for=\"wpforms-75308-field_27_3\">B1 intermediate<\/label><\/li><li class=\"choice-4 depth-1\"><input type=\"radio\" id=\"wpforms-75308-field_27_4\" name=\"wpforms[fields][27]\" value=\"B2 advanced\" aria-errormessage=\"wpforms-75308-field_27_4-error\"  ><label class=\"wpforms-field-label-inline\" for=\"wpforms-75308-field_27_4\">B2 advanced<\/label><\/li><li class=\"choice-5 depth-1\"><input type=\"radio\" id=\"wpforms-75308-field_27_5\" name=\"wpforms[fields][27]\" value=\"C1 proficient\" aria-errormessage=\"wpforms-75308-field_27_5-error\"  ><label class=\"wpforms-field-label-inline\" for=\"wpforms-75308-field_27_5\">C1 proficient<\/label><\/li><li class=\"choice-6 depth-1\"><input type=\"radio\" id=\"wpforms-75308-field_27_6\" name=\"wpforms[fields][27]\" value=\"C2 expert\" aria-errormessage=\"wpforms-75308-field_27_6-error\"  ><label class=\"wpforms-field-label-inline\" for=\"wpforms-75308-field_27_6\">C2 expert<\/label><\/li><li class=\"choice-7 depth-1\"><input type=\"radio\" id=\"wpforms-75308-field_27_7\" name=\"wpforms[fields][27]\" value=\"I don&#039;t know.\" aria-errormessage=\"wpforms-75308-field_27_7-error\"  ><label class=\"wpforms-field-label-inline\" for=\"wpforms-75308-field_27_7\">I don't know.<\/label><\/li><\/ul><\/fieldset><\/div><\/div><\/div><div class=\"wpforms-layout-row\"><div class=\"wpforms-layout-column wpforms-layout-column-50\"><div id=\"wpforms-75308-field_28-container\" class=\"wpforms-field wpforms-field-radio wpforms-list-inline\" data-field-id=\"28\"><fieldset><legend class=\"wpforms-field-label\">What type of course are you interested in?<\/legend><ul id=\"wpforms-75308-field_28\"><li class=\"choice-1 depth-1\"><input type=\"radio\" id=\"wpforms-75308-field_28_1\" name=\"wpforms[fields][28]\" value=\"online\" aria-errormessage=\"wpforms-75308-field_28_1-error\"  ><label class=\"wpforms-field-label-inline\" for=\"wpforms-75308-field_28_1\">online<\/label><\/li><li class=\"choice-2 depth-1\"><input type=\"radio\" id=\"wpforms-75308-field_28_2\" name=\"wpforms[fields][28]\" value=\"At your Skrivanek branch\" aria-errormessage=\"wpforms-75308-field_28_2-error\"  ><label class=\"wpforms-field-label-inline\" for=\"wpforms-75308-field_28_2\">At your Skrivanek branch<\/label><\/li><li class=\"choice-3 depth-1\"><input type=\"radio\" id=\"wpforms-75308-field_28_3\" name=\"wpforms[fields][28]\" value=\"other\" aria-errormessage=\"wpforms-75308-field_28_3-error\"  ><label class=\"wpforms-field-label-inline\" for=\"wpforms-75308-field_28_3\">other<\/label><\/li><\/ul><\/fieldset><\/div><\/div><div class=\"wpforms-layout-column wpforms-layout-column-50\"><div id=\"wpforms-75308-field_29-container\" class=\"wpforms-field wpforms-field-radio wpforms-list-inline\" data-field-id=\"29\"><fieldset><legend class=\"wpforms-field-label\">Teacher preference<\/legend><ul id=\"wpforms-75308-field_29\"><li class=\"choice-1 depth-1\"><input type=\"radio\" id=\"wpforms-75308-field_29_1\" name=\"wpforms[fields][29]\" value=\"Czech teacher\" aria-errormessage=\"wpforms-75308-field_29_1-error\"  ><label class=\"wpforms-field-label-inline\" for=\"wpforms-75308-field_29_1\">Czech teacher<\/label><\/li><li class=\"choice-2 depth-1\"><input type=\"radio\" id=\"wpforms-75308-field_29_2\" name=\"wpforms[fields][29]\" value=\"Native speaker\" aria-errormessage=\"wpforms-75308-field_29_2-error\"  ><label class=\"wpforms-field-label-inline\" for=\"wpforms-75308-field_29_2\">Native speaker<\/label><\/li><li class=\"choice-3 depth-1\"><input type=\"radio\" id=\"wpforms-75308-field_29_3\" name=\"wpforms[fields][29]\" value=\"I don&#039;t know \/ No preference\" aria-errormessage=\"wpforms-75308-field_29_3-error\"  ><label class=\"wpforms-field-label-inline\" for=\"wpforms-75308-field_29_3\">I don't know \/ No preference<\/label><\/li><\/ul><\/fieldset><\/div><\/div><\/div><div class=\"wpforms-layout-row\"><div class=\"wpforms-layout-column wpforms-layout-column-50\"><div id=\"wpforms-75308-field_30-container\" class=\"wpforms-field wpforms-field-radio wpforms-list-3-columns\" data-field-id=\"30\"><fieldset><legend class=\"wpforms-field-label\">Choose an individual course package<\/legend><ul id=\"wpforms-75308-field_30\"><li class=\"choice-2 depth-1\"><input type=\"radio\" id=\"wpforms-75308-field_30_2\" name=\"wpforms[fields][30]\" value=\"10\u00d7 60 min\" aria-errormessage=\"wpforms-75308-field_30_2-error\"  ><label class=\"wpforms-field-label-inline\" for=\"wpforms-75308-field_30_2\">10\u00d7 60 min<\/label><\/li><li class=\"choice-3 depth-1\"><input type=\"radio\" id=\"wpforms-75308-field_30_3\" name=\"wpforms[fields][30]\" value=\"15\u00d7 60 min\" aria-errormessage=\"wpforms-75308-field_30_3-error\"  ><label class=\"wpforms-field-label-inline\" for=\"wpforms-75308-field_30_3\">15\u00d7 60 min<\/label><\/li><li class=\"choice-4 depth-1\"><input type=\"radio\" id=\"wpforms-75308-field_30_4\" name=\"wpforms[fields][30]\" value=\"20\u00d7 60 min\" aria-errormessage=\"wpforms-75308-field_30_4-error\"  ><label class=\"wpforms-field-label-inline\" for=\"wpforms-75308-field_30_4\">20\u00d7 60 min<\/label><\/li><li class=\"choice-6 depth-1\"><input type=\"radio\" id=\"wpforms-75308-field_30_6\" name=\"wpforms[fields][30]\" value=\"10\u00d7 90 min\" aria-errormessage=\"wpforms-75308-field_30_6-error\"  ><label class=\"wpforms-field-label-inline\" for=\"wpforms-75308-field_30_6\">10\u00d7 90 min<\/label><\/li><li class=\"choice-7 depth-1\"><input type=\"radio\" id=\"wpforms-75308-field_30_7\" name=\"wpforms[fields][30]\" value=\"15\u00d7 90 min\" aria-errormessage=\"wpforms-75308-field_30_7-error\"  ><label class=\"wpforms-field-label-inline\" for=\"wpforms-75308-field_30_7\">15\u00d7 90 min<\/label><\/li><li class=\"choice-8 depth-1\"><input type=\"radio\" id=\"wpforms-75308-field_30_8\" name=\"wpforms[fields][30]\" value=\"20\u00d7 90 min\" aria-errormessage=\"wpforms-75308-field_30_8-error\"  ><label class=\"wpforms-field-label-inline\" for=\"wpforms-75308-field_30_8\">20\u00d7 90 min<\/label><\/li><\/ul><\/fieldset><\/div><\/div><div class=\"wpforms-layout-column wpforms-layout-column-50\"><div id=\"wpforms-75308-field_7-container\" class=\"wpforms-field wpforms-field-textarea\" data-field-id=\"7\"><label class=\"wpforms-field-label\" for=\"wpforms-75308-field_7\">Would you like to add any information?<\/label><textarea id=\"wpforms-75308-field_7\" class=\"wpforms-field-medium\" name=\"wpforms[fields][7]\" aria-errormessage=\"wpforms-75308-field_7-error\" aria-describedby=\"wpforms-75308-field_7-description\" ><\/textarea><div id=\"wpforms-75308-field_7-description\" class=\"wpforms-field-description\">How can we help you? Let us know what you're currently dealing with. Do you have a&nbsp;question for us? We're here for you.<\/div><\/div><\/div><\/div><div class=\"wpforms-layout-row\"><div class=\"wpforms-layout-column wpforms-layout-column-50\"><div id=\"wpforms-75308-field_31-container\" class=\"wpforms-field wpforms-field-name\" data-field-id=\"31\"><label class=\"wpforms-field-label\" for=\"wpforms-75308-field_31\">Your name <span class=\"wpforms-required-label\" aria-hidden=\"true\">*<\/span><\/label><input type=\"text\" id=\"wpforms-75308-field_31\" class=\"wpforms-field-medium wpforms-field-required\" name=\"wpforms[fields][31]\" aria-errormessage=\"wpforms-75308-field_31-error\" required><\/div><\/div><div class=\"wpforms-layout-column wpforms-layout-column-50\"><div id=\"wpforms-75308-field_32-container\" class=\"wpforms-field wpforms-field-name\" data-field-id=\"32\"><label class=\"wpforms-field-label\" for=\"wpforms-75308-field_32\">Your surname <span class=\"wpforms-required-label\" aria-hidden=\"true\">*<\/span><\/label><input type=\"text\" id=\"wpforms-75308-field_32\" class=\"wpforms-field-medium wpforms-field-required\" name=\"wpforms[fields][32]\" aria-errormessage=\"wpforms-75308-field_32-error\" required><\/div><\/div><\/div><div class=\"wpforms-layout-row\"><div class=\"wpforms-layout-column wpforms-layout-column-50\"><div id=\"wpforms-75308-field_2-container\" class=\"wpforms-field wpforms-field-email\" data-field-id=\"2\"><label class=\"wpforms-field-label\" for=\"wpforms-75308-field_2\">E-mail <span class=\"wpforms-required-label\" aria-hidden=\"true\">*<\/span><\/label><input type=\"email\" id=\"wpforms-75308-field_2\" class=\"wpforms-field-medium wpforms-field-required\" name=\"wpforms[fields][2]\" spellcheck=\"false\" aria-errormessage=\"wpforms-75308-field_2-error\" required><\/div><\/div><div class=\"wpforms-layout-column wpforms-layout-column-50\"><div id=\"wpforms-75308-field_3-container\" class=\"wpforms-field wpforms-field-phone\" data-field-id=\"3\"><label class=\"wpforms-field-label\" for=\"wpforms-75308-field_3\">Phone<\/label><input type=\"tel\" id=\"wpforms-75308-field_3\" class=\"wpforms-field-medium wpforms-smart-phone-field\" data-rule-smart-phone-field=\"true\" name=\"wpforms[fields][3]\" aria-label=\"Phone\" aria-errormessage=\"wpforms-75308-field_3-error\" ><\/div><\/div><\/div><div class=\"wpforms-layout-row\"><div class=\"wpforms-layout-column wpforms-layout-column-50\"><div id=\"wpforms-75308-field_33-container\" class=\"wpforms-field wpforms-field-text\" data-field-id=\"33\"><label class=\"wpforms-field-label\" for=\"wpforms-75308-field_33\">Your address<\/label><input type=\"text\" id=\"wpforms-75308-field_33\" class=\"wpforms-field-medium\" name=\"wpforms[fields][33]\" aria-errormessage=\"wpforms-75308-field_33-error\" ><\/div><\/div><div class=\"wpforms-layout-column wpforms-layout-column-50\"><div id=\"wpforms-75308-field_14-container\" class=\"wpforms-field wpforms-field-text\" data-field-id=\"14\"><label class=\"wpforms-field-label\" for=\"wpforms-75308-field_14\">Postal code <span class=\"wpforms-required-label\" aria-hidden=\"true\">*<\/span><\/label><input type=\"text\" id=\"wpforms-75308-field_14\" class=\"wpforms-field-medium wpforms-field-required\" name=\"wpforms[fields][14]\" aria-errormessage=\"wpforms-75308-field_14-error\" required><\/div><\/div><\/div><\/div><\/div><div id=\"wpforms-75308-field_16-container\" class=\"wpforms-field wpforms-field-html\" data-field-id=\"16\"><div id=\"wpforms-75308-field_16\" aria-errormessage=\"wpforms-75308-field_16-error\"><font size=\"2\">By submitting the inquiry, you agree to <a href=\"https:\/\/skrivanek.cz\/en\/processing-protection-personal-data\/\" title=\"Z\u00e1sady zpracov\u00e1n\u00ed osobn\u00edch \u00fadaj\u016f\" target=\"_blank\">the personal data processing policy<\/a>.<\/font><\/div><\/div><div id=\"wpforms-75308-field_34-container\" class=\"wpforms-field wpforms-field-hidden\" data-field-id=\"34\"><input type=\"hidden\" id=\"wpforms-75308-field_34\" name=\"wpforms[fields][34]\" value=\"[channel]\"><\/div><div id=\"wpforms-75308-field_35-container\" class=\"wpforms-field wpforms-field-hidden\" data-field-id=\"35\"><input type=\"hidden\" id=\"wpforms-75308-field_35\" name=\"wpforms[fields][35]\" value=\"[channeldrilldown1]\"><\/div><div id=\"wpforms-75308-field_36-container\" class=\"wpforms-field wpforms-field-hidden\" data-field-id=\"36\"><input type=\"hidden\" id=\"wpforms-75308-field_36\" name=\"wpforms[fields][36]\" value=\"[channeldrilldown2]\"><\/div>\t\t<div id=\"wpforms-75308-field_1-container\"\n\t\t\tclass=\"wpforms-field wpforms-field-text\"\n\t\t\tdata-field-type=\"text\"\n\t\t\tdata-field-id=\"1\"\n\t\t\t>\n\t\t\t<label class=\"wpforms-field-label\" for=\"wpforms-75308-field_1\" >Phone Drilldown E-mail<\/label>\n\t\t\t<input type=\"text\" id=\"wpforms-75308-field_1\" class=\"wpforms-field-medium\" name=\"wpforms[fields][1]\" >\n\t\t<\/div>\n\t\t<div id=\"wpforms-75308-field_37-container\" class=\"wpforms-field wpforms-field-hidden\" data-field-id=\"37\"><input type=\"hidden\" id=\"wpforms-75308-field_37\" name=\"wpforms[fields][37]\" value=\"[channeldrilldown3]\"><\/div><div id=\"wpforms-75308-field_39-container\" class=\"wpforms-field wpforms-field-hidden\" data-field-id=\"39\"><input type=\"hidden\" id=\"wpforms-75308-field_39\" name=\"wpforms[fields][39]\" value=\"[landingpage]\"><\/div><div id=\"wpforms-75308-field_38-container\" class=\"wpforms-field wpforms-field-hidden\" data-field-id=\"38\"><input type=\"hidden\" id=\"wpforms-75308-field_38\" name=\"wpforms[fields][38]\" value=\"[landingpagegroup]\"><\/div><script>\n\t\t\t\t( function() {\n\t\t\t\t\tconst style = document.createElement( 'style' );\n\t\t\t\t\tstyle.appendChild( document.createTextNode( '#wpforms-75308-field_1-container { position: absolute !important; overflow: hidden !important; display: inline !important; height: 1px !important; width: 1px !important; z-index: -1000 !important; padding: 0 !important; } #wpforms-75308-field_1-container input { visibility: hidden; } #wpforms-conversational-form-page #wpforms-75308-field_1-container label { counter-increment: none; }' ) );\n\t\t\t\t\tdocument.head.appendChild( style );\n\t\t\t\t\tdocument.currentScript?.remove();\n\t\t\t\t} )();\n\t\t\t<\/script><\/div><!-- .wpforms-field-container --><div class=\"wpforms-recaptcha-container wpforms-is-recaptcha wpforms-is-recaptcha-type-v3\" ><input type=\"hidden\" name=\"wpforms[recaptcha]\" value=\"\"><\/div><div class=\"wpforms-submit-container\" ><input type=\"hidden\" name=\"wpforms[id]\" value=\"75308\"><input type=\"hidden\" name=\"page_title\" value=\"\"><input type=\"hidden\" name=\"page_url\" value=\"https:\/\/skrivanek.cz\/en\/wp-json\/wp\/v2\/pages\/67424\"><input type=\"hidden\" name=\"url_referer\" value=\"\"><button type=\"submit\" name=\"wpforms[submit]\" id=\"wpforms-submit-75308\" class=\"wpforms-submit\" data-alt-text=\"Sending...\" data-submit-text=\"Submit\" aria-live=\"assertive\" value=\"wpforms-submit\">Submit<\/button><img loading=\"lazy\" decoding=\"async\" src=\"https:\/\/skrivanek.cz\/wp-content\/plugins\/wpforms\/assets\/images\/submit-spin.svg\" class=\"wpforms-submit-spinner\" style=\"display: none;\" width=\"26\" height=\"26\" alt=\"Loading\"><\/div><\/form><\/div>  <!-- .wpforms-container --><\/div><\/div><\/div><\/div>","protected":false},"excerpt":{"rendered":"<p>Please enable JavaScript in your browser to complete this form.Please enable JavaScript in your browser to complete this form. course language course What language will we teach?EnglishGermanFrenchItalianRussianSpanishCzech for foreignersotherWhat is your language proficiency level?A1 complete beginnerA2 beginnerB1 intermediateB2 advancedC1 proficientC2 expertI don&#8217;t know.What type of course are you interested in?onlineAt your Skrivanek branchotherTeacher preferenceCzech teacherNative [&hellip;]<\/p>\n","protected":false},"author":9,"featured_media":0,"parent":76177,"menu_order":0,"comment_status":"closed","ping_status":"closed","template":"","meta":{"_acf_changed":false,"footnotes":""},"class_list":["post-67424","page","type-page","status-publish","hentry"],"acf":[],"aioseo_notices":[],"_links":{"self":[{"href":"https:\/\/skrivanek.cz\/en\/wp-json\/wp\/v2\/pages\/67424","targetHints":{"allow":["GET"]}}],"collection":[{"href":"https:\/\/skrivanek.cz\/en\/wp-json\/wp\/v2\/pages"}],"about":[{"href":"https:\/\/skrivanek.cz\/en\/wp-json\/wp\/v2\/types\/page"}],"author":[{"embeddable":true,"href":"https:\/\/skrivanek.cz\/en\/wp-json\/wp\/v2\/users\/9"}],"replies":[{"embeddable":true,"href":"https:\/\/skrivanek.cz\/en\/wp-json\/wp\/v2\/comments?post=67424"}],"version-history":[{"count":2,"href":"https:\/\/skrivanek.cz\/en\/wp-json\/wp\/v2\/pages\/67424\/revisions"}],"predecessor-version":[{"id":76565,"href":"https:\/\/skrivanek.cz\/en\/wp-json\/wp\/v2\/pages\/67424\/revisions\/76565"}],"up":[{"embeddable":true,"href":"https:\/\/skrivanek.cz\/en\/wp-json\/wp\/v2\/pages\/76177"}],"wp:attachment":[{"href":"https:\/\/skrivanek.cz\/en\/wp-json\/wp\/v2\/media?parent=67424"}],"curies":[{"name":"wp","href":"https:\/\/api.w.org\/{rel}","templated":true}]}}