{"id":73311,"date":"2024-12-09T16:23:02","date_gmt":"2024-12-09T15:23:02","guid":{"rendered":"https:\/\/skrivanek.cz\/?page_id=73311"},"modified":"2026-04-22T15:45:56","modified_gmt":"2026-04-22T13:45:56","slug":"send-us-your-cv","status":"publish","type":"page","link":"https:\/\/skrivanek.cz\/en\/send-us-your-cv\/","title":{"rendered":"Send us your CV!"},"content":{"rendered":"<div id=\"pl-73311\"  class=\"panel-layout\" ><div id=\"pg-73311-0\"  class=\"panel-grid panel-no-style\" ><div id=\"pgc-73311-0-0\"  class=\"panel-grid-cell\" ><div id=\"panel-73311-0-0-0\" class=\"so-panel widget widget_wpforms-widget wpforms-widget panel-first-child panel-last-child\" data-index=\"0\" >\r\n<style type=\"text\/css\">\r\n\r\n\r\n\r\nbody #wpforms-75475 {\r\n\t\t\r\n\t\t\tfont-family:inherit;}\r\n\r\n\t\r\n\r\n\tbody #wpforms-75475 .wpforms-head-container {\r\n\t\tborder-width: 0px;}\r\n\r\n\tbody #wpforms-75475 .wpforms-head-container .wpforms-title {\r\n\t\t}\r\n\r\n\tbody #wpforms-75475 .wpforms-head-container .wpforms-description {\r\n\t\t\t\tdisplay:block;\r\n\t}\r\n\r\n\r\n\tbody #wpforms-75475 .wpforms-submit-container .wpforms-submit, body #wpforms-75475 .wpforms-field-pagebreak button.wpforms-page-button {\r\n\t\tcolor:#ffffff ;background-color:#ff643b ;border-width:0px ;border-style:solid ;border-radius:10px ;-web-border-radius:10px ;-moz-border-radius:10px ;\t\t\t}\r\n\r\n\tbody #wpforms-75475 .wpforms-submit-container .wpforms-submit:hover, body #wpforms-75475 .wpforms-field-pagebreak button.wpforms-page-button:hover {\r\n\tbackground-color:;\tcolor:;\t}\r\n\r\n\tbody #wpforms-75475 .wpforms-submit-container,\r\n\tbody #wpforms-75475 .wpforms-field-pagebreak .wpforms-pagebreak-left{\r\n\t\t}\r\n\r\n\r\n\tbody #wpforms-75475 .wpforms-form .wpforms-field input[type=text],\r\n\tbody #wpforms-75475 .wpforms-form .wpforms-field input[type=email],\r\n\tbody #wpforms-75475 .wpforms-form .wpforms-field input[type=tel],\r\n\tbody #wpforms-75475 .wpforms-form .wpforms-field input[type=url],\r\n\tbody #wpforms-75475 .wpforms-form .wpforms-field input[type=password],\r\n\tbody #wpforms-75475 .wpforms-form .wpforms-field input[type=number]\r\n\t{\r\n\t\tborder-width:1px ;border-style:solid ;\t\t\t}\r\n\r\n\tbody #wpforms-75475 .wpforms-form .wpforms-field .wpforms-field-row\r\n\t{\r\n\t\t\t}\r\n\r\n\tbody #wpforms-75475 .wpforms-form .wpforms-field-layout.wpforms-field input[type=text],\r\n\tbody #wpforms-75475 .wpforms-form .wpforms-field-layout.wpforms-field input[type=email],\r\n\tbody #wpforms-75475 .wpforms-form .wpforms-field-layout.wpforms-field input[type=tel],\r\n\tbody #wpforms-75475 .wpforms-form .wpforms-field-layout.wpforms-field input[type=url],\r\n\tbody #wpforms-75475 .wpforms-form .wpforms-field-layout.wpforms-field input[type=password],\r\n\tbody #wpforms-75475 .wpforms-form .wpforms-field-layout.wpforms-field input[type=number]{\r\n\t\twidth: 100%;\r\n\t}\r\n\r\n\tbody #wpforms-75475 .wpforms-form .wpforms-field .wpforms-field-row input[type=text]{\r\n\t\twidth: 100%;\r\n\t}\r\n\r\n\r\n\r\n\t#wpforms-75475 .wpforms-form .wpforms-field-layout-rows,\r\n\t#wpforms-75475 .wpforms-form .wpforms-field-layout-columns{\r\n\t\t\t}\r\n\r\n\r\n\r\n\tbody #wpforms-75475 .wpforms-form .wpforms-field textarea {\r\n\t\t\t\t\tborder-width: 1px;\t}\r\n\r\n \r\n\r\n\tbody #wpforms-75475 .wpforms-form .wpforms-field select {\r\n\r\n\t\t\r\n\t\tborder-width: 1px;\t}\r\n\r\n\t\/* dropdown styles on modern background *\/\r\n\tbody #wpforms-75475 .wpforms-form .wpforms-field-select-style-modern .choices__inner{\r\n\t\t\t\t\r\n\t}\r\n\r\n\t\/* background color on modern dropdown *\/\r\n\t\r\n \r\n\tbody #wpforms-75475 .wpforms-form .wpforms-field-radio li label,\r\n\tbody #wpforms-75475 .wpforms-form .wpforms-field-payment-multiple li label {\r\n\t\t\t}\r\n \r\n\tbody #wpforms-75475 .wpforms-form .wpforms-field-checkbox li label {\r\n\t\t\t}\r\n \r\n\tbody #wpforms-75475 .wpforms-form .wpforms-field .wpforms-field-description {\r\n\r\n\t\t\t}\r\n\r\n \r\n\tbody #wpforms-75475 .wpforms-form .wpforms-field label.wpforms-field-label,\r\n\tbody #wpforms-75475 .wpforms-form .wpforms-field .wpforms-field-label {\r\n\t\tfont-weight: bold;\t}\r\n\r\n\r\n \r\n\tbody #wpforms-confirmation-75475  {\r\n\r\n\tbackground-color:#ffffff ;border-color:#ffffff ;\t\t\tborder-width: 1px;\t}\r\n\r\n\tbody #wpforms-confirmation-75475 p{\r\n\t\ttext-transform: uppercase;\r\n\t\ttext-decoration: underline;\r\n\t\tcolor: inherit;\r\n\t}\r\n\r\n \r\n\tbody #wpforms-75475 label.wpforms-error,\r\n\tbody #wpforms-75475 .wpforms-error[role=\"alert\"] {\r\n\t\t\r\n\t\t\t\tborder-width: 1px;\t}\r\n\/* Styling for Tablets *\/\r\n@media only screen and (max-width: 800px) and (min-width:481px) {\r\n\t\r\n\r\n\r\n\r\n}\r\n\r\n@media only screen and (max-width: 480px){\r\n\t\r\n\r\n\r\n\r\n}\r\n\/*Option to add custom CSS *\/\r\n\r\n\r\n\r\n\t\t<\/style>\r\n\t\t<div class=\"wpforms-container wpforms-container-full wpforms-render-modern\" id=\"wpforms-75475\"><form id=\"wpforms-form-75475\" class=\"wpforms-validate wpforms-form wpforms-ajax-form\" data-formid=\"75475\" method=\"post\" enctype=\"multipart\/form-data\" action=\"\/en\/wp-json\/wp\/v2\/pages\/73311?wpforms_form_id=75475\" data-token=\"c98b88202e08f8169d17746e2755c7f2\" data-token-time=\"1777723458\"><noscript class=\"wpforms-error-noscript\">Please enable JavaScript in your browser to complete this form.<\/noscript><div id=\"wpforms-error-noscript\" style=\"display: none;\">Please enable JavaScript in your browser to complete this form.<\/div><div class=\"wpforms-field-container\"><div id=\"wpforms-75475-field_4-container\" class=\"wpforms-field wpforms-field-layout\" data-field-id=\"4\"><div class=\"wpforms-field-layout-rows wpforms-field-large\"><div class=\"wpforms-layout-row\"><div class=\"wpforms-layout-column wpforms-layout-column-50\"><div id=\"wpforms-75475-field_1-container\" class=\"wpforms-field wpforms-field-name\" data-field-id=\"1\"><label class=\"wpforms-field-label\" for=\"wpforms-75475-field_1\">First name and last name <span class=\"wpforms-required-label\" aria-hidden=\"true\">*<\/span><\/label><input type=\"text\" id=\"wpforms-75475-field_1\" class=\"wpforms-field-medium wpforms-field-required\" name=\"wpforms[fields][1]\" aria-errormessage=\"wpforms-75475-field_1-error\" required><\/div><\/div><div class=\"wpforms-layout-column wpforms-layout-column-50\"><div id=\"wpforms-75475-field_5-container\" class=\"wpforms-field wpforms-field-select wpforms-field-select-style-classic\" data-field-id=\"5\"><label class=\"wpforms-field-label\" for=\"wpforms-75475-field_5\">Town <span class=\"wpforms-required-label\" aria-hidden=\"true\">*<\/span><\/label><select id=\"wpforms-75475-field_5\" class=\"wpforms-field-medium wpforms-field-required\" name=\"wpforms[fields][5]\" required=\"required\"><option value=\"Prague \/ Praha\"  class=\"choice-1 depth-1\"  >Prague \/ Praha<\/option><option value=\"Brno\"  class=\"choice-2 depth-1\"  >Brno<\/option><option value=\"Ostrava\"  class=\"choice-3 depth-1\"  >Ostrava<\/option><option value=\"Plze\u0148\"  class=\"choice-5 depth-1\"  >Plze\u0148<\/option><option value=\"Liberec\"  class=\"choice-6 depth-1\"  >Liberec<\/option><option value=\"Hradec Kr\u00e1lov\u00e9\"  class=\"choice-7 depth-1\"  >Hradec Kr\u00e1lov\u00e9<\/option><option value=\"Pardubice\"  class=\"choice-8 depth-1\"  >Pardubice<\/option><option value=\"\u010cesk\u00e9 Bud\u011bjovice\"  class=\"choice-9 depth-1\"  >\u010cesk\u00e9 Bud\u011bjovice<\/option><option value=\"\u00dast\u00ed nad Labem\"  class=\"choice-10 depth-1\"  >\u00dast\u00ed nad Labem<\/option><option value=\"Zl\u00edn\"  class=\"choice-11 depth-1\"  >Zl\u00edn<\/option><\/select><\/div><\/div><\/div><div class=\"wpforms-layout-row\"><div class=\"wpforms-layout-column wpforms-layout-column-50\"><div id=\"wpforms-75475-field_2-container\" class=\"wpforms-field wpforms-field-email\" data-field-id=\"2\"><label class=\"wpforms-field-label\" for=\"wpforms-75475-field_2\">E-mail <span class=\"wpforms-required-label\" aria-hidden=\"true\">*<\/span><\/label><input type=\"email\" id=\"wpforms-75475-field_2\" class=\"wpforms-field-medium wpforms-field-required\" name=\"wpforms[fields][2]\" spellcheck=\"false\" aria-errormessage=\"wpforms-75475-field_2-error\" required><\/div><\/div><div class=\"wpforms-layout-column wpforms-layout-column-50\"><div id=\"wpforms-75475-field_6-container\" class=\"wpforms-field wpforms-field-phone\" data-field-id=\"6\"><label class=\"wpforms-field-label\" for=\"wpforms-75475-field_6\">Phone<\/label><input type=\"tel\" id=\"wpforms-75475-field_6\" class=\"wpforms-field-medium wpforms-smart-phone-field\" data-rule-smart-phone-field=\"true\" name=\"wpforms[fields][6]\" aria-label=\"Phone\" aria-errormessage=\"wpforms-75475-field_6-error\" ><\/div><\/div><\/div><div class=\"wpforms-layout-row\"><div class=\"wpforms-layout-column wpforms-layout-column-50\"><div id=\"wpforms-75475-field_7-container\" class=\"wpforms-field wpforms-field-file-upload\" data-field-id=\"7\"><label class=\"wpforms-field-label\" for=\"wpforms-75475-field_7\">Upload Your Resume<\/label><div\n\t\tclass=\"wpforms-uploader \"\n\t\tdata-field-id=\"7\"\n\t\tdata-form-id=\"75475\"\n\t\tdata-input-name=\"wpforms_75475_7\"\n\t\tdata-extensions=\"jpg,jpeg,jpe,gif,png,bmp,tiff,tif,webp,avif,ico,heic,heif,heics,heifs,asf,asx,wmv,wmx,wm,avi,divx,mov,qt,mpeg,mpg,mpe,mp4,m4v,ogv,webm,mkv,3gp,3gpp,3g2,3gp2,txt,asc,c,cc,h,srt,csv,tsv,ics,rtx,css,vtt,mp3,m4a,m4b,aac,ra,ram,wav,x-wav,ogg,oga,flac,mid,midi,wma,wax,mka,rtf,pdf,class,tar,zip,gz,gzip,rar,7z,psd,xcf,doc,pot,pps,ppt,wri,xla,xls,xlt,xlw,mpp,docx,docm,dotx,dotm,xlsx,xlsm,xlsb,xltx,xltm,xlam,pptx,pptm,ppsx,ppsm,potx,potm,ppam,sldx,sldm,onetoc,onetoc2,onepkg,oxps,xps,odt,odp,ods,odg,odc,odb,odf,wp,wpd,key,numbers,pages,md,svg,json\"\n\t\tdata-max-size=\"33554432\"\n\t\tdata-max-file-number=\"10\"\n\t\tdata-post-max-size=\"33554432\"\n\t\tdata-max-parallel-uploads=\"4\"\n\t\tdata-parallel-uploads=\"true\"\n\t\tdata-file-chunk-size=\"2097152\">\n\t<div class=\"dz-message\">\n\t\t<svg  viewBox=\"0 0 640 640\" focusable=\"false\" data-icon=\"inbox\" width=\"50px\" height=\"50px\" fill=\"currentColor\" aria-hidden=\"true\">\n\t\t\t<path d=\"M352 173.3L352 384C352 401.7 337.7 416 320 416C302.3 416 288 401.7 288 384L288 173.3L246.6 214.7C234.1 227.2 213.8 227.2 201.3 214.7C188.8 202.2 188.8 181.9 201.3 169.4L297.3 73.4C309.8 60.9 330.1 60.9 342.6 73.4L438.6 169.4C451.1 181.9 451.1 202.2 438.6 214.7C426.1 227.2 405.8 227.2 393.3 214.7L352 173.3zM320 464C364.2 464 400 428.2 400 384L480 384C515.3 384 544 412.7 544 448L544 480C544 515.3 515.3 544 480 544L160 544C124.7 544 96 515.3 96 480L96 448C96 412.7 124.7 384 160 384L240 384C240 428.2 275.8 464 320 464zM464 488C477.3 488 488 477.3 488 464C488 450.7 477.3 440 464 440C450.7 440 440 450.7 440 464C440 477.3 450.7 488 464 488z\"\/>\n\t\t<\/svg>\n\n\t\t<span class=\"modern-title\">\n\t\t\t\t\t\t\tDrag &amp; Drop Files, \t\t\t\t<span>Choose Files to Upload<\/span>\n\t\t\t\t\t<\/span>\n\n\t\t\t\t\t<span class=\"modern-hint\">You can upload up to 10 files.<\/span>\n\t\t\t<\/div>\n<\/div>\n\n<input\n\t\ttype=\"text\"\n\t\tautocomplete=\"off\"\n\t\treadonly\n\t\tclass=\"dropzone-input\"\n\t\tstyle=\"position:absolute!important;clip:rect(0,0,0,0)!important;height:1px!important;width:1px!important;border:0!important;overflow:hidden!important;padding:0!important;margin:0!important;\"\n\t\tid=\"wpforms-75475-field_7\"\n\t\tname=\"wpforms_75475_7\" \t\tvalue=\"\">\n<\/div><\/div><div class=\"wpforms-layout-column wpforms-layout-column-50\"><div id=\"wpforms-75475-field_3-container\" class=\"wpforms-field wpforms-field-textarea\" data-field-id=\"3\"><label class=\"wpforms-field-label\" for=\"wpforms-75475-field_3\">Tell Us About Yourself<\/label><textarea id=\"wpforms-75475-field_3\" class=\"wpforms-field-medium\" name=\"wpforms[fields][3]\" aria-errormessage=\"wpforms-75475-field_3-error\" ><\/textarea><\/div><\/div><\/div><\/div><\/div>\t\t<div id=\"wpforms-75475-field_14-container\"\n\t\t\tclass=\"wpforms-field wpforms-field-text\"\n\t\t\tdata-field-type=\"text\"\n\t\t\tdata-field-id=\"14\"\n\t\t\t>\n\t\t\t<label class=\"wpforms-field-label\" for=\"wpforms-75475-field_14\" >Landing name 2<\/label>\n\t\t\t<input type=\"text\" id=\"wpforms-75475-field_14\" class=\"wpforms-field-medium\" name=\"wpforms[fields][14]\" >\n\t\t<\/div>\n\t\t<div id=\"wpforms-75475-field_8-container\" class=\"wpforms-field wpforms-field-hidden\" data-field-id=\"8\"><input type=\"hidden\" id=\"wpforms-75475-field_8\" name=\"wpforms[fields][8]\" value=\"[channel]\"><\/div><div id=\"wpforms-75475-field_9-container\" class=\"wpforms-field wpforms-field-hidden\" data-field-id=\"9\"><input type=\"hidden\" id=\"wpforms-75475-field_9\" name=\"wpforms[fields][9]\" value=\"[channeldrilldown1]\"><\/div><div id=\"wpforms-75475-field_10-container\" class=\"wpforms-field wpforms-field-hidden\" data-field-id=\"10\"><input type=\"hidden\" id=\"wpforms-75475-field_10\" name=\"wpforms[fields][10]\" value=\"[channeldrilldown2]\"><\/div><div id=\"wpforms-75475-field_11-container\" class=\"wpforms-field wpforms-field-hidden\" data-field-id=\"11\"><input type=\"hidden\" id=\"wpforms-75475-field_11\" name=\"wpforms[fields][11]\" value=\"[channeldrilldown3]\"><\/div><div id=\"wpforms-75475-field_12-container\" class=\"wpforms-field wpforms-field-hidden\" data-field-id=\"12\"><input type=\"hidden\" id=\"wpforms-75475-field_12\" name=\"wpforms[fields][12]\" value=\"[landingpage]\"><\/div><div id=\"wpforms-75475-field_13-container\" class=\"wpforms-field wpforms-field-hidden\" data-field-id=\"13\"><input type=\"hidden\" id=\"wpforms-75475-field_13\" name=\"wpforms[fields][13]\" value=\"[landingpagegroup]\"><\/div><script>\n\t\t\t\t( function() {\n\t\t\t\t\tconst style = document.createElement( 'style' );\n\t\t\t\t\tstyle.appendChild( document.createTextNode( '#wpforms-75475-field_14-container { position: absolute !important; overflow: hidden !important; display: inline !important; height: 1px !important; width: 1px !important; z-index: -1000 !important; padding: 0 !important; } #wpforms-75475-field_14-container input { visibility: hidden; } #wpforms-conversational-form-page #wpforms-75475-field_14-container label { counter-increment: none; }' ) );\n\t\t\t\t\tdocument.head.appendChild( style );\n\t\t\t\t\tdocument.currentScript?.remove();\n\t\t\t\t} )();\n\t\t\t<\/script><\/div><!-- .wpforms-field-container --><div class=\"wpforms-recaptcha-container wpforms-is-recaptcha wpforms-is-recaptcha-type-v3\" ><input type=\"hidden\" name=\"wpforms[recaptcha]\" value=\"\"><\/div><div class=\"wpforms-submit-container\" ><input type=\"hidden\" name=\"wpforms[id]\" value=\"75475\"><input type=\"hidden\" name=\"page_title\" value=\"\"><input type=\"hidden\" name=\"page_url\" value=\"https:\/\/skrivanek.cz\/en\/wp-json\/wp\/v2\/pages\/73311\"><input type=\"hidden\" name=\"url_referer\" value=\"\"><button type=\"submit\" name=\"wpforms[submit]\" id=\"wpforms-submit-75475\" class=\"wpforms-submit\" data-alt-text=\"Submiting...\" data-submit-text=\"Submit\" aria-live=\"assertive\" value=\"wpforms-submit\">Submit<\/button><img loading=\"lazy\" decoding=\"async\" src=\"https:\/\/skrivanek.cz\/wp-content\/plugins\/wpforms\/assets\/images\/submit-spin.svg\" class=\"wpforms-submit-spinner\" style=\"display: none;\" width=\"26\" height=\"26\" alt=\"Loading\"><\/div><\/form><\/div>  <!-- .wpforms-container --><\/div><\/div><\/div><\/div>","protected":false},"excerpt":{"rendered":"<p>Please enable JavaScript in your browser to complete this form.Please enable JavaScript in your browser to complete this form.First name and last name *Town *Prague \/ PrahaBrnoOstravaPlze\u0148LiberecHradec Kr\u00e1lov\u00e9Pardubice\u010cesk\u00e9 Bud\u011bjovice\u00dast\u00ed nad LabemZl\u00ednE-mail *PhoneUpload Your Resume Drag &amp; Drop Files, Choose Files to Upload You can upload up to 10 files. Tell Us About Yourself Drilldown Landing [&hellip;]<\/p>\n","protected":false},"author":9,"featured_media":0,"parent":0,"menu_order":0,"comment_status":"closed","ping_status":"closed","template":"","meta":{"_acf_changed":false,"footnotes":""},"class_list":["post-73311","page","type-page","status-publish","hentry"],"acf":[],"aioseo_notices":[],"_links":{"self":[{"href":"https:\/\/skrivanek.cz\/en\/wp-json\/wp\/v2\/pages\/73311","targetHints":{"allow":["GET"]}}],"collection":[{"href":"https:\/\/skrivanek.cz\/en\/wp-json\/wp\/v2\/pages"}],"about":[{"href":"https:\/\/skrivanek.cz\/en\/wp-json\/wp\/v2\/types\/page"}],"author":[{"embeddable":true,"href":"https:\/\/skrivanek.cz\/en\/wp-json\/wp\/v2\/users\/9"}],"replies":[{"embeddable":true,"href":"https:\/\/skrivanek.cz\/en\/wp-json\/wp\/v2\/comments?post=73311"}],"version-history":[{"count":3,"href":"https:\/\/skrivanek.cz\/en\/wp-json\/wp\/v2\/pages\/73311\/revisions"}],"predecessor-version":[{"id":81035,"href":"https:\/\/skrivanek.cz\/en\/wp-json\/wp\/v2\/pages\/73311\/revisions\/81035"}],"wp:attachment":[{"href":"https:\/\/skrivanek.cz\/en\/wp-json\/wp\/v2\/media?parent=73311"}],"curies":[{"name":"wp","href":"https:\/\/api.w.org\/{rel}","templated":true}]}}